{"id":1813,"date":"2025-04-08T10:27:01","date_gmt":"2025-04-08T10:27:01","guid":{"rendered":"https:\/\/autoselizabeth.com\/book-online\/"},"modified":"2025-10-30T12:42:48","modified_gmt":"2025-10-30T11:42:48","slug":"autovermietung","status":"publish","type":"page","link":"https:\/\/autoselizabeth.com\/de\/","title":{"rendered":"Autovermietung"},"content":{"rendered":"<div class=\"wpb-content-wrapper\"><p>[vc_row][vc_column][vc_raw_html css=&#8220;&#8220;]JTNDJTIxLS0lMjBFdmVudCUyMHNuaXBwZXQlMjBmb3IlMjBGb3JtdWxhcmlvJTIwZGUlMjByZXNlcnZhJTIwY29udmVyc2lvbiUyMHBhZ2UlMEFJbiUyMHlvdXIlMjBodG1sJTIwcGFnZSUyQyUyMGFkZCUyMHRoZSUyMHNuaXBwZXQlMjBhbmQlMjBjYWxsJTIwZ3RhZ19yZXBvcnRfY29udmVyc2lvbiUyMHdoZW4lMjBzb21lb25lJTIwY2xpY2tzJTIwb24lMjB0aGUlMjBjaG9zZW4lMjBsaW5rJTIwb3IlMjBidXR0b24uJTIwLS0lM0UlMEElM0NzY3JpcHQlM0UlMEFmdW5jdGlvbiUyMGd0YWdfcmVwb3J0X2NvbnZlcnNpb24lMjh1cmwlMjklMjAlN0IlMEElMjAlMjB2YXIlMjBjYWxsYmFjayUyMCUzRCUyMGZ1bmN0aW9uJTIwJTI4JTI5JTIwJTdCJTBBJTIwJTIwJTIwJTIwaWYlMjAlMjh0eXBlb2YlMjh1cmwlMjklMjAlMjElM0QlMjAlMjd1bmRlZmluZWQlMjclMjklMjAlN0IlMEElMjAlMjAlMjAlMjAlMjAlMjB3aW5kb3cubG9jYXRpb24lMjAlM0QlMjB1cmwlM0IlMEElMjAlMjAlMjAlMjAlN0QlMEElMjAlMjAlN0QlM0IlMEElMjAlMjBndGFnJTI4JTI3ZXZlbnQlMjclMkMlMjAlMjdjb252ZXJzaW9uJTI3JTJDJTIwJTdCJTBBJTIwJTIwJTIwJTIwJTIwJTIwJTI3c2VuZF90byUyNyUzQSUyMCUyN0FXLTkzMDM4MjcwOSUyRkZ1X2pDT0RvaWNnWkVQV0cwcnNEJTI3JTJDJTBBJTIwJTIwJTIwJTIwJTIwJTIwJTI3ZXZlbnRfY2FsbGJhY2slMjclM0ElMjBjYWxsYmFjayUwQSUyMCUyMCU3RCUyOSUzQiUwQSUyMCUyMHJldHVybiUyMGZhbHNlJTNCJTBBJTdEJTBBJTNDJTJGc2NyaXB0JTNF[\/vc_raw_html][vc_custom_heading text=&#8220;Autovermietung&#8220; font_container=&#8220;tag:h1|font_size:35|text_align:center&#8220; google_fonts=&#8220;font_family:Montserrat%3Aregular%2Citalic|font_style:700%20bold%20normal%3A700%3Anormal&#8220; css=&#8220;&#8220;][vc_empty_space height=&#8220;10px&#8220;][vc_custom_heading text=&#8220;Buchen Sie Ihr Auto auf Lanzarote, Fuerteventura und Gran Canaria&#8220; font_container=&#8220;tag:h3|font_size:20|text_align:center&#8220; google_fonts=&#8220;font_family:Montserrat%3Aregular%2Citalic|font_style:400%20regular%20normal%3A400%3Anormal&#8220; css=&#8220;&#8220;][vc_single_image image=&#8220;1161&#8243; img_size=&#8220;large&#8220; alignment=&#8220;center&#8220; css=&#8220;&#8220;][vc_column_text css=&#8220;&#8220;]<\/p>\n<h2 id=\"online-buchung\" style=\"text-align: center;\">Schneller Service, unkompliziert und bequem!<\/h2>\n<p>[\/vc_column_text][vc_column_text css=&#8220;&#8220;]<\/p>\n<p style=\"text-align: center;\">Wenn Sie eine bestimmte Adresse eingeben m\u00f6chten, k\u00f6nnen Sie dies im Kommentarfeld der letzten Seite des Buchungsvorgangs tun.<\/p>\n<p>[\/vc_column_text][vc_icon icon_fontawesome=&#8220;fa fa-solid fa-arrow-down-long&#8220; color=&#8220;black&#8220; align=&#8220;center&#8220; css=&#8220;&#8220;][vc_column_text css=&#8220;&#8220;]<\/p>\n<p style=\"text-align: center;\">\n<section class=\"mybooking mybooking-selector widget widget_mybooking_renting_engine_selector reservation-step  \">\n  <form\n    id=\"form-selector\"\n    class=\"mybooking-selector_form\"\n    name=\"widget_search_form\"\n    method=\"get\"\n    enctype=\"application\/x-www-form-urlencoded\">\n\n    \n    \n    \n    \n      <\/form>\n<\/section>\n<p>[\/vc_column_text][vc_custom_heading text=&#8220;Online reservieren&#8220; font_container=&#8220;tag:h3|text_align:center&#8220; google_fonts=&#8220;font_family:Montserrat%3Aregular%2Citalic|font_style:400%20regular%20normal%3A400%3Anormal&#8220; css=&#8220;&#8220;][vc_column_text css=&#8220;&#8220;]<\/p>\n<p style=\"text-align: center;\"><em><span style=\"color: #ff6600;\"><strong>*<\/strong><\/span> Auto-Onlinebuchungen\u00a0buchen m\u00fcssen best\u00e4tigt werden (dieser Vorgang erfolgt nicht sofort).<\/em><\/p>\n<p>[\/vc_column_text][vc_empty_space height=&#8220;20px&#8220;][\/vc_column][\/vc_row][vc_row][vc_column][vc_empty_space][vc_single_image image=&#8220;1172&#8243; img_size=&#8220;medium&#8220; alignment=&#8220;center&#8220; onclick=&#8220;custom_link&#8220; img_link_target=&#8220;_blank&#8220; css=&#8220;&#8220; link=&#8220;https:\/\/autoselizabeth.com\/rent-a-car&#8220;][vc_icon icon_fontawesome=&#8220;fa fa-solid fa-chevron-down&#8220; color=&#8220;green&#8220; align=&#8220;center&#8220; css=&#8220;&#8220; link=&#8220;url:https%3A%2F%2Fautoselizabeth.com%2Frent-a-car%2F|title:Rent%20a%20Car&#8220;][vc_row_inner css=&#8220;.vc_custom_1744789149377{background-color: #FFFFFF !important;border-radius: 3px !important;}&#8220;][vc_column_inner width=&#8220;1\/3&#8243;][vc_btn title=&#8220;Inklusive&#8220; style=&#8220;custom&#8220; custom_background=&#8220;#333333&#8243; custom_text=&#8220;#FFFFFF&#8220; size=&#8220;lg&#8220; align=&#8220;center&#8220; css=&#8220;&#8220; button_block=&#8220;true&#8220; link=&#8220;url:https%3A%2F%2Fautoselizabeth.com%2Fde%2Fflotte%2F|title:Flotte&#8220;][vc_column_text css=&#8220;&#8220;]Im Mietpreis sind eine Vollkaskoversicherung, ein zus\u00e4tzlicher Fahrer, unser 24-Stunden-Pannenservice sowie Lieferung und Abholung ohne Aufpreis enthalten.<\/p>\n<p>Wir liefern Ihnen den Mietwagen an die gew\u00fcnschte Adresse und holen ihn dort auch wieder ab \u2013 selbstverst\u00e4ndlich ohne zus\u00e4tzliche Kosten.[\/vc_column_text][\/vc_column_inner][vc_column_inner width=&#8220;1\/3&#8243;][vc_btn title=&#8220;Allgemeine Mietbedingungen&#8220; style=&#8220;custom&#8220; custom_background=&#8220;#333333&#8243; custom_text=&#8220;#FFFFFF&#8220; size=&#8220;lg&#8220; align=&#8220;center&#8220; css=&#8220;&#8220; button_block=&#8220;true&#8220; link=&#8220;url:https%3A%2F%2Fautoselizabeth.com%2Fde%2Fallgemeine-mietbedingungen%2F|title:Allgemeine%20Gesch%C3%A4ftsbedingungen&#8220;][vc_column_text css=&#8220;&#8220;]<\/p>\n<ol>\n<li>Online-Buchungen m\u00fcssen best\u00e4tigt werden (dieser Vorgang erfolgt nicht sofort).<\/li>\n<li>Der Zweck der Datenerhebung ist die Durchf\u00fchrung Ihrer Mietwagenreservierung.<\/li>\n<li>Sie k\u00f6nnen Ihre Daten jederzeit einschr\u00e4nken, abrufen und l\u00f6schen. Wir geben Ihre Daten nicht an Dritte weiter, es sei denn, wir sind gesetzlich dazu verpflichtet.<\/li>\n<\/ol>\n<p>[\/vc_column_text][\/vc_column_inner][vc_column_inner width=&#8220;1\/3&#8243;][vc_btn title=&#8220;Elizabeth Rent a Car\u00ae&#8220; style=&#8220;custom&#8220; custom_background=&#8220;#333333&#8243; custom_text=&#8220;#FFFFFF&#8220; size=&#8220;lg&#8220; align=&#8220;center&#8220; css=&#8220;&#8220; button_block=&#8220;true&#8220; link=&#8220;url:https%3A%2F%2Fautoselizabeth.com%2Fde%2F30-jaehriges-jubilaeum%2F|title:%C3%9Cber%20uns&#8220;][vc_column_text css=&#8220;&#8220;]<strong>Kontakt und Reservierungen<\/strong>, \u00fcber <a href=\"https:\/\/wa.me\/665631079\" target=\"_blank\" rel=\"noopener\">WhatsApp<\/a> oder telefonisch unter <a href=\"tel:+34 928 510 812\">+34 928 510 812<\/a>, in unserer Zentrale <a href=\"https:\/\/maps.app.goo.gl\/t2iHggAheRfSPWvw5\" target=\"_blank\" rel=\"noopener\">C\/ Timanfaya s\/n,\u00a0 35510, Puerto Del Carmen, Lanzarote<\/a>,<\/p>\n<p><strong>Buchen Sie Ihr Auto auf Lanzarote, Fuerteventura oder Gran Canaria. <\/strong>Zeitplan: Unser Team steht Ihnen von Montag bis Sonntag zwischen 07:00 und 20:00 Uhr zur Verf\u00fcgung. Technische St\u00f6rungen werden rund um die Uhr bearbeitet.[\/vc_column_text][\/vc_column_inner][\/vc_row_inner][vc_row_inner][vc_column_inner][vc_btn title=&#8220;Partner&#8220; style=&#8220;custom&#8220; custom_background=&#8220;#333333&#8243; custom_text=&#8220;#FFFFFF&#8220; size=&#8220;lg&#8220; align=&#8220;center&#8220; css=&#8220;&#8220; button_block=&#8220;true&#8220; link=&#8220;url:https%3A%2F%2Fautoselizabeth.com%2Fde%2Freiseveranstalter%2F|title:Reiseveranstalter&#8220;][vc_column_text css=&#8220;&#8220;]<a href=\"https:\/\/autoselizabeth.com\/de\/aqualava-water-park-lanzarote\/\"><img loading=\"lazy\" decoding=\"async\" class=\"alignleft wp-image-1628\" src=\"https:\/\/autoselizabeth.com\/wp-content\/uploads\/2025\/09\/aqualava-parque-acuatico-en-Lanzarote.svg\" alt=\"\" width=\"172\" height=\"135\" \/><\/a>Wir arbeiten mit Unternehmen zusammen, die sich wie wir f\u00fcr einen Tourismus engagieren, der die lokale Umwelt und die Umwelt im Allgemeinen respektiert, wie <a href=\"https:\/\/autoselizabeth.com\/de\/aqualava-water-park-lanzarote\/\">Relaxia Resorts<\/a>.[\/vc_column_text][\/vc_column_inner][\/vc_row_inner][\/vc_column][\/vc_row]<\/p>\n<\/div>","protected":false},"excerpt":{"rendered":"<p>[vc_row][vc_column][vc_raw_html css=&#8220;&#8220;]JTNDJTIxLS0lMjBFdmVudCUyMHNuaXBwZXQlMjBmb3IlMjBGb3JtdWxhcmlvJTIwZGUlMjByZXNlcnZhJTIwY29udmVyc2lvbiUyMHBhZ2UlMEFJbiUyMHlvdXIlMjBodG1sJTIwcGFnZSUyQyUyMGFkZCUyMHRoZSUyMHNuaXBwZXQlMjBhbmQlMjBjYWxsJTIwZ3RhZ19yZXBvcnRfY29udmVyc2lvbiUyMHdoZW4lMjBzb21lb25lJTIwY2xpY2tzJTIwb24lMjB0aGUlMjBjaG9zZW4lMjBsaW5rJTIwb3IlMjBidXR0b24uJTIwLS0lM0UlMEElM0NzY3JpcHQlM0UlMEFmdW5jdGlvbiUyMGd0YWdfcmVwb3J0X2NvbnZlcnNpb24lMjh1cmwlMjklMjAlN0IlMEElMjAlMjB2YXIlMjBjYWxsYmFjayUyMCUzRCUyMGZ1bmN0aW9uJTIwJTI4JTI5JTIwJTdCJTBBJTIwJTIwJTIwJTIwaWYlMjAlMjh0eXBlb2YlMjh1cmwlMjklMjAlMjElM0QlMjAlMjd1bmRlZmluZWQlMjclMjklMjAlN0IlMEElMjAlMjAlMjAlMjAlMjAlMjB3aW5kb3cubG9jYXRpb24lMjAlM0QlMjB1cmwlM0IlMEElMjAlMjAlMjAlMjAlN0QlMEElMjAlMjAlN0QlM0IlMEElMjAlMjBndGFnJTI4JTI3ZXZlbnQlMjclMkMlMjAlMjdjb252ZXJzaW9uJTI3JTJDJTIwJTdCJTBBJTIwJTIwJTIwJTIwJTIwJTIwJTI3c2VuZF90byUyNyUzQSUyMCUyN0FXLTkzMDM4MjcwOSUyRkZ1X2pDT0RvaWNnWkVQV0cwcnNEJTI3JTJDJTBBJTIwJTIwJTIwJTIwJTIwJTIwJTI3ZXZlbnRfY2FsbGJhY2slMjclM0ElMjBjYWxsYmFjayUwQSUyMCUyMCU3RCUyOSUzQiUwQSUyMCUyMHJldHVybiUyMGZhbHNlJTNCJTBBJTdEJTBBJTNDJTJGc2NyaXB0JTNF[\/vc_raw_html][vc_custom_heading text=&#8220;Autovermietung&#8220; font_container=&#8220;tag:h1|font_size:35|text_align:center&#8220; google_fonts=&#8220;font_family:Montserrat%3Aregular%2Citalic|font_style:700%20bold%20normal%3A700%3Anormal&#8220; css=&#8220;&#8220;][vc_empty_space height=&#8220;10px&#8220;][vc_custom_heading text=&#8220;Buchen Sie Ihr Auto auf Lanzarote, Fuerteventura und Gran Canaria&#8220; font_container=&#8220;tag:h3|font_size:20|text_align:center&#8220; google_fonts=&#8220;font_family:Montserrat%3Aregular%2Citalic|font_style:400%20regular%20normal%3A400%3Anormal&#8220; css=&#8220;&#8220;][vc_single_image image=&#8220;1161&#8243; img_size=&#8220;large&#8220; alignment=&#8220;center&#8220; css=&#8220;&#8220;][vc_column_text css=&#8220;&#8220;] Schneller Service, unkompliziert und bequem! [\/vc_column_text][vc_column_text css=&#8220;&#8220;] Wenn Sie eine bestimmte Adresse eingeben m\u00f6chten, k\u00f6nnen Sie dies im Kommentarfeld der letzten Seite des Buchungsvorgangs tun. [\/vc_column_text][vc_icon icon_fontawesome=&#8220;fa fa-solid fa-arrow-down-long&#8220; color=&#8220;black&#8220; [&hellip;]<\/p>\n","protected":false},"author":2,"featured_media":0,"parent":0,"menu_order":0,"comment_status":"closed","ping_status":"closed","template":"","meta":{"footnotes":""},"class_list":["post-1813","page","type-page","status-publish","hentry"],"blocksy_meta":[],"_links":{"self":[{"href":"https:\/\/autoselizabeth.com\/de\/wp-json\/wp\/v2\/pages\/1813","targetHints":{"allow":["GET"]}}],"collection":[{"href":"https:\/\/autoselizabeth.com\/de\/wp-json\/wp\/v2\/pages"}],"about":[{"href":"https:\/\/autoselizabeth.com\/de\/wp-json\/wp\/v2\/types\/page"}],"author":[{"embeddable":true,"href":"https:\/\/autoselizabeth.com\/de\/wp-json\/wp\/v2\/users\/2"}],"replies":[{"embeddable":true,"href":"https:\/\/autoselizabeth.com\/de\/wp-json\/wp\/v2\/comments?post=1813"}],"version-history":[{"count":17,"href":"https:\/\/autoselizabeth.com\/de\/wp-json\/wp\/v2\/pages\/1813\/revisions"}],"predecessor-version":[{"id":2435,"href":"https:\/\/autoselizabeth.com\/de\/wp-json\/wp\/v2\/pages\/1813\/revisions\/2435"}],"wp:attachment":[{"href":"https:\/\/autoselizabeth.com\/de\/wp-json\/wp\/v2\/media?parent=1813"}],"curies":[{"name":"wp","href":"https:\/\/api.w.org\/{rel}","templated":true}]}}