{"id":2004,"date":"2025-05-19T13:16:59","date_gmt":"2025-05-19T11:16:59","guid":{"rendered":"https:\/\/autoselizabeth.com\/contact\/"},"modified":"2025-10-25T11:02:44","modified_gmt":"2025-10-25T09:02:44","slug":"kontakt","status":"publish","type":"page","link":"https:\/\/autoselizabeth.com\/de\/kontakt\/","title":{"rendered":"Kontakt"},"content":{"rendered":"<div class=\"wpb-content-wrapper\"><p>[vc_row][vc_column][vc_raw_html css=&#8220;&#8220;]JTNDJTIxLS0lMjBFdmVudCUyMHNuaXBwZXQlMjBmb3IlMjBGb3JtdWxhcmlvJTIwZGUlMjByZXNlcnZhJTIwY29udmVyc2lvbiUyMHBhZ2UlMEFJbiUyMHlvdXIlMjBodG1sJTIwcGFnZSUyQyUyMGFkZCUyMHRoZSUyMHNuaXBwZXQlMjBhbmQlMjBjYWxsJTIwZ3RhZ19yZXBvcnRfY29udmVyc2lvbiUyMHdoZW4lMjBzb21lb25lJTIwY2xpY2tzJTIwb24lMjB0aGUlMjBjaG9zZW4lMjBsaW5rJTIwb3IlMjBidXR0b24uJTIwLS0lM0UlMEElM0NzY3JpcHQlM0UlMEFmdW5jdGlvbiUyMGd0YWdfcmVwb3J0X2NvbnZlcnNpb24lMjh1cmwlMjklMjAlN0IlMEElMjAlMjB2YXIlMjBjYWxsYmFjayUyMCUzRCUyMGZ1bmN0aW9uJTIwJTI4JTI5JTIwJTdCJTBBJTIwJTIwJTIwJTIwaWYlMjAlMjh0eXBlb2YlMjh1cmwlMjklMjAlMjElM0QlMjAlMjd1bmRlZmluZWQlMjclMjklMjAlN0IlMEElMjAlMjAlMjAlMjAlMjAlMjB3aW5kb3cubG9jYXRpb24lMjAlM0QlMjB1cmwlM0IlMEElMjAlMjAlMjAlMjAlN0QlMEElMjAlMjAlN0QlM0IlMEElMjAlMjBndGFnJTI4JTI3ZXZlbnQlMjclMkMlMjAlMjdjb252ZXJzaW9uJTI3JTJDJTIwJTdCJTBBJTIwJTIwJTIwJTIwJTIwJTIwJTI3c2VuZF90byUyNyUzQSUyMCUyN0FXLTkzMDM4MjcwOSUyRkZ1X2pDT0RvaWNnWkVQV0cwcnNEJTI3JTJDJTBBJTIwJTIwJTIwJTIwJTIwJTIwJTI3ZXZlbnRfY2FsbGJhY2slMjclM0ElMjBjYWxsYmFjayUwQSUyMCUyMCU3RCUyOSUzQiUwQSUyMCUyMHJldHVybiUyMGZhbHNlJTNCJTBBJTdEJTBBJTNDJTJGc2NyaXB0JTNF[\/vc_raw_html][\/vc_column][\/vc_row][vc_row css=&#8220;.vc_custom_1750799095964{background-position: center !important;background-repeat: no-repeat !important;background-size: contain !important;}&#8220;][vc_column width=&#8220;1\/2&#8243;][vc_column_text css=&#8220;&#8220;]<\/p>\n<h4 style=\"text-align: left;\">Service und Reservierungen unter <a href=\"tel:+34928510812\">+34 928 510 812 <\/a>\u00a0oder per <a href=\"https:\/\/wa.me\/665631079\" aria-label=\"Chat on WhatsApp\" target=\"_blank\" rel=\"noopener\">WhatsApp<\/a><\/h4>\n<p>[\/vc_column_text][vc_progress_bar values=&#8220;%5B%7B%22label%22%3A%22Montag%20von%2007%3A00%20bis%2020%3A00%20Uhr%22%2C%22value%22%3A%22100%22%7D%2C%7B%22label%22%3A%22Dienstag%20von%2007%3A00%20bis%2020%3A00%20Uhr%22%2C%22value%22%3A%22100%22%7D%2C%7B%22label%22%3A%22Mittwoch%20von%2007%3A00%20bis%2020%3A00%20Uhr%22%2C%22value%22%3A%22100%22%7D%2C%7B%22label%22%3A%22Donnerstag%20von%2007%3A00%20bis%2020%3A00%20Uhr%22%2C%22value%22%3A%22100%22%7D%2C%7B%22label%22%3A%22Freitag%20von%2007%3A00%20bis%2020%3A00%20Uhr%22%2C%22value%22%3A%22100%22%7D%2C%7B%22label%22%3A%22%20Samstag%20von%2007%3A00%20bis%2020%3A00%20Uhr%22%2C%22value%22%3A%22100%22%7D%2C%7B%22label%22%3A%22Sonntag%20von%2007%3A00%20bis%2020%3A00%20Uhr%22%2C%22value%22%3A%22100%22%7D%5D&#8220; bgcolor=&#8220;white&#8220; options=&#8220;striped&#8220; css=&#8220;&#8220;][vc_column_text css=&#8220;&#8220;]<a href=\"https:\/\/autoselizabeth.com\/de\/#online-buchung\">Online-Buchungen sind rund um die Uhr m\u00f6glich<\/a> (dieser Vorgang erfolgt nicht sofort und erfordert eine Best\u00e4tigung).[\/vc_column_text][vc_goo_maps location=&#8220;Autos Elizabeth Rent A Car S.L&#8220; css=&#8220;&#8220;][vc_message message_box_color=&#8220;grey&#8220; icon_type=&#8220;linecons&#8220; icon_linecons=&#8220;vc_li vc_li-location&#8220; css=&#8220;&#8220;]Autovermietung auf Lanzarote, Fuerteventura und Gran Canaria. <strong>Hauptsitz<\/strong> <a href=\"https:\/\/maps.app.goo.gl\/3ZrVsMoch1kLMELp7\" target=\"_blank\" rel=\"noopener\">Calle Timanfaya, S\/N, 35510, Puerto del Carmen, Lanzarote<\/a>[\/vc_message][\/vc_column][vc_column width=&#8220;1\/2&#8243; css=&#8220;.vc_custom_1752133643665{background-color: #FFFFFF !important;border-radius: 3px !important;}&#8220;][vc_custom_heading text=&#8220;Kontakt&#8220; font_container=&#8220;tag:h1|font_size:55|text_align:left&#8220; google_fonts=&#8220;font_family:Montserrat%3Aregular%2Citalic|font_style:900%20black%20normal%3A900%3Anormal&#8220; css=&#8220;&#8220;][vc_separator css=&#8220;&#8220;][vc_column_text css=&#8220;&#8220;]<\/p>\n<blockquote><p>Sie k\u00f6nnen eine genaue Adresse im Kommentarfeld w\u00e4hrend des letzten Schrittes Ihrer <a href=\"https:\/\/autoselizabeth.com\/de\/#online-buchung\">Online-Buchung<\/a> angeben. Falls Sie dies im Buchungsprozess nicht getan haben und uns dazu eine Mitteilung machen m\u00f6chten, k\u00f6nnen Sie dies weiter unten tun.<\/p><\/blockquote>\n<p>[\/vc_column_text]\n<div class=\"wpcf7 no-js\" id=\"wpcf7-f2186-o1\" lang=\"de-DE\" dir=\"ltr\" data-wpcf7-id=\"2186\">\n<div class=\"screen-reader-response\"><p role=\"status\" aria-live=\"polite\" aria-atomic=\"true\"><\/p> <ul><\/ul><\/div>\n<form action=\"\/de\/wp-json\/wp\/v2\/pages\/2004#wpcf7-f2186-o1\" method=\"post\" class=\"wpcf7-form init\" aria-label=\"Kontaktformular\" novalidate=\"novalidate\" data-status=\"init\">\n<fieldset class=\"hidden-fields-container\"><input type=\"hidden\" name=\"_wpcf7\" value=\"2186\" \/><input type=\"hidden\" name=\"_wpcf7_version\" value=\"6.1.5\" \/><input type=\"hidden\" name=\"_wpcf7_locale\" value=\"de_DE\" \/><input type=\"hidden\" name=\"_wpcf7_unit_tag\" value=\"wpcf7-f2186-o1\" \/><input type=\"hidden\" name=\"_wpcf7_container_post\" value=\"0\" \/><input type=\"hidden\" name=\"_wpcf7_posted_data_hash\" value=\"\" \/><input type=\"hidden\" name=\"_wpcf7_recaptcha_response\" value=\"\" \/>\n<\/fieldset>\n<p><label>Name<br \/>\n<span class=\"wpcf7-form-control-wrap\" data-name=\"your-name\"><input size=\"40\" maxlength=\"400\" class=\"wpcf7-form-control wpcf7-text wpcf7-validates-as-required\" autocomplete=\"name\" aria-required=\"true\" aria-invalid=\"false\" value=\"\" type=\"text\" name=\"your-name\" \/><\/span><br \/>\n<\/label>\n<\/p>\n<p><label>Telefon<br \/>\n<span class=\"wpcf7-form-control-wrap\" data-name=\"your-tel\"><input size=\"40\" maxlength=\"400\" class=\"wpcf7-form-control wpcf7-tel wpcf7-validates-as-required wpcf7-text wpcf7-validates-as-tel\" autocomplete=\"tel\" aria-required=\"true\" aria-invalid=\"false\" value=\"\" type=\"tel\" name=\"your-tel\" \/><\/span><br \/>\n<\/label>\n<\/p>\n<p><label>E-Mail<br \/>\n<span class=\"wpcf7-form-control-wrap\" data-name=\"your-email\"><input size=\"40\" maxlength=\"400\" class=\"wpcf7-form-control wpcf7-email wpcf7-validates-as-required wpcf7-text wpcf7-validates-as-email\" autocomplete=\"email\" aria-required=\"true\" aria-invalid=\"false\" value=\"\" type=\"email\" name=\"your-email\" \/><\/span><br \/>\n<\/label>\n<\/p>\n<p><label>Betreff<br \/>\n<span class=\"wpcf7-form-control-wrap\" data-name=\"your-subject\"><input size=\"40\" maxlength=\"400\" class=\"wpcf7-form-control wpcf7-text wpcf7-validates-as-required\" aria-required=\"true\" aria-invalid=\"false\" value=\"\" type=\"text\" name=\"your-subject\" \/><\/span><br \/>\n<\/label>\n<\/p>\n<p><label>Ihre Nachricht<br \/>\n<span class=\"wpcf7-form-control-wrap\" data-name=\"your-message\"><textarea cols=\"40\" rows=\"10\" maxlength=\"2000\" class=\"wpcf7-form-control wpcf7-textarea\" aria-invalid=\"false\" name=\"your-message\"><\/textarea><\/span><br \/>\n<\/label>\n<\/p>\n<p><a href=\"https:\/\/autoselizabeth.com\/aviso-legal\/?lang=de\" rel=\"nofollow\" target=\"_blank\">Impressum<\/a> |<br \/>\n<a href=\"https:\/\/autoselizabeth.com\/politica-de-privacidad\/?lang=de\" rel=\"nofollow\" target=\"_blank\">Datenschutzrichtlinie<\/a> |<br \/>\n<a href=\"https:\/\/autoselizabeth.com\/politica-de-cookies\/?lang=de\" rel=\"nofollow\" target=\"_blank\">Cookie-Richtlinie<\/a>\n<\/p>\n<p><span class=\"wpcf7-form-control-wrap\" data-name=\"akzeptieren-rgpd-de\"><span class=\"wpcf7-form-control wpcf7-acceptance\"><span class=\"wpcf7-list-item\"><label><input type=\"checkbox\" name=\"akzeptieren-rgpd-de\" value=\"1\" aria-invalid=\"false\" \/><span class=\"wpcf7-list-item-label\">Ich habe die oben genannten Richtlinien gelesen und akzeptiere sie<\/span><\/label><\/span><\/span><\/span>\n<\/p>\n<p><span id=\"wpcf7-69e7da04bf037-wrapper\" class=\"wpcf7-form-control-wrap your-field-wrap\" style=\"display:none !important; visibility:hidden !important;\"><input type=\"hidden\" name=\"your-field-time-start\" value=\"1776802308\"><input type=\"hidden\" name=\"your-field-time-check\" value=\"5\"><label for=\"wpcf7-69e7da04bf037-field\" class=\"hp-message\">Bitte lasse dieses Feld leer.<\/label><input id=\"wpcf7-69e7da04bf037-field\"  class=\"wpcf7-form-control wpcf7-text\" type=\"text\" name=\"your-field\" value=\"\" size=\"40\" tabindex=\"-1\" autocomplete=\"new-password\" \/><\/span>\n<\/p>\n<p><input class=\"wpcf7-form-control wpcf7-submit has-spinner\" type=\"submit\" value=\"Senden\" \/>\n<\/p><div class=\"wpcf7-response-output\" aria-hidden=\"true\"><\/div>\n<\/form>\n<\/div>\n[vc_empty_space][\/vc_column][\/vc_row][vc_row][vc_column][vc_single_image image=&#8220;1172&#8243; img_size=&#8220;medium&#8220; alignment=&#8220;center&#8220; css=&#8220;&#8220;][vc_icon icon_fontawesome=&#8220;fa fa-solid fa-chevron-down&#8220; color=&#8220;green&#8220; align=&#8220;center&#8220; css=&#8220;&#8220;][\/vc_column][\/vc_row][vc_row][vc_column width=&#8220;1\/3&#8243;][vc_btn title=&#8220;Elizabeth Rent a Car \u00a9&#8220; style=&#8220;custom&#8220; custom_background=&#8220;#333333&#8243; custom_text=&#8220;#FFFFFF&#8220; size=&#8220;lg&#8220; align=&#8220;center&#8220; css=&#8220;&#8220; button_block=&#8220;true&#8220; link=&#8220;url:https%3A%2F%2Fautoselizabeth.com%2Fde%2Fauto-mieten%2F|title:%C3%9Cber%20uns|target:_blank&#8220;][vc_column_text css=&#8220;&#8220;]<a href=\"https:\/\/www.boe.es\/buscar\/doc.php?id=BOE-A-2021-17461\" target=\"_blank\" rel=\"noopener\">K\u00f6nigliches Dekret 933\/2021<\/a> vom 26. Oktober, das die Dokumentations- und Informationspflichten f\u00fcr nat\u00fcrliche oder juristische Personen festlegt, die Beherbergungs- und Mietwagendienste anbieten.[\/vc_column_text][\/vc_column][vc_column width=&#8220;1\/3&#8243;][vc_btn title=&#8220;Datenschutzinformationen&#8220; style=&#8220;custom&#8220; custom_background=&#8220;#333333&#8243; custom_text=&#8220;#FFFFFF&#8220; size=&#8220;lg&#8220; align=&#8220;center&#8220; css=&#8220;&#8220; button_block=&#8220;true&#8220; link=&#8220;url:https%3A%2F%2Fautoselizabeth.com%2Fde%2Fdatenschutzerklaerung%2F|title:datenschutzerklaerung&#8220;][vc_column_text css=&#8220;&#8220;]Datenschutzinformationen f\u00fcr den Vertrag. Dieser Text ist im Mietvertrag aufgenommen.<\/p>\n<p>Allgemeine <a href=\"https:\/\/autoselizabeth.com\/de\/allgemeine-mietbedingungen\/\">Mietbedingungen<\/a>[\/vc_column_text][\/vc_column][vc_column width=&#8220;1\/3&#8243;][vc_btn title=&#8220;Datenschutzerkl\u00e4rung&#8220; style=&#8220;custom&#8220; custom_background=&#8220;#333333&#8243; custom_text=&#8220;#FFFFFF&#8220; size=&#8220;lg&#8220; align=&#8220;center&#8220; css=&#8220;&#8220; button_block=&#8220;true&#8220; link=&#8220;url:https%3A%2F%2Fautoselizabeth.com%2Fde%2Fimpressum%2F|title:Impressum&#8220;][vc_column_text css=&#8220;&#8220;]<\/p>\n<ol>\n<li>Der Zweck der Datenerhebung besteht darin, Ihre Mietwagenreservierung vorzunehmen.<\/li>\n<li>Sie k\u00f6nnen Ihre Daten jederzeit einschr\u00e4nken, abrufen und l\u00f6schen. Wir geben Ihre Daten nicht an Dritte weiter, es sei denn, wir sind gesetzlich dazu verpflichtet.<\/li>\n<\/ol>\n<p>[\/vc_column_text][\/vc_column][\/vc_row][vc_row css=&#8220;.vc_custom_1747469373211{background-color: #FFFFFF !important;border-radius: 3px !important;}&#8220;][vc_column css=&#8220;.vc_custom_1752133983663{background-color: #FFFFFF !important;border-radius: 3px !important;}&#8220;][vc_column_text css=&#8220;&#8220;]Bez\u00fcglich der Verarbeitung Ihrer personenbezogenen Daten f\u00fcr Kontakt und Reservierungen informieren wir Sie \u00fcber Folgendes:<\/p>\n<ul>\n<li><strong>Informationen zum Datenschutz:<\/strong> Gem\u00e4\u00df der Datenschutz-Grundverordnung (EU) 2016\/679.<\/li>\n<li><strong>Verantwortlicher:<\/strong> Autos Elizabeth Rent a Car SL, Camino las Cuestas 13, 35572, T\u00edas (LAS PALMAS).<\/li>\n<li><strong>Zweck der Verarbeitung f\u00fcr die Dauer unserer Beziehung und solange uns Ihre Einwilligung vorliegt:<\/strong> Versand von Informationen, Beantwortung Ihrer Fragen und Anfragen. Zwecke des Direktmarketings. Bearbeitung Ihrer Anfragen, Pflege der Gesch\u00e4ftsbeziehung. Alles im Zusammenhang mit dieser Website sowie der Erf\u00fcllung des Mietwagenvertrags mit uns.<\/li>\n<li><strong>Es werden keine Daten an Dritte weitergegeben, es sei denn, dies ist gesetzlich vorgeschrieben.<\/strong> Ihre personenbezogenen Daten werden nicht offengelegt, es sei denn, dies ist zur Erf\u00fcllung einer gesetzlichen Verpflichtung erforderlich, der der Verantwortliche unterliegt.<\/li>\n<li><strong>Rechtsgrundlage der Verarbeitung:<\/strong> Erf\u00fcllung eines Vertrags, gesetzliche Verpflichtung (K\u00f6nigliches Dekret 933\/2021) und berechtigtes Interesse des Verantwortlichen.<\/li>\n<li><strong>Rechte in Bezug auf Ihre Daten:<\/strong> Sie haben das Recht auf Zugang, Berichtigung, L\u00f6schung und \u00dcbertragbarkeit Ihrer Daten sowie das Recht auf Einschr\u00e4nkung der Verarbeitung und Widerspruch dagegen, indem Sie Ihre Anfrage zusammen mit einem Identit\u00e4tsnachweis an den Verantwortlichen richten. Sie k\u00f6nnen die L\u00f6schung aller personenbezogenen Daten verlangen, die wir \u00fcber Sie gespeichert haben. Dies gilt nicht f\u00fcr Daten, die wir aus administrativen, rechtlichen oder sicherheitsrelevanten Gr\u00fcnden aufbewahren m\u00fcssen. Sie k\u00f6nnen Ihre Rechte auf Zugang, Berichtigung, L\u00f6schung und \u00dcbertragbarkeit Ihrer Daten sowie die Einschr\u00e4nkung oder den Widerspruch gegen die Verarbeitung auch \u00fcber unser RECHTE-PORTAL unter folgendem Link aus\u00fcben: <a href=\"https:\/\/www.adelopd.com\/portalderechos\/elizabeth-rent-a-car-sl\" target=\"_blank\" rel=\"noopener\">https:\/\/www.adelopd.com\/portalderechos\/elizabeth-rent-a-car-sl<\/a>\u00a0Wenn Sie mit der Verarbeitung nicht einverstanden sind, haben Sie au\u00dferdem das Recht, eine Beschwerde bei der spanischen Datenschutzbeh\u00f6rde (Agencia Espa\u00f1ola de Protecci\u00f3n de Datos) einzureichen.<\/li>\n<\/ul>\n<p>F\u00fcr weitere Informationen besuchen Sie bitte unsere Rechtsseiten und unsere <a href=\"https:\/\/autoselizabeth.com\/de\/datenschutzerklaerung\/\">Datenschutzerkl\u00e4rung<\/a>.[\/vc_column_text][vc_row_inner][vc_column_inner width=&#8220;1\/3&#8243;][vc_btn title=&#8220;Mietwagenvertrag&#8220; style=&#8220;custom&#8220; custom_background=&#8220;#333333&#8243; custom_text=&#8220;#FFFFFF&#8220; size=&#8220;lg&#8220; align=&#8220;center&#8220; css=&#8220;&#8220; button_block=&#8220;true&#8220; link=&#8220;url:https%3A%2F%2Fautoselizabeth.com%2Fde%2Fallgemeine-mietbedingungen%2F|title:Autovermietungsvertrag&#8220;][\/vc_column_inner][vc_column_inner width=&#8220;1\/3&#8243;][vc_btn title=&#8220;Allgemeine Gesch\u00e4ftsbedingungen&#8220; style=&#8220;custom&#8220; custom_background=&#8220;#333333&#8243; custom_text=&#8220;#FFFFFF&#8220; size=&#8220;lg&#8220; align=&#8220;center&#8220; css=&#8220;&#8220; button_block=&#8220;true&#8220; link=&#8220;url:https%3A%2F%2Fautoselizabeth.com%2Fde%2Fallgemeine-mietbedingungen%2F|title:Allgemeine%20Gesch%C3%A4ftsbedingungen&#8220;][\/vc_column_inner][vc_column_inner width=&#8220;1\/3&#8243;][vc_btn title=&#8220;Cookie-Richtlinie&#8220; style=&#8220;custom&#8220; custom_background=&#8220;#333333&#8243; custom_text=&#8220;#FFFFFF&#8220; size=&#8220;lg&#8220; align=&#8220;center&#8220; css=&#8220;&#8220; button_block=&#8220;true&#8220; link=&#8220;url:https%3A%2F%2Fautoselizabeth.com%2Fde%2Fcookie-richtlinie%2F|title:Cookie-Richtlinie&#8220;][\/vc_column_inner][\/vc_row_inner][\/vc_column][\/vc_row]<\/p>\n<\/div>","protected":false},"excerpt":{"rendered":"<p>[vc_row][vc_column][vc_raw_html css=&#8220;&#8220;]JTNDJTIxLS0lMjBFdmVudCUyMHNuaXBwZXQlMjBmb3IlMjBGb3JtdWxhcmlvJTIwZGUlMjByZXNlcnZhJTIwY29udmVyc2lvbiUyMHBhZ2UlMEFJbiUyMHlvdXIlMjBodG1sJTIwcGFnZSUyQyUyMGFkZCUyMHRoZSUyMHNuaXBwZXQlMjBhbmQlMjBjYWxsJTIwZ3RhZ19yZXBvcnRfY29udmVyc2lvbiUyMHdoZW4lMjBzb21lb25lJTIwY2xpY2tzJTIwb24lMjB0aGUlMjBjaG9zZW4lMjBsaW5rJTIwb3IlMjBidXR0b24uJTIwLS0lM0UlMEElM0NzY3JpcHQlM0UlMEFmdW5jdGlvbiUyMGd0YWdfcmVwb3J0X2NvbnZlcnNpb24lMjh1cmwlMjklMjAlN0IlMEElMjAlMjB2YXIlMjBjYWxsYmFjayUyMCUzRCUyMGZ1bmN0aW9uJTIwJTI4JTI5JTIwJTdCJTBBJTIwJTIwJTIwJTIwaWYlMjAlMjh0eXBlb2YlMjh1cmwlMjklMjAlMjElM0QlMjAlMjd1bmRlZmluZWQlMjclMjklMjAlN0IlMEElMjAlMjAlMjAlMjAlMjAlMjB3aW5kb3cubG9jYXRpb24lMjAlM0QlMjB1cmwlM0IlMEElMjAlMjAlMjAlMjAlN0QlMEElMjAlMjAlN0QlM0IlMEElMjAlMjBndGFnJTI4JTI3ZXZlbnQlMjclMkMlMjAlMjdjb252ZXJzaW9uJTI3JTJDJTIwJTdCJTBBJTIwJTIwJTIwJTIwJTIwJTIwJTI3c2VuZF90byUyNyUzQSUyMCUyN0FXLTkzMDM4MjcwOSUyRkZ1X2pDT0RvaWNnWkVQV0cwcnNEJTI3JTJDJTBBJTIwJTIwJTIwJTIwJTIwJTIwJTI3ZXZlbnRfY2FsbGJhY2slMjclM0ElMjBjYWxsYmFjayUwQSUyMCUyMCU3RCUyOSUzQiUwQSUyMCUyMHJldHVybiUyMGZhbHNlJTNCJTBBJTdEJTBBJTNDJTJGc2NyaXB0JTNF[\/vc_raw_html][\/vc_column][\/vc_row][vc_row css=&#8220;.vc_custom_1750799095964{background-position: center !important;background-repeat: no-repeat !important;background-size: contain !important;}&#8220;][vc_column width=&#8220;1\/2&#8243;][vc_column_text css=&#8220;&#8220;] Service und Reservierungen unter +34 928 510 812 \u00a0oder per WhatsApp [\/vc_column_text][vc_progress_bar values=&#8220;%5B%7B%22label%22%3A%22Montag%20von%2007%3A00%20bis%2020%3A00%20Uhr%22%2C%22value%22%3A%22100%22%7D%2C%7B%22label%22%3A%22Dienstag%20von%2007%3A00%20bis%2020%3A00%20Uhr%22%2C%22value%22%3A%22100%22%7D%2C%7B%22label%22%3A%22Mittwoch%20von%2007%3A00%20bis%2020%3A00%20Uhr%22%2C%22value%22%3A%22100%22%7D%2C%7B%22label%22%3A%22Donnerstag%20von%2007%3A00%20bis%2020%3A00%20Uhr%22%2C%22value%22%3A%22100%22%7D%2C%7B%22label%22%3A%22Freitag%20von%2007%3A00%20bis%2020%3A00%20Uhr%22%2C%22value%22%3A%22100%22%7D%2C%7B%22label%22%3A%22%20Samstag%20von%2007%3A00%20bis%2020%3A00%20Uhr%22%2C%22value%22%3A%22100%22%7D%2C%7B%22label%22%3A%22Sonntag%20von%2007%3A00%20bis%2020%3A00%20Uhr%22%2C%22value%22%3A%22100%22%7D%5D&#8220; bgcolor=&#8220;white&#8220; options=&#8220;striped&#8220; css=&#8220;&#8220;][vc_column_text css=&#8220;&#8220;]Online-Buchungen sind rund um die Uhr m\u00f6glich (dieser Vorgang erfolgt nicht sofort und erfordert eine Best\u00e4tigung).[\/vc_column_text][vc_goo_maps location=&#8220;Autos Elizabeth Rent A Car S.L&#8220; css=&#8220;&#8220;][vc_message message_box_color=&#8220;grey&#8220; icon_type=&#8220;linecons&#8220; icon_linecons=&#8220;vc_li vc_li-location&#8220; css=&#8220;&#8220;]Autovermietung [&hellip;]<\/p>\n","protected":false},"author":2,"featured_media":0,"parent":0,"menu_order":0,"comment_status":"closed","ping_status":"closed","template":"","meta":{"footnotes":""},"class_list":["post-2004","page","type-page","status-publish","hentry"],"blocksy_meta":[],"_links":{"self":[{"href":"https:\/\/autoselizabeth.com\/de\/wp-json\/wp\/v2\/pages\/2004","targetHints":{"allow":["GET"]}}],"collection":[{"href":"https:\/\/autoselizabeth.com\/de\/wp-json\/wp\/v2\/pages"}],"about":[{"href":"https:\/\/autoselizabeth.com\/de\/wp-json\/wp\/v2\/types\/page"}],"author":[{"embeddable":true,"href":"https:\/\/autoselizabeth.com\/de\/wp-json\/wp\/v2\/users\/2"}],"replies":[{"embeddable":true,"href":"https:\/\/autoselizabeth.com\/de\/wp-json\/wp\/v2\/comments?post=2004"}],"version-history":[{"count":8,"href":"https:\/\/autoselizabeth.com\/de\/wp-json\/wp\/v2\/pages\/2004\/revisions"}],"predecessor-version":[{"id":2418,"href":"https:\/\/autoselizabeth.com\/de\/wp-json\/wp\/v2\/pages\/2004\/revisions\/2418"}],"wp:attachment":[{"href":"https:\/\/autoselizabeth.com\/de\/wp-json\/wp\/v2\/media?parent=2004"}],"curies":[{"name":"wp","href":"https:\/\/api.w.org\/{rel}","templated":true}]}}