{"id":2008,"date":"2025-09-04T13:52:00","date_gmt":"2025-09-04T11:52:00","guid":{"rendered":"https:\/\/autoselizabeth.com\/cookie-policy\/"},"modified":"2025-10-02T16:11:25","modified_gmt":"2025-10-02T14:11:25","slug":"cookie-richtlinie","status":"publish","type":"page","link":"https:\/\/autoselizabeth.com\/de\/cookie-richtlinie\/","title":{"rendered":"Cookie-Richtlinie"},"content":{"rendered":"<div class=\"wpb-content-wrapper\"><p>[vc_row][vc_column width=&#8220;5\/6&#8243;][vc_empty_space][vc_custom_heading text=&#8220;Cookie-Richtlinie&#8220; font_container=&#8220;tag:h1|text_align:left&#8220; use_theme_fonts=&#8220;yes&#8220; css=&#8220;&#8220;][vc_separator][vc_column_text css=&#8220;&#8220;]<\/p>\n<blockquote>\n<p>Rechtlicher Hinweis: Dieses Dokument ist eine \u00dcbersetzung, die ausschlie\u00dflich zu Informationszwecken bereitgestellt wird und in allen Einzelheiten nicht rechtsverbindlich ist. Ma\u00dfgeblich ist allein die spanische Fassung. Im Falle von Abweichungen oder Auslegungsunterschieden gilt ausschlie\u00dflich die urspr\u00fcngliche spanische Version.<\/p>\n<\/blockquote>\n<p>[\/vc_column_text][\/vc_column][vc_column width=&#8220;1\/6&#8243;][\/vc_column][\/vc_row][vc_row][vc_column width=&#8220;3\/4&#8243; css=&#8220;.vc_custom_1756986349293{background-color: #FFFFFF !important;border-radius: 3px !important;}&#8220;][vc_column_text css=&#8220;.vc_custom_1759414269969{background-color: #FFFFFF !important;border-radius: 3px !important;}&#8220;]<\/p>\n<p>Wir verwenden Cookies, um die Nutzung unserer Website zu vereinfachen. Cookies sind kleine Informationsdateien, mit deren Hilfe wir analysieren und verstehen, wie unsere Nutzer durch unsere Webseiten surfen; so k\u00f6nnen wir den Navigationsprozess stetig verbessern. Die von uns verwendeten Cookies speichern keinerlei pers\u00f6nliche Daten oder Informationen, die den Nutzer identifizieren k\u00f6nnten. Sollten Sie keine Cookies erhalten wollen, konfigurieren Sie bitte Ihren Internetbrowser dahin gehend, dass er sie von der Festplatte Ihres Computers l\u00f6scht oder sie blockiert oder Sie dar\u00fcber informiert, wenn eine Website Cookies installieren m\u00f6chte. Wenn Sie die Konfigurierung von Cookies nicht \u00e4ndern m\u00f6chten, surfen Sie einfach weiter auf der Website.<\/p>\n<p>&nbsp;<\/p>\n<p>Weitere Informationen \u00fcber Cookies und wie sie verwendet werden, finden Sie auf www.aboutcookies.org.<\/p>\n<p>&nbsp;<\/p>\n<p>Die Cookie-Typen, die wir verwenden<\/p>\n<p>&nbsp;<\/p>\n<p>UNBEDINGT ERFORDERLICHE COOKIES:<\/p>\n<p>Diese Cookies sind f\u00fcr die korrekte Nutzung der Website n\u00f6tig; sie erm\u00f6glichen den Zugang zu Bereichen, die mit Sicherheitsfiltern ausgestattet sind. Ohne diese Cookies sind viele der verf\u00fcgbaren Serviceleistungen nicht funktionst\u00fcchtig.<\/p>\n<p>&nbsp;<\/p>\n<p>NAVIGATIONS-COOKIES:<\/p>\n<p>Diese Cookies erfassen Informationen dar\u00fcber, wie die Website genutzt wird, z. B. \u00fcber die angesehenen Seiten, Fehler beim Laden \u2026 Dabei handelt es sich um allgemeine, anonyme Informationen, die weder pers\u00f6nliche Daten beinhalten, noch Informationen erfassen, anhand derer sich die Besucher identifizieren lassen; ihr einziger Zweck ist die Verbesserung der Funktion der Website.<\/p>\n<p>&nbsp;<\/p>\n<p>Mit dem Besuch unserer Website erlauben Sie die Installierung dieser Cookies auf Ihrem Computer.<\/p>\n<p>&nbsp;<\/p>\n<p>FUNKTIONELLE COOKIES:<\/p>\n<p>Mithilfe dieser Cookies werden Informationen (wie Nutzername, Sprache oder Standort) und pers\u00f6nlichere Charakteristiken erfasst. Sie bieten beispielsweise die M\u00f6glichkeit, auf Grundlage von Informationen und Kriterien, die Sie freiwillig angegeben haben, personalisierte Inhalte anzubieten. Diese Cookies k\u00f6nnen auch dazu verwendet werden, sich durchgef\u00fchrte \u00c4nderungen in Bezug auf Schriftgr\u00f6\u00dfe, Schrifttyp und andere personalisierbare Bereiche der Website zu merken. Sie werden auch dazu genutzt, verschiedene angefragte Serviceleistungen zu bieten, wie ein Video anzusehen oder einen Kommentar in einem Blog abzugeben. Die Informationen, die diese Cookies erfassen, sind anonym und haben keinen Einfluss auf Ihre Aktivit\u00e4t auf anderen Websites.<\/p>\n<p>Mit dem Besuch unserer Website erlauben Sie die Installierung dieser Cookies auf Ihrem Computer.<\/p>\n<p>[\/vc_column_text][\/vc_column][vc_column width=&#8220;1\/4&#8243;][vc_empty_space height=&#8220;20px&#8220;][vc_custom_heading text=&#8220;Rechtliches&#8220; font_container=&#8220;tag:h5|text_align:left&#8220; use_theme_fonts=&#8220;yes&#8220; css=&#8220;&#8220;][vc_column_text css=&#8220;&#8220;]<\/p>\n<p>&gt; <a href=\"https:\/\/autoselizabeth.com\/de\/impressum\/\">Impressum<\/a><\/p>\n<p>&gt; <a href=\"https:\/\/autoselizabeth.com\/de\/allgemeine-geschaeftsbedingungen\/\">Allgemeine Gesch\u00e4ftsbedingungen<\/a><\/p>\n<p>&gt; <a href=\"https:\/\/autoselizabeth.com\/de\/allgemeine-mietbedingungen\/\">Allgemeine Mietbedingungen<\/a><\/p>\n<p>&gt; <a href=\"https:\/\/autoselizabeth.com\/de\/datenschutzerklaerung\/\">Datenschutzerkl\u00e4rung<\/a><\/p>\n<p>[\/vc_column_text][\/vc_column][\/vc_row]<\/p>\n<\/div>","protected":false},"excerpt":{"rendered":"<p>[vc_row][vc_column width=&#8220;5\/6&#8243;][vc_empty_space][vc_custom_heading text=&#8220;Cookie-Richtlinie&#8220; font_container=&#8220;tag:h1|text_align:left&#8220; use_theme_fonts=&#8220;yes&#8220; css=&#8220;&#8220;][vc_separator][vc_column_text css=&#8220;&#8220;] Rechtlicher Hinweis: Dieses Dokument ist eine \u00dcbersetzung, die ausschlie\u00dflich zu Informationszwecken bereitgestellt wird und in allen Einzelheiten nicht rechtsverbindlich ist. Ma\u00dfgeblich ist allein die spanische Fassung. Im Falle von Abweichungen oder Auslegungsunterschieden gilt ausschlie\u00dflich die urspr\u00fcngliche spanische Version. [\/vc_column_text][\/vc_column][vc_column width=&#8220;1\/6&#8243;][\/vc_column][\/vc_row][vc_row][vc_column width=&#8220;3\/4&#8243; css=&#8220;.vc_custom_1756986349293{background-color: #FFFFFF !important;border-radius: 3px !important;}&#8220;][vc_column_text css=&#8220;.vc_custom_1759414269969{background-color: #FFFFFF [&hellip;]<\/p>\n","protected":false},"author":2,"featured_media":0,"parent":0,"menu_order":0,"comment_status":"closed","ping_status":"closed","template":"","meta":{"footnotes":""},"class_list":["post-2008","page","type-page","status-publish","hentry"],"blocksy_meta":[],"_links":{"self":[{"href":"https:\/\/autoselizabeth.com\/de\/wp-json\/wp\/v2\/pages\/2008","targetHints":{"allow":["GET"]}}],"collection":[{"href":"https:\/\/autoselizabeth.com\/de\/wp-json\/wp\/v2\/pages"}],"about":[{"href":"https:\/\/autoselizabeth.com\/de\/wp-json\/wp\/v2\/types\/page"}],"author":[{"embeddable":true,"href":"https:\/\/autoselizabeth.com\/de\/wp-json\/wp\/v2\/users\/2"}],"replies":[{"embeddable":true,"href":"https:\/\/autoselizabeth.com\/de\/wp-json\/wp\/v2\/comments?post=2008"}],"version-history":[{"count":4,"href":"https:\/\/autoselizabeth.com\/de\/wp-json\/wp\/v2\/pages\/2008\/revisions"}],"predecessor-version":[{"id":2055,"href":"https:\/\/autoselizabeth.com\/de\/wp-json\/wp\/v2\/pages\/2008\/revisions\/2055"}],"wp:attachment":[{"href":"https:\/\/autoselizabeth.com\/de\/wp-json\/wp\/v2\/media?parent=2008"}],"curies":[{"name":"wp","href":"https:\/\/api.w.org\/{rel}","templated":true}]}}