{"id":2033,"date":"2025-05-17T10:00:31","date_gmt":"2025-05-17T08:00:31","guid":{"rendered":"https:\/\/autoselizabeth.com\/locations\/"},"modified":"2025-10-25T09:48:38","modified_gmt":"2025-10-25T07:48:38","slug":"standorte","status":"publish","type":"page","link":"https:\/\/autoselizabeth.com\/de\/standorte\/","title":{"rendered":"Standorte"},"content":{"rendered":"<div class=\"wpb-content-wrapper\"><p>[vc_row][vc_column][vc_raw_html css=&#8220;&#8220;]JTNDJTIxLS0lMjBFdmVudCUyMHNuaXBwZXQlMjBmb3IlMjBGb3JtdWxhcmlvJTIwZGUlMjByZXNlcnZhJTIwY29udmVyc2lvbiUyMHBhZ2UlMEFJbiUyMHlvdXIlMjBodG1sJTIwcGFnZSUyQyUyMGFkZCUyMHRoZSUyMHNuaXBwZXQlMjBhbmQlMjBjYWxsJTIwZ3RhZ19yZXBvcnRfY29udmVyc2lvbiUyMHdoZW4lMjBzb21lb25lJTIwY2xpY2tzJTIwb24lMjB0aGUlMjBjaG9zZW4lMjBsaW5rJTIwb3IlMjBidXR0b24uJTIwLS0lM0UlMEElM0NzY3JpcHQlM0UlMEFmdW5jdGlvbiUyMGd0YWdfcmVwb3J0X2NvbnZlcnNpb24lMjh1cmwlMjklMjAlN0IlMEElMjAlMjB2YXIlMjBjYWxsYmFjayUyMCUzRCUyMGZ1bmN0aW9uJTIwJTI4JTI5JTIwJTdCJTBBJTIwJTIwJTIwJTIwaWYlMjAlMjh0eXBlb2YlMjh1cmwlMjklMjAlMjElM0QlMjAlMjd1bmRlZmluZWQlMjclMjklMjAlN0IlMEElMjAlMjAlMjAlMjAlMjAlMjB3aW5kb3cubG9jYXRpb24lMjAlM0QlMjB1cmwlM0IlMEElMjAlMjAlMjAlMjAlN0QlMEElMjAlMjAlN0QlM0IlMEElMjAlMjBndGFnJTI4JTI3ZXZlbnQlMjclMkMlMjAlMjdjb252ZXJzaW9uJTI3JTJDJTIwJTdCJTBBJTIwJTIwJTIwJTIwJTIwJTIwJTI3c2VuZF90byUyNyUzQSUyMCUyN0FXLTkzMDM4MjcwOSUyRkZ1X2pDT0RvaWNnWkVQV0cwcnNEJTI3JTJDJTBBJTIwJTIwJTIwJTIwJTIwJTIwJTI3ZXZlbnRfY2FsbGJhY2slMjclM0ElMjBjYWxsYmFjayUwQSUyMCUyMCU3RCUyOSUzQiUwQSUyMCUyMHJldHVybiUyMGZhbHNlJTNCJTBBJTdEJTBBJTNDJTJGc2NyaXB0JTNF[\/vc_raw_html][\/vc_column][\/vc_row][vc_row css=&#8220;.vc_custom_1747551305781{background-position: center !important;background-repeat: no-repeat !important;background-size: contain !important;}&#8220;][vc_column][vc_custom_heading text=&#8220;Mietwagen&#8220; font_container=&#8220;tag:h1|font_size:50|text_align:center&#8220; google_fonts=&#8220;font_family:Montserrat%3Aregular%2Citalic|font_style:900%20black%20normal%3A900%3Anormal&#8220; css=&#8220;&#8220;][vc_custom_heading text=&#8220;auf Lanzarote, Fuerteventura und Gran Canaria&#8220; font_container=&#8220;tag:h1|font_size:30|text_align:center&#8220; google_fonts=&#8220;font_family:Montserrat%3Aregular%2Citalic|font_style:900%20black%20normal%3A900%3Anormal&#8220; css=&#8220;&#8220;][vc_separator css=&#8220;&#8220;][vc_custom_heading text=&#8220;Einfache Abholung und R\u00fcckgabe:&#8220; font_container=&#8220;tag:h2|font_size:22|text_align:center&#8220; google_fonts=&#8220;font_family:Montserrat%3Aregular%2Citalic|font_style:100%20thin%20normal%3A100%3Anormal&#8220; css=&#8220;&#8220;][vc_column_text css=&#8220;&#8220;]<\/p>\n<p style=\"text-align: center;\">Geben Sie Ihren Standort (Hotelname oder Stra\u00dfenname, Hausnummer, Postleitzahl und Ort) im Kommentarfeld an (<a href=\"https:\/\/autoselizabeth.com\/de\/#online-buchung\">im letzten Schritt des Online-Buchungsprozesses<\/a>), und wir liefern Ihnen das Auto ohne Aufpreis<\/p>\n<p>[\/vc_column_text][\/vc_column][\/vc_row][vc_row][vc_column][vc_row_inner css=&#8220;.vc_custom_1757948446408{background-color: #FFFFFF !important;border-radius: 3px !important;}&#8220;][vc_column_inner width=&#8220;1\/4&#8243;][vc_column_text css=&#8220;&#8220;]<\/p>\n<h1 class=\"vc_custom_heading vc_do_custom_heading\" style=\"text-align: center;\">Hauptsitz<\/h1>\n<p>[\/vc_column_text][vc_message message_box_color=&#8220;green&#8220; icon_type=&#8220;linecons&#8220; icon_linecons=&#8220;vc_li vc_li-location&#8220; css_animation=&#8220;fadeInUp&#8220; css=&#8220;&#8220;]<\/p>\n<div class=\"wpb_text_column wpb_content_element\">\n<div class=\"wpb_wrapper\">\n<p><strong><a href=\"https:\/\/autoselizabeth.com\/de\/auto-mieten\/\">Elizabeth Rent a Car<\/a>\u00ae <\/strong>Stra\u00dfe Timanfaya, S\/N, 35510, Puerto del Carmen, Lanzarote, Kanarische Inseln.<\/p>\n<\/div>\n<\/div>\n<p>[\/vc_message][vc_column_text css=&#8220;&#8220;]<\/p>\n<blockquote><p>Besuchen Sie uns pers\u00f6nlich, wir haben jeden Tag der Woche von 07:00 bis 20:00 Uhr ge\u00f6ffnet. Oder buchen Sie Ihr Auto: online, per <strong><a href=\"https:\/\/wa.me\/665631079\" target=\"_blank\" rel=\"noopener\">WhatsApp<\/a><\/strong> oder telefonisch unter <strong><a href=\"tel:+34 928 510 812\">+34 928 510 812<\/a><\/strong>.<\/p><\/blockquote>\n<p>[\/vc_column_text][\/vc_column_inner][vc_column_inner width=&#8220;3\/4&#8243;][vc_goo_maps location=&#8220;Autos Elizabeth Rent A Car S.L&#8220; css=&#8220;&#8220;][\/vc_column_inner][\/vc_row_inner][vc_empty_space][vc_custom_heading text=&#8220;Seit 1986 liefern wir Mietwagen direkt an Ihre angegebene Adresse und holen ihn dort wieder ab, ohne zus\u00e4tzliche Kosten.&#8220; font_container=&#8220;tag:h2|font_size:22|text_align:center&#8220; google_fonts=&#8220;font_family:Montserrat%3Aregular%2Citalic|font_style:100%20thin%20normal%3A100%3Anormal&#8220; css=&#8220;&#8220;][vc_icon icon_fontawesome=&#8220;fa fa-solid fa-chevron-down&#8220; color=&#8220;green&#8220; align=&#8220;center&#8220; css=&#8220;&#8220;][\/vc_column][\/vc_row][vc_row][vc_column][vc_empty_space][\/vc_column][\/vc_row][vc_row][vc_column][vc_column_text css=&#8220;&#8220;]<\/p>\n<h1 class=\"vc_custom_heading vc_do_custom_heading\" style=\"text-align: center;\">Mieten Sie ein Auto auf Lanzarote<\/h1>\n<p>[\/vc_column_text][vc_message message_box_color=&#8220;white&#8220; icon_type=&#8220;linecons&#8220; icon_linecons=&#8220;vc_li vc_li-location&#8220; css_animation=&#8220;lightSpeedIn&#8220; css=&#8220;&#8220;]<\/p>\n<div class=\"wpb_text_column wpb_content_element\">\n<div class=\"wpb_wrapper\">\n<div class=\"wpb_text_column wpb_content_element\">\n<div class=\"wpb_wrapper\">\n<p><a href=\"https:\/\/autoselizabeth.com\/de\/#online-buchung\">Buchen Sie online<\/a>. Wir bringen Ihnen Ihr Auto an den von Ihnen gew\u00fcnschten Ort in Lanzarote, ohne zus\u00e4tzliche Kosten!<\/p>\n<\/div>\n<\/div>\n<\/div>\n<\/div>\n<p>[\/vc_message][vc_goo_maps location=&#8220;Lanzarote, Islas Canarias&#8220; css=&#8220;&#8220;][vc_column_text css=&#8220;&#8220;]<\/p>\n<blockquote><p>Sie k\u00f6nnen Ihr Auto auch per <strong><a href=\"https:\/\/wa.me\/665631079\" target=\"_blank\" rel=\"noopener\">WhatsApp<\/a><\/strong> oder telefonisch unter <strong><a href=\"tel:+34 928 510 812\">+34 928 510 812<\/a><\/strong>\u00a0 jeden Tag der Woche von 07:00 bis 20:00 Uhr buchen.<\/p><\/blockquote>\n<p>[\/vc_column_text][vc_icon icon_fontawesome=&#8220;fa fa-solid fa-chevron-down&#8220; color=&#8220;green&#8220; align=&#8220;center&#8220; css=&#8220;&#8220;][\/vc_column][\/vc_row][vc_row][vc_column][vc_empty_space][\/vc_column][\/vc_row][vc_row][vc_column][vc_column_text css=&#8220;&#8220;]<\/p>\n<h1 class=\"vc_custom_heading vc_do_custom_heading\" style=\"text-align: center;\">Mieten Sie ein Auto auf Fuerteventura<\/h1>\n<p>[\/vc_column_text][vc_message message_box_color=&#8220;white&#8220; icon_type=&#8220;linecons&#8220; icon_linecons=&#8220;vc_li vc_li-location&#8220; css_animation=&#8220;lightSpeedIn&#8220; css=&#8220;&#8220;]<\/p>\n<div class=\"wpb_text_column wpb_content_element\">\n<div class=\"wpb_wrapper\">\n<div class=\"wpb_text_column wpb_content_element\">\n<div class=\"wpb_wrapper\">\n<p><a href=\"https:\/\/autoselizabeth.com\/de\/#online-buchung\">Buchen Sie online<\/a>. Wir bringen Ihnen Ihr Auto an den von Ihnen gew\u00fcnschten Ort in Fuerteventura, ohne zus\u00e4tzliche Kosten!<\/p>\n<\/div>\n<\/div>\n<\/div>\n<\/div>\n<p>[\/vc_message][vc_goo_maps location=&#8220;Fuerteventura, Islas Canarias&#8220; css=&#8220;&#8220;][vc_column_text css=&#8220;&#8220;]<\/p>\n<blockquote><p>Sie k\u00f6nnen Ihr Auto auch per <strong><a href=\"https:\/\/wa.me\/665631079\" target=\"_blank\" rel=\"noopener\">WhatsApp<\/a><\/strong> oder telefonisch unter <strong><a href=\"tel:+34 928 510 812\">+34 928 510 812<\/a><\/strong>\u00a0 jeden Tag der Woche von 07:00 bis 20:00 Uhr buchen.<\/p><\/blockquote>\n<p>[\/vc_column_text][vc_icon icon_fontawesome=&#8220;fa fa-solid fa-chevron-down&#8220; color=&#8220;green&#8220; align=&#8220;center&#8220; css=&#8220;&#8220;][\/vc_column][\/vc_row][vc_row][vc_column][vc_empty_space][\/vc_column][\/vc_row][vc_row][vc_column][vc_column_text css=&#8220;&#8220;]<\/p>\n<h1 class=\"vc_custom_heading vc_do_custom_heading\" style=\"text-align: center;\">Mieten Sie ein Auto auf Gran Canaria<\/h1>\n<p>[\/vc_column_text][vc_message message_box_color=&#8220;white&#8220; icon_type=&#8220;linecons&#8220; icon_linecons=&#8220;vc_li vc_li-location&#8220; css_animation=&#8220;lightSpeedIn&#8220; css=&#8220;&#8220;]<\/p>\n<div class=\"wpb_text_column wpb_content_element\">\n<div class=\"wpb_wrapper\">\n<div class=\"wpb_text_column wpb_content_element\">\n<div class=\"wpb_wrapper\">\n<p><a href=\"https:\/\/autoselizabeth.com\/de\/#online-buchung\">Buchen Sie online<\/a>. Wir bringen Ihnen Ihr Auto an den von Ihnen gew\u00fcnschten Ort in Gran Canaria, ohne zus\u00e4tzliche Kosten!<\/p>\n<\/div>\n<\/div>\n<\/div>\n<\/div>\n<p>[\/vc_message][vc_goo_maps location=&#8220;Gran Canaria, Islas Canarias&#8220; css=&#8220;&#8220;][vc_column_text css=&#8220;&#8220;]<\/p>\n<blockquote><p>Sie k\u00f6nnen Ihr Auto auch per <strong><a href=\"https:\/\/wa.me\/665631079\" target=\"_blank\" rel=\"noopener\">WhatsApp<\/a><\/strong> oder telefonisch unter <strong><a href=\"tel:+34 928 510 812\">+34 928 510 812 <\/a><\/strong>\u00a0jeden Tag der Woche von 07:00 bis 20:00 Uhr buchen.<\/p><\/blockquote>\n<p>[\/vc_column_text][vc_empty_space][\/vc_column][\/vc_row][vc_row][vc_column][vc_single_image image=&#8220;1172&#8243; img_size=&#8220;medium&#8220; alignment=&#8220;center&#8220; css=&#8220;&#8220;][vc_icon icon_fontawesome=&#8220;fa fa-solid fa-chevron-down&#8220; color=&#8220;green&#8220; align=&#8220;center&#8220; css=&#8220;&#8220;][vc_row_inner css=&#8220;.vc_custom_1744789149377{background-color: #FFFFFF !important;border-radius: 3px !important;}&#8220;][vc_column_inner width=&#8220;1\/3&#8243;][vc_btn title=&#8220;Wir bringen Ihnen das Auto:&#8220; style=&#8220;custom&#8220; custom_background=&#8220;#333333&#8243; custom_text=&#8220;#FFFFFF&#8220; size=&#8220;lg&#8220; align=&#8220;center&#8220; css=&#8220;&#8220; button_block=&#8220;true&#8220; link=&#8220;url:https%3A%2F%2Fautoselizabeth.com%2Fde%2F%23online-buchung|title:Booking%20Online&#8220;][vc_column_text css=&#8220;&#8220;]<\/p>\n<ul>\n<li>Geben Sie bitte Ihre Adresse (Stra\u00dfe, Hausnummer, Postleitzahl, Ort, Hotel, wenn zutreffend) f\u00fcr Lanzarote, Fuerteventura oder Gran Canaria an. Dies k\u00f6nnen Sie im Kommentarfeld auf der letzten Seite des Buchungsprozesses tun.<\/li>\n<li>Teilen Sie uns bitte das Hotel oder die Stra\u00dfe, Hausnummer, Postleitzahl und Ort mit, und wir liefern Ihnen das Auto ohne zus\u00e4tzliche Kosten.<\/li>\n<\/ul>\n<p>[\/vc_column_text][\/vc_column_inner][vc_column_inner width=&#8220;1\/3&#8243;][vc_btn title=&#8220;Einfache Abholung und R\u00fcckgabe&#8220; style=&#8220;custom&#8220; custom_background=&#8220;#333333&#8243; custom_text=&#8220;#FFFFFF&#8220; size=&#8220;lg&#8220; align=&#8220;center&#8220; css=&#8220;&#8220; button_block=&#8220;true&#8220; link=&#8220;url:https%3A%2F%2Fautoselizabeth.com%2Fde%2Fallgemeine-geschaeftsbedingungen%2F|title:Allgemeine%20Gesch%C3%A4ftsbedingungen&#8220;][vc_column_text css=&#8220;&#8220;]Wir unterzeichnen den Mietvertrag an dem von Ihnen angegebenen Ort. Sie k\u00f6nnen f\u00fcr Lieferung und Abholung des Mietwagens unterschiedliche Adressen angeben. Wir vereinfachen die Schritte, wichtig ist, dass Sie Ihre Zeit damit verbringen, unsere Inseln zu entdecken.[\/vc_column_text][\/vc_column_inner][vc_column_inner width=&#8220;1\/3&#8243;][vc_btn title=&#8220;Kundenservice &amp; Reservierungen&#8220; style=&#8220;custom&#8220; custom_background=&#8220;#333333&#8243; custom_text=&#8220;#FFFFFF&#8220; size=&#8220;lg&#8220; align=&#8220;center&#8220; css=&#8220;&#8220; button_block=&#8220;true&#8220; link=&#8220;url:https%3A%2F%2Fautoselizabeth.com%2Fde%2Fkontakt%2F|title:kontakt&#8220;][vc_column_text css=&#8220;&#8220;]<strong><a href=\"https:\/\/autoselizabeth.com\/de\/#online-buchung\">Buchen Sie online<\/a> <\/strong>rund um die Uhr (dieser Vorgang ist nicht sofort und erfordert eine Best\u00e4tigung) oder \u00fcber\u00a0 <strong><a href=\"https:\/\/wa.me\/665631079\" target=\"_blank\" rel=\"noopener\">WhatsApp<\/a><\/strong>\u00a0 und <a href=\"tel:+34 928 510 812\"><strong>+34 928 510 812<\/strong> \u00a0<\/a> von Montag bis Sonntag von 07:00 bis 20:00 Uhr.<\/p>\n<p>Wir sind ein lokales Mietwagenunternehmen<strong> in Lanzarote, Fuerteventura und Gran Canaria.<\/strong>[\/vc_column_text][\/vc_column_inner][\/vc_row_inner][\/vc_column][\/vc_row]<\/p>\n<\/div>","protected":false},"excerpt":{"rendered":"<p>[vc_row][vc_column][vc_raw_html css=&#8220;&#8220;]JTNDJTIxLS0lMjBFdmVudCUyMHNuaXBwZXQlMjBmb3IlMjBGb3JtdWxhcmlvJTIwZGUlMjByZXNlcnZhJTIwY29udmVyc2lvbiUyMHBhZ2UlMEFJbiUyMHlvdXIlMjBodG1sJTIwcGFnZSUyQyUyMGFkZCUyMHRoZSUyMHNuaXBwZXQlMjBhbmQlMjBjYWxsJTIwZ3RhZ19yZXBvcnRfY29udmVyc2lvbiUyMHdoZW4lMjBzb21lb25lJTIwY2xpY2tzJTIwb24lMjB0aGUlMjBjaG9zZW4lMjBsaW5rJTIwb3IlMjBidXR0b24uJTIwLS0lM0UlMEElM0NzY3JpcHQlM0UlMEFmdW5jdGlvbiUyMGd0YWdfcmVwb3J0X2NvbnZlcnNpb24lMjh1cmwlMjklMjAlN0IlMEElMjAlMjB2YXIlMjBjYWxsYmFjayUyMCUzRCUyMGZ1bmN0aW9uJTIwJTI4JTI5JTIwJTdCJTBBJTIwJTIwJTIwJTIwaWYlMjAlMjh0eXBlb2YlMjh1cmwlMjklMjAlMjElM0QlMjAlMjd1bmRlZmluZWQlMjclMjklMjAlN0IlMEElMjAlMjAlMjAlMjAlMjAlMjB3aW5kb3cubG9jYXRpb24lMjAlM0QlMjB1cmwlM0IlMEElMjAlMjAlMjAlMjAlN0QlMEElMjAlMjAlN0QlM0IlMEElMjAlMjBndGFnJTI4JTI3ZXZlbnQlMjclMkMlMjAlMjdjb252ZXJzaW9uJTI3JTJDJTIwJTdCJTBBJTIwJTIwJTIwJTIwJTIwJTIwJTI3c2VuZF90byUyNyUzQSUyMCUyN0FXLTkzMDM4MjcwOSUyRkZ1X2pDT0RvaWNnWkVQV0cwcnNEJTI3JTJDJTBBJTIwJTIwJTIwJTIwJTIwJTIwJTI3ZXZlbnRfY2FsbGJhY2slMjclM0ElMjBjYWxsYmFjayUwQSUyMCUyMCU3RCUyOSUzQiUwQSUyMCUyMHJldHVybiUyMGZhbHNlJTNCJTBBJTdEJTBBJTNDJTJGc2NyaXB0JTNF[\/vc_raw_html][\/vc_column][\/vc_row][vc_row css=&#8220;.vc_custom_1747551305781{background-position: center !important;background-repeat: no-repeat !important;background-size: contain !important;}&#8220;][vc_column][vc_custom_heading text=&#8220;Mietwagen&#8220; font_container=&#8220;tag:h1|font_size:50|text_align:center&#8220; google_fonts=&#8220;font_family:Montserrat%3Aregular%2Citalic|font_style:900%20black%20normal%3A900%3Anormal&#8220; css=&#8220;&#8220;][vc_custom_heading text=&#8220;auf Lanzarote, Fuerteventura und Gran Canaria&#8220; font_container=&#8220;tag:h1|font_size:30|text_align:center&#8220; google_fonts=&#8220;font_family:Montserrat%3Aregular%2Citalic|font_style:900%20black%20normal%3A900%3Anormal&#8220; css=&#8220;&#8220;][vc_separator css=&#8220;&#8220;][vc_custom_heading text=&#8220;Einfache Abholung und R\u00fcckgabe:&#8220; font_container=&#8220;tag:h2|font_size:22|text_align:center&#8220; google_fonts=&#8220;font_family:Montserrat%3Aregular%2Citalic|font_style:100%20thin%20normal%3A100%3Anormal&#8220; css=&#8220;&#8220;][vc_column_text css=&#8220;&#8220;] Geben Sie Ihren Standort (Hotelname oder Stra\u00dfenname, Hausnummer, Postleitzahl und Ort) im Kommentarfeld an (im letzten Schritt des Online-Buchungsprozesses), und wir liefern Ihnen das [&hellip;]<\/p>\n","protected":false},"author":2,"featured_media":0,"parent":0,"menu_order":0,"comment_status":"closed","ping_status":"closed","template":"","meta":{"footnotes":""},"class_list":["post-2033","page","type-page","status-publish","hentry"],"blocksy_meta":[],"_links":{"self":[{"href":"https:\/\/autoselizabeth.com\/de\/wp-json\/wp\/v2\/pages\/2033","targetHints":{"allow":["GET"]}}],"collection":[{"href":"https:\/\/autoselizabeth.com\/de\/wp-json\/wp\/v2\/pages"}],"about":[{"href":"https:\/\/autoselizabeth.com\/de\/wp-json\/wp\/v2\/types\/page"}],"author":[{"embeddable":true,"href":"https:\/\/autoselizabeth.com\/de\/wp-json\/wp\/v2\/users\/2"}],"replies":[{"embeddable":true,"href":"https:\/\/autoselizabeth.com\/de\/wp-json\/wp\/v2\/comments?post=2033"}],"version-history":[{"count":10,"href":"https:\/\/autoselizabeth.com\/de\/wp-json\/wp\/v2\/pages\/2033\/revisions"}],"predecessor-version":[{"id":2415,"href":"https:\/\/autoselizabeth.com\/de\/wp-json\/wp\/v2\/pages\/2033\/revisions\/2415"}],"wp:attachment":[{"href":"https:\/\/autoselizabeth.com\/de\/wp-json\/wp\/v2\/media?parent=2033"}],"curies":[{"name":"wp","href":"https:\/\/api.w.org\/{rel}","templated":true}]}}