{"id":2059,"date":"2025-07-21T10:17:57","date_gmt":"2025-07-21T08:17:57","guid":{"rendered":"https:\/\/autoselizabeth.com\/tour-operators\/"},"modified":"2025-10-25T10:30:38","modified_gmt":"2025-10-25T08:30:38","slug":"reiseveranstalter","status":"publish","type":"page","link":"https:\/\/autoselizabeth.com\/de\/reiseveranstalter\/","title":{"rendered":"Reiseveranstalter"},"content":{"rendered":"<div class=\"wpb-content-wrapper\"><p>[vc_row][vc_column][vc_raw_html css=&#8220;&#8220;]JTNDJTIxLS0lMjBFdmVudCUyMHNuaXBwZXQlMjBmb3IlMjBGb3JtdWxhcmlvJTIwZGUlMjByZXNlcnZhJTIwY29udmVyc2lvbiUyMHBhZ2UlMEFJbiUyMHlvdXIlMjBodG1sJTIwcGFnZSUyQyUyMGFkZCUyMHRoZSUyMHNuaXBwZXQlMjBhbmQlMjBjYWxsJTIwZ3RhZ19yZXBvcnRfY29udmVyc2lvbiUyMHdoZW4lMjBzb21lb25lJTIwY2xpY2tzJTIwb24lMjB0aGUlMjBjaG9zZW4lMjBsaW5rJTIwb3IlMjBidXR0b24uJTIwLS0lM0UlMEElM0NzY3JpcHQlM0UlMEFmdW5jdGlvbiUyMGd0YWdfcmVwb3J0X2NvbnZlcnNpb24lMjh1cmwlMjklMjAlN0IlMEElMjAlMjB2YXIlMjBjYWxsYmFjayUyMCUzRCUyMGZ1bmN0aW9uJTIwJTI4JTI5JTIwJTdCJTBBJTIwJTIwJTIwJTIwaWYlMjAlMjh0eXBlb2YlMjh1cmwlMjklMjAlMjElM0QlMjAlMjd1bmRlZmluZWQlMjclMjklMjAlN0IlMEElMjAlMjAlMjAlMjAlMjAlMjB3aW5kb3cubG9jYXRpb24lMjAlM0QlMjB1cmwlM0IlMEElMjAlMjAlMjAlMjAlN0QlMEElMjAlMjAlN0QlM0IlMEElMjAlMjBndGFnJTI4JTI3ZXZlbnQlMjclMkMlMjAlMjdjb252ZXJzaW9uJTI3JTJDJTIwJTdCJTBBJTIwJTIwJTIwJTIwJTIwJTIwJTI3c2VuZF90byUyNyUzQSUyMCUyN0FXLTkzMDM4MjcwOSUyRkZ1X2pDT0RvaWNnWkVQV0cwcnNEJTI3JTJDJTBBJTIwJTIwJTIwJTIwJTIwJTIwJTI3ZXZlbnRfY2FsbGJhY2slMjclM0ElMjBjYWxsYmFjayUwQSUyMCUyMCU3RCUyOSUzQiUwQSUyMCUyMHJldHVybiUyMGZhbHNlJTNCJTBBJTdEJTBBJTNDJTJGc2NyaXB0JTNF[\/vc_raw_html][\/vc_column][\/vc_row][vc_row][vc_column][vc_empty_space][vc_custom_heading text=&#8220;Reiseveranstalter&#8220; font_container=&#8220;tag:h1|font_size:45|text_align:left&#8220; google_fonts=&#8220;font_family:Montserrat%3Aregular%2Citalic|font_style:900%20black%20normal%3A900%3Anormal&#8220; css=&#8220;&#8220;][vc_column_text css=&#8220;&#8220;]<\/p>\n<h5 class=\"vc_custom_heading vc_do_custom_heading\">\u00abVerbessern Sie Ihre Reisen mit unserem Mietwagenservice auf Lanzarote, Fuerteventura und Gran Canaria.\u00bb<\/h5>\n<p>Wir spezialisieren uns auf Reiseveranstalter und bieten Qualit\u00e4tsfahrzeuge, wettbewerbsf\u00e4hige Preise und pers\u00f6nlichen Service, damit Sie Ihren Kunden das Beste anbieten k\u00f6nnen.[\/vc_column_text][vc_empty_space height=&#8220;22px&#8220;][\/vc_column][\/vc_row][vc_row css=&#8220;.vc_custom_1750668758430{background-color: #FFFFFF !important;border-radius: 3px !important;}&#8220;][vc_column width=&#8220;1\/2&#8243;][vc_cta h2=&#8220;Aktuell, modern und gut gepflegt.&#8220; h2_font_container=&#8220;tag:h4|text_align:left&#8220; h2_google_fonts=&#8220;font_family:Montserrat%3Aregular%2Citalic|font_style:100%20thin%20normal%3A100%3Anormal&#8220; color=&#8220;black&#8220; css=&#8220;.vc_custom_1761203225591{background-color: #FFFFFF !important;}&#8220; use_custom_fonts_h2=&#8220;true&#8220;]<\/p>\n<header class=\"vc_cta3-content-header\"><\/header>\n<p>Wir bieten allen unseren Kunden und Reiseveranstaltern einfache Abl\u00e4ufe, schnelle Lieferung und pers\u00f6nlichen Service. Wir stellen sicher, dass der Online-Buchungsprozess in Ihrer Sprache schnell und einfach ist und dass das gesamte Kundenerlebnis mehr als zufriedenstellend ist.[\/vc_cta][vc_gallery interval=&#8220;3&#8243; images=&#8220;1244,1240,1243,1231,1222,1225,1221,1226,1227,1229&#8243; img_size=&#8220;full&#8220; onclick=&#8220;&#8220; css=&#8220;&#8220;][\/vc_column][vc_column width=&#8220;1\/2&#8243;][vc_custom_heading text=&#8220;Elizabeth Rent a Car&#8220; font_container=&#8220;tag:h2|font_size:22|text_align:left&#8220; google_fonts=&#8220;font_family:Montserrat%3Aregular%2Citalic|font_style:300%20light%20normal%3A300%3Anormal&#8220; css=&#8220;&#8220;][vc_custom_heading text=&#8220;Qualit\u00e4t, Sicherheit und gute Preise \u2013 alles an einem Ort.&#8220; font_container=&#8220;tag:h2|font_size:22|text_align:left&#8220; google_fonts=&#8220;font_family:Montserrat%3Aregular%2Citalic|font_style:900%20black%20normal%3A900%3Anormal&#8220; css=&#8220;&#8220;][vc_column_text css=&#8220;&#8220;]<\/p>\n<blockquote><p>Unsere Flotte besteht aus einer gro\u00dfen Vielfalt an Fahrzeugen. Sie wird st\u00e4ndig erneuert und bietet einen 24-Stunden-Pannenservice, damit Ihre Kunden ein unvergessliches Erlebnis genie\u00dfen.<\/p><\/blockquote>\n<p>[\/vc_column_text][vc_images_carousel images=&#8220;1205,1204,1203,1202,1201&#8243; img_size=&#8220;medium&#8220; speed=&#8220;2000&#8243; autoplay=&#8220;yes&#8220; hide_pagination_control=&#8220;yes&#8220; hide_prev_next_buttons=&#8220;yes&#8220; wrap=&#8220;yes&#8220; css=&#8220;&#8220;][\/vc_column][\/vc_row][vc_row][vc_column width=&#8220;1\/2&#8243;][vc_custom_heading text=&#8220;Unsere Erfahrung spricht f\u00fcr sich.&#8220; font_container=&#8220;tag:h2|text_align:right&#8220; google_fonts=&#8220;font_family:Montserrat%3Aregular%2Citalic|font_style:100%20thin%20normal%3A100%3Anormal&#8220; css=&#8220;&#8220;][vc_custom_heading text=&#8220;Als lokales, zu 100 % kanarisches Unternehmen, das sich auf den \u00f6stlichen Teil der Autonomen Gemeinschaft der Kanarischen Inseln spezialisiert hat, k\u00f6nnen wir vollst\u00e4ndig personalisierte und hochwertige Dienstleistungen anbieten.&#8220; font_container=&#8220;tag:h3|font_size:20|text_align:right&#8220; google_fonts=&#8220;font_family:Montserrat%3Aregular%2Citalic|font_style:400%20regular%20normal%3A400%3Anormal&#8220; css=&#8220;&#8220;][\/vc_column][vc_column width=&#8220;1\/2&#8243;][vc_column_text css=&#8220;&#8220;]<img loading=\"lazy\" decoding=\"async\" class=\" wp-image-1209 alignleft\" src=\"https:\/\/autoselizabeth.com\/wp-content\/uploads\/2025\/09\/CEO-Angel-Alvarez-Elizabeth-rentacar-300x300.png\" alt=\"\" width=\"131\" height=\"131\" srcset=\"https:\/\/autoselizabeth.com\/wp-content\/uploads\/2025\/09\/CEO-Angel-Alvarez-Elizabeth-rentacar-300x300.png 300w, https:\/\/autoselizabeth.com\/wp-content\/uploads\/2025\/09\/CEO-Angel-Alvarez-Elizabeth-rentacar-150x150.png 150w, https:\/\/autoselizabeth.com\/wp-content\/uploads\/2025\/09\/CEO-Angel-Alvarez-Elizabeth-rentacar.png 350w\" sizes=\"auto, (max-width: 131px) 100vw, 131px\" \/><strong>Sind Sie bereit, mit einem zuverl\u00e4ssigen Mietwagenpartner zusammenzuarbeiten?<\/strong> Kontaktieren Sie uns, damit wir die Mietwagenbed\u00fcrfnisse Ihrer Kunden auf den Inseln Lanzarote, Fuerteventura und Gran Canaria erf\u00fcllen k\u00f6nnen.<\/p>\n<h6><strong>\u00c1ngel \u00c1lvarez <\/strong><strong>CEO<\/strong><\/h6>\n<p>[\/vc_column_text][\/vc_column][\/vc_row][vc_row][vc_column][vc_empty_space height=&#8220;22px&#8220;][vc_row_inner][vc_column_inner width=&#8220;1\/2&#8243;][vc_cta h2=&#8220;Unser Team ist verantwortlich f\u00fcr&#8220; h2_font_container=&#8220;tag:h3|text_align:left&#8220; h2_google_fonts=&#8220;font_family:Montserrat%3Aregular%2Citalic|font_style:100%20thin%20normal%3A100%3Anormal&#8220; color=&#8220;black&#8220; css=&#8220;.vc_custom_1759419177689{background-color: #FFFFFF !important;}&#8220; use_custom_fonts_h2=&#8220;true&#8220;]<\/p>\n<header class=\"vc_cta3-content-header\"><\/header>\n<p>Ihnen die besten Preise und pers\u00f6nlichen Service anzubieten, damit Sie sich auf das Wesentliche konzentrieren k\u00f6nnen: Ihren Kunden einzigartige Erlebnisse zu bieten.[\/vc_cta][vc_cta h2=&#8220;Mehrsprachige Buchungsplattform&#8220; h2_font_container=&#8220;tag:h3|text_align:left&#8220; h2_google_fonts=&#8220;font_family:Montserrat%3Aregular%2Citalic|font_style:100%20thin%20normal%3A100%3Anormal&#8220; color=&#8220;black&#8220; css=&#8220;.vc_custom_1759419206878{background-color: #FFFFFF !important;}&#8220; use_custom_fonts_h2=&#8220;true&#8220;]<\/p>\n<header class=\"vc_cta3-content-header\"><\/header>\n<p>Online-Buchung auf Englisch, Deutsch, Franz\u00f6sisch, Italienisch und Spanisch.[\/vc_cta][vc_cta h2=&#8220;Lieferung und Abholung&#8220; h2_font_container=&#8220;tag:h3|text_align:left&#8220; h2_google_fonts=&#8220;font_family:Montserrat%3Aregular%2Citalic|font_style:100%20thin%20normal%3A100%3Anormal&#8220; color=&#8220;black&#8220; css=&#8220;.vc_custom_1761380935515{background-color: #FFFFFF !important;}&#8220; use_custom_fonts_h2=&#8220;true&#8220;]<\/p>\n<header class=\"vc_cta3-content-header\"><\/header>\n<p>Keine zus\u00e4tzlichen Kosten f\u00fcr die Abholung. Sie k\u00f6nnen am Ende des Buchungsvorgangs im Kommentarfeld eine konkrete Adresse eingeben.[\/vc_cta][vc_cta h2=&#8220;Effektive Kommunikation&#8220; h2_font_container=&#8220;tag:h3|text_align:left&#8220; h2_google_fonts=&#8220;font_family:Montserrat%3Aregular%2Citalic|font_style:100%20thin%20normal%3A100%3Anormal&#8220; color=&#8220;black&#8220; css=&#8220;.vc_custom_1759419273892{background-color: #FFFFFF !important;}&#8220; use_custom_fonts_h2=&#8220;true&#8220;]<\/p>\n<header class=\"vc_cta3-content-header\"><\/header>\n<p>Wir bieten verschiedene M\u00f6glichkeiten an, die Buchung abzuschlie\u00dfen und mit dem Kunden zu kommunizieren, um sich an seine Bed\u00fcrfnisse anzupassen.[\/vc_cta][\/vc_column_inner][vc_column_inner width=&#8220;1\/2&#8243;][vc_cta h2=&#8220;In unseren Preisen enthalten:&#8220; h2_font_container=&#8220;tag:h3|text_align:left&#8220; h2_google_fonts=&#8220;font_family:Montserrat%3Aregular%2Citalic|font_style:100%20thin%20normal%3A100%3Anormal&#8220; color=&#8220;black&#8220; css=&#8220;.vc_custom_1761381010720{background-color: #FFFFFF !important;}&#8220; use_custom_fonts_h2=&#8220;true&#8220;]<\/p>\n<header class=\"vc_cta3-content-header\"><\/header>\n<p>Zus\u00e4tzlicher Fahrer, Versicherung und 24-Stunden-Pannenservice. Alles, was Sie brauchen, damit Sie sich darauf konzentrieren k\u00f6nnen, Ihren Kunden eine sorgenfreie Reise zu bieten.[\/vc_cta][vc_cta h2=&#8220;Standorte&#8220; h2_font_container=&#8220;tag:h3|text_align:left&#8220; h2_google_fonts=&#8220;font_family:Montserrat%3Aregular%2Citalic|font_style:100%20thin%20normal%3A100%3Anormal&#8220; color=&#8220;black&#8220; css=&#8220;.vc_custom_1759419388867{background-color: #FFFFFF !important;}&#8220; use_custom_fonts_h2=&#8220;true&#8220;]<\/p>\n<header class=\"vc_cta3-content-header\"><\/header>\n<p>Wir sind auf Lanzarote, Fuerteventura und Gran Canaria spezialisiert.[\/vc_cta][vc_cta h2=&#8220;Transparenz&#8220; h2_font_container=&#8220;tag:h3|text_align:left&#8220; h2_google_fonts=&#8220;font_family:Montserrat%3Aregular%2Citalic|font_style:100%20thin%20normal%3A100%3Anormal&#8220; color=&#8220;black&#8220; css=&#8220;.vc_custom_1759419419956{background-color: #FFFFFF !important;}&#8220; use_custom_fonts_h2=&#8220;true&#8220;]<\/p>\n<header class=\"vc_cta3-content-header\"><\/header>\n<p>Von unseren Rechtsseiten bis hin zu unserem Vertrag und Verhaltenskodex stellen wir alle Informationen schnell und transparent zur Verf\u00fcgung.[\/vc_cta][vc_cta h2=&#8220;Engagement&#8220; h2_font_container=&#8220;tag:h3|text_align:left&#8220; h2_google_fonts=&#8220;font_family:Montserrat%3Aregular%2Citalic|font_style:100%20thin%20normal%3A100%3Anormal&#8220; color=&#8220;black&#8220; css=&#8220;.vc_custom_1759419459427{background-color: #FFFFFF !important;}&#8220; use_custom_fonts_h2=&#8220;true&#8220;]<\/p>\n<header class=\"vc_cta3-content-header\"><\/header>\n<p>Wir sind ein Familienunternehmen mit langj\u00e4hriger Erfahrung in der Branche. Im Gegensatz zu gro\u00dfen Unternehmen der Branche und dank unseres Status als lokales Unternehmen k\u00f6nnen wir unseren Kunden einen vollst\u00e4ndig personalisierten, freundlichen und aufmerksamen Service bieten.[\/vc_cta][\/vc_column_inner][\/vc_row_inner][vc_icon icon_fontawesome=&#8220;fa fa-solid fa-arrow-down-long&#8220; color=&#8220;black&#8220; align=&#8220;center&#8220; css=&#8220;&#8220;][vc_custom_heading text=&#8220;Buchen Sie Ihr Auto online&#8220; font_container=&#8220;tag:h2|text_align:center&#8220; google_fonts=&#8220;font_family:Montserrat%3Aregular%2Citalic|font_style:100%20thin%20normal%3A100%3Anormal&#8220; css=&#8220;&#8220;][vc_custom_heading text=&#8220;Kontaktieren Sie uns!&#8220; font_container=&#8220;tag:h3|text_align:center&#8220; google_fonts=&#8220;font_family:Montserrat%3Aregular%2Citalic|font_style:100%20thin%20normal%3A100%3Anormal&#8220; css=&#8220;&#8220;]\n<div class=\"wpcf7 no-js\" id=\"wpcf7-f2186-o1\" lang=\"de-DE\" dir=\"ltr\" data-wpcf7-id=\"2186\">\n<div class=\"screen-reader-response\"><p role=\"status\" aria-live=\"polite\" aria-atomic=\"true\"><\/p> <ul><\/ul><\/div>\n<form action=\"\/de\/wp-json\/wp\/v2\/pages\/2059#wpcf7-f2186-o1\" method=\"post\" class=\"wpcf7-form init\" aria-label=\"Kontaktformular\" novalidate=\"novalidate\" data-status=\"init\">\n<fieldset class=\"hidden-fields-container\"><input type=\"hidden\" name=\"_wpcf7\" value=\"2186\" \/><input type=\"hidden\" name=\"_wpcf7_version\" value=\"6.1.5\" \/><input type=\"hidden\" name=\"_wpcf7_locale\" value=\"de_DE\" \/><input type=\"hidden\" name=\"_wpcf7_unit_tag\" value=\"wpcf7-f2186-o1\" \/><input type=\"hidden\" name=\"_wpcf7_container_post\" value=\"0\" \/><input type=\"hidden\" name=\"_wpcf7_posted_data_hash\" value=\"\" \/><input type=\"hidden\" name=\"_wpcf7_recaptcha_response\" value=\"\" \/>\n<\/fieldset>\n<p><label>Name<br \/>\n<span class=\"wpcf7-form-control-wrap\" data-name=\"your-name\"><input size=\"40\" maxlength=\"400\" class=\"wpcf7-form-control wpcf7-text wpcf7-validates-as-required\" autocomplete=\"name\" aria-required=\"true\" aria-invalid=\"false\" value=\"\" type=\"text\" name=\"your-name\" \/><\/span><br \/>\n<\/label>\n<\/p>\n<p><label>Telefon<br \/>\n<span class=\"wpcf7-form-control-wrap\" data-name=\"your-tel\"><input size=\"40\" maxlength=\"400\" class=\"wpcf7-form-control wpcf7-tel wpcf7-validates-as-required wpcf7-text wpcf7-validates-as-tel\" autocomplete=\"tel\" aria-required=\"true\" aria-invalid=\"false\" value=\"\" type=\"tel\" name=\"your-tel\" \/><\/span><br \/>\n<\/label>\n<\/p>\n<p><label>E-Mail<br \/>\n<span class=\"wpcf7-form-control-wrap\" data-name=\"your-email\"><input size=\"40\" maxlength=\"400\" class=\"wpcf7-form-control wpcf7-email wpcf7-validates-as-required wpcf7-text wpcf7-validates-as-email\" autocomplete=\"email\" aria-required=\"true\" aria-invalid=\"false\" value=\"\" type=\"email\" name=\"your-email\" \/><\/span><br \/>\n<\/label>\n<\/p>\n<p><label>Betreff<br \/>\n<span class=\"wpcf7-form-control-wrap\" data-name=\"your-subject\"><input size=\"40\" maxlength=\"400\" class=\"wpcf7-form-control wpcf7-text wpcf7-validates-as-required\" aria-required=\"true\" aria-invalid=\"false\" value=\"\" type=\"text\" name=\"your-subject\" \/><\/span><br \/>\n<\/label>\n<\/p>\n<p><label>Ihre Nachricht<br \/>\n<span class=\"wpcf7-form-control-wrap\" data-name=\"your-message\"><textarea cols=\"40\" rows=\"10\" maxlength=\"2000\" class=\"wpcf7-form-control wpcf7-textarea\" aria-invalid=\"false\" name=\"your-message\"><\/textarea><\/span><br \/>\n<\/label>\n<\/p>\n<p><a href=\"https:\/\/autoselizabeth.com\/aviso-legal\/?lang=de\" rel=\"nofollow\" target=\"_blank\">Impressum<\/a> |<br \/>\n<a href=\"https:\/\/autoselizabeth.com\/politica-de-privacidad\/?lang=de\" rel=\"nofollow\" target=\"_blank\">Datenschutzrichtlinie<\/a> |<br \/>\n<a href=\"https:\/\/autoselizabeth.com\/politica-de-cookies\/?lang=de\" rel=\"nofollow\" target=\"_blank\">Cookie-Richtlinie<\/a>\n<\/p>\n<p><span class=\"wpcf7-form-control-wrap\" data-name=\"akzeptieren-rgpd-de\"><span class=\"wpcf7-form-control wpcf7-acceptance\"><span class=\"wpcf7-list-item\"><label><input type=\"checkbox\" name=\"akzeptieren-rgpd-de\" value=\"1\" aria-invalid=\"false\" \/><span class=\"wpcf7-list-item-label\">Ich habe die oben genannten Richtlinien gelesen und akzeptiere sie<\/span><\/label><\/span><\/span><\/span>\n<\/p>\n<p><span id=\"wpcf7-69e803ab3e91f-wrapper\" class=\"wpcf7-form-control-wrap your-field-wrap\" style=\"display:none !important; visibility:hidden !important;\"><input type=\"hidden\" name=\"your-field-time-start\" value=\"1776812971\"><input type=\"hidden\" name=\"your-field-time-check\" value=\"5\"><label for=\"wpcf7-69e803ab3e91f-field\" class=\"hp-message\">Bitte lasse dieses Feld leer.<\/label><input id=\"wpcf7-69e803ab3e91f-field\"  class=\"wpcf7-form-control wpcf7-text\" type=\"text\" name=\"your-field\" value=\"\" size=\"40\" tabindex=\"-1\" autocomplete=\"new-password\" \/><\/span>\n<\/p>\n<p><input class=\"wpcf7-form-control wpcf7-submit has-spinner\" type=\"submit\" value=\"Senden\" \/>\n<\/p><div class=\"wpcf7-response-output\" aria-hidden=\"true\"><\/div>\n<\/form>\n<\/div>\n[vc_empty_space][\/vc_column][\/vc_row][vc_row][vc_column][vc_empty_space][vc_single_image image=&#8220;1172&#8243; img_size=&#8220;full&#8220; alignment=&#8220;center&#8220; css_animation=&#8220;bounceInRight&#8220; css=&#8220;&#8220;][vc_icon icon_fontawesome=&#8220;fa fa-solid fa-chevron-down&#8220; color=&#8220;green&#8220; align=&#8220;center&#8220; css=&#8220;&#8220;][vc_row_inner css=&#8220;.vc_custom_1744789149377{background-color: #FFFFFF !important;border-radius: 3px !important;}&#8220;][vc_column_inner width=&#8220;1\/3&#8243;][vc_btn title=&#8220;Kundenbetreuung und Reservierungen&#8220; style=&#8220;custom&#8220; custom_background=&#8220;#333333&#8243; custom_text=&#8220;#FFFFFF&#8220; size=&#8220;lg&#8220; align=&#8220;center&#8220; css=&#8220;&#8220; button_block=&#8220;true&#8220; link=&#8220;url:https%3A%2F%2Fautoselizabeth.com%2Fde%2Fkontakt%2F|title:Kontakt&#8220;][vc_column_text css=&#8220;&#8220;]<strong>Wir bieten Mietwagen auf Lanzarote, Fuerteventura und Gran Canaria an.<\/strong><\/p>\n<p>Freundlicher, aufmerksamer und personalisierter Service von Montag bis Sonntag von 07:00 bis 20:00 Uhr. Hauptsitz: <a href=\"https:\/\/maps.app.goo.gl\/t2iHggAheRfSPWvw5\" target=\"_blank\" rel=\"noopener\">C\/ Timanfaya s\/n,\u00a0 35510, Puerto Del Carmen, Lanzarote, Kanarische Inseln.<\/a>[\/vc_column_text][\/vc_column_inner][vc_column_inner width=&#8220;1\/3&#8243;][vc_btn title=&#8220;Buchen Sie Ihr Auto ganz einfach!&#8220; style=&#8220;custom&#8220; custom_background=&#8220;#333333&#8243; custom_text=&#8220;#FFFFFF&#8220; size=&#8220;lg&#8220; align=&#8220;center&#8220; css=&#8220;&#8220; button_block=&#8220;true&#8220; link=&#8220;url:https%3A%2F%2Fautoselizabeth.com%2Fde%2F%23online-buchung|title:Online%20Buchung&#8220;][vc_column_text css=&#8220;&#8220;]Geben Sie im Kommentarfeld am Ende des Buchungsvorgangs eine genaue Adresse ein, Sie k\u00f6nnen den Namen des Hotels oder der Stra\u00dfe, einschlie\u00dflich Hausnummer und Postleitzahl, angeben, und wir liefern das Auto kostenfrei.<\/p>\n<h4><\/h4>\n<p>[\/vc_column_text][\/vc_column_inner][vc_column_inner width=&#8220;1\/3&#8243;][vc_btn title=&#8220;Mietbedingungen&#8220; style=&#8220;custom&#8220; custom_background=&#8220;#333333&#8243; custom_text=&#8220;#FFFFFF&#8220; size=&#8220;lg&#8220; align=&#8220;center&#8220; css=&#8220;&#8220; button_block=&#8220;true&#8220; link=&#8220;url:https%3A%2F%2Fautoselizabeth.com%2Fde%2Fallgemeine-mietbedingungen%2F|title:Allgemeine%20Gesch%C3%A4ftsbedingungen&#8220;][vc_column_text css=&#8220;&#8220;]Wir bieten Autovermietung mit Vollkaskoversicherung, einem zus\u00e4tzlichen Fahrer, 24-Stunden-Pannenservice sowie Lieferung und Abholung ohne zus\u00e4tzliche Kosten an. Unsere Preise werden t\u00e4glich angepasst. Besuchen Sie unsere FAQs zu den Allgemeinen Mietbedingungen.[\/vc_column_text][\/vc_column_inner][\/vc_row_inner][\/vc_column][\/vc_row]<\/p>\n<\/div>","protected":false},"excerpt":{"rendered":"<p>[vc_row][vc_column][vc_raw_html css=&#8220;&#8220;]JTNDJTIxLS0lMjBFdmVudCUyMHNuaXBwZXQlMjBmb3IlMjBGb3JtdWxhcmlvJTIwZGUlMjByZXNlcnZhJTIwY29udmVyc2lvbiUyMHBhZ2UlMEFJbiUyMHlvdXIlMjBodG1sJTIwcGFnZSUyQyUyMGFkZCUyMHRoZSUyMHNuaXBwZXQlMjBhbmQlMjBjYWxsJTIwZ3RhZ19yZXBvcnRfY29udmVyc2lvbiUyMHdoZW4lMjBzb21lb25lJTIwY2xpY2tzJTIwb24lMjB0aGUlMjBjaG9zZW4lMjBsaW5rJTIwb3IlMjBidXR0b24uJTIwLS0lM0UlMEElM0NzY3JpcHQlM0UlMEFmdW5jdGlvbiUyMGd0YWdfcmVwb3J0X2NvbnZlcnNpb24lMjh1cmwlMjklMjAlN0IlMEElMjAlMjB2YXIlMjBjYWxsYmFjayUyMCUzRCUyMGZ1bmN0aW9uJTIwJTI4JTI5JTIwJTdCJTBBJTIwJTIwJTIwJTIwaWYlMjAlMjh0eXBlb2YlMjh1cmwlMjklMjAlMjElM0QlMjAlMjd1bmRlZmluZWQlMjclMjklMjAlN0IlMEElMjAlMjAlMjAlMjAlMjAlMjB3aW5kb3cubG9jYXRpb24lMjAlM0QlMjB1cmwlM0IlMEElMjAlMjAlMjAlMjAlN0QlMEElMjAlMjAlN0QlM0IlMEElMjAlMjBndGFnJTI4JTI3ZXZlbnQlMjclMkMlMjAlMjdjb252ZXJzaW9uJTI3JTJDJTIwJTdCJTBBJTIwJTIwJTIwJTIwJTIwJTIwJTI3c2VuZF90byUyNyUzQSUyMCUyN0FXLTkzMDM4MjcwOSUyRkZ1X2pDT0RvaWNnWkVQV0cwcnNEJTI3JTJDJTBBJTIwJTIwJTIwJTIwJTIwJTIwJTI3ZXZlbnRfY2FsbGJhY2slMjclM0ElMjBjYWxsYmFjayUwQSUyMCUyMCU3RCUyOSUzQiUwQSUyMCUyMHJldHVybiUyMGZhbHNlJTNCJTBBJTdEJTBBJTNDJTJGc2NyaXB0JTNF[\/vc_raw_html][\/vc_column][\/vc_row][vc_row][vc_column][vc_empty_space][vc_custom_heading text=&#8220;Reiseveranstalter&#8220; font_container=&#8220;tag:h1|font_size:45|text_align:left&#8220; google_fonts=&#8220;font_family:Montserrat%3Aregular%2Citalic|font_style:900%20black%20normal%3A900%3Anormal&#8220; css=&#8220;&#8220;][vc_column_text css=&#8220;&#8220;] \u00abVerbessern Sie Ihre Reisen mit unserem Mietwagenservice auf Lanzarote, Fuerteventura und Gran Canaria.\u00bb Wir spezialisieren uns auf Reiseveranstalter und bieten Qualit\u00e4tsfahrzeuge, wettbewerbsf\u00e4hige Preise und pers\u00f6nlichen Service, damit Sie Ihren Kunden das Beste anbieten k\u00f6nnen.[\/vc_column_text][vc_empty_space height=&#8220;22px&#8220;][\/vc_column][\/vc_row][vc_row css=&#8220;.vc_custom_1750668758430{background-color: #FFFFFF !important;border-radius: 3px !important;}&#8220;][vc_column width=&#8220;1\/2&#8243;][vc_cta h2=&#8220;Aktuell, modern und gut gepflegt.&#8220; h2_font_container=&#8220;tag:h4|text_align:left&#8220; h2_google_fonts=&#8220;font_family:Montserrat%3Aregular%2Citalic|font_style:100%20thin%20normal%3A100%3Anormal&#8220; [&hellip;]<\/p>\n","protected":false},"author":2,"featured_media":0,"parent":0,"menu_order":0,"comment_status":"closed","ping_status":"closed","template":"","meta":{"footnotes":""},"class_list":["post-2059","page","type-page","status-publish","hentry"],"blocksy_meta":[],"_links":{"self":[{"href":"https:\/\/autoselizabeth.com\/de\/wp-json\/wp\/v2\/pages\/2059","targetHints":{"allow":["GET"]}}],"collection":[{"href":"https:\/\/autoselizabeth.com\/de\/wp-json\/wp\/v2\/pages"}],"about":[{"href":"https:\/\/autoselizabeth.com\/de\/wp-json\/wp\/v2\/types\/page"}],"author":[{"embeddable":true,"href":"https:\/\/autoselizabeth.com\/de\/wp-json\/wp\/v2\/users\/2"}],"replies":[{"embeddable":true,"href":"https:\/\/autoselizabeth.com\/de\/wp-json\/wp\/v2\/comments?post=2059"}],"version-history":[{"count":14,"href":"https:\/\/autoselizabeth.com\/de\/wp-json\/wp\/v2\/pages\/2059\/revisions"}],"predecessor-version":[{"id":2417,"href":"https:\/\/autoselizabeth.com\/de\/wp-json\/wp\/v2\/pages\/2059\/revisions\/2417"}],"wp:attachment":[{"href":"https:\/\/autoselizabeth.com\/de\/wp-json\/wp\/v2\/media?parent=2059"}],"curies":[{"name":"wp","href":"https:\/\/api.w.org\/{rel}","templated":true}]}}