{"id":1037,"date":"2025-04-08T10:27:01","date_gmt":"2025-04-08T08:27:01","guid":{"rendered":"https:\/\/autoselizabeth.com\/booking-online\/"},"modified":"2025-10-30T15:59:23","modified_gmt":"2025-10-30T14:59:23","slug":"alquilar-coche-online","status":"publish","type":"page","link":"https:\/\/autoselizabeth.com\/es\/","title":{"rendered":"Alquilar Coche Online"},"content":{"rendered":"<div class=\"wpb-content-wrapper\"><p>[vc_row][vc_column][vc_raw_html css=\u00bb\u00bb]JTNDJTIxLS0lMjBFdmVudCUyMHNuaXBwZXQlMjBmb3IlMjBGb3JtdWxhcmlvJTIwZGUlMjByZXNlcnZhJTIwY29udmVyc2lvbiUyMHBhZ2UlMEFJbiUyMHlvdXIlMjBodG1sJTIwcGFnZSUyQyUyMGFkZCUyMHRoZSUyMHNuaXBwZXQlMjBhbmQlMjBjYWxsJTIwZ3RhZ19yZXBvcnRfY29udmVyc2lvbiUyMHdoZW4lMjBzb21lb25lJTIwY2xpY2tzJTIwb24lMjB0aGUlMjBjaG9zZW4lMjBsaW5rJTIwb3IlMjBidXR0b24uJTIwLS0lM0UlMEElM0NzY3JpcHQlM0UlMEFmdW5jdGlvbiUyMGd0YWdfcmVwb3J0X2NvbnZlcnNpb24lMjh1cmwlMjklMjAlN0IlMEElMjAlMjB2YXIlMjBjYWxsYmFjayUyMCUzRCUyMGZ1bmN0aW9uJTIwJTI4JTI5JTIwJTdCJTBBJTIwJTIwJTIwJTIwaWYlMjAlMjh0eXBlb2YlMjh1cmwlMjklMjAlMjElM0QlMjAlMjd1bmRlZmluZWQlMjclMjklMjAlN0IlMEElMjAlMjAlMjAlMjAlMjAlMjB3aW5kb3cubG9jYXRpb24lMjAlM0QlMjB1cmwlM0IlMEElMjAlMjAlMjAlMjAlN0QlMEElMjAlMjAlN0QlM0IlMEElMjAlMjBndGFnJTI4JTI3ZXZlbnQlMjclMkMlMjAlMjdjb252ZXJzaW9uJTI3JTJDJTIwJTdCJTBBJTIwJTIwJTIwJTIwJTIwJTIwJTI3c2VuZF90byUyNyUzQSUyMCUyN0FXLTkzMDM4MjcwOSUyRkZ1X2pDT0RvaWNnWkVQV0cwcnNEJTI3JTJDJTBBJTIwJTIwJTIwJTIwJTIwJTIwJTI3ZXZlbnRfY2FsbGJhY2slMjclM0ElMjBjYWxsYmFjayUwQSUyMCUyMCU3RCUyOSUzQiUwQSUyMCUyMHJldHVybiUyMGZhbHNlJTNCJTBBJTdEJTBBJTNDJTJGc2NyaXB0JTNF[\/vc_raw_html][vc_custom_heading text=\u00bbAlquiler de Coches\u00bb font_container=\u00bbtag:h1|font_size:40|text_align:center\u00bb google_fonts=\u00bbfont_family:Montserrat%3Aregular%2Citalic|font_style:700%20bold%20normal%3A700%3Anormal\u00bb css=\u00bb\u00bb][vc_empty_space height=\u00bb10px\u00bb][vc_custom_heading text=\u00bben Lanzarote, Fuerteventura y Gran Canaria\u00bb font_container=\u00bbtag:h3|font_size:20|text_align:center\u00bb google_fonts=\u00bbfont_family:Montserrat%3Aregular%2Citalic|font_style:400%20regular%20normal%3A400%3Anormal\u00bb css=\u00bb\u00bb][vc_single_image image=\u00bb1161&#8243; img_size=\u00bblarge\u00bb alignment=\u00bbcenter\u00bb css=\u00bb\u00bb][vc_column_text css=\u00bb\u00bb]<\/p>\n<h2 id=\"reservar-coche\" style=\"text-align: center;\">\u00a1Reserva r\u00e1pido y sin complicaciones!<\/h2>\n<p>[\/vc_column_text][vc_column_text css=\u00bb\u00bb]<\/p>\n<p style=\"text-align: center;\">Si desea introducir una direcci\u00f3n espec\u00edfica, puede hacerlo en la secci\u00f3n de comentarios en la p\u00e1gina final del proceso de reserva.<\/p>\n<p>[\/vc_column_text][vc_icon icon_fontawesome=\u00bbfa fa-solid fa-arrow-down-long\u00bb color=\u00bbblack\u00bb align=\u00bbcenter\u00bb css=\u00bb\u00bb][vc_column_text css=\u00bb\u00bb]<\/p>\n<p style=\"text-align: center;\">\n<section class=\"mybooking mybooking-selector widget widget_mybooking_renting_engine_selector reservation-step  \">\n  <form\n    id=\"form-selector\"\n    class=\"mybooking-selector_form\"\n    name=\"widget_search_form\"\n    method=\"get\"\n    enctype=\"application\/x-www-form-urlencoded\">\n\n    \n    \n    \n    \n      <\/form>\n<\/section>\n<p>[\/vc_column_text][vc_custom_heading text=\u00bbReservar coche online\u00bb font_container=\u00bbtag:h3|text_align:center\u00bb google_fonts=\u00bbfont_family:Montserrat%3Aregular%2Citalic|font_style:400%20regular%20normal%3A400%3Anormal\u00bb css=\u00bb\u00bb][vc_column_text css=\u00bb\u00bb]<\/p>\n<p style=\"text-align: center;\"><em><span style=\"color: #ff6600;\"><strong>*<\/strong><\/span> Las reservas online requieren confirmaci\u00f3n (este proceso no es instant\u00e1neo).<\/em><\/p>\n<p>[\/vc_column_text][vc_empty_space height=\u00bb20px\u00bb][vc_empty_space height=\u00bb5px\u00bb][\/vc_column][\/vc_row][vc_row][vc_column][vc_empty_space][vc_single_image image=\u00bb1172&#8243; img_size=\u00bbmedium\u00bb alignment=\u00bbcenter\u00bb onclick=\u00bbcustom_link\u00bb img_link_target=\u00bb_blank\u00bb css=\u00bb\u00bb link=\u00bbhttps:\/\/autoselizabeth.com\/rent-a-car\u00bb][vc_icon icon_fontawesome=\u00bbfa fa-solid fa-chevron-down\u00bb color=\u00bbgreen\u00bb align=\u00bbcenter\u00bb css=\u00bb\u00bb link=\u00bburl:https%3A%2F%2Fautoselizabeth.com%2Frent-a-car%2F|title:Rent%20a%20Car\u00bb][vc_row_inner css=\u00bb.vc_custom_1744789149377{background-color: #FFFFFF !important;border-radius: 3px !important;}\u00bb][vc_column_inner width=\u00bb1\/3&#8243;][vc_btn title=\u00bbSin costes extras\u00bb style=\u00bbcustom\u00bb custom_background=\u00bb#333333&#8243; custom_text=\u00bb#FFFFFF\u00bb size=\u00bblg\u00bb align=\u00bbcenter\u00bb css=\u00bb\u00bb button_block=\u00bbtrue\u00bb link=\u00bburl:https%3A%2F%2Fautoselizabeth.com%2Fes%2Fflota%2F|title:Flota\u00bb][vc_column_text css=\u00bb\u00bb]El seguro a todo riesgo est\u00e1 incluido, as\u00ed como la cobertura adicional del conductor, el servicio mec\u00e1nico las 24 horas y la entrega y recogida sin coste adicional.<\/p>\n<p><a href=\"https:\/\/autoselizabeth.com\/es\/#reservar-coche\">Reserve su coche en Lanzarote, Fuerteventura o Gran Canaria<\/a>. Entregamos y recogemos el coche de alquiler en el lugar que nos indique sin cargo adicional.[\/vc_column_text][\/vc_column_inner][vc_column_inner width=\u00bb1\/3&#8243;][vc_btn title=\u00bbCondiciones Generales del Alquiler\u00bb style=\u00bbcustom\u00bb custom_background=\u00bb#333333&#8243; custom_text=\u00bb#FFFFFF\u00bb size=\u00bblg\u00bb align=\u00bbcenter\u00bb css=\u00bb\u00bb button_block=\u00bbtrue\u00bb link=\u00bburl:https%3A%2F%2Fautoselizabeth.com%2Fes%2Fterminos-y-condiciones%2F|title:T%C3%A9rminos%20y%20condiciones\u00bb][vc_column_text css=\u00bb\u00bb]<\/p>\n<ol>\n<li>Las reservas online requieren confirmaci\u00f3n (este proceso no es instant\u00e1neo).<\/li>\n<li>La finalidad de la recogida de sus datos es realizar su reserva de alquiler de coche.<\/li>\n<li>Puede limitar, recuperar y eliminar sus datos en cualquier momento. No revelaremos sus datos a terceros a menos que estemos legalmente obligados a hacerlo.<\/li>\n<\/ol>\n<p>[\/vc_column_text][\/vc_column_inner][vc_column_inner width=\u00bb1\/3&#8243;][vc_btn title=\u00bbElizabeth Rent a Car\u00ae\u00bb style=\u00bbcustom\u00bb custom_background=\u00bb#333333&#8243; custom_text=\u00bb#FFFFFF\u00bb size=\u00bblg\u00bb align=\u00bbcenter\u00bb css=\u00bb\u00bb button_block=\u00bbtrue\u00bb link=\u00bburl:https%3A%2F%2Fautoselizabeth.com%2Frent-a-car%2F|title:Rent%20a%20Car\u00bb][vc_column_text css=\u00bb\u00bb]<strong>Atenci\u00f3n y reservas<\/strong> del alquiler de coches en las islas de Lanzarote, Fuerteventura y Gran Canaria. A trav\u00e9s de <a href=\"https:\/\/wa.me\/665631079\" target=\"_blank\" rel=\"noopener\">WhatsApp,<\/a> por tel\u00e9fono <a href=\"tel:+34%20928%20510%20812\">+34 928 510 812<\/a> o en la oficina central \u00a0<a href=\"https:\/\/maps.app.goo.gl\/t2iHggAheRfSPWvw5\" target=\"_blank\" rel=\"noopener\">C\/ Timanfaya s\/n, 35510, Puerto Del Carmen, Lanzarote, Islas Canarias<\/a><\/p>\n<p><strong>Horario<\/strong> Nuestro equipo estar\u00e1 disponible de lunes a domingo entre las 07:00 y las 20:00, y las aver\u00edas t\u00e9cnicas se atender\u00e1n las 24 horas del d\u00eda.[\/vc_column_text][\/vc_column_inner][\/vc_row_inner][vc_row_inner][vc_column_inner][vc_btn title=\u00bbPartner\u00bb style=\u00bbcustom\u00bb custom_background=\u00bb#333333&#8243; custom_text=\u00bb#FFFFFF\u00bb size=\u00bblg\u00bb align=\u00bbcenter\u00bb css=\u00bb\u00bb button_block=\u00bbtrue\u00bb link=\u00bburl:https%3A%2F%2Fautoselizabeth.com%2Fes%2Faqualava-water-park-lanzarote%2F|title:AquaLava%20WaterPark%20Lanzarote\u00bb][vc_column_text css=\u00bb\u00bb]<strong><img loading=\"lazy\" decoding=\"async\" class=\"wp-image-1628 alignleft\" src=\"https:\/\/autoselizabeth.com\/wp-content\/uploads\/2025\/09\/aqualava-parque-acuatico-en-Lanzarote.svg\" alt=\"\" width=\"172\" height=\"135\" \/>Colaboramos<\/strong> con empresas que, como nosotros, est\u00e1n comprometidas con un turismo que respeta el entorno local y el medio ambiente como \u00a0<a href=\"https:\/\/autoselizabeth.com\/es\/aqualava-water-park-lanzarote\/\" target=\"_blank\" rel=\"noopener\">Relaxia Resorts<\/a>[\/vc_column_text][\/vc_column_inner][\/vc_row_inner][\/vc_column][\/vc_row]<\/p>\n<\/div>","protected":false},"excerpt":{"rendered":"<p>[vc_row][vc_column][vc_raw_html css=\u00bb\u00bb]JTNDJTIxLS0lMjBFdmVudCUyMHNuaXBwZXQlMjBmb3IlMjBGb3JtdWxhcmlvJTIwZGUlMjByZXNlcnZhJTIwY29udmVyc2lvbiUyMHBhZ2UlMEFJbiUyMHlvdXIlMjBodG1sJTIwcGFnZSUyQyUyMGFkZCUyMHRoZSUyMHNuaXBwZXQlMjBhbmQlMjBjYWxsJTIwZ3RhZ19yZXBvcnRfY29udmVyc2lvbiUyMHdoZW4lMjBzb21lb25lJTIwY2xpY2tzJTIwb24lMjB0aGUlMjBjaG9zZW4lMjBsaW5rJTIwb3IlMjBidXR0b24uJTIwLS0lM0UlMEElM0NzY3JpcHQlM0UlMEFmdW5jdGlvbiUyMGd0YWdfcmVwb3J0X2NvbnZlcnNpb24lMjh1cmwlMjklMjAlN0IlMEElMjAlMjB2YXIlMjBjYWxsYmFjayUyMCUzRCUyMGZ1bmN0aW9uJTIwJTI4JTI5JTIwJTdCJTBBJTIwJTIwJTIwJTIwaWYlMjAlMjh0eXBlb2YlMjh1cmwlMjklMjAlMjElM0QlMjAlMjd1bmRlZmluZWQlMjclMjklMjAlN0IlMEElMjAlMjAlMjAlMjAlMjAlMjB3aW5kb3cubG9jYXRpb24lMjAlM0QlMjB1cmwlM0IlMEElMjAlMjAlMjAlMjAlN0QlMEElMjAlMjAlN0QlM0IlMEElMjAlMjBndGFnJTI4JTI3ZXZlbnQlMjclMkMlMjAlMjdjb252ZXJzaW9uJTI3JTJDJTIwJTdCJTBBJTIwJTIwJTIwJTIwJTIwJTIwJTI3c2VuZF90byUyNyUzQSUyMCUyN0FXLTkzMDM4MjcwOSUyRkZ1X2pDT0RvaWNnWkVQV0cwcnNEJTI3JTJDJTBBJTIwJTIwJTIwJTIwJTIwJTIwJTI3ZXZlbnRfY2FsbGJhY2slMjclM0ElMjBjYWxsYmFjayUwQSUyMCUyMCU3RCUyOSUzQiUwQSUyMCUyMHJldHVybiUyMGZhbHNlJTNCJTBBJTdEJTBBJTNDJTJGc2NyaXB0JTNF[\/vc_raw_html][vc_custom_heading text=\u00bbAlquiler de Coches\u00bb font_container=\u00bbtag:h1|font_size:40|text_align:center\u00bb google_fonts=\u00bbfont_family:Montserrat%3Aregular%2Citalic|font_style:700%20bold%20normal%3A700%3Anormal\u00bb css=\u00bb\u00bb][vc_empty_space height=\u00bb10px\u00bb][vc_custom_heading text=\u00bben Lanzarote, Fuerteventura y Gran Canaria\u00bb font_container=\u00bbtag:h3|font_size:20|text_align:center\u00bb google_fonts=\u00bbfont_family:Montserrat%3Aregular%2Citalic|font_style:400%20regular%20normal%3A400%3Anormal\u00bb css=\u00bb\u00bb][vc_single_image image=\u00bb1161&#8243; img_size=\u00bblarge\u00bb alignment=\u00bbcenter\u00bb css=\u00bb\u00bb][vc_column_text css=\u00bb\u00bb] \u00a1Reserva r\u00e1pido y sin complicaciones! [\/vc_column_text][vc_column_text css=\u00bb\u00bb] Si desea introducir una direcci\u00f3n espec\u00edfica, puede hacerlo en la secci\u00f3n de comentarios en la p\u00e1gina final del proceso de reserva. [\/vc_column_text][vc_icon icon_fontawesome=\u00bbfa fa-solid fa-arrow-down-long\u00bb [&hellip;]<\/p>\n","protected":false},"author":2,"featured_media":0,"parent":0,"menu_order":0,"comment_status":"closed","ping_status":"closed","template":"","meta":{"footnotes":""},"class_list":["post-1037","page","type-page","status-publish","hentry"],"blocksy_meta":[],"_links":{"self":[{"href":"https:\/\/autoselizabeth.com\/es\/wp-json\/wp\/v2\/pages\/1037","targetHints":{"allow":["GET"]}}],"collection":[{"href":"https:\/\/autoselizabeth.com\/es\/wp-json\/wp\/v2\/pages"}],"about":[{"href":"https:\/\/autoselizabeth.com\/es\/wp-json\/wp\/v2\/types\/page"}],"author":[{"embeddable":true,"href":"https:\/\/autoselizabeth.com\/es\/wp-json\/wp\/v2\/users\/2"}],"replies":[{"embeddable":true,"href":"https:\/\/autoselizabeth.com\/es\/wp-json\/wp\/v2\/comments?post=1037"}],"version-history":[{"count":22,"href":"https:\/\/autoselizabeth.com\/es\/wp-json\/wp\/v2\/pages\/1037\/revisions"}],"predecessor-version":[{"id":2437,"href":"https:\/\/autoselizabeth.com\/es\/wp-json\/wp\/v2\/pages\/1037\/revisions\/2437"}],"wp:attachment":[{"href":"https:\/\/autoselizabeth.com\/es\/wp-json\/wp\/v2\/media?parent=1037"}],"curies":[{"name":"wp","href":"https:\/\/api.w.org\/{rel}","templated":true}]}}