{"id":1079,"date":"2025-09-04T13:52:00","date_gmt":"2025-09-04T11:52:00","guid":{"rendered":"https:\/\/autoselizabeth.com\/cookie-policy\/"},"modified":"2025-09-12T09:45:32","modified_gmt":"2025-09-12T07:45:32","slug":"politica-de-cookies","status":"publish","type":"page","link":"https:\/\/autoselizabeth.com\/es\/politica-de-cookies\/","title":{"rendered":"Pol\u00edtica de Cookies"},"content":{"rendered":"<div class=\"wpb-content-wrapper\"><p>[vc_row][vc_column width=\u00bb5\/6&#8243;][vc_empty_space][vc_custom_heading text=\u00bbPol\u00edtica de Cookies\u00bb font_container=\u00bbtag:h1|text_align:left\u00bb use_theme_fonts=\u00bbyes\u00bb css=\u00bb\u00bb][vc_separator][\/vc_column][vc_column width=\u00bb1\/6&#8243;][\/vc_column][\/vc_row][vc_row][vc_column width=\u00bb3\/4&#8243; css=\u00bb.vc_custom_1756986349293{background-color: #FFFFFF !important;border-radius: 3px !important;}\u00bb][vc_column_text css=\u00bb.vc_custom_1756999490216{background-color: #FFFFFF !important;border-radius: 3px !important;}\u00bb]<\/p>\n<p><strong>COOKIES <\/strong><\/p>\n<p>Utilizamos cookies para facilitar el uso de nuestra p\u00e1gina web. Las cookies son peque\u00f1os ficheros de informaci\u00f3n que nos permiten comparar y entender c\u00f3mo nuestros usuarios navegan a trav\u00e9s de nuestra p\u00e1gina web, y de esta manera poder mejorar consecuentemente el proceso de navegaci\u00f3n. Las cookies que utilizamos no almacenan dato personal alguno, ni ning\u00fan tipo de informaci\u00f3n que pueda identificarle. En caso de no querer recibir cookies, por favor configure su navegador de Internet para que las borre del disco duro de su ordenador, las bloquee o le avise en caso de instalaci\u00f3n de las mismas. Para continuar sin cambios en la configuraci\u00f3n de las cookies, simplemente contin\u00fae en la p\u00e1gina web. Puedes obtener m\u00e1s informaci\u00f3n sobre las cookies y su uso en www.aboutcookies.org. Los tipos de cookies que utilizamos<\/p>\n<p><strong>COOKIES ESTRICTAMENTE NECESARIAS<\/strong><\/p>\n<p>Estas cookies son necesarias para el correcto uso de la p\u00e1gina web, permitiendo el acceso a secciones que cuentan con filtros de seguridad. Sin estas cookies, muchos de los servicios disponibles no estar\u00edan operativos.<\/p>\n<p><strong>COOKIES DE NAVEGACI\u00d3N<\/strong><\/p>\n<p>Estas cookies recogen informaci\u00f3n sobre el uso que las visitas hacen de la web, por ejemplo p\u00e1ginas vistas, errores de carga\u2026 Es informaci\u00f3n gen\u00e9rica y an\u00f3nima, donde no se incluyen datos personales, ni se recoge informaci\u00f3n que identifique a los visitantes; siendo el objetivo \u00faltimo mejorar el funcionamiento de la web. Al visitar nuestra p\u00e1gina web, acepta la instalaci\u00f3n de estas cookies en su dispositivo.<\/p>\n<p><strong>COOKIES FUNCIONALES<\/strong><\/p>\n<p>Estas cookies permiten recordar informaci\u00f3n (como su nombre de usuario, idioma o la regi\u00f3n en la que se encuentra) y caracter\u00edsticas m\u00e1s personales. Por ejemplo, la posibilidad de ofrecer contenido personalizado basado en la informaci\u00f3n y criterios que hayas proporcionado voluntariamente. Estas cookies tambi\u00e9n pueden utilizarse para recordar los cambios realizados en el tama\u00f1o del texto, fuentes y otras partes personalizables de la p\u00e1gina web. Tambi\u00e9n se utilizan para ofrecer algunos servicios solicitados, como ver un video o comentar en un blog. La informaci\u00f3n que recopilan estas cookies puede ser an\u00f3nima y no podr\u00e1 ser seguida su actividad en otras p\u00e1ginas web. Al visitar nuestra p\u00e1gina web, aceptas la instalaci\u00f3n de estas cookies en tu dispositivo.<\/p>\n<p>[\/vc_column_text][\/vc_column][vc_column width=\u00bb1\/4&#8243;][vc_empty_space height=\u00bb20px\u00bb][vc_custom_heading text=\u00bbLegal Pages\u00bb font_container=\u00bbtag:h5|text_align:left\u00bb use_theme_fonts=\u00bbyes\u00bb css=\u00bb\u00bb][vc_column_text css=\u00bb\u00bb]<\/p>\n<p>T\u00c9RMINOS Y CONDICIONES <a href=\"https:\/\/autoselizabeth.com\/es\/terminos-y-condiciones\/\">VER &gt; Condiciones Generales de Alquiler<\/a><\/p>\n<p>POL\u00cdTICA DE PRIVACIDAD <a href=\"https:\/\/autoselizabeth.com\/es\/politica-de-privacidad\/\">VER &gt; Qu\u00e9 datos recopilamos y para qu\u00e9<\/a><\/p>\n<p>AVISO LEGAL <a href=\"https:\/\/autoselizabeth.com\/es\/aviso-legal\/\">VER &gt; tratamiento de los datos de car\u00e1cter personal<\/a><\/p>\n<p>C\u00d3DIGO DE CONDUCTA <a href=\"https:\/\/autoselizabeth.com\/es\/codigo-de-conducta\/\">VER &gt; nuestro c\u00f3digo de conducta de empresa\u00a0<\/a><\/p>\n<p>LEY DE TRANSPARENCIA CANARIA <a href=\"https:\/\/autoselizabeth.com\/es\/transparencia\/\">VER &gt; informaci\u00f3n sobre nuestra empresa, conforme a la \u00abLey Canaria de Transparencia y de Acceso a la Informaci\u00f3n P\u00fablica del Gobierno de Canarias\u00bb\u00a0<\/a><\/p>\n<p>[\/vc_column_text][\/vc_column][\/vc_row]<\/p>\n<\/div>","protected":false},"excerpt":{"rendered":"<p>[vc_row][vc_column width=\u00bb5\/6&#8243;][vc_empty_space][vc_custom_heading text=\u00bbPol\u00edtica de Cookies\u00bb font_container=\u00bbtag:h1|text_align:left\u00bb use_theme_fonts=\u00bbyes\u00bb css=\u00bb\u00bb][vc_separator][\/vc_column][vc_column width=\u00bb1\/6&#8243;][\/vc_column][\/vc_row][vc_row][vc_column width=\u00bb3\/4&#8243; css=\u00bb.vc_custom_1756986349293{background-color: #FFFFFF !important;border-radius: 3px !important;}\u00bb][vc_column_text css=\u00bb.vc_custom_1756999490216{background-color: #FFFFFF !important;border-radius: 3px !important;}\u00bb] COOKIES Utilizamos cookies para facilitar el uso de nuestra p\u00e1gina web. Las cookies son peque\u00f1os ficheros de informaci\u00f3n que nos permiten comparar y entender c\u00f3mo nuestros usuarios navegan a trav\u00e9s de nuestra p\u00e1gina web, y [&hellip;]<\/p>\n","protected":false},"author":2,"featured_media":0,"parent":0,"menu_order":0,"comment_status":"closed","ping_status":"closed","template":"","meta":{"footnotes":""},"class_list":["post-1079","page","type-page","status-publish","hentry"],"blocksy_meta":[],"_links":{"self":[{"href":"https:\/\/autoselizabeth.com\/es\/wp-json\/wp\/v2\/pages\/1079","targetHints":{"allow":["GET"]}}],"collection":[{"href":"https:\/\/autoselizabeth.com\/es\/wp-json\/wp\/v2\/pages"}],"about":[{"href":"https:\/\/autoselizabeth.com\/es\/wp-json\/wp\/v2\/types\/page"}],"author":[{"embeddable":true,"href":"https:\/\/autoselizabeth.com\/es\/wp-json\/wp\/v2\/users\/2"}],"replies":[{"embeddable":true,"href":"https:\/\/autoselizabeth.com\/es\/wp-json\/wp\/v2\/comments?post=1079"}],"version-history":[{"count":5,"href":"https:\/\/autoselizabeth.com\/es\/wp-json\/wp\/v2\/pages\/1079\/revisions"}],"predecessor-version":[{"id":1414,"href":"https:\/\/autoselizabeth.com\/es\/wp-json\/wp\/v2\/pages\/1079\/revisions\/1414"}],"wp:attachment":[{"href":"https:\/\/autoselizabeth.com\/es\/wp-json\/wp\/v2\/media?parent=1079"}],"curies":[{"name":"wp","href":"https:\/\/api.w.org\/{rel}","templated":true}]}}