{"id":1095,"date":"2025-09-04T17:02:45","date_gmt":"2025-09-04T15:02:45","guid":{"rendered":"https:\/\/autoselizabeth.com\/?page_id=1095"},"modified":"2025-09-15T11:07:59","modified_gmt":"2025-09-15T09:07:59","slug":"codigo-de-conducta","status":"publish","type":"page","link":"https:\/\/autoselizabeth.com\/es\/codigo-de-conducta\/","title":{"rendered":"C\u00f3digo de Conducta"},"content":{"rendered":"<div class=\"wpb-content-wrapper\"><p>[vc_row][vc_column][vc_empty_space][vc_custom_heading text=\u00bbC\u00f3digo de Conducta\u00bb font_container=\u00bbtag:h1|text_align:center\u00bb google_fonts=\u00bbfont_family:Montserrat%3Aregular%2Citalic|font_style:400%20regular%20normal%3A400%3Anormal\u00bb css=\u00bb\u00bb][vc_separator css=\u00bb\u00bb][vc_empty_space][\/vc_column][\/vc_row][vc_row][vc_column width=\u00bb3\/4&#8243; css=\u00bb.vc_custom_1757927191704{background-color: #FFFFFF !important;border-radius: 3px !important;}\u00bb][vc_column_text css=\u00bb\u00bb]<\/p>\n<blockquote><p>Ponemos a su disposici\u00f3n nuestro c\u00f3digo de conducta en cuanto a principios, valores y est\u00e1ndares \u00e9ticos internos y con los clientes de nuestra empresa de alquiler de coches en Lanzarote, Fuerteventura y Gran Canaria.<\/p>\n<p>&nbsp;<\/p><\/blockquote>\n<p><strong>1. OBJETIVO<\/strong><br \/>\nEl presente c\u00f3digo de conducta tiene como objetivo establecer de forma clara y detallada las normas, los valores y principios que deben guiar todo comportamiento de las personas que integran nuestra compa\u00f1\u00eda.<\/p>\n<p>Es el punto de partida para orientar todas las relaciones que se puedan dar entre nuestros empleados y de \u00e9stos con nuestros clientes, proveedores y colaboradores.<\/p>\n<p><strong>2. CONFLICTO DE INTERESES<\/strong><\/p>\n<p>Los empleados deber\u00e1n evitar los conflictos de intereses; esto ocurre cuando sus intereses personales o los intereses de un tercero compiten con los intereses de Elizabeth Rent a car.<\/p>\n<p>En caso de que un empleado se encontrara frente a un conflicto de inter\u00e9s, deber\u00e1 comunicarlo lo antes posible a un superior a fin de resolver la situaci\u00f3n cuanto antes.<br \/>\nEn resumen, los empleados deber\u00e1n conducirse de manera honesta y responsable en el que hacer de sus actividades y no podr\u00e1n anteponer su inter\u00e9s personal, profesional o financiero ante el inter\u00e9s de la empresa.<\/p>\n<p><strong>3. INFORMACI\u00d3N CONFIDENCIAL<\/strong><\/p>\n<p>La informaci\u00f3n confidencial es toda aquella que Elizabeth Rent a car no ha expuesto de forma p\u00fablica. Esta informaci\u00f3n puede tratarse de secretos comerciales, planes e ideas de negocios, comercializaci\u00f3n y servicios, acuerdos de colaboraci\u00f3n, informaci\u00f3n financiera y laboral; o cualquier informaci\u00f3n de otro tipo.<\/p>\n<p>Los empleados nunca deber\u00e1n revelar la informaci\u00f3n confidencial de la empresa ni permitir\u00e1 la divulgaci\u00f3n de esta.<\/p>\n<p>La obligatoriedad de salvaguardar la informaci\u00f3n confidencial continuar\u00e1 despu\u00e9s de que el empleado deje de prestar sus servicios en nuestra compa\u00f1\u00eda.<\/p>\n<p><strong>4. NO DISCRIMINACI\u00d3N Y ACOSO<\/strong><\/p>\n<p>Elizabeth Rent a car respeta en todo momento la dignidad personal y profesional de todos los empleados, as\u00ed como su privacidad y derechos.<\/p>\n<p>Elizabeth Rent a car se compromete a mantener un lugar de trabajo en el cual no exista discriminaci\u00f3n y ni acoso.<\/p>\n<p>Queda por lo tanto totalmente prohibido cualquier tipo de discriminaci\u00f3n por origen, nacionalidad, genero, raza, religi\u00f3n, edad, orientaci\u00f3n sexual, etc.<\/p>\n<p>Los empleados que sospechen o detecten que se est\u00e1 produciendo cualquier actividad o situaci\u00f3n que considere discriminatorio o de acoso deber\u00e1 reportarlo de manera inmediata.<\/p>\n<p><strong>5. SEGURIDAD Y SALUD<\/strong><\/p>\n<p>La seguridad industrial y la salud laboral son parte integral de la forma de trabajo de la empresa.<\/p>\n<p>Elizabeth Rent a car impulsa la adopci\u00f3n de pol\u00edticas de seguridad y salud en el trabajo y adopta las medidas preventivas establecidas en la legislaci\u00f3n vigente de cada pa\u00eds.<\/p>\n<p>Todos los empleados deben conocer y cumplir las normas de protecci\u00f3n de la seguridad y salud en el trabajo y verla por el incumplimiento de los mismos tanto para la seguridad propia como la de otros empleados.<\/p>\n<p><strong>6. RELACIONES CON LOS CLIENTES<\/strong><\/p>\n<p>Todas las personas que integran Elizabeth deben cuidar las relaciones con los clientes, actuando siempre de forma integra y priorizando como m\u00e1ximo objetivo la consecuci\u00f3n de los m\u00e1s altos niveles de calidad y excelencia.<\/p>\n<p><strong>7. CUMPLIMIENTO DEL C\u00d3DIGO<\/strong><\/p>\n<p>Elizabeth Rent a Car comunicar\u00e1 y difundir\u00e1 entre todos los empleados el contenido de este c\u00f3digo.<\/p>\n<p>Es responsabilidad de cada empleado garantizar el pleno cumplimiento de todos los puntos de este c\u00f3digo de conducta.<\/p>\n<p>El incumplimiento de este, conllevar\u00e1 al departamento de Recursos Humanos a determinar la aplicaci\u00f3n de medidas disciplinarias evaluando el tipo de incumplimiento.<\/p>\n<p><strong>8. CUMPLIMIENTO DE LAS NORMAS, LEYES Y REGULACIONES<\/strong><br \/>\nNuestra empresa y trabajadores respetamos y cumplimos todas y cada una de las normas, leyes y regulaciones.<\/p>\n<p>Si usted desea cualquier informaci\u00f3n con respecto a nuestra empresa fuera de la que le brindamos en las p\u00e1g. legales de nuestro espacio web, estamos a su disposici\u00f3n dentro de nuestro horario laboral de atenci\u00f3n al p\u00fablico.[\/vc_column_text][\/vc_column][vc_column width=\u00bb1\/4&#8243;][vc_custom_heading text=\u00bbP\u00e1g. Legales\u00bb font_container=\u00bbtag:h4|text_align:left\u00bb google_fonts=\u00bbfont_family:Montserrat%3Aregular%2Citalic|font_style:400%20regular%20normal%3A400%3Anormal\u00bb css=\u00bb\u00bb][vc_column_text css=\u00bb\u00bb]T\u00c9RMINOS Y CONDICIONES\u00a0<a href=\"https:\/\/autoselizabeth.com\/es\/terminos-y-condiciones\/\" target=\"_blank\" rel=\"noopener\">VER &gt; Condiciones Generales de Alquiler<\/a><\/p>\n<p>POL\u00cdTICA DE PRIVACIDAD\u00a0<a href=\"https:\/\/autoselizabeth.com\/es\/politica-de-privacidad\/\" target=\"_blank\" rel=\"noopener\">VER &gt; Qu\u00e9 datos recopilamos y para qu\u00e9<\/a><\/p>\n<p>AVISO LEGAL\u00a0<a href=\"https:\/\/autoselizabeth.com\/es\/aviso-legal\/\" target=\"_blank\" rel=\"noopener\">VER &gt; tratamiento de los datos de car\u00e1cter personal<\/a><\/p>\n<p>LEY DE TRANSPARENCIA CANARIA\u00a0<a href=\"https:\/\/autoselizabeth.com\/es\/transparencia\/\" target=\"_blank\" rel=\"noopener\">VER &gt; informaci\u00f3n sobre nuestra empresa, conforme a la \u00abLey Canaria de Transparencia y de Acceso a la Informaci\u00f3n P\u00fablica del Gobierno de Canarias\u00bb\u00a0<\/a>[\/vc_column_text][\/vc_column][\/vc_row][vc_row][vc_column][vc_separator css=\u00bb\u00bb][vc_column_text css=\u00bb\u00bb]<\/p>\n<p style=\"text-align: center;\">Autos Elizabeth Rent a Car S.L | B35144260 |Camino Las Cuestas 13, 35572, T\u00edas, Lanzarote.<\/p>\n<p>[\/vc_column_text][\/vc_column][\/vc_row]<\/p>\n<\/div>","protected":false},"excerpt":{"rendered":"<p>[vc_row][vc_column][vc_empty_space][vc_custom_heading text=\u00bbC\u00f3digo de Conducta\u00bb font_container=\u00bbtag:h1|text_align:center\u00bb google_fonts=\u00bbfont_family:Montserrat%3Aregular%2Citalic|font_style:400%20regular%20normal%3A400%3Anormal\u00bb css=\u00bb\u00bb][vc_separator css=\u00bb\u00bb][vc_empty_space][\/vc_column][\/vc_row][vc_row][vc_column width=\u00bb3\/4&#8243; css=\u00bb.vc_custom_1757927191704{background-color: #FFFFFF !important;border-radius: 3px !important;}\u00bb][vc_column_text css=\u00bb\u00bb] Ponemos a su disposici\u00f3n nuestro c\u00f3digo de conducta en cuanto a principios, valores y est\u00e1ndares \u00e9ticos internos y con los clientes de nuestra empresa de alquiler de coches en Lanzarote, Fuerteventura y Gran Canaria. &nbsp; 1. OBJETIVO El presente c\u00f3digo [&hellip;]<\/p>\n","protected":false},"author":2,"featured_media":0,"parent":0,"menu_order":0,"comment_status":"closed","ping_status":"closed","template":"","meta":{"footnotes":""},"class_list":["post-1095","page","type-page","status-publish","hentry"],"blocksy_meta":[],"_links":{"self":[{"href":"https:\/\/autoselizabeth.com\/es\/wp-json\/wp\/v2\/pages\/1095","targetHints":{"allow":["GET"]}}],"collection":[{"href":"https:\/\/autoselizabeth.com\/es\/wp-json\/wp\/v2\/pages"}],"about":[{"href":"https:\/\/autoselizabeth.com\/es\/wp-json\/wp\/v2\/types\/page"}],"author":[{"embeddable":true,"href":"https:\/\/autoselizabeth.com\/es\/wp-json\/wp\/v2\/users\/2"}],"replies":[{"embeddable":true,"href":"https:\/\/autoselizabeth.com\/es\/wp-json\/wp\/v2\/comments?post=1095"}],"version-history":[{"count":6,"href":"https:\/\/autoselizabeth.com\/es\/wp-json\/wp\/v2\/pages\/1095\/revisions"}],"predecessor-version":[{"id":1506,"href":"https:\/\/autoselizabeth.com\/es\/wp-json\/wp\/v2\/pages\/1095\/revisions\/1506"}],"wp:attachment":[{"href":"https:\/\/autoselizabeth.com\/es\/wp-json\/wp\/v2\/media?parent=1095"}],"curies":[{"name":"wp","href":"https:\/\/api.w.org\/{rel}","templated":true}]}}