{"id":1102,"date":"2025-04-23T09:54:30","date_gmt":"2025-04-23T07:54:30","guid":{"rendered":"https:\/\/autoselizabeth.com\/legal-notice\/"},"modified":"2025-09-12T09:50:21","modified_gmt":"2025-09-12T07:50:21","slug":"aviso-legal","status":"publish","type":"page","link":"https:\/\/autoselizabeth.com\/es\/aviso-legal\/","title":{"rendered":"Aviso Legal"},"content":{"rendered":"<div class=\"wpb-content-wrapper\"><p>[vc_row][vc_column width=\u00bb3\/4&#8243;][vc_empty_space][vc_custom_heading text=\u00bbAviso Legal\u00bb font_container=\u00bbtag:h1|text_align:left\u00bb use_theme_fonts=\u00bbyes\u00bb css=\u00bb\u00bb][vc_separator css=\u00bb\u00bb][\/vc_column][vc_column width=\u00bb1\/4&#8243;][\/vc_column][\/vc_row][vc_row][vc_column width=\u00bb3\/4&#8243; css=\u00bb.vc_custom_1750663235883{background-color: #FFFFFF !important;border-radius: 3px !important;}\u00bb][vc_column_text css=\u00bb\u00bb]<\/p>\n<h3>TRATAMIENTOS DE LOS DATOS DE CAR\u00c1CTER PERSONAL<\/h3>\n<p>A los efectos de los dispuesto en la Ley Org\u00e1nica\u00a015\/1999 de protecci\u00f3n de datos de car\u00e1cter personal le informamos que mediante la cumplimentaci\u00f3n de cualquiera de nuestros formularios de compra o contacto de este portal, sus datos personales quedar\u00e1n incorporados y ser\u00e1n tratados por\u00a0<strong>AUTOS ELIZABETH\u00a0<\/strong>autoriz\u00e1ndonos para el tratamiento de dichos datos con el fin de poderle prestar y ofrecer nuestros servicios. Asimismo, le informamos de la posibilidad de que pueda ejercitar los derechos de informaci\u00f3n, acceso, rectificaci\u00f3n, cancelaci\u00f3n y oposici\u00f3n de sus datos de car\u00e1cter personal, garantizados por la legislaci\u00f3n vigente.<\/p>\n<p>De acuerdo con la normativa vigente en materia de protecci\u00f3n de datos as\u00ed como en materia de servicios de la sociedad de la informaci\u00f3n y de comercio electr\u00f3nico, el usuario acepta que los datos personales aportados en el momento de su registro, o cualquier otro facilitado a\u00a0<strong>autoselizabeth.com <\/strong>para su acceso a algunos de los servicios del sitio web (suscripci\u00f3n a foros, chats, concursos,\u2026), sean incorporados a ficheros titularidad de esta empresa, con la finalidad de facilitar la prestaci\u00f3n de los servicios solicitados, para la correcta identificaci\u00f3n de los usuarios que solicitan servicios personalizados, para la realizaci\u00f3n de estudios estad\u00edsticos de los usuarios que permitan dise\u00f1ar mejoras en los servicios prestados, para la gesti\u00f3n de tareas b\u00e1sicas de administraci\u00f3n, as\u00ed como para mantenerle informado, bien por correo electr\u00f3nico bien por cualquier otro medio, de novedades, productos y servicios relacionados con la actividad.<\/p>\n<ol>\n<li>Responsable de los datos: Elizabeth Rent a Car C\/ Timanfaya s\/n, 35510,\u00a0Puerto del Carmen, Lanzarote, Islas Canarias<\/li>\n<li>Finalidad de los datos: Formulario de Reservas de Alquiler de coches.<\/li>\n<li>Almacenamiento de los datos: No se ceder\u00e1n datos a terceros salvo obligaci\u00f3n legal.<\/li>\n<li>Derechos: En cualquier momento puedes\u00a0limitar, recuperar y borrar tu informaci\u00f3n.<\/li>\n<\/ol>\n<p>En el caso de comunicaciones comerciales a trav\u00e9s de correo electr\u00f3nico o medio equivalente, el usuario presta su consentimiento expreso para el env\u00edo de publicidad a trav\u00e9s de dicho medio.<\/p>\n<p><em>En cumplimiento del REGLAMENTO (UE) 2016\/679, y en relaci\u00f3n al tratamiento de sus datos personales, le informamos de lo siguiente:\u00a0<strong>Responsable:<\/strong>\u00a0El responsable del tratamiento es Autos Elizabeth Rent a Car SL <strong>Finalidad:<\/strong>\u00a0Env\u00edo de informaci\u00f3n, respuesta a sus consultas y peticiones, mientras dure nuestra relaci\u00f3n y tengamos su consentimiento.\u00a0<strong>Legitimaci\u00f3n:<\/strong>\u00a0Ejecuci\u00f3n de contrato o consentimiento del interesado.\u00a0<strong>Destinatarios:<\/strong>\u00a0No se ceder\u00e1n datos a terceros salvo obligaci\u00f3n legal.\u00a0<strong>Derechos<\/strong> Puede ejercer los derechos de acceso, rectificaci\u00f3n, supresi\u00f3n y portabilidad de sus datos, y la limitaci\u00f3n u oposici\u00f3n al tratamiento utilizando nuestro PORTAL DE EJERCICIO DE DERECHOS, en\u00a0<a href=\"https:\/\/www.adelopd.com\/portalderechos\/elizabeth-rent-a-car-sl\" target=\"_blank\" rel=\"noopener\">https:\/\/www.adelopd.com\/portalderechos\/elizabeth-rent-a-car-sl<\/a> En caso de disconformidad con el tratamiento, tambi\u00e9n tiene derecho a presentar una reclamaci\u00f3n ante la Agencia Espa\u00f1ola de Protecci\u00f3n de Datos.\u00a0<strong>M\u00e1s informaci\u00f3n:<\/strong>\u00a0<a href=\"https:\/\/www.adelopd.com\/privacidad\/elizabeth-rent-a-car-sl\" target=\"_blank\" rel=\"noopener\">https:\/\/www.adelopd.com\/privacidad\/elizabeth-rent-a-car-sl<\/a><\/em>[\/vc_column_text][vc_empty_space][\/vc_column][vc_column width=\u00bb1\/4&#8243;][vc_empty_space][vc_custom_heading text=\u00bbP\u00e1g. Legales\u00bb font_container=\u00bbtag:h5|text_align:left\u00bb use_theme_fonts=\u00bbyes\u00bb css=\u00bb\u00bb][vc_separator css=\u00bb\u00bb][vc_column_text css=\u00bb\u00bb]POL\u00cdTICA DE COOKIES <a href=\"https:\/\/autoselizabeth.com\/es\/politica-de-cookies\/\">VER &gt; Utilizamos cookies para facilitar el uso de nuestra p\u00e1gina web.<\/a><\/p>\n<p>T\u00c9RMINOS Y CONDICIONES <a href=\"https:\/\/autoselizabeth.com\/es\/terminos-y-condiciones\/\" target=\"_blank\" rel=\"noopener\">VER &gt; Condiciones Generales de Alquiler<\/a><\/p>\n<p>POL\u00cdTICA DE PRIVACIDAD\u00a0<a href=\"https:\/\/autoselizabeth.com\/es\/politica-de-privacidad\/\" target=\"_blank\" rel=\"noopener\">VER &gt; Qu\u00e9 datos recopilamos y para qu\u00e9<\/a><\/p>\n<p>AVISO LEGAL\u00a0<a href=\"https:\/\/autoselizabeth.com\/es\/aviso-legal\/\" target=\"_blank\" rel=\"noopener\">VER &gt; tratamiento de los datos de car\u00e1cter personal<\/a><\/p>\n<p>C\u00d3DIGO DE CONDUCTA\u00a0<a href=\"https:\/\/autoselizabeth.com\/es\/codigo-de-conducta\/\" target=\"_blank\" rel=\"noopener\">VER &gt; nuestro c\u00f3digo de conducta de empresa\u00a0<\/a><\/p>\n<p>LEY DE TRANSPARENCIA CANARIA\u00a0<a href=\"https:\/\/autoselizabeth.com\/es\/transparencia\/\" target=\"_blank\" rel=\"noopener\">VER &gt; informaci\u00f3n sobre nuestra empresa, conforme a la \u00abLey Canaria de Transparencia y de Acceso a la Informaci\u00f3n P\u00fablica del Gobierno de Canarias\u00bb\u00a0<\/a>[\/vc_column_text][\/vc_column][\/vc_row]<\/p>\n<\/div>","protected":false},"excerpt":{"rendered":"<p>[vc_row][vc_column width=\u00bb3\/4&#8243;][vc_empty_space][vc_custom_heading text=\u00bbAviso Legal\u00bb font_container=\u00bbtag:h1|text_align:left\u00bb use_theme_fonts=\u00bbyes\u00bb css=\u00bb\u00bb][vc_separator css=\u00bb\u00bb][\/vc_column][vc_column width=\u00bb1\/4&#8243;][\/vc_column][\/vc_row][vc_row][vc_column width=\u00bb3\/4&#8243; css=\u00bb.vc_custom_1750663235883{background-color: #FFFFFF !important;border-radius: 3px !important;}\u00bb][vc_column_text css=\u00bb\u00bb] TRATAMIENTOS DE LOS DATOS DE CAR\u00c1CTER PERSONAL A los efectos de los dispuesto en la Ley Org\u00e1nica\u00a015\/1999 de protecci\u00f3n de datos de car\u00e1cter personal le informamos que mediante la cumplimentaci\u00f3n de cualquiera de nuestros formularios de compra o contacto [&hellip;]<\/p>\n","protected":false},"author":2,"featured_media":0,"parent":0,"menu_order":0,"comment_status":"closed","ping_status":"closed","template":"","meta":{"footnotes":""},"class_list":["post-1102","page","type-page","status-publish","hentry"],"blocksy_meta":[],"_links":{"self":[{"href":"https:\/\/autoselizabeth.com\/es\/wp-json\/wp\/v2\/pages\/1102","targetHints":{"allow":["GET"]}}],"collection":[{"href":"https:\/\/autoselizabeth.com\/es\/wp-json\/wp\/v2\/pages"}],"about":[{"href":"https:\/\/autoselizabeth.com\/es\/wp-json\/wp\/v2\/types\/page"}],"author":[{"embeddable":true,"href":"https:\/\/autoselizabeth.com\/es\/wp-json\/wp\/v2\/users\/2"}],"replies":[{"embeddable":true,"href":"https:\/\/autoselizabeth.com\/es\/wp-json\/wp\/v2\/comments?post=1102"}],"version-history":[{"count":6,"href":"https:\/\/autoselizabeth.com\/es\/wp-json\/wp\/v2\/pages\/1102\/revisions"}],"predecessor-version":[{"id":1109,"href":"https:\/\/autoselizabeth.com\/es\/wp-json\/wp\/v2\/pages\/1102\/revisions\/1109"}],"wp:attachment":[{"href":"https:\/\/autoselizabeth.com\/es\/wp-json\/wp\/v2\/media?parent=1102"}],"curies":[{"name":"wp","href":"https:\/\/api.w.org\/{rel}","templated":true}]}}