{"id":1249,"date":"2025-05-19T13:16:59","date_gmt":"2025-05-19T11:16:59","guid":{"rendered":"https:\/\/autoselizabeth.com\/contact\/"},"modified":"2025-10-28T18:03:53","modified_gmt":"2025-10-28T17:03:53","slug":"contacto","status":"publish","type":"page","link":"https:\/\/autoselizabeth.com\/es\/contacto\/","title":{"rendered":"Contacto"},"content":{"rendered":"<div class=\"wpb-content-wrapper\"><p>[vc_row][vc_column][vc_raw_html css=\u00bb\u00bb]JTNDJTIxLS0lMjBFdmVudCUyMHNuaXBwZXQlMjBmb3IlMjBGb3JtdWxhcmlvJTIwZGUlMjByZXNlcnZhJTIwY29udmVyc2lvbiUyMHBhZ2UlMEFJbiUyMHlvdXIlMjBodG1sJTIwcGFnZSUyQyUyMGFkZCUyMHRoZSUyMHNuaXBwZXQlMjBhbmQlMjBjYWxsJTIwZ3RhZ19yZXBvcnRfY29udmVyc2lvbiUyMHdoZW4lMjBzb21lb25lJTIwY2xpY2tzJTIwb24lMjB0aGUlMjBjaG9zZW4lMjBsaW5rJTIwb3IlMjBidXR0b24uJTIwLS0lM0UlMEElM0NzY3JpcHQlM0UlMEFmdW5jdGlvbiUyMGd0YWdfcmVwb3J0X2NvbnZlcnNpb24lMjh1cmwlMjklMjAlN0IlMEElMjAlMjB2YXIlMjBjYWxsYmFjayUyMCUzRCUyMGZ1bmN0aW9uJTIwJTI4JTI5JTIwJTdCJTBBJTIwJTIwJTIwJTIwaWYlMjAlMjh0eXBlb2YlMjh1cmwlMjklMjAlMjElM0QlMjAlMjd1bmRlZmluZWQlMjclMjklMjAlN0IlMEElMjAlMjAlMjAlMjAlMjAlMjB3aW5kb3cubG9jYXRpb24lMjAlM0QlMjB1cmwlM0IlMEElMjAlMjAlMjAlMjAlN0QlMEElMjAlMjAlN0QlM0IlMEElMjAlMjBndGFnJTI4JTI3ZXZlbnQlMjclMkMlMjAlMjdjb252ZXJzaW9uJTI3JTJDJTIwJTdCJTBBJTIwJTIwJTIwJTIwJTIwJTIwJTI3c2VuZF90byUyNyUzQSUyMCUyN0FXLTkzMDM4MjcwOSUyRkZ1X2pDT0RvaWNnWkVQV0cwcnNEJTI3JTJDJTBBJTIwJTIwJTIwJTIwJTIwJTIwJTI3ZXZlbnRfY2FsbGJhY2slMjclM0ElMjBjYWxsYmFjayUwQSUyMCUyMCU3RCUyOSUzQiUwQSUyMCUyMHJldHVybiUyMGZhbHNlJTNCJTBBJTdEJTBBJTNDJTJGc2NyaXB0JTNF[\/vc_raw_html][\/vc_column][\/vc_row][vc_row][vc_column][vc_column_text css=\u00bb\u00bb]<\/p>\n<blockquote>\n<pre style=\"text-align: left;\">Si quieres trabajar con nosotros, podr\u00e1s consultar las vacantes desde el siguiente <a href=\"https:\/\/www.adelopd.com\/empleos\/elizabeth-rent-a-car-sl\" target=\"_blank\" rel=\"noopener\">enlace<\/a><\/pre>\n<\/blockquote>\n<p>[\/vc_column_text][\/vc_column][\/vc_row][vc_row css=\u00bb.vc_custom_1750799095964{background-position: center !important;background-repeat: no-repeat !important;background-size: contain !important;}\u00bb][vc_column width=\u00bb1\/2&#8243;][vc_column_text css=\u00bb\u00bb]<\/p>\n<h4 style=\"text-align: left;\">Atenci\u00f3n y Reservas <a href=\"tel:+34928510812\">+34 928 510 812 <\/a>\u00a0y <a href=\"https:\/\/wa.me\/665631079\" aria-label=\"Chat on WhatsApp\" target=\"_blank\" rel=\"noopener\">WhatsApp<\/a><\/h4>\n<p>[\/vc_column_text][vc_progress_bar values=\u00bb%5B%7B%22label%22%3A%22Lunes%20de%2007.00%20a.m.%20to%208.00%20p.m.%22%2C%22value%22%3A%22100%22%7D%2C%7B%22label%22%3A%22Martes%20de%2007.00%20a.m.%20to%208.00%20p.m.%22%2C%22value%22%3A%22100%22%7D%2C%7B%22label%22%3A%22Mi%C3%A9rcoles%20de%2007.00%20a.m.%20to%208.00%20p.m.%22%2C%22value%22%3A%22100%22%7D%2C%7B%22label%22%3A%22Jueves%20de%2007.00%20a.m.%20to%208.00%20p.m.%22%2C%22value%22%3A%22100%22%7D%2C%7B%22label%22%3A%22Viernes%20de%2007.00%20a.m.%20to%208.00%20p.m.%22%2C%22value%22%3A%22100%22%7D%2C%7B%22label%22%3A%22S%C3%A1bado%20de%2007.00%20a.m.%20to%208.00%20p.m.%22%2C%22value%22%3A%22100%22%7D%2C%7B%22label%22%3A%22Domingo%20de%2007.00%20a.m.%20to%208.00%20p.m.%22%2C%22value%22%3A%22100%22%7D%5D\u00bb bgcolor=\u00bbwhite\u00bb options=\u00bbstriped\u00bb css=\u00bb\u00bb][vc_column_text css=\u00bb\u00bb]<em><a href=\"https:\/\/autoselizabeth.com\/es\/#reservar-coche\">Reserva Online 24 hours<\/a>\u00a0 (requiere confirmaci\u00f3n, no es instant\u00e1neo)<\/em>[\/vc_column_text][vc_goo_maps location=\u00bbAutos Elizabeth Rent A Car S.L\u00bb css=\u00bb\u00bb][vc_message message_box_color=\u00bbgrey\u00bb icon_type=\u00bblinecons\u00bb icon_linecons=\u00bbvc_li vc_li-location\u00bb css=\u00bb\u00bb]Servicio de alquiler de coches en Lanzarote, Fuerteventura y Gran Canaria. <strong>Oficina Central de Elizabeth Rent a Car<\/strong>\u00a0<a href=\"https:\/\/maps.app.goo.gl\/3ZrVsMoch1kLMELp7\" target=\"_blank\" rel=\"noopener\">Calle Timanfaya, S\/N, 35510, Puerto del Carmen, Lanzarote<\/a>[\/vc_message][\/vc_column][vc_column width=\u00bb1\/2&#8243; css=\u00bb.vc_custom_1752133643665{background-color: #FFFFFF !important;border-radius: 3px !important;}\u00bb][vc_custom_heading text=\u00bbContacto\u00bb font_container=\u00bbtag:h1|font_size:55|text_align:left\u00bb google_fonts=\u00bbfont_family:Montserrat%3Aregular%2Citalic|font_style:900%20black%20normal%3A900%3Anormal\u00bb css=\u00bb\u00bb][vc_separator css=\u00bb\u00bb][vc_column_text css=\u00bb\u00bb]<\/p>\n<blockquote><p><em>Recuerde que puede indicarnos una direcci\u00f3n espec\u00edfica en la secci\u00f3n de comentarios durante el \u00faltimo paso de su <a href=\"https:\/\/autoselizabeth.com\/es\/#reservar-coche\">reserva online<\/a>. Si no lo ha hecho durante la reserva y desea dejarnos alg\u00fan comentario sobre la misma, puede hacerlo a continuaci\u00f3n.<\/em><\/p><\/blockquote>\n<p>[\/vc_column_text]\n<div class=\"wpcf7 no-js\" id=\"wpcf7-f2188-o1\" lang=\"es-ES\" dir=\"ltr\" data-wpcf7-id=\"2188\">\n<div class=\"screen-reader-response\"><p role=\"status\" aria-live=\"polite\" aria-atomic=\"true\"><\/p> <ul><\/ul><\/div>\n<form action=\"\/es\/wp-json\/wp\/v2\/pages\/1249#wpcf7-f2188-o1\" method=\"post\" class=\"wpcf7-form init\" aria-label=\"Formulario de contacto\" novalidate=\"novalidate\" data-status=\"init\">\n<fieldset class=\"hidden-fields-container\"><input type=\"hidden\" name=\"_wpcf7\" value=\"2188\" \/><input type=\"hidden\" name=\"_wpcf7_version\" value=\"6.1.5\" \/><input type=\"hidden\" name=\"_wpcf7_locale\" value=\"es_ES\" \/><input type=\"hidden\" name=\"_wpcf7_unit_tag\" value=\"wpcf7-f2188-o1\" \/><input type=\"hidden\" name=\"_wpcf7_container_post\" value=\"0\" \/><input type=\"hidden\" name=\"_wpcf7_posted_data_hash\" value=\"\" \/><input type=\"hidden\" name=\"_wpcf7_recaptcha_response\" value=\"\" \/>\n<\/fieldset>\n<p><label>Nombre<br \/>\n<span class=\"wpcf7-form-control-wrap\" data-name=\"your-name\"><input size=\"40\" maxlength=\"400\" class=\"wpcf7-form-control wpcf7-text wpcf7-validates-as-required\" autocomplete=\"name\" aria-required=\"true\" aria-invalid=\"false\" value=\"\" type=\"text\" name=\"your-name\" \/><\/span><br \/>\n<\/label>\n<\/p>\n<p><label>Tel\u00e9fono<br \/>\n<span class=\"wpcf7-form-control-wrap\" data-name=\"your-tel\"><input size=\"40\" maxlength=\"400\" class=\"wpcf7-form-control wpcf7-tel wpcf7-validates-as-required wpcf7-text wpcf7-validates-as-tel\" autocomplete=\"tel\" aria-required=\"true\" aria-invalid=\"false\" value=\"\" type=\"tel\" name=\"your-tel\" \/><\/span><br \/>\n<\/label>\n<\/p>\n<p><label>E-mail<br \/>\n<span class=\"wpcf7-form-control-wrap\" data-name=\"your-email\"><input size=\"40\" maxlength=\"400\" class=\"wpcf7-form-control wpcf7-email wpcf7-validates-as-required wpcf7-text wpcf7-validates-as-email\" autocomplete=\"email\" aria-required=\"true\" aria-invalid=\"false\" value=\"\" type=\"email\" name=\"your-email\" \/><\/span><br \/>\n<\/label>\n<\/p>\n<p><label>Asunto<br \/>\n<span class=\"wpcf7-form-control-wrap\" data-name=\"your-subject\"><input size=\"40\" maxlength=\"400\" class=\"wpcf7-form-control wpcf7-text wpcf7-validates-as-required\" aria-required=\"true\" aria-invalid=\"false\" value=\"\" type=\"text\" name=\"your-subject\" \/><\/span><br \/>\n<\/label>\n<\/p>\n<p><label>Tu mensaje<br \/>\n<span class=\"wpcf7-form-control-wrap\" data-name=\"your-message\"><textarea cols=\"40\" rows=\"10\" maxlength=\"2000\" class=\"wpcf7-form-control wpcf7-textarea\" aria-invalid=\"false\" name=\"your-message\"><\/textarea><\/span><br \/>\n<\/label>\n<\/p>\n<p><a href=\"https:\/\/autoselizabeth.com\/aviso-legal\/?lang=es\" rel=\"nofollow\" target=\"_blank\">Aviso Legal<\/a> |<br \/>\n<a href=\"https:\/\/autoselizabeth.com\/politica-de-privacidad\/?lang=es\" rel=\"nofollow\" target=\"_blank\">Pol\u00edtica de Privacidad<\/a> |<br \/>\n<a href=\"https:\/\/autoselizabeth.com\/politica-de-cookies\/?lang=es\" rel=\"nofollow\" target=\"_blank\">Pol\u00edtica de Cookies<\/a>\n<\/p>\n<p><span class=\"wpcf7-form-control-wrap\" data-name=\"aceptar-rgpd-es\"><span class=\"wpcf7-form-control wpcf7-acceptance\"><span class=\"wpcf7-list-item\"><label><input type=\"checkbox\" name=\"aceptar-rgpd-es\" value=\"1\" aria-invalid=\"false\" \/><span class=\"wpcf7-list-item-label\">He le\u00eddo y acepto las pol\u00edticas mencionadas anteriormente<\/span><\/label><\/span><\/span><\/span>\n<\/p>\n<p><span id=\"wpcf7-69e7da6c5f935-wrapper\" class=\"wpcf7-form-control-wrap your-field-wrap\" style=\"display:none !important; visibility:hidden !important;\"><input type=\"hidden\" name=\"your-field-time-start\" value=\"1776802412\"><input type=\"hidden\" name=\"your-field-time-check\" value=\"5\"><label for=\"wpcf7-69e7da6c5f935-field\" class=\"hp-message\">Por favor, deja este campo vac\u00edo.<\/label><input id=\"wpcf7-69e7da6c5f935-field\"  class=\"wpcf7-form-control wpcf7-text\" type=\"text\" name=\"your-field\" value=\"\" size=\"40\" tabindex=\"-1\" autocomplete=\"new-password\" \/><\/span>\n<\/p>\n<p><input class=\"wpcf7-form-control wpcf7-submit has-spinner\" type=\"submit\" value=\"Enviar\" \/>\n<\/p><div class=\"wpcf7-response-output\" aria-hidden=\"true\"><\/div>\n<\/form>\n<\/div>\n[vc_empty_space][\/vc_column][\/vc_row][vc_row][vc_column][vc_single_image image=\u00bb1172&#8243; img_size=\u00bbmedium\u00bb alignment=\u00bbcenter\u00bb css=\u00bb\u00bb][vc_icon icon_fontawesome=\u00bbfa fa-solid fa-chevron-down\u00bb color=\u00bbgreen\u00bb align=\u00bbcenter\u00bb css=\u00bb\u00bb][\/vc_column][\/vc_row][vc_row][vc_column width=\u00bb1\/3&#8243;][vc_btn title=\u00bbElizabeth Rent a Car \u00a9\u00bb style=\u00bbcustom\u00bb custom_background=\u00bb#333333&#8243; custom_text=\u00bb#FFFFFF\u00bb size=\u00bblg\u00bb align=\u00bbcenter\u00bb css=\u00bb\u00bb button_block=\u00bbtrue\u00bb link=\u00bburl:https%3A%2F%2Fautoselizabeth.com%2Fes%2F30-aniversario%2F|title:Sobre%20nostros|target:_blank\u00bb][vc_column_text css=\u00bb\u00bb]<a href=\"https:\/\/www.boe.es\/buscar\/doc.php?id=BOE-A-2021-17461\" target=\"_blank\" rel=\"noopener\">Real Decreto 933\/2021<\/a>, de 26 de octubre, por el que se establecen las obligaciones documentales de registro e informaci\u00f3n de las personas f\u00edsicas o jur\u00eddicas que desarrollan actividades de alojamiento y alquiler de veh\u00edculos de motor.[\/vc_column_text][\/vc_column][vc_column width=\u00bb1\/3&#8243;][vc_btn title=\u00bbProtecci\u00f3n de Datos\u00bb style=\u00bbcustom\u00bb custom_background=\u00bb#333333&#8243; custom_text=\u00bb#FFFFFF\u00bb size=\u00bblg\u00bb align=\u00bbcenter\u00bb css=\u00bb\u00bb button_block=\u00bbtrue\u00bb link=\u00bburl:https%3A%2F%2Fautoselizabeth.com%2Fes%2Faviso-legal%2F|title:Aviso%20Legal\u00bb][vc_column_text css=\u00bb\u00bb]Informaci\u00f3n sobre protecci\u00f3n de datos para el contrato. Este texto debe incluirse en el contrato de alquiler.<\/p>\n<p><strong><a href=\"https:\/\/autoselizabeth.com\/es\/condiciones-generales-del-alquiler-de-coches\/\">Condiciones generales del alquiler de coches.<\/a><\/strong>[\/vc_column_text][\/vc_column][vc_column width=\u00bb1\/3&#8243;][vc_btn title=\u00bbPol\u00edtica de Privacidad\u00bb style=\u00bbcustom\u00bb custom_background=\u00bb#333333&#8243; custom_text=\u00bb#FFFFFF\u00bb size=\u00bblg\u00bb align=\u00bbcenter\u00bb css=\u00bb\u00bb button_block=\u00bbtrue\u00bb link=\u00bburl:https%3A%2F%2Fautoselizabeth.com%2Fes%2Fpolitica-de-privacidad%2F|title:Pol%C3%ADtica%20de%20Privacidad\u00bb][vc_column_text css=\u00bb\u00bb]<\/p>\n<ol>\n<li>El prop\u00f3sito de recopilar sus datos es realizar su reserva de alquiler de coche.<\/li>\n<li>Puede limitar, recuperar y eliminar sus datos en cualquier momento. No revelaremos sus datos a terceros a menos que estemos legalmente obligados a hacerlo.<\/li>\n<\/ol>\n<p>[\/vc_column_text][\/vc_column][\/vc_row][vc_row css=\u00bb.vc_custom_1747469373211{background-color: #FFFFFF !important;border-radius: 3px !important;}\u00bb][vc_column css=\u00bb.vc_custom_1752133983663{background-color: #FFFFFF !important;border-radius: 3px !important;}\u00bb][vc_column_text css=\u00bb\u00bb]En relaci\u00f3n al tratamiento de sus datos personales, <strong>Contacto y reservas, <\/strong>le informamos de lo siguiente:<\/p>\n<ul>\n<li><strong>Informaci\u00f3n sobre protecci\u00f3n de datos:<\/strong> De conformidad con el Reglamento General de Protecci\u00f3n de Datos (UE) 2016\/679<\/li>\n<li><strong>Responsable del tratamiento:<\/strong>\u00a0Autos Elizabeth Rent a Car SL, Camino las Cuestas 13, 35572, T\u00edas (LAS PALMAS).<\/li>\n<li><strong>Finalidad del tratamiento mientras dure nuestra relaci\u00f3n y tengamos su consentimiento:<\/strong> Env\u00edo de informaci\u00f3n, respuesta a sus consultas y peticiones. Fines de marketing directo. Gesti\u00f3n de sus consultas y solicitudes; mantenimiento de la relaci\u00f3n comercial. Todo lo relativo a este portal web y el cumplimiento del contrato de alquiler de coches con nosotros.<\/li>\n<li><strong>No se ceder\u00e1n datos a terceros, salvo obligaci\u00f3n legal.<\/strong> Sus datos personales no ser\u00e1n comunicados salvo que sea necesario para el cumplimiento de una obligaci\u00f3n legal a la que est\u00e9 sujeto el responsable del tratamiento.<\/li>\n<li><strong>Base legal del tratamiento:<\/strong>\u00a0Ejecuci\u00f3n de un contrato, obligaci\u00f3n legal (Real Decreto 933\/2021) e inter\u00e9s leg\u00edtimo perseguido por el responsable del tratamiento.<\/li>\n<li><b>Derechos sobre sus datos: <\/b>Tiene derecho de acceso, derecho de rectificaci\u00f3n, derecho de supresi\u00f3n y portabilidad de los datos, derecho a la limitaci\u00f3n del tratamiento y derecho de oposici\u00f3n, dirigiendo su solicitud al responsable del tratamiento con alguna prueba de identidad. Puede solicitar que borremos cualquier informaci\u00f3n personal que tengamos sobre usted. Esto no incluye ning\u00fan dato que estemos obligados a conservar con fines administrativos, legales o de seguridad. Tambi\u00e9n puede ejercer los derechos de acceso, rectificaci\u00f3n, supresi\u00f3n y portabilidad de sus datos, y la limitaci\u00f3n u oposici\u00f3n al tratamiento utilizando nuestro PORTAL DE EJERCICIO DE DERECHOS\u00a0<a href=\"https:\/\/www.adelopd.com\/portalderechos\/elizabeth-rent-a-car-sl\" target=\"_blank\" rel=\"noopener\">https:\/\/www.adelopd.com\/portalderechos\/elizabeth-rent-a-car-sl<\/a>.\u00a0En caso de disconformidad con el tratamiento, tambi\u00e9n tiene derecho a presentar una reclamaci\u00f3n ante la Agencia Espa\u00f1ola de Protecci\u00f3n de Datos.<\/li>\n<\/ul>\n<p><em>Para m\u00e1s informaci\u00f3n visite nuestras p\u00e1ginas legales y nuestra <a href=\"https:\/\/autoselizabeth.com\/es\/politica-de-privacidad\/\" target=\"_blank\" rel=\"noopener\">pol\u00edtica de privacidad<\/a>.<\/em>[\/vc_column_text][vc_row_inner][vc_column_inner width=\u00bb1\/3&#8243;][vc_btn title=\u00bbContrato de alquiler de veh\u00edculos\u00bb style=\u00bbcustom\u00bb custom_background=\u00bb#333333&#8243; custom_text=\u00bb#FFFFFF\u00bb size=\u00bblg\u00bb align=\u00bbcenter\u00bb css=\u00bb\u00bb button_block=\u00bbtrue\u00bb link=\u00bburl:https%3A%2F%2Fautoselizabeth.com%2Fes%2Fcondiciones-generales-del-alquiler-de-coches%2F|title:General%20Rental%20Conditions\u00bb][\/vc_column_inner][vc_column_inner width=\u00bb1\/3&#8243;][vc_btn title=\u00bbT\u00e9rminos y condiciones\u00bb style=\u00bbcustom\u00bb custom_background=\u00bb#333333&#8243; custom_text=\u00bb#FFFFFF\u00bb size=\u00bblg\u00bb align=\u00bbcenter\u00bb css=\u00bb\u00bb button_block=\u00bbtrue\u00bb link=\u00bburl:https%3A%2F%2Fautoselizabeth.com%2Fes%2Fterminos-y-condiciones%2F|title:T%C3%A9rminos%20y%20Condiciones\u00bb][\/vc_column_inner][vc_column_inner width=\u00bb1\/3&#8243;][vc_btn title=\u00bbPol\u00edtica de Cookie\u00bb style=\u00bbcustom\u00bb custom_background=\u00bb#333333&#8243; custom_text=\u00bb#FFFFFF\u00bb size=\u00bblg\u00bb align=\u00bbcenter\u00bb css=\u00bb\u00bb button_block=\u00bbtrue\u00bb link=\u00bburl:https%3A%2F%2Fautoselizabeth.com%2Fes%2Fpolitica-de-cookies%2F|title:Pol%C3%ADtica%20de%20Cookies\u00bb][\/vc_column_inner][\/vc_row_inner][\/vc_column][\/vc_row]<\/p>\n<\/div>","protected":false},"excerpt":{"rendered":"<p>[vc_row][vc_column][vc_raw_html css=\u00bb\u00bb]JTNDJTIxLS0lMjBFdmVudCUyMHNuaXBwZXQlMjBmb3IlMjBGb3JtdWxhcmlvJTIwZGUlMjByZXNlcnZhJTIwY29udmVyc2lvbiUyMHBhZ2UlMEFJbiUyMHlvdXIlMjBodG1sJTIwcGFnZSUyQyUyMGFkZCUyMHRoZSUyMHNuaXBwZXQlMjBhbmQlMjBjYWxsJTIwZ3RhZ19yZXBvcnRfY29udmVyc2lvbiUyMHdoZW4lMjBzb21lb25lJTIwY2xpY2tzJTIwb24lMjB0aGUlMjBjaG9zZW4lMjBsaW5rJTIwb3IlMjBidXR0b24uJTIwLS0lM0UlMEElM0NzY3JpcHQlM0UlMEFmdW5jdGlvbiUyMGd0YWdfcmVwb3J0X2NvbnZlcnNpb24lMjh1cmwlMjklMjAlN0IlMEElMjAlMjB2YXIlMjBjYWxsYmFjayUyMCUzRCUyMGZ1bmN0aW9uJTIwJTI4JTI5JTIwJTdCJTBBJTIwJTIwJTIwJTIwaWYlMjAlMjh0eXBlb2YlMjh1cmwlMjklMjAlMjElM0QlMjAlMjd1bmRlZmluZWQlMjclMjklMjAlN0IlMEElMjAlMjAlMjAlMjAlMjAlMjB3aW5kb3cubG9jYXRpb24lMjAlM0QlMjB1cmwlM0IlMEElMjAlMjAlMjAlMjAlN0QlMEElMjAlMjAlN0QlM0IlMEElMjAlMjBndGFnJTI4JTI3ZXZlbnQlMjclMkMlMjAlMjdjb252ZXJzaW9uJTI3JTJDJTIwJTdCJTBBJTIwJTIwJTIwJTIwJTIwJTIwJTI3c2VuZF90byUyNyUzQSUyMCUyN0FXLTkzMDM4MjcwOSUyRkZ1X2pDT0RvaWNnWkVQV0cwcnNEJTI3JTJDJTBBJTIwJTIwJTIwJTIwJTIwJTIwJTI3ZXZlbnRfY2FsbGJhY2slMjclM0ElMjBjYWxsYmFjayUwQSUyMCUyMCU3RCUyOSUzQiUwQSUyMCUyMHJldHVybiUyMGZhbHNlJTNCJTBBJTdEJTBBJTNDJTJGc2NyaXB0JTNF[\/vc_raw_html][\/vc_column][\/vc_row][vc_row][vc_column][vc_column_text css=\u00bb\u00bb] Si quieres trabajar con nosotros, podr\u00e1s consultar las vacantes desde el siguiente enlace [\/vc_column_text][\/vc_column][\/vc_row][vc_row css=\u00bb.vc_custom_1750799095964{background-position: center !important;background-repeat: no-repeat !important;background-size: contain !important;}\u00bb][vc_column width=\u00bb1\/2&#8243;][vc_column_text css=\u00bb\u00bb] Atenci\u00f3n y Reservas +34 928 510 812 \u00a0y WhatsApp [\/vc_column_text][vc_progress_bar values=\u00bb%5B%7B%22label%22%3A%22Lunes%20de%2007.00%20a.m.%20to%208.00%20p.m.%22%2C%22value%22%3A%22100%22%7D%2C%7B%22label%22%3A%22Martes%20de%2007.00%20a.m.%20to%208.00%20p.m.%22%2C%22value%22%3A%22100%22%7D%2C%7B%22label%22%3A%22Mi%C3%A9rcoles%20de%2007.00%20a.m.%20to%208.00%20p.m.%22%2C%22value%22%3A%22100%22%7D%2C%7B%22label%22%3A%22Jueves%20de%2007.00%20a.m.%20to%208.00%20p.m.%22%2C%22value%22%3A%22100%22%7D%2C%7B%22label%22%3A%22Viernes%20de%2007.00%20a.m.%20to%208.00%20p.m.%22%2C%22value%22%3A%22100%22%7D%2C%7B%22label%22%3A%22S%C3%A1bado%20de%2007.00%20a.m.%20to%208.00%20p.m.%22%2C%22value%22%3A%22100%22%7D%2C%7B%22label%22%3A%22Domingo%20de%2007.00%20a.m.%20to%208.00%20p.m.%22%2C%22value%22%3A%22100%22%7D%5D\u00bb bgcolor=\u00bbwhite\u00bb options=\u00bbstriped\u00bb css=\u00bb\u00bb][vc_column_text css=\u00bb\u00bb]Reserva Online 24 hours\u00a0 (requiere confirmaci\u00f3n, no es instant\u00e1neo)[\/vc_column_text][vc_goo_maps location=\u00bbAutos Elizabeth Rent A Car S.L\u00bb [&hellip;]<\/p>\n","protected":false},"author":2,"featured_media":0,"parent":0,"menu_order":0,"comment_status":"closed","ping_status":"closed","template":"","meta":{"footnotes":""},"class_list":["post-1249","page","type-page","status-publish","hentry"],"blocksy_meta":[],"_links":{"self":[{"href":"https:\/\/autoselizabeth.com\/es\/wp-json\/wp\/v2\/pages\/1249","targetHints":{"allow":["GET"]}}],"collection":[{"href":"https:\/\/autoselizabeth.com\/es\/wp-json\/wp\/v2\/pages"}],"about":[{"href":"https:\/\/autoselizabeth.com\/es\/wp-json\/wp\/v2\/types\/page"}],"author":[{"embeddable":true,"href":"https:\/\/autoselizabeth.com\/es\/wp-json\/wp\/v2\/users\/2"}],"replies":[{"embeddable":true,"href":"https:\/\/autoselizabeth.com\/es\/wp-json\/wp\/v2\/comments?post=1249"}],"version-history":[{"count":14,"href":"https:\/\/autoselizabeth.com\/es\/wp-json\/wp\/v2\/pages\/1249\/revisions"}],"predecessor-version":[{"id":2429,"href":"https:\/\/autoselizabeth.com\/es\/wp-json\/wp\/v2\/pages\/1249\/revisions\/2429"}],"wp:attachment":[{"href":"https:\/\/autoselizabeth.com\/es\/wp-json\/wp\/v2\/media?parent=1249"}],"curies":[{"name":"wp","href":"https:\/\/api.w.org\/{rel}","templated":true}]}}