{"id":1254,"date":"2025-05-17T10:00:31","date_gmt":"2025-05-17T08:00:31","guid":{"rendered":"https:\/\/autoselizabeth.com\/locations\/"},"modified":"2025-10-28T17:54:02","modified_gmt":"2025-10-28T16:54:02","slug":"ubicaciones","status":"publish","type":"page","link":"https:\/\/autoselizabeth.com\/es\/ubicaciones\/","title":{"rendered":"Ubicaciones"},"content":{"rendered":"<div class=\"wpb-content-wrapper\"><p>[vc_row][vc_column][vc_raw_html css=\u00bb\u00bb]JTNDJTIxLS0lMjBFdmVudCUyMHNuaXBwZXQlMjBmb3IlMjBGb3JtdWxhcmlvJTIwZGUlMjByZXNlcnZhJTIwY29udmVyc2lvbiUyMHBhZ2UlMEFJbiUyMHlvdXIlMjBodG1sJTIwcGFnZSUyQyUyMGFkZCUyMHRoZSUyMHNuaXBwZXQlMjBhbmQlMjBjYWxsJTIwZ3RhZ19yZXBvcnRfY29udmVyc2lvbiUyMHdoZW4lMjBzb21lb25lJTIwY2xpY2tzJTIwb24lMjB0aGUlMjBjaG9zZW4lMjBsaW5rJTIwb3IlMjBidXR0b24uJTIwLS0lM0UlMEElM0NzY3JpcHQlM0UlMEFmdW5jdGlvbiUyMGd0YWdfcmVwb3J0X2NvbnZlcnNpb24lMjh1cmwlMjklMjAlN0IlMEElMjAlMjB2YXIlMjBjYWxsYmFjayUyMCUzRCUyMGZ1bmN0aW9uJTIwJTI4JTI5JTIwJTdCJTBBJTIwJTIwJTIwJTIwaWYlMjAlMjh0eXBlb2YlMjh1cmwlMjklMjAlMjElM0QlMjAlMjd1bmRlZmluZWQlMjclMjklMjAlN0IlMEElMjAlMjAlMjAlMjAlMjAlMjB3aW5kb3cubG9jYXRpb24lMjAlM0QlMjB1cmwlM0IlMEElMjAlMjAlMjAlMjAlN0QlMEElMjAlMjAlN0QlM0IlMEElMjAlMjBndGFnJTI4JTI3ZXZlbnQlMjclMkMlMjAlMjdjb252ZXJzaW9uJTI3JTJDJTIwJTdCJTBBJTIwJTIwJTIwJTIwJTIwJTIwJTI3c2VuZF90byUyNyUzQSUyMCUyN0FXLTkzMDM4MjcwOSUyRkZ1X2pDT0RvaWNnWkVQV0cwcnNEJTI3JTJDJTBBJTIwJTIwJTIwJTIwJTIwJTIwJTI3ZXZlbnRfY2FsbGJhY2slMjclM0ElMjBjYWxsYmFjayUwQSUyMCUyMCU3RCUyOSUzQiUwQSUyMCUyMHJldHVybiUyMGZhbHNlJTNCJTBBJTdEJTBBJTNDJTJGc2NyaXB0JTNF[\/vc_raw_html][\/vc_column][\/vc_row][vc_row css=\u00bb.vc_custom_1747551305781{background-position: center !important;background-repeat: no-repeat !important;background-size: contain !important;}\u00bb][vc_column][vc_custom_heading text=\u00bbAlquiler\u00bb font_container=\u00bbtag:h1|font_size:60|text_align:center\u00bb google_fonts=\u00bbfont_family:Montserrat%3Aregular%2Citalic|font_style:900%20black%20normal%3A900%3Anormal\u00bb css=\u00bb\u00bb][vc_custom_heading text=\u00bbde Coches en Lanzarote, Fuerteventura y Gran Canaria\u00bb font_container=\u00bbtag:h1|font_size:30|text_align:center\u00bb google_fonts=\u00bbfont_family:Montserrat%3Aregular%2Citalic|font_style:900%20black%20normal%3A900%3Anormal\u00bb css=\u00bb\u00bb][vc_separator css=\u00bb\u00bb][vc_custom_heading text=\u00bbRecogida y devoluciones sin complicaciones:\u00bb font_container=\u00bbtag:h2|font_size:20|text_align:center\u00bb google_fonts=\u00bbfont_family:Montserrat%3Aregular%2Citalic|font_style:100%20thin%20normal%3A100%3Anormal\u00bb css=\u00bb\u00bb][vc_column_text css=\u00bb\u00bb]<\/p>\n<p style=\"text-align: center;\">indique su ubicaci\u00f3n (nombre del hotel o calle, n\u00famero, c\u00f3digo postal y ciudad) \u00a0en la secci\u00f3n de comentarios (en el \u00faltimo paso del proceso de <a href=\"https:\/\/autoselizabeth.com\/es\/#reservar-coche\">reserva online<\/a>) y le llevamos el coche sin coste adicional.<\/p>\n<p>[\/vc_column_text][\/vc_column][\/vc_row][vc_row][vc_column][vc_row_inner css=\u00bb.vc_custom_1757948591200{background-color: #FFFFFF !important;border-radius: 3px !important;}\u00bb][vc_column_inner width=\u00bb1\/2&#8243;][vc_column_text css=\u00bb\u00bb]<\/p>\n<h1 class=\"vc_custom_heading vc_do_custom_heading\" style=\"text-align: center;\">Oficina Central<\/h1>\n<p>[\/vc_column_text][vc_message message_box_color=\u00bbgreen\u00bb icon_type=\u00bblinecons\u00bb icon_linecons=\u00bbvc_li vc_li-location\u00bb css_animation=\u00bbfadeInUp\u00bb css=\u00bb\u00bb]<\/p>\n<div class=\"wpb_text_column wpb_content_element\">\n<div class=\"wpb_wrapper\">\n<p><a href=\"https:\/\/maps.app.goo.gl\/3ZrVsMoch1kLMELp7\" target=\"_blank\" rel=\"noopener\"><strong>Elizabeth Rent a Car\u00ae<\/strong>\u00a0 Calle Timanfaya, S\/N, 35510, Puerto del Carmen, Lanzarote<\/a><\/p>\n<\/div>\n<\/div>\n<p>[\/vc_message][vc_column_text css=\u00bb\u00bb]<\/p>\n<blockquote><p>Vis\u00edtenos para alquilar un coche, estamos abiertos todos los d\u00edas de la semana de 07:00 a 20:00. O reserve su coche, <a href=\"https:\/\/autoselizabeth.com\/es\/#reservar-coche\">Online<\/a>, v\u00eda <strong><a href=\"https:\/\/wa.me\/665631079\" target=\"_blank\" rel=\"noopener\">WhatsApp<\/a><\/strong>\u00a0 o ll\u00e1menos al <strong><a href=\"tel:+34 928 510 812\">+34 928 510 812<\/a><\/strong>\u00a0y le llevaremos el coche sin coste adicional.<\/p><\/blockquote>\n<p>[\/vc_column_text][\/vc_column_inner][vc_column_inner width=\u00bb1\/2&#8243;][vc_goo_maps location=\u00bbAutos Elizabeth Rent A Car S.L\u00bb css=\u00bb\u00bb][\/vc_column_inner][\/vc_row_inner][vc_empty_space][vc_custom_heading text=\u00bbDesde 1986 entregamos y recogemos el coche de alquiler, sin coste adicional, en el lugar indicado por el cliente.\u00bb font_container=\u00bbtag:h2|font_size:20|text_align:center\u00bb google_fonts=\u00bbfont_family:Montserrat%3Aregular%2Citalic|font_style:100%20thin%20normal%3A100%3Anormal\u00bb css=\u00bb\u00bb][vc_icon icon_fontawesome=\u00bbfa fa-solid fa-chevron-down\u00bb color=\u00bbgreen\u00bb align=\u00bbcenter\u00bb css=\u00bb\u00bb][\/vc_column][\/vc_row][vc_row][vc_column][vc_empty_space][\/vc_column][\/vc_row][vc_row][vc_column][vc_column_text css=\u00bb\u00bb]<\/p>\n<h1 class=\"vc_custom_heading vc_do_custom_heading\" style=\"text-align: center;\">Alquilar coche en Lanzarote<\/h1>\n<p>[\/vc_column_text][vc_message message_box_color=\u00bbwhite\u00bb icon_type=\u00bblinecons\u00bb icon_linecons=\u00bbvc_li vc_li-location\u00bb css_animation=\u00bblightSpeedIn\u00bb css=\u00bb\u00bb]<\/p>\n<div class=\"wpb_text_column wpb_content_element\">\n<div class=\"wpb_wrapper\">\n<div class=\"wpb_text_column wpb_content_element\">\n<div class=\"wpb_wrapper\">\n<p><a href=\"https:\/\/autoselizabeth.com\/es\/#reservar-coche\">Reserva su coche online <\/a>\u00a0y se lo llevaremos al lugar que nos indique en Lanzarote sin coste adicional.<\/p>\n<\/div>\n<\/div>\n<\/div>\n<\/div>\n<p>[\/vc_message][vc_goo_maps location=\u00bbLanzarote, Islas Canarias\u00bb css=\u00bb\u00bb][vc_column_text css=\u00bb\u00bb]<\/p>\n<blockquote><p>Tambi\u00e9n puede reservar su coche v\u00eda <strong><a href=\"https:\/\/wa.me\/665631079\" target=\"_blank\" rel=\"noopener\">WhatsApp<\/a><\/strong> y por tel\u00e9fono <strong><a href=\"tel:+34 928 510 812\">+34 928 510 812 <\/a><\/strong>\u00a0 todos los d\u00edas de la semana de 7:00 am a 20:00 pm<\/p><\/blockquote>\n<p>[\/vc_column_text][vc_empty_space][vc_icon icon_fontawesome=\u00bbfa fa-solid fa-chevron-down\u00bb color=\u00bbgreen\u00bb align=\u00bbcenter\u00bb css=\u00bb\u00bb][\/vc_column][\/vc_row][vc_row][vc_column][vc_empty_space][\/vc_column][\/vc_row][vc_row][vc_column][vc_column_text css=\u00bb\u00bb]<\/p>\n<h1 class=\"vc_custom_heading vc_do_custom_heading\" style=\"text-align: center;\">Alquilar coche en Fuerteventura<\/h1>\n<p>[\/vc_column_text][vc_message message_box_color=\u00bbwhite\u00bb icon_type=\u00bblinecons\u00bb icon_linecons=\u00bbvc_li vc_li-location\u00bb css_animation=\u00bblightSpeedIn\u00bb css=\u00bb\u00bb]<\/p>\n<div class=\"wpb_text_column wpb_content_element\">\n<div class=\"wpb_wrapper\">\n<div class=\"wpb_text_column wpb_content_element\">\n<div class=\"wpb_wrapper\">\n<p><a href=\"https:\/\/autoselizabeth.com\/es\/#reservar-coche\">Reserva su coche online <\/a>\u00a0y se lo llevaremos al lugar que nos indique en Fuerteventura sin coste adicional.<\/p>\n<\/div>\n<\/div>\n<\/div>\n<\/div>\n<p>[\/vc_message][vc_goo_maps location=\u00bbFuerteventura, Islas Canarias\u00bb css=\u00bb\u00bb][vc_column_text css=\u00bb\u00bb]<\/p>\n<blockquote><p>Tambi\u00e9n puede reservar su coche v\u00eda <strong><a href=\"https:\/\/wa.me\/665631079\" target=\"_blank\" rel=\"noopener\">WhatsApp<\/a><\/strong> y por tel\u00e9fono <strong><a href=\"tel:+34 928 510 812\">+34 928 510 812 <\/a><\/strong>\u00a0 todos los d\u00edas de la semana de 7:00 am a 20:00 pm<\/p><\/blockquote>\n<p>[\/vc_column_text][vc_empty_space][vc_icon icon_fontawesome=\u00bbfa fa-solid fa-chevron-down\u00bb color=\u00bbgreen\u00bb align=\u00bbcenter\u00bb css=\u00bb\u00bb][\/vc_column][\/vc_row][vc_row][vc_column][vc_empty_space][\/vc_column][\/vc_row][vc_row][vc_column][vc_column_text css=\u00bb\u00bb]<\/p>\n<h1 class=\"vc_custom_heading vc_do_custom_heading\" style=\"text-align: center;\">Alquilar coche en\u00a0 Gran Canaria<\/h1>\n<p>[\/vc_column_text][vc_message message_box_color=\u00bbwhite\u00bb icon_type=\u00bblinecons\u00bb icon_linecons=\u00bbvc_li vc_li-location\u00bb css_animation=\u00bblightSpeedIn\u00bb css=\u00bb\u00bb]<\/p>\n<div class=\"wpb_text_column wpb_content_element\">\n<div class=\"wpb_wrapper\">\n<div class=\"wpb_text_column wpb_content_element\">\n<div class=\"wpb_wrapper\">\n<p><a href=\"https:\/\/autoselizabeth.com\/es\/#reservar-coche\">Reserva su coche online <\/a>\u00a0y se lo llevaremos al lugar que nos indique en Gran Canaria sin coste adicional.<\/p>\n<\/div>\n<\/div>\n<\/div>\n<\/div>\n<p>[\/vc_message][vc_goo_maps location=\u00bbGran Canaria, Islas Canarias\u00bb css=\u00bb\u00bb][vc_column_text css=\u00bb\u00bb]<\/p>\n<blockquote><p>Tambi\u00e9n puede reservar su coche v\u00eda <strong><a href=\"https:\/\/wa.me\/665631079\" target=\"_blank\" rel=\"noopener\">WhatsApp<\/a><\/strong> y por tel\u00e9fono <strong><a href=\"tel:+34 928 510 812\">+34 928 510 812 <\/a><\/strong>\u00a0 todos los d\u00edas de la semana de 7:00 am a 20:00 pm<\/p><\/blockquote>\n<p>[\/vc_column_text][vc_empty_space][\/vc_column][\/vc_row][vc_row][vc_column][vc_single_image image=\u00bb1172&#8243; img_size=\u00bbmedium\u00bb alignment=\u00bbcenter\u00bb css=\u00bb\u00bb][vc_icon icon_fontawesome=\u00bbfa fa-solid fa-chevron-down\u00bb color=\u00bbgreen\u00bb align=\u00bbcenter\u00bb css=\u00bb\u00bb][vc_row_inner css=\u00bb.vc_custom_1744789149377{background-color: #FFFFFF !important;border-radius: 3px !important;}\u00bb][vc_column_inner width=\u00bb1\/3&#8243;][vc_btn title=\u00bb\u00a1Te llevamos el coche!\u00bb style=\u00bbcustom\u00bb custom_background=\u00bb#333333&#8243; custom_text=\u00bb#FFFFFF\u00bb size=\u00bblg\u00bb align=\u00bbcenter\u00bb css=\u00bb\u00bb button_block=\u00bbtrue\u00bb link=\u00bburl:https%3A%2F%2Fautoselizabeth.com%2Fes%2F%23reservar-coche\u00bb][vc_column_text css=\u00bb\u00bb]<\/p>\n<ul>\n<li>Introduzca una direcci\u00f3n espec\u00edfica en Lanzarote, Fuerteventura o Gran Canaria: en la secci\u00f3n de comentarios de la \u00faltima p\u00e1gina del proceso de reserva.<\/li>\n<li>Ind\u00edquenos el hotel o la calle, el n\u00famero, el c\u00f3digo postal y la ciudad, y le llevaremos el coche de alquiler \u00a1sin coste adicional!<\/li>\n<\/ul>\n<p>[\/vc_column_text][\/vc_column_inner][vc_column_inner width=\u00bb1\/3&#8243;][vc_btn title=\u00bbDevoluciones y entregas sencillas\u00bb style=\u00bbcustom\u00bb custom_background=\u00bb#333333&#8243; custom_text=\u00bb#FFFFFF\u00bb size=\u00bblg\u00bb align=\u00bbcenter\u00bb css=\u00bb\u00bb button_block=\u00bbtrue\u00bb link=\u00bburl:https%3A%2F%2Fautoselizabeth.com%2Fes%2Falquiler-de-coches%2F|title:Alquiler%20de%20Coches\u00bb][vc_column_text css=\u00bb\u00bb]En la ubicaci\u00f3n que nos indique firmaremos el contrato. Podr\u00e1s indicar una direcci\u00f3n diferente tanto en la entrega como en la recogida del coche de alquiler. Simplificamos los pasos, lo importante es el tiempo que dediques a descubrir nuestras islas.[\/vc_column_text][\/vc_column_inner][vc_column_inner width=\u00bb1\/3&#8243;][vc_btn title=\u00bbAtenci\u00f3n y reservas\u00bb style=\u00bbcustom\u00bb custom_background=\u00bb#333333&#8243; custom_text=\u00bb#FFFFFF\u00bb size=\u00bblg\u00bb align=\u00bbcenter\u00bb css=\u00bb\u00bb button_block=\u00bbtrue\u00bb link=\u00bburl:https%3A%2F%2Fautoselizabeth.com%2Fes%2Fcontacto%2F|title:Contacto\u00bb][vc_column_text css=\u00bb\u00bb]<a href=\"https:\/\/autoselizabeth.com\/es\/#reservar-coche\">Book Online<\/a> 24 horas (este proceso no es instant\u00e1neo, requiere confirmaci\u00f3n).<\/p>\n<p>De lunes a domingo de 07:00 a 20:00 v\u00eda <a href=\"https:\/\/wa.me\/665631079\" target=\"_blank\" rel=\"noopener\">WhatsApp<\/a>, por tel\u00e9fono\u00a0 <a href=\"tel:+34 928 510 812\">+34 928 510 812 <\/a>\u00a0o en nuestra sede central <a href=\"https:\/\/maps.app.goo.gl\/t2iHggAheRfSPWvw5\" target=\"_blank\" rel=\"noopener\">C\/ Timanfaya s\/n,\u00a0 35510, Puerto Del Carmen, Lanzarote, Islas Canarias<\/a>[\/vc_column_text][\/vc_column_inner][\/vc_row_inner][\/vc_column][\/vc_row]<\/p>\n<\/div>","protected":false},"excerpt":{"rendered":"<p>[vc_row][vc_column][vc_raw_html css=\u00bb\u00bb]JTNDJTIxLS0lMjBFdmVudCUyMHNuaXBwZXQlMjBmb3IlMjBGb3JtdWxhcmlvJTIwZGUlMjByZXNlcnZhJTIwY29udmVyc2lvbiUyMHBhZ2UlMEFJbiUyMHlvdXIlMjBodG1sJTIwcGFnZSUyQyUyMGFkZCUyMHRoZSUyMHNuaXBwZXQlMjBhbmQlMjBjYWxsJTIwZ3RhZ19yZXBvcnRfY29udmVyc2lvbiUyMHdoZW4lMjBzb21lb25lJTIwY2xpY2tzJTIwb24lMjB0aGUlMjBjaG9zZW4lMjBsaW5rJTIwb3IlMjBidXR0b24uJTIwLS0lM0UlMEElM0NzY3JpcHQlM0UlMEFmdW5jdGlvbiUyMGd0YWdfcmVwb3J0X2NvbnZlcnNpb24lMjh1cmwlMjklMjAlN0IlMEElMjAlMjB2YXIlMjBjYWxsYmFjayUyMCUzRCUyMGZ1bmN0aW9uJTIwJTI4JTI5JTIwJTdCJTBBJTIwJTIwJTIwJTIwaWYlMjAlMjh0eXBlb2YlMjh1cmwlMjklMjAlMjElM0QlMjAlMjd1bmRlZmluZWQlMjclMjklMjAlN0IlMEElMjAlMjAlMjAlMjAlMjAlMjB3aW5kb3cubG9jYXRpb24lMjAlM0QlMjB1cmwlM0IlMEElMjAlMjAlMjAlMjAlN0QlMEElMjAlMjAlN0QlM0IlMEElMjAlMjBndGFnJTI4JTI3ZXZlbnQlMjclMkMlMjAlMjdjb252ZXJzaW9uJTI3JTJDJTIwJTdCJTBBJTIwJTIwJTIwJTIwJTIwJTIwJTI3c2VuZF90byUyNyUzQSUyMCUyN0FXLTkzMDM4MjcwOSUyRkZ1X2pDT0RvaWNnWkVQV0cwcnNEJTI3JTJDJTBBJTIwJTIwJTIwJTIwJTIwJTIwJTI3ZXZlbnRfY2FsbGJhY2slMjclM0ElMjBjYWxsYmFjayUwQSUyMCUyMCU3RCUyOSUzQiUwQSUyMCUyMHJldHVybiUyMGZhbHNlJTNCJTBBJTdEJTBBJTNDJTJGc2NyaXB0JTNF[\/vc_raw_html][\/vc_column][\/vc_row][vc_row css=\u00bb.vc_custom_1747551305781{background-position: center !important;background-repeat: no-repeat !important;background-size: contain !important;}\u00bb][vc_column][vc_custom_heading text=\u00bbAlquiler\u00bb font_container=\u00bbtag:h1|font_size:60|text_align:center\u00bb google_fonts=\u00bbfont_family:Montserrat%3Aregular%2Citalic|font_style:900%20black%20normal%3A900%3Anormal\u00bb css=\u00bb\u00bb][vc_custom_heading text=\u00bbde Coches en Lanzarote, Fuerteventura y Gran Canaria\u00bb font_container=\u00bbtag:h1|font_size:30|text_align:center\u00bb google_fonts=\u00bbfont_family:Montserrat%3Aregular%2Citalic|font_style:900%20black%20normal%3A900%3Anormal\u00bb css=\u00bb\u00bb][vc_separator css=\u00bb\u00bb][vc_custom_heading text=\u00bbRecogida y devoluciones sin complicaciones:\u00bb font_container=\u00bbtag:h2|font_size:20|text_align:center\u00bb google_fonts=\u00bbfont_family:Montserrat%3Aregular%2Citalic|font_style:100%20thin%20normal%3A100%3Anormal\u00bb css=\u00bb\u00bb][vc_column_text css=\u00bb\u00bb] indique su ubicaci\u00f3n (nombre del hotel o calle, n\u00famero, c\u00f3digo postal y ciudad) \u00a0en la secci\u00f3n de comentarios (en el \u00faltimo [&hellip;]<\/p>\n","protected":false},"author":2,"featured_media":0,"parent":0,"menu_order":0,"comment_status":"closed","ping_status":"closed","template":"","meta":{"footnotes":""},"class_list":["post-1254","page","type-page","status-publish","hentry"],"blocksy_meta":[],"_links":{"self":[{"href":"https:\/\/autoselizabeth.com\/es\/wp-json\/wp\/v2\/pages\/1254","targetHints":{"allow":["GET"]}}],"collection":[{"href":"https:\/\/autoselizabeth.com\/es\/wp-json\/wp\/v2\/pages"}],"about":[{"href":"https:\/\/autoselizabeth.com\/es\/wp-json\/wp\/v2\/types\/page"}],"author":[{"embeddable":true,"href":"https:\/\/autoselizabeth.com\/es\/wp-json\/wp\/v2\/users\/2"}],"replies":[{"embeddable":true,"href":"https:\/\/autoselizabeth.com\/es\/wp-json\/wp\/v2\/comments?post=1254"}],"version-history":[{"count":24,"href":"https:\/\/autoselizabeth.com\/es\/wp-json\/wp\/v2\/pages\/1254\/revisions"}],"predecessor-version":[{"id":2423,"href":"https:\/\/autoselizabeth.com\/es\/wp-json\/wp\/v2\/pages\/1254\/revisions\/2423"}],"wp:attachment":[{"href":"https:\/\/autoselizabeth.com\/es\/wp-json\/wp\/v2\/media?parent=1254"}],"curies":[{"name":"wp","href":"https:\/\/api.w.org\/{rel}","templated":true}]}}