{"id":1305,"date":"2025-07-21T10:17:57","date_gmt":"2025-07-21T08:17:57","guid":{"rendered":"https:\/\/autoselizabeth.com\/tour-operators\/"},"modified":"2025-10-22T16:39:30","modified_gmt":"2025-10-22T14:39:30","slug":"tour-operadores","status":"publish","type":"page","link":"https:\/\/autoselizabeth.com\/es\/tour-operadores\/","title":{"rendered":"Tour Operadores"},"content":{"rendered":"<div class=\"wpb-content-wrapper\"><p>[vc_row][vc_column][vc_raw_html css=\u00bb\u00bb]JTNDJTIxLS0lMjBFdmVudCUyMHNuaXBwZXQlMjBmb3IlMjBGb3JtdWxhcmlvJTIwZGUlMjByZXNlcnZhJTIwY29udmVyc2lvbiUyMHBhZ2UlMEFJbiUyMHlvdXIlMjBodG1sJTIwcGFnZSUyQyUyMGFkZCUyMHRoZSUyMHNuaXBwZXQlMjBhbmQlMjBjYWxsJTIwZ3RhZ19yZXBvcnRfY29udmVyc2lvbiUyMHdoZW4lMjBzb21lb25lJTIwY2xpY2tzJTIwb24lMjB0aGUlMjBjaG9zZW4lMjBsaW5rJTIwb3IlMjBidXR0b24uJTIwLS0lM0UlMEElM0NzY3JpcHQlM0UlMEFmdW5jdGlvbiUyMGd0YWdfcmVwb3J0X2NvbnZlcnNpb24lMjh1cmwlMjklMjAlN0IlMEElMjAlMjB2YXIlMjBjYWxsYmFjayUyMCUzRCUyMGZ1bmN0aW9uJTIwJTI4JTI5JTIwJTdCJTBBJTIwJTIwJTIwJTIwaWYlMjAlMjh0eXBlb2YlMjh1cmwlMjklMjAlMjElM0QlMjAlMjd1bmRlZmluZWQlMjclMjklMjAlN0IlMEElMjAlMjAlMjAlMjAlMjAlMjB3aW5kb3cubG9jYXRpb24lMjAlM0QlMjB1cmwlM0IlMEElMjAlMjAlMjAlMjAlN0QlMEElMjAlMjAlN0QlM0IlMEElMjAlMjBndGFnJTI4JTI3ZXZlbnQlMjclMkMlMjAlMjdjb252ZXJzaW9uJTI3JTJDJTIwJTdCJTBBJTIwJTIwJTIwJTIwJTIwJTIwJTI3c2VuZF90byUyNyUzQSUyMCUyN0FXLTkzMDM4MjcwOSUyRkZ1X2pDT0RvaWNnWkVQV0cwcnNEJTI3JTJDJTBBJTIwJTIwJTIwJTIwJTIwJTIwJTI3ZXZlbnRfY2FsbGJhY2slMjclM0ElMjBjYWxsYmFjayUwQSUyMCUyMCU3RCUyOSUzQiUwQSUyMCUyMHJldHVybiUyMGZhbHNlJTNCJTBBJTdEJTBBJTNDJTJGc2NyaXB0JTNF[\/vc_raw_html][\/vc_column][\/vc_row][vc_row][vc_column][vc_empty_space][vc_custom_heading text=\u00bbTour Operadores\u00bb font_container=\u00bbtag:h1|font_size:45|text_align:left\u00bb google_fonts=\u00bbfont_family:Montserrat%3Aregular%2Citalic|font_style:900%20black%20normal%3A900%3Anormal\u00bb css=\u00bb\u00bb][vc_column_text css=\u00bb\u00bb]<\/p>\n<h5 class=\"vc_custom_heading vc_do_custom_heading\"><strong>\u00abPotencia tus tours con nuestro servicio de alquiler de coches en Lanzarote, Fuerteventura y Gran Canaria\u00bb<\/strong><\/h5>\n<p>Nos especializamos en atender a tour operadores, proporcionando veh\u00edculos de calidad, tarifas competitivas y un servicio personalizado para que puedas ofrecer lo mejor a tus clientes.[\/vc_column_text][vc_empty_space height=\u00bb22px\u00bb][\/vc_column][\/vc_row][vc_row css=\u00bb.vc_custom_1750668758430{background-color: #FFFFFF !important;border-radius: 3px !important;}\u00bb][vc_column width=\u00bb1\/2&#8243;][vc_cta h2=\u00bbActualizados, modernos y en buen estado\u00bb h2_font_container=\u00bbtag:h3|font_size:22|text_align:left\u00bb h2_google_fonts=\u00bbfont_family:Montserrat%3Aregular%2Citalic|font_style:100%20thin%20normal%3A100%3Anormal\u00bb color=\u00bbblack\u00bb css=\u00bb.vc_custom_1761143950059{background-color: #FFFFFF !important;}\u00bb use_custom_fonts_h2=\u00bbtrue\u00bb]<\/p>\n<header class=\"vc_cta3-content-header\"><\/header>\n<p>Ponemos a la disposici\u00f3n de todos nuestros clientes y tour operadores, procesos sencillos, entregas r\u00e1pidas y atenci\u00f3n personalizada. Nos aseguramos de que la reserva online sea \u00e1gil y en su idioma, y que la experiencia final del cliente sea m\u00e1s que satisfactoria.[\/vc_cta][vc_gallery interval=\u00bb3&#8243; images=\u00bb1244,1240,1243,1231,1222,1225,1221,1226,1227,1229&#8243; img_size=\u00bbfull\u00bb css=\u00bb\u00bb][\/vc_column][vc_column width=\u00bb1\/2&#8243;][vc_custom_heading text=\u00bbElizabeth Rent a Car\u00bb font_container=\u00bbtag:h2|font_size:18|text_align:left\u00bb google_fonts=\u00bbfont_family:Montserrat%3Aregular%2Citalic|font_style:300%20light%20normal%3A300%3Anormal\u00bb css=\u00bb\u00bb][vc_custom_heading text=\u00bbCalidad, seguridad y buen precio, todo en un solo lugar\u00bb font_container=\u00bbtag:h2|font_size:22|text_align:left\u00bb google_fonts=\u00bbfont_family:Montserrat%3Aregular%2Citalic|font_style:900%20black%20normal%3A900%3Anormal\u00bb css=\u00bb\u00bb][vc_column_text css=\u00bb\u00bb]<\/p>\n<blockquote><p>Nuestra flota la forma una amplia variedad de veh\u00edculos. Siempre renovados y con atenci\u00f3n mec\u00e1nica 24\/7 para que tus clientes disfruten de una experiencia inolvidable.<\/p><\/blockquote>\n<p>[\/vc_column_text][vc_images_carousel images=\u00bb1205,1204,1203,1202,1201&#8243; img_size=\u00bbmedium\u00bb speed=\u00bb2000&#8243; autoplay=\u00bbyes\u00bb hide_pagination_control=\u00bbyes\u00bb hide_prev_next_buttons=\u00bbyes\u00bb wrap=\u00bbyes\u00bb css=\u00bb\u00bb][\/vc_column][\/vc_row][vc_row][vc_column width=\u00bb1\/2&#8243;][vc_custom_heading text=\u00bbNuestra experiencia nos avala\u00bb font_container=\u00bbtag:h2|text_align:right\u00bb google_fonts=\u00bbfont_family:Montserrat%3Aregular%2Citalic|font_style:100%20thin%20normal%3A100%3Anormal\u00bb css=\u00bb\u00bb][vc_custom_heading text=\u00bbComo empresa local, 100 % canaria y especializada en la zona oriental de la comunidad aut\u00f3noma de Canarias, podemos ofrecer servicios totalmente personalizados y de alta calidad.\u00bb font_container=\u00bbtag:h3|font_size:20|text_align:right\u00bb google_fonts=\u00bbfont_family:Montserrat%3Aregular%2Citalic|font_style:400%20regular%20normal%3A400%3Anormal\u00bb css=\u00bb\u00bb][\/vc_column][vc_column width=\u00bb1\/2&#8243;][vc_column_text css=\u00bb\u00bb]<img loading=\"lazy\" decoding=\"async\" class=\" wp-image-1209 alignleft\" src=\"https:\/\/autoselizabeth.com\/wp-content\/uploads\/2025\/09\/CEO-Angel-Alvarez-Elizabeth-rentacar-300x300.png\" alt=\"\" width=\"140\" height=\"140\" srcset=\"https:\/\/autoselizabeth.com\/wp-content\/uploads\/2025\/09\/CEO-Angel-Alvarez-Elizabeth-rentacar-300x300.png 300w, https:\/\/autoselizabeth.com\/wp-content\/uploads\/2025\/09\/CEO-Angel-Alvarez-Elizabeth-rentacar-150x150.png 150w, https:\/\/autoselizabeth.com\/wp-content\/uploads\/2025\/09\/CEO-Angel-Alvarez-Elizabeth-rentacar.png 350w\" sizes=\"auto, (max-width: 140px) 100vw, 140px\" \/><strong>\u00bfListo para colaborar con un socio confiable en el alquiler de coches?<\/strong> Cont\u00e1ctanos para que podamos cubrir las necesidades del alquiler de coches de tus clientes en las islas de Lanzarote, Fuerteventura y Gran Canaria\u2019<\/p>\n<h6><strong>\u00c1ngel \u00c1lvarez<\/strong><br \/>\n<strong>Dtor. General<\/strong><\/h6>\n<p>[\/vc_column_text][\/vc_column][\/vc_row][vc_row][vc_column][vc_row_inner][vc_column_inner width=\u00bb1\/2&#8243;][vc_cta h2=\u00bbNuestro equipo se encarga de\u00bb h2_font_container=\u00bbtag:h3|text_align:left\u00bb h2_google_fonts=\u00bbfont_family:Montserrat%3Aregular%2Citalic|font_style:100%20thin%20normal%3A100%3Anormal\u00bb color=\u00bbblack\u00bb css=\u00bb.vc_custom_1757415885683{background-color: #FFFFFF !important;}\u00bb use_custom_fonts_h2=\u00bbtrue\u00bb]<\/p>\n<header class=\"vc_cta3-content-header\"><\/header>\n<p>ofrecerte las mejores tarifas y un servicio personalizado para que puedas concentrarte en lo que realmente importa: brindar experiencias \u00fanicas a tus clientes.[\/vc_cta][vc_cta h2=\u00bbMotor de reserva multi-idomas\u00bb h2_font_container=\u00bbtag:h3|text_align:left\u00bb h2_google_fonts=\u00bbfont_family:Montserrat%3Aregular%2Citalic|font_style:100%20thin%20normal%3A100%3Anormal\u00bb color=\u00bbblack\u00bb css=\u00bb.vc_custom_1753086204936{background-color: #FFFFFF !important;}\u00bb use_custom_fonts_h2=\u00bbtrue\u00bb]<\/p>\n<header class=\"vc_cta3-content-header\"><\/header>\n<p>Reserva online en ingl\u00e9s, alem\u00e1n, fr\u00e1nces, italiano y espa\u00f1ol.[\/vc_cta][vc_cta h2=\u00bbEntregas y recogidas\u00bb h2_font_container=\u00bbtag:h3|text_align:left\u00bb h2_google_fonts=\u00bbfont_family:Montserrat%3Aregular%2Citalic|font_style:100%20thin%20normal%3A100%3Anormal\u00bb color=\u00bbblack\u00bb css=\u00bb.vc_custom_1757415869507{background-color: #FFFFFF !important;}\u00bb use_custom_fonts_h2=\u00bbtrue\u00bb]<\/p>\n<header class=\"vc_cta3-content-header\"><\/header>\n<p>Sin coste adicional en la reserva del cliente. Podr\u00e1 introducir una direcci\u00f3n espec\u00edfica, en la secci\u00f3n de comentarios, en la fase final de la reserva en la secci\u00f3n de comentarios.[\/vc_cta][vc_cta h2=\u00bbComunicaci\u00f3n efectiva\u00bb h2_font_container=\u00bbtag:h3|text_align:left\u00bb h2_google_fonts=\u00bbfont_family:Montserrat%3Aregular%2Citalic|font_style:100%20thin%20normal%3A100%3Anormal\u00bb color=\u00bbblack\u00bb css=\u00bb.vc_custom_1757415942895{background-color: #FFFFFF !important;}\u00bb use_custom_fonts_h2=\u00bbtrue\u00bb]<\/p>\n<header class=\"vc_cta3-content-header\"><\/header>\n<p>Ofrecemos diferentes v\u00edas para completar la reserva y\u00a0 la comunicaci\u00f3n con el cliente, con el fin de adaptarnos a sus necesidades.[\/vc_cta][\/vc_column_inner][vc_column_inner width=\u00bb1\/2&#8243;][vc_cta h2=\u00bbIncluido en nuestras tarifas:\u00bb h2_font_container=\u00bbtag:h3|text_align:left\u00bb h2_google_fonts=\u00bbfont_family:Montserrat%3Aregular%2Citalic|font_style:100%20thin%20normal%3A100%3Anormal\u00bb color=\u00bbblack\u00bb css=\u00bb.vc_custom_1753086099938{background-color: #FFFFFF !important;}\u00bb use_custom_fonts_h2=\u00bbtrue\u00bb]<\/p>\n<header class=\"vc_cta3-content-header\"><\/header>\n<p>segundo conductor adicional, seguro y asistencia t\u00e9cnica 24\/7. Todo para que puedas concentrarte en ofrecer a tus clientes un viaje sin preocupaciones.[\/vc_cta][vc_cta h2=\u00bbUbicaciones\u00bb h2_font_container=\u00bbtag:h3|text_align:left\u00bb h2_google_fonts=\u00bbfont_family:Montserrat%3Aregular%2Citalic|font_style:100%20thin%20normal%3A100%3Anormal\u00bb color=\u00bbblack\u00bb css=\u00bb.vc_custom_1757415347151{background-color: #FFFFFF !important;}\u00bb use_custom_fonts_h2=\u00bbtrue\u00bb]<\/p>\n<header class=\"vc_cta3-content-header\"><\/header>\n<p>Somos especialistas en Lanzarote, Fuerteventura y Gran Canaria[\/vc_cta][vc_cta h2=\u00bbTransparencia\u00bb h2_font_container=\u00bbtag:h3|text_align:left\u00bb h2_google_fonts=\u00bbfont_family:Montserrat%3Aregular%2Citalic|font_style:100%20thin%20normal%3A100%3Anormal\u00bb color=\u00bbblack\u00bb css=\u00bb.vc_custom_1757415767343{background-color: #FFFFFF !important;}\u00bb use_custom_fonts_h2=\u00bbtrue\u00bb]<\/p>\n<header class=\"vc_cta3-content-header\"><\/header>\n<p>Desde nuestras p\u00e1g. legales al <a href=\"https:\/\/autoselizabeth.com\/es\/condiciones-generales-del-alquiler-de-coches\/\">contrato<\/a> o c<a href=\"https:\/\/autoselizabeth.com\/es\/codigo-de-conducta\/\">\u00f3digo de conducta<\/a>, Brindamos toda la informaci\u00f3n de forma \u00e1gil y transparente[\/vc_cta][vc_cta h2=\u00bbCompromiso\u00bb h2_font_container=\u00bbtag:h3|text_align:left\u00bb h2_google_fonts=\u00bbfont_family:Montserrat%3Aregular%2Citalic|font_style:100%20thin%20normal%3A100%3Anormal\u00bb color=\u00bbblack\u00bb css=\u00bb.vc_custom_1757425058031{background-color: #FFFFFF !important;}\u00bb use_custom_fonts_h2=\u00bbtrue\u00bb]<\/p>\n<header class=\"vc_cta3-content-header\"><\/header>\n<p>Somos una empresa familiar con a\u00f1os de experiencia en el sector. A diferencia de las empresas grandes del sector, y dado nuestra condici\u00f3n de empresa local, podemos ofrecer un trato totalmente personalizado, cercano y amable con el cliente.[\/vc_cta][\/vc_column_inner][\/vc_row_inner][vc_icon icon_fontawesome=\u00bbfa fa-solid fa-arrow-down-long\u00bb color=\u00bbblack\u00bb align=\u00bbcenter\u00bb css=\u00bb\u00bb][vc_custom_heading text=\u00bb\u00a1Cont\u00e1ctenos!\u00bb font_container=\u00bbtag:h1|text_align:center\u00bb google_fonts=\u00bbfont_family:Montserrat%3Aregular%2Citalic|font_style:100%20thin%20normal%3A100%3Anormal\u00bb css=\u00bb\u00bb]\n<div class=\"wpcf7 no-js\" id=\"wpcf7-f2188-o1\" lang=\"es-ES\" dir=\"ltr\" data-wpcf7-id=\"2188\">\n<div class=\"screen-reader-response\"><p role=\"status\" aria-live=\"polite\" aria-atomic=\"true\"><\/p> <ul><\/ul><\/div>\n<form action=\"\/es\/wp-json\/wp\/v2\/pages\/1305#wpcf7-f2188-o1\" method=\"post\" class=\"wpcf7-form init\" aria-label=\"Formulario de contacto\" novalidate=\"novalidate\" data-status=\"init\">\n<fieldset class=\"hidden-fields-container\"><input type=\"hidden\" name=\"_wpcf7\" value=\"2188\" \/><input type=\"hidden\" name=\"_wpcf7_version\" value=\"6.1.5\" \/><input type=\"hidden\" name=\"_wpcf7_locale\" value=\"es_ES\" \/><input type=\"hidden\" name=\"_wpcf7_unit_tag\" value=\"wpcf7-f2188-o1\" \/><input type=\"hidden\" name=\"_wpcf7_container_post\" value=\"0\" \/><input type=\"hidden\" name=\"_wpcf7_posted_data_hash\" value=\"\" \/><input type=\"hidden\" name=\"_wpcf7_recaptcha_response\" value=\"\" \/>\n<\/fieldset>\n<p><label>Nombre<br \/>\n<span class=\"wpcf7-form-control-wrap\" data-name=\"your-name\"><input size=\"40\" maxlength=\"400\" class=\"wpcf7-form-control wpcf7-text wpcf7-validates-as-required\" autocomplete=\"name\" aria-required=\"true\" aria-invalid=\"false\" value=\"\" type=\"text\" name=\"your-name\" \/><\/span><br \/>\n<\/label>\n<\/p>\n<p><label>Tel\u00e9fono<br \/>\n<span class=\"wpcf7-form-control-wrap\" data-name=\"your-tel\"><input size=\"40\" maxlength=\"400\" class=\"wpcf7-form-control wpcf7-tel wpcf7-validates-as-required wpcf7-text wpcf7-validates-as-tel\" autocomplete=\"tel\" aria-required=\"true\" aria-invalid=\"false\" value=\"\" type=\"tel\" name=\"your-tel\" \/><\/span><br \/>\n<\/label>\n<\/p>\n<p><label>E-mail<br \/>\n<span class=\"wpcf7-form-control-wrap\" data-name=\"your-email\"><input size=\"40\" maxlength=\"400\" class=\"wpcf7-form-control wpcf7-email wpcf7-validates-as-required wpcf7-text wpcf7-validates-as-email\" autocomplete=\"email\" aria-required=\"true\" aria-invalid=\"false\" value=\"\" type=\"email\" name=\"your-email\" \/><\/span><br \/>\n<\/label>\n<\/p>\n<p><label>Asunto<br \/>\n<span class=\"wpcf7-form-control-wrap\" data-name=\"your-subject\"><input size=\"40\" maxlength=\"400\" class=\"wpcf7-form-control wpcf7-text wpcf7-validates-as-required\" aria-required=\"true\" aria-invalid=\"false\" value=\"\" type=\"text\" name=\"your-subject\" \/><\/span><br \/>\n<\/label>\n<\/p>\n<p><label>Tu mensaje<br \/>\n<span class=\"wpcf7-form-control-wrap\" data-name=\"your-message\"><textarea cols=\"40\" rows=\"10\" maxlength=\"2000\" class=\"wpcf7-form-control wpcf7-textarea\" aria-invalid=\"false\" name=\"your-message\"><\/textarea><\/span><br \/>\n<\/label>\n<\/p>\n<p><a href=\"https:\/\/autoselizabeth.com\/aviso-legal\/?lang=es\" rel=\"nofollow\" target=\"_blank\">Aviso Legal<\/a> |<br \/>\n<a href=\"https:\/\/autoselizabeth.com\/politica-de-privacidad\/?lang=es\" rel=\"nofollow\" target=\"_blank\">Pol\u00edtica de Privacidad<\/a> |<br \/>\n<a href=\"https:\/\/autoselizabeth.com\/politica-de-cookies\/?lang=es\" rel=\"nofollow\" target=\"_blank\">Pol\u00edtica de Cookies<\/a>\n<\/p>\n<p><span class=\"wpcf7-form-control-wrap\" data-name=\"aceptar-rgpd-es\"><span class=\"wpcf7-form-control wpcf7-acceptance\"><span class=\"wpcf7-list-item\"><label><input type=\"checkbox\" name=\"aceptar-rgpd-es\" value=\"1\" aria-invalid=\"false\" \/><span class=\"wpcf7-list-item-label\">He le\u00eddo y acepto las pol\u00edticas mencionadas anteriormente<\/span><\/label><\/span><\/span><\/span>\n<\/p>\n<p><span id=\"wpcf7-69e7f1738ce4a-wrapper\" class=\"wpcf7-form-control-wrap your-field-wrap\" style=\"display:none !important; visibility:hidden !important;\"><input type=\"hidden\" name=\"your-field-time-start\" value=\"1776808307\"><input type=\"hidden\" name=\"your-field-time-check\" value=\"5\"><label for=\"wpcf7-69e7f1738ce4a-field\" class=\"hp-message\">Por favor, deja este campo vac\u00edo.<\/label><input id=\"wpcf7-69e7f1738ce4a-field\"  class=\"wpcf7-form-control wpcf7-text\" type=\"text\" name=\"your-field\" value=\"\" size=\"40\" tabindex=\"-1\" autocomplete=\"new-password\" \/><\/span>\n<\/p>\n<p><input class=\"wpcf7-form-control wpcf7-submit has-spinner\" type=\"submit\" value=\"Enviar\" \/>\n<\/p><div class=\"wpcf7-response-output\" aria-hidden=\"true\"><\/div>\n<\/form>\n<\/div>\n[vc_empty_space][\/vc_column][\/vc_row][vc_row][vc_column][vc_empty_space][vc_single_image image=\u00bb1172&#8243; img_size=\u00bbfull\u00bb alignment=\u00bbcenter\u00bb css_animation=\u00bbbounceInRight\u00bb css=\u00bb\u00bb][vc_icon icon_fontawesome=\u00bbfa fa-solid fa-chevron-down\u00bb color=\u00bbgreen\u00bb align=\u00bbcenter\u00bb css=\u00bb\u00bb][vc_row_inner css=\u00bb.vc_custom_1744789149377{background-color: #FFFFFF !important;border-radius: 3px !important;}\u00bb][vc_column_inner width=\u00bb1\/3&#8243;][vc_btn title=\u00bbAlquiler de coches\u00bb style=\u00bbcustom\u00bb custom_background=\u00bb#333333&#8243; custom_text=\u00bb#FFFFFF\u00bb size=\u00bblg\u00bb align=\u00bbcenter\u00bb css=\u00bb\u00bb button_block=\u00bbtrue\u00bb link=\u00bburl:https%3A%2F%2Fautoselizabeth.com%2Fes%2Falquiler-de-coches%2F|title:Legal%20Notice\u00bb][vc_column_text css=\u00bb\u00bb]<strong>Atenci\u00f3n y reservas:<\/strong> servicio amable, atento y personalizado de lunes a domingo de 07:00 a 20:00.<\/p>\n<p><strong>Oficina central en<\/strong> C\/ Timanfaya s\/n, 35510, Puerto del Carmen, Lanzarote, Islas Canarias[\/vc_column_text][\/vc_column_inner][vc_column_inner width=\u00bb1\/3&#8243;][vc_btn title=\u00bbReserva c\u00f3modamente\u00bb style=\u00bbcustom\u00bb custom_background=\u00bb#333333&#8243; custom_text=\u00bb#FFFFFF\u00bb size=\u00bblg\u00bb align=\u00bbcenter\u00bb css=\u00bb\u00bb button_block=\u00bbtrue\u00bb link=\u00bburl:https%3A%2F%2Fautoselizabeth.com%2F%23booking-online|title:Terms%20and%20Conditions\u00bb][vc_column_text css=\u00bb\u00bb]<a href=\"https:\/\/autoselizabeth.com\/es\/#reservar-coche\">Introduzca una direcci\u00f3n espec\u00edfica en la secci\u00f3n de comentarios en la fase final de la reserva<\/a>, puede indicar el nombre del hotel o la calle, incluyendo el n\u00famero y el c\u00f3digo postal, y le entregaremos el coche sin coste adicional.<\/p>\n<h4><\/h4>\n<p>[\/vc_column_text][\/vc_column_inner][vc_column_inner width=\u00bb1\/3&#8243;][vc_btn title=\u00bbSin Sorpresas\u00bb style=\u00bbcustom\u00bb custom_background=\u00bb#333333&#8243; custom_text=\u00bb#FFFFFF\u00bb size=\u00bblg\u00bb align=\u00bbcenter\u00bb css=\u00bb\u00bb button_block=\u00bbtrue\u00bb][vc_column_text css=\u00bb\u00bb]Ofrecemos alquiler de coches con seguro a todo riesgo, conductor adicional, servicio mec\u00e1nico 24 horas y entrega y recogida sin coste adicional. Nuestras tarifas se ajustan diariamente. <a href=\"https:\/\/autoselizabeth.com\/es\/condiciones-generales-del-alquiler-de-coches\/\">Visite nuestras Condiciones generales de alquiler<\/a>.[\/vc_column_text][\/vc_column_inner][\/vc_row_inner][\/vc_column][\/vc_row]<\/p>\n<\/div>","protected":false},"excerpt":{"rendered":"<p>[vc_row][vc_column][vc_raw_html css=\u00bb\u00bb]JTNDJTIxLS0lMjBFdmVudCUyMHNuaXBwZXQlMjBmb3IlMjBGb3JtdWxhcmlvJTIwZGUlMjByZXNlcnZhJTIwY29udmVyc2lvbiUyMHBhZ2UlMEFJbiUyMHlvdXIlMjBodG1sJTIwcGFnZSUyQyUyMGFkZCUyMHRoZSUyMHNuaXBwZXQlMjBhbmQlMjBjYWxsJTIwZ3RhZ19yZXBvcnRfY29udmVyc2lvbiUyMHdoZW4lMjBzb21lb25lJTIwY2xpY2tzJTIwb24lMjB0aGUlMjBjaG9zZW4lMjBsaW5rJTIwb3IlMjBidXR0b24uJTIwLS0lM0UlMEElM0NzY3JpcHQlM0UlMEFmdW5jdGlvbiUyMGd0YWdfcmVwb3J0X2NvbnZlcnNpb24lMjh1cmwlMjklMjAlN0IlMEElMjAlMjB2YXIlMjBjYWxsYmFjayUyMCUzRCUyMGZ1bmN0aW9uJTIwJTI4JTI5JTIwJTdCJTBBJTIwJTIwJTIwJTIwaWYlMjAlMjh0eXBlb2YlMjh1cmwlMjklMjAlMjElM0QlMjAlMjd1bmRlZmluZWQlMjclMjklMjAlN0IlMEElMjAlMjAlMjAlMjAlMjAlMjB3aW5kb3cubG9jYXRpb24lMjAlM0QlMjB1cmwlM0IlMEElMjAlMjAlMjAlMjAlN0QlMEElMjAlMjAlN0QlM0IlMEElMjAlMjBndGFnJTI4JTI3ZXZlbnQlMjclMkMlMjAlMjdjb252ZXJzaW9uJTI3JTJDJTIwJTdCJTBBJTIwJTIwJTIwJTIwJTIwJTIwJTI3c2VuZF90byUyNyUzQSUyMCUyN0FXLTkzMDM4MjcwOSUyRkZ1X2pDT0RvaWNnWkVQV0cwcnNEJTI3JTJDJTBBJTIwJTIwJTIwJTIwJTIwJTIwJTI3ZXZlbnRfY2FsbGJhY2slMjclM0ElMjBjYWxsYmFjayUwQSUyMCUyMCU3RCUyOSUzQiUwQSUyMCUyMHJldHVybiUyMGZhbHNlJTNCJTBBJTdEJTBBJTNDJTJGc2NyaXB0JTNF[\/vc_raw_html][\/vc_column][\/vc_row][vc_row][vc_column][vc_empty_space][vc_custom_heading text=\u00bbTour Operadores\u00bb font_container=\u00bbtag:h1|font_size:45|text_align:left\u00bb google_fonts=\u00bbfont_family:Montserrat%3Aregular%2Citalic|font_style:900%20black%20normal%3A900%3Anormal\u00bb css=\u00bb\u00bb][vc_column_text css=\u00bb\u00bb] \u00abPotencia tus tours con nuestro servicio de alquiler de coches en Lanzarote, Fuerteventura y Gran Canaria\u00bb Nos especializamos en atender a tour operadores, proporcionando veh\u00edculos de calidad, tarifas competitivas y un servicio personalizado para que puedas ofrecer lo mejor a tus clientes.[\/vc_column_text][vc_empty_space height=\u00bb22px\u00bb][\/vc_column][\/vc_row][vc_row css=\u00bb.vc_custom_1750668758430{background-color: #FFFFFF !important;border-radius: 3px [&hellip;]<\/p>\n","protected":false},"author":2,"featured_media":0,"parent":0,"menu_order":0,"comment_status":"closed","ping_status":"closed","template":"","meta":{"footnotes":""},"class_list":["post-1305","page","type-page","status-publish","hentry"],"blocksy_meta":[],"_links":{"self":[{"href":"https:\/\/autoselizabeth.com\/es\/wp-json\/wp\/v2\/pages\/1305","targetHints":{"allow":["GET"]}}],"collection":[{"href":"https:\/\/autoselizabeth.com\/es\/wp-json\/wp\/v2\/pages"}],"about":[{"href":"https:\/\/autoselizabeth.com\/es\/wp-json\/wp\/v2\/types\/page"}],"author":[{"embeddable":true,"href":"https:\/\/autoselizabeth.com\/es\/wp-json\/wp\/v2\/users\/2"}],"replies":[{"embeddable":true,"href":"https:\/\/autoselizabeth.com\/es\/wp-json\/wp\/v2\/comments?post=1305"}],"version-history":[{"count":18,"href":"https:\/\/autoselizabeth.com\/es\/wp-json\/wp\/v2\/pages\/1305\/revisions"}],"predecessor-version":[{"id":2245,"href":"https:\/\/autoselizabeth.com\/es\/wp-json\/wp\/v2\/pages\/1305\/revisions\/2245"}],"wp:attachment":[{"href":"https:\/\/autoselizabeth.com\/es\/wp-json\/wp\/v2\/media?parent=1305"}],"curies":[{"name":"wp","href":"https:\/\/api.w.org\/{rel}","templated":true}]}}