{"id":1461,"date":"2025-04-08T10:27:01","date_gmt":"2025-04-08T10:27:01","guid":{"rendered":"https:\/\/autoselizabeth.com\/privacy-policy\/"},"modified":"2025-09-17T10:33:10","modified_gmt":"2025-09-17T08:33:10","slug":"politica-de-privacidad","status":"publish","type":"page","link":"https:\/\/autoselizabeth.com\/es\/politica-de-privacidad\/","title":{"rendered":"Pol\u00edtica de Privacidad"},"content":{"rendered":"<div class=\"wpb-content-wrapper\"><p>[vc_row][vc_column width=\u00bb3\/4&#8243;][vc_empty_space][vc_custom_heading text=\u00bbPol\u00edtica de Privacidad\u00bb font_container=\u00bbtag:h1|text_align:left\u00bb use_theme_fonts=\u00bbyes\u00bb css=\u00bb\u00bb][vc_separator css=\u00bb\u00bb][\/vc_column][\/vc_row][vc_row][vc_column width=\u00bb3\/4&#8243; css=\u00bb.vc_custom_1750583977205{background-color: #FFFFFF !important;border-radius: 3px !important;}\u00bb][vc_column_text css=\u00bb\u00bb]<\/p>\n<blockquote><p><strong>Nota legal: Este documento es una traducci\u00f3n realizada \u00fanicamente con fines informativos y no tienen car\u00e1cter jur\u00eddico vinculante en todo el detalle de su redacci\u00f3n, teniendo validez \u00fanicamente su versi\u00f3n en espa\u00f1ol. En caso de discrepancia o conflicto de interpretaci\u00f3n, prevalecer\u00e1 la versi\u00f3n original en espa\u00f1ol<\/strong><\/p><\/blockquote>\n<h2><\/h2>\n<h2><strong><u>RESPONSABLE DEL TRATAMIENTO<\/u><\/strong><\/h2>\n<p>El Responsable del Tratamiento es Autos Elizabeth Rent a Car SL, Camino las Cuestas 13, 35572, Tias (LAS PALMAS).<\/p>\n<p><strong>Titular de la Web<\/strong><\/p>\n<ul>\n<li>Autos Elizabeth Rent a Car SL<\/li>\n<li>CIF:\u00a0B35144260<\/li>\n<li>Con domicilio social en Lanzarote<\/li>\n<li>Correo electr\u00f3nico: info@autoselizabeth.com<\/li>\n<li>Finalidad de sitio web: informaci\u00f3n, contacto, reserva online de alquiler de coches en Lanzarote, Fuerteventura y Gran Canaraia.<\/li>\n<li>Las alusiones a \u201ceste portal\u201d https:\/\/autoselizabeth.com, este sitio web y similares dentro de este documento se refieren a Autos Elizabeth Rent a Car<\/li>\n<\/ul>\n<h2><strong><u>Principios de Privacidad<\/u><\/strong><\/h2>\n<p>Desde Autos Elizabeth Rent a Car SL nos comprometemos con usted a trabajar continuamente para garantizar la privacidad en el tratamiento de sus datos personales, y para ofrecerle en cada momento la informaci\u00f3n m\u00e1s completa y clara que podamos. Le animamos a leer detenidamente esta secci\u00f3n antes de facilitarnos sus datos personales.<\/p>\n<p>En este apartado le informamos de c\u00f3mo tratamos los datos de las personas que tienen relaci\u00f3n con nuestra organizaci\u00f3n. Empezando por nuestros principios:<br \/>\n&#8211; No solicitamos informaci\u00f3n personal, a no ser que sea necesaria para prestarle los servicios que nos requiera.<br \/>\n&#8211; Nunca compartimos informaci\u00f3n personal con nadie, excepto para cumplir la ley, sea necesario para prestarle el servicio o contemos con su autorizaci\u00f3n expresa.<br \/>\n&#8211; Nunca utilizaremos sus datos personales para finalidades distintas a las expresadas en la presente pol\u00edtica de privacidad.<br \/>\n&#8211; Sus datos siempre ser\u00e1n tratados con un nivel de protecci\u00f3n adecuado a la legislaci\u00f3n en materia de protecci\u00f3n de datos, y no los someteremos a decisiones automatizadas sin informarle expresamente.<\/p>\n<p>La presente pol\u00edtica de privacidad la hemos redactado teniendo en cuenta las exigencias de la actual legislaci\u00f3n de protecci\u00f3n de datos:<br \/>\n&#8211; Reglamento (UE) 2016\/679 del Parlamento Europeo y del Consejo de 27 de abril de 2016 relativo a la protecci\u00f3n de las personas f\u00edsicas (RGPD).<br \/>\n&#8211; Ley Org\u00e1nica 3\/2018, de 5 de diciembre, de Protecci\u00f3n de Datos de Car\u00e1cter Personal y garant\u00eda de los derechos digitales (LOPD).<br \/>\n&#8211; Real Decreto 1720\/2007, de 21 de diciembre (RLOPD).<\/p>\n<p>Con motivo de la modificaci\u00f3n de criterios de tratamiento, en aras de facilitar su comprensi\u00f3n o de adaptarla a la legalidad vigente, es posible que modifiquemos la presente pol\u00edtica de privacidad. Le recomendamos que la visite regularmente.<\/p>\n<h2><strong><u>Tratamientos que realizamos<\/u><\/strong><\/h2>\n<h4><\/h4>\n<h4 style=\"text-align: left;\"><em>Tratamiento de <strong>Empleados<\/strong><\/em><\/h4>\n<p><strong>Base Jur\u00eddica:<\/strong> RGPD: 6.1.b) Tratamiento necesario para la ejecuci\u00f3n de un contrato en el que el interesado es parte o para la aplicaci\u00f3n a petici\u00f3n de \u00e9ste de medidas precontractuales.<\/p>\n<p>RGPD: 6.1.c) Tratamiento necesario para el cumplimiento de una obligaci\u00f3n legal aplicable al responsable del tratamiento.<\/p>\n<p>Real Decreto Legislativo 2\/2015, de 23 de octubre, por el que se aprueba el texto refundido de la Ley del Estatuto de los Trabajadores.<\/p>\n<p><strong>Fines del Tratamiento:<\/strong> &#8211; Gesti\u00f3n de personal contratado.<\/p>\n<p>&#8211; Expediente personal. Control horario. Formaci\u00f3n. Planes de pensiones. Prevenci\u00f3n de riesgos laborales.<\/p>\n<p>&#8211; Emisi\u00f3n de la n\u00f3mina del personal.<\/p>\n<p>&#8211; Gesti\u00f3n de la actividad sindical.<\/p>\n<p><strong>Colectivo:<\/strong> Empleados<\/p>\n<p><strong>Categor\u00edas de Datos:<\/strong> &#8211; Nombre y apellidos, DNI\/CIF\/Documento identificativo, n\u00famero de registro de personal, n\u00famero de Seguridad Social\/Mutualidad, direcci\u00f3n, firma y tel\u00e9fono.<\/p>\n<p>&#8211; Categor\u00edas especiales de datos: datos de salud (bajas por enfermedad, accidentes laborales y grado de discapacidad, sin inclusi\u00f3n de diagn\u00f3sticos), afiliaci\u00f3n sindical, a los exclusivos efectos del pago de cuotas sindicales (en su caso), representante sindical (en su caso), justificantes de asistencia de propios y de terceros.<\/p>\n<p>&#8211; Datos de caracter\u00edsticas personales: Sexo, estado civil, nacionalidad, edad, fecha y lugar de nacimiento y datos familiares. Datos de circunstancias familiares: Fecha de alta y baja, licencias, permisos y autorizaciones.<\/p>\n<p>&#8211; Datos acad\u00e9micos y profesionales: Titulaciones, formaci\u00f3n y experiencia profesional.<\/p>\n<p>&#8211; Datos de detalle de empleo y carrera administrativa. Incompatibilidades.<\/p>\n<p>&#8211; Datos de control de presencia: fecha\/hora entrada y salida, motivo de ausencia.<\/p>\n<p>&#8211; Datos econ\u00f3mico-financieros: Datos econ\u00f3micos de n\u00f3mina, cr\u00e9ditos, pr\u00e9stamos, avales, deducciones impositivas, baja de haberes correspondiente al puesto de trabajo anterior (en su caso), retenciones judiciales (en su caso), otras retenciones (en su caso). Datos bancarios.<\/p>\n<p><strong>Categor\u00edas de Destinatarios:<\/strong> &#8211; Entidad a quien se encomiende la gesti\u00f3n en materia de riesgos laborales.<\/p>\n<p>&#8211; Tesorer\u00eda General de la Seguridad Social.<\/p>\n<p>&#8211; Organizaciones sindicales.<\/p>\n<p>&#8211; Entidades financieras.<\/p>\n<p>&#8211; Agencia Estatal de Administraci\u00f3n Tributaria.<\/p>\n<p>&#8211; Contratistas principales a los que prestemos servicios como subcontratistas.<\/p>\n<p><strong>Transferencias Internacionales:<\/strong> No est\u00e1n previstas transferencias internacionales de los datos.<\/p>\n<p><strong>Plazo de Supresi\u00f3n:<\/strong> Se conservar\u00e1n durante el tiempo necesario para cumplir con la finalidad para la que se recabaron y para determinar las posibles responsabilidades que se pudieran derivar de dicha finalidad y del tratamiento de los datos.<\/p>\n<p>Los datos econ\u00f3micos de esta actividad de tratamiento se conservar\u00e1n al amparo de lo dispuesto en la Ley 58\/2003, de 17 de diciembre, General Tributaria.<\/p>\n<p><strong>Medidas de Seguridad:<\/strong> Adaptadas a las exigencias del Reglamento (EU) 2016\/679, Reglamento General de Protecci\u00f3n de Datos.<\/p>\n<h4 style=\"text-align: left;\"><em>Tratamiento de <strong>Contactos<\/strong><\/em><\/h4>\n<p><strong>Base Jur\u00eddica:<\/strong> Consentimiento del interesado<\/p>\n<p><strong>Fines del Tratamiento:<\/strong> Atender su solicitud, enviarle informaci\u00f3n y realizar un seguimiento de la solicitud.<\/p>\n<p><strong>Colectivo:<\/strong> Personas de contacto, clientes, proveedores<\/p>\n<p><strong>Categor\u00edas de Datos:<\/strong> Nombre y apellidos, tel\u00e9fono, direcci\u00f3n de email<\/p>\n<p><strong>Categor\u00edas de Destinatarios:<\/strong> No se contemplan cesiones de datos a terceros.<\/p>\n<p><strong>Transferencias Internacionales:<\/strong> No est\u00e1n previstas transferencias internacionales de los datos.<\/p>\n<p><strong>Plazo de Supresi\u00f3n:<\/strong> Los datos de contacto se conservar\u00e1n durante el tiempo necesario para cumplir con la finalidad para la que se recabaron o hasta que el interesado revoque su consentimiento.<\/p>\n<p><strong>Medidas de Seguridad:<\/strong> Adaptadas a las exigencias del Reglamento (EU) 2016\/679, Reglamento General de Protecci\u00f3n de Datos.<\/p>\n<h4><\/h4>\n<h4 style=\"text-align: left;\"><em>Tratamiento de <strong>Atenci\u00f3n derechos de las personas (ARCO)<\/strong><\/em><strong>\u00a0<\/strong><\/h4>\n<p><strong>Base Jur\u00eddica:<\/strong> RGPD: 6.1.c) Tratamiento necesario para el cumplimiento de una obligaci\u00f3n legal aplicable al responsable del tratamiento.<\/p>\n<p>Reglamento General de Protecci\u00f3n de Datos.<\/p>\n<p><strong>Fines del Tratamiento:<\/strong> Atender las solicitudes en el ejercicio de los derechos que establece el Reglamento General de Protecci\u00f3n de Datos: Derecho de acceso, recificaci\u00f3n, supresi\u00f3n, limitaci\u00f3n, portabilidad y oposici\u00f3n a la toma de decisiones automatizadas.<\/p>\n<p><strong>Colectivo:<\/strong> Personas f\u00edsicas que lo solicitan (empleados, clientes, proveedores, personas de contacto)<\/p>\n<p><strong>Categor\u00edas de Datos:<\/strong> Nombre y apellidos, direcci\u00f3n, firma y tel\u00e9fono.<\/p>\n<p><strong>Categor\u00edas de Destinatarios:<\/strong> Los datos personales podr\u00e1n ser comunicados a la Autoridad de Control (Agencia Espa\u00f1ola de Protecci\u00f3n de Datos) en el marco de una investigaci\u00f3n por tutela de derechos iniciada por el interesado.<\/p>\n<p><strong>Transferencias Internacionales:<\/strong> No est\u00e1n previstas transferencias internacionales de los datos.<\/p>\n<p><strong>Plazo de Supresi\u00f3n:<\/strong> Se conservar\u00e1n durante un plazo de cinco a\u00f1os desde el momento de la solicitud.<\/p>\n<p><strong>Medidas de Seguridad:<\/strong> Adaptadas a las exigencias del Reglamento (EU) 2016\/679, Reglamento General de Protecci\u00f3n de Datos.<\/p>\n<h3><\/h3>\n<h4 style=\"text-align: left;\"><em>Tratamiento de <strong>Candidatos procesos de selecci\u00f3n (RRHH)<\/strong><\/em><\/h4>\n<p><strong>Base Jur\u00eddica:<\/strong> RGPD 6.1.a) El interesado dio su consentimiento para el tratamiento de sus datos personales para uno o varios fines espec\u00edficos.<\/p>\n<p>RGPD: 6.1.b) Tratamiento necesario para la ejecuci\u00f3n de un contrato en el que el interesado es parte o para la aplicaci\u00f3n a petici\u00f3n de este de medidas precontractuales.<\/p>\n<p><strong>Fines del Tratamiento:<\/strong> Selecci\u00f3n de personal y provisi\u00f3n de puestos de trabajo.<\/p>\n<p><strong>Colectivo:<\/strong> Candidatos presentados a procedimientos de provisi\u00f3n de puestos de trabajo.<\/p>\n<p><strong>Categor\u00edas de Datos:<\/strong> &#8211; Nombre y apellidos, DNI\/CIF\/Documento identificativo, n\u00famero de registro de personal, direcci\u00f3n, firma y tel\u00e9fono.<\/p>\n<p>&#8211; Datos de caracter\u00edsticas personales: Sexo, estado civil, nacionalidad, edad, fecha y lugar de nacimiento y datos familiares.<\/p>\n<p>&#8211; Datos acad\u00e9micos y profesionales: Titulaciones, formaci\u00f3n y experiencia profesional.<\/p>\n<p>&#8211; Datos de detalle de empleo.<\/p>\n<p><strong>Categor\u00edas de Destinatarios:<\/strong> No est\u00e1n previstas cesiones de datos a terceros.<\/p>\n<p><strong>Transferencias Internacionales:<\/strong> No est\u00e1n previstas transferencias internacionales de los datos.<\/p>\n<p><strong>Plazo de Supresi\u00f3n:<\/strong> Se conservar\u00e1n durante el tiempo necesario para cumplir con la finalidad para la que se recabaron y para determinar las posibles responsabilidades que se pudieran derivar de dicha finalidad y del tratamiento de los datos.<\/p>\n<p><strong>Medidas de Seguridad:<\/strong> Adaptadas a las exigencias del Reglamento (EU) 2016\/679, Reglamento General de Protecci\u00f3n de Datos.<\/p>\n<h3><\/h3>\n<h4 style=\"text-align: left;\"><em>Tratamiento de <strong>Proveedores<\/strong><\/em><\/h4>\n<p><strong>Base Jur\u00eddica:<\/strong> RGPD: 6.1.b) Tratamiento necesario para la ejecuci\u00f3n de un contrato en el que el interesado es parte o para la aplicaci\u00f3n a petici\u00f3n de \u00e9ste de medidas precontractuales.<\/p>\n<p>RGPD: 6.1.c) Tratamiento necesario para el cumplimiento de una obligaci\u00f3n legal aplicable al responsable del tratamiento.<\/p>\n<p>Real Decreto Legislativo 2\/2015, de 23 de octubre, por el que se aprueba el texto refundido de la Ley del Estatuto de los Trabajadores.<\/p>\n<p>Ley 58\/2003, de 17 de diciembre, General Tributaria.<\/p>\n<p><strong>Fines del Tratamiento:<\/strong> &#8211; Adquisici\u00f3n de productos y\/o servicios que necesitamos para el desarrollo de nuestra actividad.<\/p>\n<p>&#8211; Control de los subcontratistas si procede.<\/p>\n<p><strong>Colectivo:<\/strong> &#8211; Proveedores.<\/p>\n<p>&#8211; Personas que trabajan para nuestros proveedores.<\/p>\n<p><strong>Categor\u00edas de Datos:<\/strong> &#8211; Nombre y apellidos, DNI\/NIF\/Documento identificativo, direcci\u00f3n, firma y tel\u00e9fono.<\/p>\n<p>&#8211; Datos de detalle de empleo: puesto de trabajo. Formaci\u00f3n en seguridad laboral.<\/p>\n<p>&#8211; Datos econ\u00f3mico financieros y de seguros: Datos bancarios.<\/p>\n<p><strong>Categor\u00edas de Destinatarios:<\/strong> &#8211; Entidades financieras. (Pago de facturas)<\/p>\n<p>&#8211; Agencia Estatal de Administraci\u00f3n Tributaria.<\/p>\n<p><strong>Transferencias Internacionales:<\/strong> No est\u00e1n previstas transferencias internacionales de los datos.<\/p>\n<p><strong>Plazo de Supresi\u00f3n:<\/strong> Se conservar\u00e1n durante el tiempo necesario para cumplir con la finalidad para la que se recabaron y para determinar las posibles responsabilidades que se pudieran derivar de dicha finalidad y del tratamiento de los datos, conforme a la Ley 58\/2003, de 17 de diciembre, General Tributaria,<\/p>\n<p><strong>Medidas de Seguridad:<\/strong> Adaptadas a las exigencias del Reglamento (EU) 2016\/679, Reglamento General de Protecci\u00f3n de Datos.<\/p>\n<h3><\/h3>\n<h4 style=\"text-align: left;\"><em>Tratamiento de <strong>Clientes<\/strong><\/em><\/h4>\n<p><strong>Base Jur\u00eddica:<\/strong> RGPD: 6.1.a) El interesado dio su consentimiento para el tratamiento de sus datos personales para uno o varios fines espec\u00edficos.<\/p>\n<p>RGPD: 6.1.b) Tratamiento necesario para la ejecuci\u00f3n de un contrato en el que el interesado es parte o para la aplicaci\u00f3n a petici\u00f3n de \u00e9ste de medidas precontractuales.<\/p>\n<p>RGPD: 6.1.c) Tratamiento necesario para el cumplimiento de una obligaci\u00f3n legal aplicable al responsable del tratamiento.<\/p>\n<p>RGPD: 6.1.f) Tratamiento necesario para la satisfacci\u00f3n de intereses leg\u00edtimos del responsable del tratamiento.<\/p>\n<p>Real Decreto Legislativo 2\/2015, de 23 de octubre, por el que se aprueba el texto refundido de la Ley del Estatuto de los Trabajadores.<\/p>\n<p>Ley 58\/2003, de 17 de diciembre, General Tributaria.<\/p>\n<p><strong>Fines del Tratamiento:<\/strong> Alquiler de veh\u00edculos sin conductor<\/p>\n<p><strong>Colectivo:<\/strong> Clientes<\/p>\n<p><strong>Categor\u00edas de Datos:<\/strong> &#8211; Nombre y apellidos, DNI\/NIF\/Documento identificativo, direcci\u00f3n, firma y tel\u00e9fono.<\/p>\n<p>&#8211; Datos econ\u00f3mico financieros y de seguros: Datos bancarios<\/p>\n<p><strong>Categor\u00edas de Destinatarios:<\/strong> &#8211; Entidades financieras.<\/p>\n<p>&#8211; Agencia Estatal de Administraci\u00f3n Tributaria.<\/p>\n<p>&#8211; Compa\u00f1\u00edas aseguradoras.<\/p>\n<p>&#8211; Autoridades con competencia en tr\u00e1fico<\/p>\n<p><strong>Transferencias Internacionales:<\/strong> No est\u00e1n previstas transferencias internacionales de los datos.<\/p>\n<p><strong>Plazo de Supresi\u00f3n:<\/strong> Se conservar\u00e1n durante el tiempo necesario para cumplir con la finalidad para la que se recabaron y para determinar las posibles responsabilidades que se pudieran derivar de dicha finalidad y del tratamiento de los datos, conforme a la Ley 58\/2003, de 17 de diciembre, General Tributaria,<\/p>\n<p><strong>Medidas de Seguridad:<\/strong> Adaptadas a las exigencias del Reglamento (EU) 2016\/679, Reglamento General de Protecci\u00f3n de Datos.<\/p>\n<h3><\/h3>\n<h4 style=\"text-align: left;\"><em>Tratamiento de <strong>Videovigilancia<\/strong><\/em><\/h4>\n<p><strong>Base Jur\u00eddica:<\/strong> RGPD: 6.1.c) el tratamiento es necesario para la satisfacci\u00f3n de intereses leg\u00edtimos perseguidos por el responsable del tratamiento o por un tercero.<\/p>\n<p>Ley Org\u00e1nica 2\/1986, de 13 de marzo, de Fuerzas y Cuerpos de Seguridad.<\/p>\n<p><strong>Fines del Tratamiento:<\/strong> Garantizar la seguridad de personas, bienes e instalaciones y control laboral.<\/p>\n<p><strong>Colectivo:<\/strong> Trabajadores, clientes y proveedores, usuarios.<\/p>\n<p><strong>Categor\u00edas de Datos:<\/strong> Imagen<\/p>\n<p><strong>Categor\u00edas de Destinatarios:<\/strong> Las grabaciones podr\u00e1n ser comunicadas a las Fuerzas y Cuerpos de Seguridad, y a los Juzgados y Tribunales, en caso de requerimiento de estas, o bien en caso de que sirvan como prueba de la comisi\u00f3n de delitos o infracciones.<\/p>\n<p><strong>Transferencias Internacionales:<\/strong> No est\u00e1n previstas transferencias internacionales de los datos.<\/p>\n<p><strong>Plazo de Supresi\u00f3n:<\/strong> No superior a un mes, salvo comunicaici\u00f3n a Fuerzas y Cuerpos de Seguridad o\/y Juzgados y Tribunales.<\/p>\n<p><strong>Medidas de Seguridad:<\/strong> Adaptadas a las exigencias del Reglamento (EU) 2016\/679, Reglamento General de Protecci\u00f3n de Datos.<\/p>\n<h3><\/h3>\n<h4 style=\"text-align: left;\">Tratamiento de <strong>Notificaci\u00f3n de Brechas de Seguridad<\/strong><strong>\u00a0<\/strong><\/h4>\n<p><strong>Base Jur\u00eddica:<\/strong> RGPD: 6.1.c) Tratamiento necesario para el cumplimiento de una obligaci\u00f3n legal aplicable al responsable del tratamiento.<\/p>\n<p>Reglamento General de Protecci\u00f3n de Datos. Art\u00edculos 33 y 34<\/p>\n<p><strong>Fines del Tratamiento:<\/strong> Gesti\u00f3n y evaluaci\u00f3n de las brechas de seguridad que se produjeren en nuestra organizaci\u00f3n.<\/p>\n<p><strong>Colectivo:<\/strong> Variable: Empleados, Clientes, Proveedores, Personas de Contacto (depender\u00e1 de la brecha de seguridad)<\/p>\n<p><strong>Categor\u00edas de Datos:<\/strong> Variable. (Depender\u00e1 de la brecha de seguridad)<\/p>\n<p><strong>Categor\u00edas de Destinatarios:<\/strong> &#8211; Agencia Espa\u00f1ola de Protecci\u00f3n de Datos.<\/p>\n<p>&#8211; Fuerzas y Cuerpos de Seguridad del Estado.<\/p>\n<p><strong>Transferencias Internacionales:<\/strong> No est\u00e1n previstas transferencias internacionales de los datos.<\/p>\n<p><strong>Plazo de Supresi\u00f3n:<\/strong> Se conservar\u00e1n durante el tiempo necesario para cumplir con la finalidad para la que se recabaron y para determinar las posibles responsabilidades que se pudieran derivar de dicha finalidad y del tratamiento de los datos. Ser\u00e1 de aplicaci\u00f3n lo dispuesto en la normativa de archivos y documentaci\u00f3n.<\/p>\n<p><strong>Medidas de Seguridad:<\/strong> Adaptadas a las exigencias del Reglamento (EU) 2016\/679, Reglamento General de Protecci\u00f3n de Datos.<\/p>\n<h2><\/h2>\n<h2><strong><u>SUS DERECHOS<\/u><\/strong><\/h2>\n<p>Tiene derecho a solicitarnos una copia de sus datos personales, a rectificar los datos inexactos o completarlos si estuvieren incompletos, o en su caso suprimirlos, cuando ya no sean necesarios para los fines para los que fueron recogidos.<\/p>\n<p>Tambi\u00e9n tiene derecho a limitar el tratamiento de sus datos personales y a obtener sus datos personales en un formato estructurado y legible.<\/p>\n<p>Puede oponerse al tratamiento de sus datos personales en algunas circunstancias (en particular, cuando no tengamos que procesarlos para cumplir con un requisito contractual u otro requisito legal, o cuando el objeto del tratamiento sea el marketing directo).<\/p>\n<p>Cuando nos haya otorgado su consentimiento, podr\u00e1 retirarlo en cualquier momento. En ese momento dejaremos de tratar sus datos o, en su caso, dejaremos de hacerlo para esa finalidad en concreto. Si decide retirar su consentimiento, esto no afectar\u00e1 a ning\u00fan tratamiento que haya tenido lugar mientras su consentimiento estaba vigente.<\/p>\n<p>Estos derechos podr\u00e1n verse limitados; por ejemplo si para cumplir su solicitud tuvi\u00e9semos que revelar datos sobre otra persona, o si nos solicita que eliminemos algunos registros que estamos obligados a mantener por una obligaci\u00f3n legal o por un inter\u00e9s leg\u00edtimo, como pueda ser el ejercicio de defensa ante reclamaciones. O incluso en aquellos casos donde debe prevalecer el derecho a la libertad de expresi\u00f3n e informaci\u00f3n.<\/p>\n<p>Puede contactar con nosotros por cualquiera de los medios indicados en el apartado Responsable del Tratamiento de esta pol\u00edtica de privacidad, aportando una copia de un documento que acredite su identidad (normalmente el DNI). La forma m\u00e1s c\u00f3moda de ejercer sus derechos es accediendo a nuestro PORTAL DE DERECHOS: <a href=\"https:\/\/www.adelopd.com\/portalderechos\/elizabeth-rent-a-car-sl\" target=\"_blank\" rel=\"noopener\">https:\/\/www.adelopd.com\/portalderechos\/elizabeth-rent-a-car-sl<\/a>.<\/p>\n<p>Otro de sus derechos es el de no ser objeto de una decisi\u00f3n basada \u00fanicamente en un tratamiento automatizado, incluida la elaboraci\u00f3n de perfiles que produzca efectos jur\u00eddicos o le afecte.<\/p>\n<p>Frente a cualquier vulneraci\u00f3n de sus derechos, como, por ejemplo, que no hayamos atendido su solicitud, tiene derecho a presentar una reclamaci\u00f3n ante la Autoridad de Control en materia de protecci\u00f3n de datos. Esta puede ser la de su pa\u00eds (si usted vive fuera de Espa\u00f1a) o la Agencia Espa\u00f1ola de Protecci\u00f3n de Datos (si usted vive en Espa\u00f1a).<\/p>\n<h2><\/h2>\n<h2><strong><u>Informaci\u00f3n adicional<\/u><\/strong><\/h2>\n<p><strong>Enlaces a sitios web de terceros.<\/strong><\/p>\n<p>Nuestro sitio web puede, en algunas ocasiones, contener enlaces hacia otros sitios web. Es su responsabilidad asegurarse de leer la pol\u00edtica de protecci\u00f3n de datos y las condiciones legales que se apliquen a cada sitio.<\/p>\n<p><strong>Datos de terceros.<\/strong><\/p>\n<p>Si usted nos facilita datos de terceros, asume la responsabilidad de informarles previamente seg\u00fan lo establecido en el art\u00edculo 14 del RGPD.[\/vc_column_text][\/vc_column][vc_column width=\u00bb1\/4&#8243;][vc_empty_space][vc_custom_heading text=\u00bbP\u00e1g. Legales\u00bb font_container=\u00bbtag:h5|text_align:left\u00bb use_theme_fonts=\u00bbyes\u00bb css=\u00bb\u00bb][vc_separator css=\u00bb\u00bb][vc_column_text css=\u00bb\u00bb]POL\u00cdTICA DE COOKIES\u00a0<a href=\"https:\/\/autoselizabeth.com\/es\/politica-de-cookies\/\" target=\"_blank\" rel=\"noopener\">VER &gt; Utilizamos cookies para facilitar el uso de nuestra p\u00e1gina web.<\/a><\/p>\n<p>T\u00c9RMINOS Y CONDICIONES\u00a0<a href=\"https:\/\/autoselizabeth.com\/es\/terminos-y-condiciones\/\" target=\"_blank\" rel=\"noopener\">VER &gt; Condiciones Generales de Alquiler<\/a><\/p>\n<p>AVISO LEGAL\u00a0<a href=\"https:\/\/autoselizabeth.com\/es\/aviso-legal\/\" target=\"_blank\" rel=\"noopener\">VER &gt; tratamiento de los datos de car\u00e1cter personal<\/a><\/p>\n<p>C\u00d3DIGO DE CONDUCTA\u00a0<a href=\"https:\/\/autoselizabeth.com\/es\/codigo-de-conducta\/\" target=\"_blank\" rel=\"noopener\">VER &gt; nuestro c\u00f3digo de conducta de empresa\u00a0<\/a><\/p>\n<p>LEY DE TRANSPARENCIA CANARIA\u00a0<a href=\"https:\/\/autoselizabeth.com\/es\/transparencia\/\" target=\"_blank\" rel=\"noopener\">VER &gt; informaci\u00f3n sobre nuestra empresa, conforme a la \u00abLey Canaria de Transparencia y de Acceso a la Informaci\u00f3n P\u00fablica del Gobierno de Canarias\u00bb\u00a0<\/a>[\/vc_column_text][\/vc_column][\/vc_row]<\/p>\n<\/div>","protected":false},"excerpt":{"rendered":"<p>[vc_row][vc_column width=\u00bb3\/4&#8243;][vc_empty_space][vc_custom_heading text=\u00bbPol\u00edtica de Privacidad\u00bb font_container=\u00bbtag:h1|text_align:left\u00bb use_theme_fonts=\u00bbyes\u00bb css=\u00bb\u00bb][vc_separator css=\u00bb\u00bb][\/vc_column][\/vc_row][vc_row][vc_column width=\u00bb3\/4&#8243; css=\u00bb.vc_custom_1750583977205{background-color: #FFFFFF !important;border-radius: 3px !important;}\u00bb][vc_column_text css=\u00bb\u00bb] Nota legal: Este documento es una traducci\u00f3n realizada \u00fanicamente con fines informativos y no tienen car\u00e1cter jur\u00eddico vinculante en todo el detalle de su redacci\u00f3n, teniendo validez \u00fanicamente su versi\u00f3n en espa\u00f1ol. En caso de discrepancia o conflicto de [&hellip;]<\/p>\n","protected":false},"author":2,"featured_media":0,"parent":0,"menu_order":0,"comment_status":"closed","ping_status":"closed","template":"","meta":{"footnotes":""},"class_list":["post-1461","page","type-page","status-publish","hentry"],"blocksy_meta":[],"_links":{"self":[{"href":"https:\/\/autoselizabeth.com\/es\/wp-json\/wp\/v2\/pages\/1461","targetHints":{"allow":["GET"]}}],"collection":[{"href":"https:\/\/autoselizabeth.com\/es\/wp-json\/wp\/v2\/pages"}],"about":[{"href":"https:\/\/autoselizabeth.com\/es\/wp-json\/wp\/v2\/types\/page"}],"author":[{"embeddable":true,"href":"https:\/\/autoselizabeth.com\/es\/wp-json\/wp\/v2\/users\/2"}],"replies":[{"embeddable":true,"href":"https:\/\/autoselizabeth.com\/es\/wp-json\/wp\/v2\/comments?post=1461"}],"version-history":[{"count":9,"href":"https:\/\/autoselizabeth.com\/es\/wp-json\/wp\/v2\/pages\/1461\/revisions"}],"predecessor-version":[{"id":1969,"href":"https:\/\/autoselizabeth.com\/es\/wp-json\/wp\/v2\/pages\/1461\/revisions\/1969"}],"wp:attachment":[{"href":"https:\/\/autoselizabeth.com\/es\/wp-json\/wp\/v2\/media?parent=1461"}],"curies":[{"name":"wp","href":"https:\/\/api.w.org\/{rel}","templated":true}]}}