{"id":1470,"date":"2025-09-13T16:50:36","date_gmt":"2025-09-13T14:50:36","guid":{"rendered":"https:\/\/autoselizabeth.com\/?page_id=1470"},"modified":"2025-09-15T11:43:24","modified_gmt":"2025-09-15T09:43:24","slug":"informacion-institucional","status":"publish","type":"page","link":"https:\/\/autoselizabeth.com\/es\/informacion-institucional\/","title":{"rendered":"Informaci\u00f3n Institucional"},"content":{"rendered":"<div class=\"wpb-content-wrapper\"><p>[vc_row][vc_column][vc_empty_space][vc_custom_heading text=\u00bbInformaci\u00f3n Institucional\u00bb font_container=\u00bbtag:h1|text_align:left\u00bb use_theme_fonts=\u00bbyes\u00bb css=\u00bb\u00bb][vc_separator][\/vc_column][\/vc_row][vc_row][vc_column css=\u00bb.vc_custom_1756986349293{background-color: #FFFFFF !important;border-radius: 3px !important;}\u00bb][vc_single_image image=\u00bb1201&#8243; img_size=\u00bbfull\u00bb alignment=\u00bbcenter\u00bb css=\u00bb\u00bb][vc_column_text css=\u00bb\u00bb]<\/p>\n<blockquote><p><strong>Autos Elizabeth Rent a Car S.L :\u00a0<\/strong>empresa de arrendamiento de veh\u00edculos fundada por Don Juan A\u0301ngel A\u0301lvarez Rodri\u0301guez en la isla de Lanzarote con el apoyo incondicional de su familia y trabajadores en 1986 . A d\u00eda de hoy, 14 de junio de 2022, somos la 2\u00aa generaci\u00f3n familiar a cargo de la empresa, de la cu\u00e1l puede ampliar informaci\u00f3n en el apartado\u00a0nosotros<\/p>\n<p><strong>Oficinas centrales :\u00a0<\/strong>Calle Timanfaya S\/N, 35510, Puerto Del Carmen, Lanzarote, Islas Canarias.<\/p>\n<p>Domicilio social :\u00a0Camino Las Cuestas 13, 35572, T\u00edas, Lanzarote.<\/p>\n<p><strong>CIF :\u00a0<\/strong>B35144260<\/p><\/blockquote>\n<p>[\/vc_column_text][vc_column_text css=\u00bb.vc_custom_1757929266654{background-color: #FFFFFF !important;border-radius: 3px !important;}\u00bb]<strong>MISIO\u0301N<\/strong><\/p>\n<p>Como empresa familiar que ofrece sus servicio desde hace ma\u0301s de 35 an\u0303os : nuestra mayor satisfaccio\u0301n es que el cliente se sienta parte de nuestra familia.<\/p>\n<p>Por lo que nos esmeramos en ofrecer a todos y cada uno de nuestros clientes : un servicio personalizado, cercano, sencillo, as\u00ed como honesto y profesional en los servicios de alquiler de veh\u00edculos que ofrecemos en la isla de Lanzarote y Fuerteventura desde 1986<\/p>\n<p><strong>VISIO\u0301N<\/strong><\/p>\n<p>Nos esforzamos d\u00eda a d\u00eda en : aprender y garantizar la excelencia en el servicio y la ma\u0301xima satisfaccio\u0301n a nuestros clientes, siendo leales a nuestros valores y principios con los que se fundaron nuestra compan\u0303i\u0301a en la d\u00e9cada de los 80.<\/p>\n<p><strong>VALORES<\/strong><\/p>\n<p>Honestidad: Con nuestros clientes y empleados.<\/p>\n<p>Confianza: Nuestro servicio es claro, sencillo y simple.<\/p>\n<p>Profesionalidad: En todos los puestos de la empresa.<\/p>\n<p>Cercani\u0301a: Queremos que los clientes y empleados se sienta parte de nuestra familia.<\/p>\n<p><strong>TRABAJO EN EQUIPO<\/strong><\/p>\n<p>Nos ocupamos y garantizamos : unas condiciones laborales favorables para todo el equipo que forma nuestra compan\u0303i\u0301a en conjunto y armon\u00eda\u00a0 fomentando el cooperaci\u00f3n y comunicaci\u00f3n entre equipos.<\/p>\n<p>Creemos que adem\u00e1s del car\u00e1cter familiar y el trabajo en equipo garantiza la calidad de nuestro servicio, por lo que promovemos el trabajo en equipo como parte fundamental de nuestro desempen\u0303o.<\/p>\n<p><strong>LEGAL<\/strong><\/p>\n<p>Somos conscientes de nuestras obligaciones por lo que no solo cumplimos con todas las obligaciones laborales, fiscales y dema\u0301s leyes que afectan nuestra organizacio\u0301n, sino que adem\u00e1s siguiendo la\u00a0Ley 19\/2013, de 9 de diciembre, de transparencia, acceso a la informaci\u00f3n p\u00fablica y buen gobierno\u00a0ponemos al alcance de la informaci\u00f3n necesaria en cuanto a la informaci\u00f3n institucional, organizativa,\u00a0 econ\u00f3mica y financiera y de ayudas y convenios en el \u00e1rea correspondiente de nuestro portal web por la cu\u00e1l ha accedido usted a este apartado que est\u00e1 leyendo as\u00ed como\u00a0 siempre que nos la soliciten estamos dispuesto a facilitarle esta por la v\u00eda que el cliente estime.[\/vc_column_text][\/vc_column][\/vc_row][vc_row][vc_column][vc_empty_space][\/vc_column][\/vc_row][vc_row][vc_column width=\u00bb3\/4&#8243; css=\u00bb.vc_custom_1756986349293{background-color: #FFFFFF !important;border-radius: 3px !important;}\u00bb][vc_row_inner][vc_column_inner width=\u00bb1\/6&#8243;][vc_btn title=\u00bbInstitucional\u00bb css=\u00bb\u00bb link=\u00bburl:https%3A%2F%2Fautoselizabeth.com%2Fes%2Finformacion-institucional\u00bb][\/vc_column_inner][vc_column_inner width=\u00bb1\/6&#8243;][vc_btn title=\u00bbOrganizativa\u00bb css=\u00bb\u00bb link=\u00bburl:https%3A%2F%2Fautoselizabeth.com%2Fes%2Finformacion-organizativa%2F\u00bb][\/vc_column_inner][vc_column_inner width=\u00bb1\/6&#8243;][vc_btn title=\u00bbecon\u00f3mica y financiera\u00bb css=\u00bb\u00bb link=\u00bburl:https%3A%2F%2Fautoselizabeth.com%2Fes%2Finformacion-economica-y-financiera%2F\u00bb][\/vc_column_inner][vc_column_inner width=\u00bb1\/6&#8243;][vc_btn title=\u00bbAyudas y Subvenciones\u00bb css=\u00bb\u00bb link=\u00bburl:https%3A%2F%2Fautoselizabeth.com%2Fes%2Fayudas-y-subvenciones%2F\u00bb][\/vc_column_inner][vc_column_inner width=\u00bb1\/6&#8243;][vc_btn title=\u00bbconvenios y encomiendas de gesti\u00f3n\u00bb css=\u00bb\u00bb link=\u00bburl:https%3A%2F%2Fautoselizabeth.com%2Fes%2Fconvenios-y-encomiendas-de-gestion%2F\u00bb][\/vc_column_inner][vc_column_inner width=\u00bb1\/6&#8243;][vc_btn title=\u00bbcontratos y convenios\u00bb css=\u00bb\u00bb link=\u00bburl:https%3A%2F%2Fautoselizabeth.com%2Fes%2Fcontratos-y-convenios%2F|target:_blank\u00bb][\/vc_column_inner][\/vc_row_inner][\/vc_column][vc_column width=\u00bb1\/4&#8243;][vc_custom_heading text=\u00bbP\u00e1g. Legales\u00bb font_container=\u00bbtag:h5|text_align:left\u00bb use_theme_fonts=\u00bbyes\u00bb css=\u00bb\u00bb][vc_column_text css=\u00bb\u00bb]<\/p>\n<p>C\u00d3DIGO DE CONDUCTA <a href=\"https:\/\/autoselizabeth.com\/es\/codigo-de-conducta\/\">VER &gt; nuestro c\u00f3digo de conducta de empresa\u00a0<\/a><\/p>\n<p>T\u00c9RMINOS Y CONDICIONES <a href=\"https:\/\/autoselizabeth.com\/es\/terminos-y-condiciones\/\">VER &gt; Condiciones Generales de Alquiler<\/a><\/p>\n<p>POL\u00cdTICA DE PRIVACIDAD <a href=\"https:\/\/autoselizabeth.com\/es\/politica-de-privacidad\/\">VER &gt; Qu\u00e9 datos recopilamos y para qu\u00e9<\/a><\/p>\n<p>AVISO LEGAL <a href=\"https:\/\/autoselizabeth.com\/es\/aviso-legal\/\">VER &gt; tratamiento de los datos de car\u00e1cter personal<\/a><\/p>\n<p>[\/vc_column_text][\/vc_column][\/vc_row][vc_row][vc_column][vc_column_text css=\u00bb\u00bb]<\/p>\n<p style=\"text-align: center;\">Autos Elizabeth Rent a Car S.L | B35144260 |Camino Las Cuestas 13, 35572, T\u00edas, Lanzarote.<\/p>\n<p>[\/vc_column_text][vc_separator css=\u00bb\u00bb][\/vc_column][\/vc_row]<\/p>\n<\/div>","protected":false},"excerpt":{"rendered":"<p>[vc_row][vc_column][vc_empty_space][vc_custom_heading text=\u00bbInformaci\u00f3n Institucional\u00bb font_container=\u00bbtag:h1|text_align:left\u00bb use_theme_fonts=\u00bbyes\u00bb css=\u00bb\u00bb][vc_separator][\/vc_column][\/vc_row][vc_row][vc_column css=\u00bb.vc_custom_1756986349293{background-color: #FFFFFF !important;border-radius: 3px !important;}\u00bb][vc_single_image image=\u00bb1201&#8243; img_size=\u00bbfull\u00bb alignment=\u00bbcenter\u00bb css=\u00bb\u00bb][vc_column_text css=\u00bb\u00bb] Autos Elizabeth Rent a Car S.L :\u00a0empresa de arrendamiento de veh\u00edculos fundada por Don Juan A\u0301ngel A\u0301lvarez Rodri\u0301guez en la isla de Lanzarote con el apoyo incondicional de su familia y trabajadores en 1986 . A d\u00eda de hoy, [&hellip;]<\/p>\n","protected":false},"author":2,"featured_media":0,"parent":0,"menu_order":0,"comment_status":"closed","ping_status":"closed","template":"","meta":{"footnotes":""},"class_list":["post-1470","page","type-page","status-publish","hentry"],"blocksy_meta":[],"_links":{"self":[{"href":"https:\/\/autoselizabeth.com\/es\/wp-json\/wp\/v2\/pages\/1470","targetHints":{"allow":["GET"]}}],"collection":[{"href":"https:\/\/autoselizabeth.com\/es\/wp-json\/wp\/v2\/pages"}],"about":[{"href":"https:\/\/autoselizabeth.com\/es\/wp-json\/wp\/v2\/types\/page"}],"author":[{"embeddable":true,"href":"https:\/\/autoselizabeth.com\/es\/wp-json\/wp\/v2\/users\/2"}],"replies":[{"embeddable":true,"href":"https:\/\/autoselizabeth.com\/es\/wp-json\/wp\/v2\/comments?post=1470"}],"version-history":[{"count":5,"href":"https:\/\/autoselizabeth.com\/es\/wp-json\/wp\/v2\/pages\/1470\/revisions"}],"predecessor-version":[{"id":1514,"href":"https:\/\/autoselizabeth.com\/es\/wp-json\/wp\/v2\/pages\/1470\/revisions\/1514"}],"wp:attachment":[{"href":"https:\/\/autoselizabeth.com\/es\/wp-json\/wp\/v2\/media?parent=1470"}],"curies":[{"name":"wp","href":"https:\/\/api.w.org\/{rel}","templated":true}]}}