{"id":1475,"date":"2025-09-13T16:58:08","date_gmt":"2025-09-13T14:58:08","guid":{"rendered":"https:\/\/autoselizabeth.com\/?page_id=1475"},"modified":"2025-09-15T11:44:54","modified_gmt":"2025-09-15T09:44:54","slug":"informacion-organizativa","status":"publish","type":"page","link":"https:\/\/autoselizabeth.com\/es\/informacion-organizativa\/","title":{"rendered":"Informaci\u00f3n Organizativa"},"content":{"rendered":"<div class=\"wpb-content-wrapper\"><p>[vc_row][vc_column][vc_empty_space][vc_custom_heading text=\u00bbInformaci\u00f3n Organizativa\u00bb font_container=\u00bbtag:h1|text_align:center\u00bb use_theme_fonts=\u00bbyes\u00bb css=\u00bb\u00bb][vc_separator][\/vc_column][\/vc_row][vc_row][vc_column css=\u00bb.vc_custom_1756986349293{background-color: #FFFFFF !important;border-radius: 3px !important;}\u00bb][vc_single_image image=\u00bb1201&#8243; img_size=\u00bbfull\u00bb alignment=\u00bbcenter\u00bb css=\u00bb\u00bb][vc_column_text css=\u00bb.vc_custom_1757775409547{background-color: #FFFFFF !important;border-radius: 3px !important;}\u00bb]<strong>ORGANIGRAMA DE AUTOS ELIZABETH RENT A CAR<\/strong><\/p>\n<p>Siendo nuestra actividad principal el arrendamiento de veh\u00edculos en las islas de Lanzarote y Fuerteventura, contamos con un equipo humano organizado seg\u00fan el siguiente organigrama de empresa.[\/vc_column_text][vc_single_image image=\u00bb1477&#8243; img_size=\u00bbfull\u00bb alignment=\u00bbcenter\u00bb css=\u00bb\u00bb][vc_column_text css=\u00bb.vc_custom_1757775397077{background-color: #FFFFFF !important;border-radius: 3px !important;}\u00bb]<strong>RESPONSABLES DE EQUIPOS<\/strong><\/p>\n<p>Siguiendo el gr\u00e1fico del organigrama de nuestra empresa le detallamos los datos de los responsables de las siguientes \u00e1reas seg\u00fan las funciones y competencias de los servicios que ofrece nuestra empresa[\/vc_column_text][\/vc_column][\/vc_row][vc_row][vc_column][vc_empty_space][\/vc_column][\/vc_row][vc_row][vc_column width=\u00bb3\/4&#8243; css=\u00bb.vc_custom_1756986349293{background-color: #FFFFFF !important;border-radius: 3px !important;}\u00bb][vc_row_inner][vc_column_inner width=\u00bb1\/6&#8243;][vc_btn title=\u00bbInstitucional\u00bb css=\u00bb\u00bb link=\u00bburl:https%3A%2F%2Fautoselizabeth.com%2Fes%2Finformacion-institucional\u00bb][\/vc_column_inner][vc_column_inner width=\u00bb1\/6&#8243;][vc_btn title=\u00bbOrganizativa\u00bb css=\u00bb\u00bb link=\u00bburl:https%3A%2F%2Fautoselizabeth.com%2Fes%2Finformacion-organizativa%2F\u00bb][\/vc_column_inner][vc_column_inner width=\u00bb1\/6&#8243;][vc_btn title=\u00bbecon\u00f3mica y financiera\u00bb css=\u00bb\u00bb link=\u00bburl:https%3A%2F%2Fautoselizabeth.com%2Fes%2Finformacion-economica-y-financiera%2F\u00bb][\/vc_column_inner][vc_column_inner width=\u00bb1\/6&#8243;][vc_btn title=\u00bbAyudas y Subvenciones\u00bb css=\u00bb\u00bb link=\u00bburl:https%3A%2F%2Fautoselizabeth.com%2Fes%2Fayudas-y-subvenciones%2F\u00bb][\/vc_column_inner][vc_column_inner width=\u00bb1\/6&#8243;][vc_btn title=\u00bbconvenios y encomiendas de gesti\u00f3n\u00bb css=\u00bb\u00bb link=\u00bburl:https%3A%2F%2Fautoselizabeth.com%2Fes%2Fconvenios-y-encomiendas-de-gestion%2F\u00bb][\/vc_column_inner][vc_column_inner width=\u00bb1\/6&#8243;][vc_btn title=\u00bbcontratos y convenios\u00bb css=\u00bb\u00bb link=\u00bburl:https%3A%2F%2Fautoselizabeth.com%2Fes%2Fcontratos-y-convenios%2F|target:_blank\u00bb][\/vc_column_inner][\/vc_row_inner][\/vc_column][vc_column width=\u00bb1\/4&#8243;][vc_custom_heading text=\u00bbP\u00e1g. Legales\u00bb font_container=\u00bbtag:h5|text_align:left\u00bb use_theme_fonts=\u00bbyes\u00bb css=\u00bb\u00bb][vc_column_text css=\u00bb\u00bb]<\/p>\n<p>C\u00d3DIGO DE CONDUCTA <a href=\"https:\/\/autoselizabeth.com\/es\/codigo-de-conducta\/\">VER &gt; nuestro c\u00f3digo de conducta de empresa\u00a0<\/a><\/p>\n<p>T\u00c9RMINOS Y CONDICIONES <a href=\"https:\/\/autoselizabeth.com\/es\/terminos-y-condiciones\/\">VER &gt; Condiciones Generales de Alquiler<\/a><\/p>\n<p>POL\u00cdTICA DE PRIVACIDAD <a href=\"https:\/\/autoselizabeth.com\/es\/politica-de-privacidad\/\">VER &gt; Qu\u00e9 datos recopilamos y para qu\u00e9<\/a><\/p>\n<p>AVISO LEGAL <a href=\"https:\/\/autoselizabeth.com\/es\/aviso-legal\/\">VER &gt; tratamiento de los datos de car\u00e1cter personal<\/a><\/p>\n<p>[\/vc_column_text][\/vc_column][\/vc_row][vc_row][vc_column][vc_column_text css=\u00bb\u00bb]<\/p>\n<p style=\"text-align: center;\">Autos Elizabeth Rent a Car S.L | B35144260 |Camino Las Cuestas 13, 35572, T\u00edas, Lanzarote.<\/p>\n<p>[\/vc_column_text][vc_separator css=\u00bb\u00bb][\/vc_column][\/vc_row]<\/p>\n<\/div>","protected":false},"excerpt":{"rendered":"<p>[vc_row][vc_column][vc_empty_space][vc_custom_heading text=\u00bbInformaci\u00f3n Organizativa\u00bb font_container=\u00bbtag:h1|text_align:center\u00bb use_theme_fonts=\u00bbyes\u00bb css=\u00bb\u00bb][vc_separator][\/vc_column][\/vc_row][vc_row][vc_column css=\u00bb.vc_custom_1756986349293{background-color: #FFFFFF !important;border-radius: 3px !important;}\u00bb][vc_single_image image=\u00bb1201&#8243; img_size=\u00bbfull\u00bb alignment=\u00bbcenter\u00bb css=\u00bb\u00bb][vc_column_text css=\u00bb.vc_custom_1757775409547{background-color: #FFFFFF !important;border-radius: 3px !important;}\u00bb]ORGANIGRAMA DE AUTOS ELIZABETH RENT A CAR Siendo nuestra actividad principal el arrendamiento de veh\u00edculos en las islas de Lanzarote y Fuerteventura, contamos con un equipo humano organizado seg\u00fan el siguiente organigrama de empresa.[\/vc_column_text][vc_single_image image=\u00bb1477&#8243; img_size=\u00bbfull\u00bb [&hellip;]<\/p>\n","protected":false},"author":2,"featured_media":0,"parent":0,"menu_order":0,"comment_status":"closed","ping_status":"closed","template":"","meta":{"footnotes":""},"class_list":["post-1475","page","type-page","status-publish","hentry"],"blocksy_meta":[],"_links":{"self":[{"href":"https:\/\/autoselizabeth.com\/es\/wp-json\/wp\/v2\/pages\/1475","targetHints":{"allow":["GET"]}}],"collection":[{"href":"https:\/\/autoselizabeth.com\/es\/wp-json\/wp\/v2\/pages"}],"about":[{"href":"https:\/\/autoselizabeth.com\/es\/wp-json\/wp\/v2\/types\/page"}],"author":[{"embeddable":true,"href":"https:\/\/autoselizabeth.com\/es\/wp-json\/wp\/v2\/users\/2"}],"replies":[{"embeddable":true,"href":"https:\/\/autoselizabeth.com\/es\/wp-json\/wp\/v2\/comments?post=1475"}],"version-history":[{"count":3,"href":"https:\/\/autoselizabeth.com\/es\/wp-json\/wp\/v2\/pages\/1475\/revisions"}],"predecessor-version":[{"id":1517,"href":"https:\/\/autoselizabeth.com\/es\/wp-json\/wp\/v2\/pages\/1475\/revisions\/1517"}],"wp:attachment":[{"href":"https:\/\/autoselizabeth.com\/es\/wp-json\/wp\/v2\/media?parent=1475"}],"curies":[{"name":"wp","href":"https:\/\/api.w.org\/{rel}","templated":true}]}}