{"id":1487,"date":"2025-09-15T10:01:52","date_gmt":"2025-09-15T08:01:52","guid":{"rendered":"https:\/\/autoselizabeth.com\/?page_id=1487"},"modified":"2025-09-15T11:16:52","modified_gmt":"2025-09-15T09:16:52","slug":"contratos-y-convenios","status":"publish","type":"page","link":"https:\/\/autoselizabeth.com\/es\/contratos-y-convenios\/","title":{"rendered":"Contratos y Convenios"},"content":{"rendered":"<div class=\"wpb-content-wrapper\"><p>[vc_row][vc_column][vc_empty_space][vc_custom_heading text=\u00bbContratos y convenios\u00bb font_container=\u00bbtag:h1|text_align:left\u00bb use_theme_fonts=\u00bbyes\u00bb css=\u00bb\u00bb][vc_separator][\/vc_column][\/vc_row][vc_row][vc_column css=\u00bb.vc_custom_1756986349293{background-color: #FFFFFF !important;border-radius: 3px !important;}\u00bb][vc_single_image image=\u00bb1201&#8243; img_size=\u00bbfull\u00bb alignment=\u00bbcenter\u00bb css=\u00bb\u00bb][\/vc_column][\/vc_row][vc_row][vc_column width=\u00bb3\/4&#8243; css=\u00bb.vc_custom_1756986349293{background-color: #FFFFFF !important;border-radius: 3px !important;}\u00bb][vc_empty_space][vc_column_text css=\u00bb.vc_custom_1757923540591{background-color: #FFFFFF !important;border-radius: 3px !important;}\u00bb]<\/p>\n<blockquote>\n<h3><img loading=\"lazy\" decoding=\"async\" class=\"size-full wp-image-1489 alignright\" src=\"https:\/\/autoselizabeth.com\/wp-content\/uploads\/2025\/09\/atencion-y-reservas-online-autoselizabeth.png\" alt=\"\" width=\"233\" height=\"264\" \/>Nuestra empresa a d\u00eda de hoy no cuenta con ning\u00fan contrato con Administraciones P\u00fablicas o Entidades Privadas. Cualquier duda por favor contacte con nosotros.<\/h3>\n<\/blockquote>\n<p>[\/vc_column_text][vc_row_inner][vc_column_inner width=\u00bb1\/6&#8243;][vc_btn title=\u00bbInstitucional\u00bb css=\u00bb\u00bb link=\u00bburl:https%3A%2F%2Fautoselizabeth.com%2Fes%2Finformacion-institucional\u00bb][\/vc_column_inner][vc_column_inner width=\u00bb1\/6&#8243;][vc_btn title=\u00bbOrganizativa\u00bb css=\u00bb\u00bb link=\u00bburl:https%3A%2F%2Fautoselizabeth.com%2Fes%2Finformacion-organizativa%2F\u00bb][\/vc_column_inner][vc_column_inner width=\u00bb1\/6&#8243;][vc_btn title=\u00bbecon\u00f3mica y financiera\u00bb css=\u00bb\u00bb link=\u00bburl:https%3A%2F%2Fautoselizabeth.com%2Fes%2Finformacion-economica-y-financiera%2F\u00bb][\/vc_column_inner][vc_column_inner width=\u00bb1\/6&#8243;][vc_btn title=\u00bbAyudas y Subvenciones\u00bb css=\u00bb\u00bb link=\u00bburl:https%3A%2F%2Fautoselizabeth.com%2Fes%2Fayudas-y-subvenciones%2F\u00bb][\/vc_column_inner][vc_column_inner width=\u00bb1\/6&#8243;][vc_btn title=\u00bbconvenios y encomiendas de gesti\u00f3n\u00bb css=\u00bb\u00bb link=\u00bburl:https%3A%2F%2Fautoselizabeth.com%2Fes%2Fconvenios-y-encomiendas-de-gestion%2F\u00bb][\/vc_column_inner][vc_column_inner width=\u00bb1\/6&#8243;][vc_btn title=\u00bbcontratos y convenios\u00bb css=\u00bb\u00bb link=\u00bburl:https%3A%2F%2Fautoselizabeth.com%2Fes%2Fcontratos-y-convenios%2F|target:_blank\u00bb][\/vc_column_inner][\/vc_row_inner][\/vc_column][vc_column width=\u00bb1\/4&#8243;][vc_empty_space height=\u00bb20px\u00bb][vc_custom_heading text=\u00bbP\u00e1g. Legales\u00bb font_container=\u00bbtag:h5|text_align:left\u00bb use_theme_fonts=\u00bbyes\u00bb css=\u00bb\u00bb][vc_column_text css=\u00bb\u00bb]<\/p>\n<p>C\u00d3DIGO DE CONDUCTA <a href=\"https:\/\/autoselizabeth.com\/es\/codigo-de-conducta\/\">VER &gt; nuestro c\u00f3digo de conducta de empresa\u00a0<\/a><\/p>\n<p>T\u00c9RMINOS Y CONDICIONES <a href=\"https:\/\/autoselizabeth.com\/es\/terminos-y-condiciones\/\">VER &gt; Condiciones Generales de Alquiler<\/a><\/p>\n<p>POL\u00cdTICA DE PRIVACIDAD <a href=\"https:\/\/autoselizabeth.com\/es\/politica-de-privacidad\/\">VER &gt; Qu\u00e9 datos recopilamos y para qu\u00e9<\/a><\/p>\n<p>AVISO LEGAL <a href=\"https:\/\/autoselizabeth.com\/es\/aviso-legal\/\">VER &gt; tratamiento de los datos de car\u00e1cter personal<\/a><\/p>\n<p>[\/vc_column_text][\/vc_column][\/vc_row][vc_row][vc_column][vc_column_text css=\u00bb\u00bb]<\/p>\n<p style=\"text-align: center;\">Autos Elizabeth Rent a Car S.L | B35144260 |Camino Las Cuestas 13, 35572, T\u00edas, Lanzarote.<\/p>\n<p>[\/vc_column_text][vc_separator css=\u00bb\u00bb][\/vc_column][\/vc_row]<\/p>\n<\/div>","protected":false},"excerpt":{"rendered":"<p>[vc_row][vc_column][vc_empty_space][vc_custom_heading text=\u00bbContratos y convenios\u00bb font_container=\u00bbtag:h1|text_align:left\u00bb use_theme_fonts=\u00bbyes\u00bb css=\u00bb\u00bb][vc_separator][\/vc_column][\/vc_row][vc_row][vc_column css=\u00bb.vc_custom_1756986349293{background-color: #FFFFFF !important;border-radius: 3px !important;}\u00bb][vc_single_image image=\u00bb1201&#8243; img_size=\u00bbfull\u00bb alignment=\u00bbcenter\u00bb css=\u00bb\u00bb][\/vc_column][\/vc_row][vc_row][vc_column width=\u00bb3\/4&#8243; css=\u00bb.vc_custom_1756986349293{background-color: #FFFFFF !important;border-radius: 3px !important;}\u00bb][vc_empty_space][vc_column_text css=\u00bb.vc_custom_1757923540591{background-color: #FFFFFF !important;border-radius: 3px !important;}\u00bb] Nuestra empresa a d\u00eda de hoy no cuenta con ning\u00fan contrato con Administraciones P\u00fablicas o Entidades Privadas. Cualquier duda por favor contacte con nosotros. [\/vc_column_text][vc_row_inner][vc_column_inner width=\u00bb1\/6&#8243;][vc_btn title=\u00bbInstitucional\u00bb css=\u00bb\u00bb [&hellip;]<\/p>\n","protected":false},"author":2,"featured_media":0,"parent":0,"menu_order":0,"comment_status":"closed","ping_status":"closed","template":"","meta":{"footnotes":""},"class_list":["post-1487","page","type-page","status-publish","hentry"],"blocksy_meta":[],"_links":{"self":[{"href":"https:\/\/autoselizabeth.com\/es\/wp-json\/wp\/v2\/pages\/1487","targetHints":{"allow":["GET"]}}],"collection":[{"href":"https:\/\/autoselizabeth.com\/es\/wp-json\/wp\/v2\/pages"}],"about":[{"href":"https:\/\/autoselizabeth.com\/es\/wp-json\/wp\/v2\/types\/page"}],"author":[{"embeddable":true,"href":"https:\/\/autoselizabeth.com\/es\/wp-json\/wp\/v2\/users\/2"}],"replies":[{"embeddable":true,"href":"https:\/\/autoselizabeth.com\/es\/wp-json\/wp\/v2\/comments?post=1487"}],"version-history":[{"count":6,"href":"https:\/\/autoselizabeth.com\/es\/wp-json\/wp\/v2\/pages\/1487\/revisions"}],"predecessor-version":[{"id":1510,"href":"https:\/\/autoselizabeth.com\/es\/wp-json\/wp\/v2\/pages\/1487\/revisions\/1510"}],"wp:attachment":[{"href":"https:\/\/autoselizabeth.com\/es\/wp-json\/wp\/v2\/media?parent=1487"}],"curies":[{"name":"wp","href":"https:\/\/api.w.org\/{rel}","templated":true}]}}