{"id":1495,"date":"2025-09-15T10:48:31","date_gmt":"2025-09-15T08:48:31","guid":{"rendered":"https:\/\/autoselizabeth.com\/?page_id=1495"},"modified":"2025-09-15T11:03:44","modified_gmt":"2025-09-15T09:03:44","slug":"ayudas-y-subvenciones","status":"publish","type":"page","link":"https:\/\/autoselizabeth.com\/es\/ayudas-y-subvenciones\/","title":{"rendered":"Ayudas y Subvenciones"},"content":{"rendered":"<div class=\"wpb-content-wrapper\"><p>[vc_row][vc_column][vc_empty_space][vc_custom_heading text=\u00bbAyudas y Subvenciones\u00bb font_container=\u00bbtag:h1|text_align:center\u00bb use_theme_fonts=\u00bbyes\u00bb css=\u00bb\u00bb][vc_separator][\/vc_column][\/vc_row][vc_row][vc_column css=\u00bb.vc_custom_1756986349293{background-color: #FFFFFF !important;border-radius: 3px !important;}\u00bb][vc_single_image image=\u00bb1201&#8243; img_size=\u00bbfull\u00bb alignment=\u00bbcenter\u00bb css=\u00bb\u00bb][vc_column_text css=\u00bb.vc_custom_1757926100227{background-color: #FFFFFF !important;border-radius: 3px !important;}\u00bb]<strong>SUBVENCIONES GOBIERNO DE CANARIAS &gt; AYUDAS Y SUBVENCIONES (2021)<\/strong><\/p>\n<p>SUBVENCIONES DIRIGIDAS AL MANTENIMIENTO DE LA ACTIVIDAD DE PERSONAS TRABAJADORAS AUTO\u0301NOMAS Y PEQUEN\u0303AS Y MEDIANAS EMPRESAS, DE LOS SECTORES MA\u0301S AFECTADOS POR LA CRISIS DERIVADA DE LA COVID-19, REGULADAS POR EL DECRETO-LEY 2\/2021, DE 1 DE MARZO (LI\u0301NEA 2: SUBVENCIONES DESTINADAS AL MANTENIMIENTO DE LA ACTIVIDAD DE PEQUEN\u0303AS Y MEDIANAS EMPRESAS Y PERSONAS TRABAJADORAS AUTO\u0301NOMAS CON ASALARIADOS).<\/p>\n<table>\n<tbody>\n<tr>\n<td>\n<div class=\"layoutArea\">\n<div class=\"column\">\n<p>EXPEDIENTE<\/p>\n<\/div>\n<\/div>\n<\/td>\n<td>\n<div class=\"layoutArea\">\n<div class=\"column\">\n<p>RESOLUCIO\u0301N<\/p>\n<\/div>\n<\/div>\n<\/td>\n<td>\n<div class=\"layoutArea\">\n<div class=\"column\">\n<p>FECHA RESOLUCIO\u0301N<\/p>\n<\/div>\n<\/div>\n<\/td>\n<td>\n<div class=\"layoutArea\">\n<div class=\"column\">\n<p>IMPORTE<\/p>\n<\/div>\n<\/div>\n<\/td>\n<\/tr>\n<tr>\n<td>\n<div class=\"layoutArea\">\n<div class=\"column\">\n<p>EXP-SUBPYMES- 5581-2021<\/p>\n<\/div>\n<\/div>\n<\/td>\n<td>\n<div class=\"layoutArea\">\n<div class=\"column\">\n<p>No: 347 \/ 2021 &#8211; TOMO: 1 &#8211; LIBRO: 69<\/p>\n<\/div>\n<\/div>\n<\/td>\n<td>\n<div class=\"layoutArea\">\n<div class=\"column\">\n<p>12-05-2021<\/p>\n<\/div>\n<\/div>\n<\/td>\n<td>\n<div class=\"layoutArea\">\n<div class=\"column\">\n<p>25.000\u20ac<\/p>\n<\/div>\n<\/div>\n<\/td>\n<\/tr>\n<\/tbody>\n<\/table>\n<div class=\"layoutArea\">\n<div class=\"column\"><\/div>\n<\/div>\n<p>[\/vc_column_text][vc_btn title=\u00bbRESOLUCIO\u0301N-347_2021-DE-CONCESIO\u0301N-LI\u0301NEA-2-LZT_LG-05_2021&#8243; css=\u00bb\u00bb link=\u00bburl:https%3A%2F%2Fcamaralanzarote.org%2Fwp-content%2Fuploads%2F2021%2F05%2FRESOLUCIO%25CC%2581N-347_2021-DE-CONCESIO%25CC%2581N-LI%25CC%2581NEA-2-LZT_LG-05_2021.pdf|target:_blank\u00bb][vc_column_text css=\u00bb.vc_custom_1757925810758{background-color: #FFFFFF !important;border-radius: 3px !important;}\u00bb]<strong>GOBIERNO CENTRAL (ESTATAL)<\/strong><\/p>\n<p>LI\u0301NEA COVID DE AYUDAS DIRECTAS A PERSONAS AUTO\u0301NOMAS Y EMPRESAS PREVISTA EN EL TI\u0301TULO I DEL REAL DECRETO-LEY 5\/2021, DE 12 DE MARZO, DE MEDIDAS EXTRAORDINARIAS DE APOYO A LA SOLVENCIA EMPRESARIAL EN RESPUESTA A LA PANDEMIA DE LA COVID-19, FINANCIADA POR EL GOBIERNO DE ESPAN\u0303A, REGULADAS POR EL DECRETO-LEY 6\/2021, DE 4 DE JUNIO (LI\u0301NEAS 2.2 Y 2.3: PERSONAS AUTO\u0301NOMAS, EMPRESAS Y GRUPOS DE EMPRESAS CON MA\u0301S DE 10 Y MENOS DE 50 PERSONAS EMPLEADAS, Y CON 50 O MA\u0301S PERSONAS EMPLEADAS, RESPECTIVAMENTE).<\/p>\n<table>\n<tbody>\n<tr>\n<td>\n<div class=\"layoutArea\">\n<div class=\"column\">\n<p>EXPEDIENTE<\/p>\n<\/div>\n<\/div>\n<\/td>\n<td>\n<div class=\"layoutArea\">\n<div class=\"column\">\n<p>RESOLUCIO\u0301N<\/p>\n<\/div>\n<\/div>\n<\/td>\n<td>\n<div class=\"layoutArea\">\n<div class=\"column\">\n<p>FECHA RESOLUCIO\u0301N<\/p>\n<\/div>\n<\/div>\n<\/td>\n<td>\n<div class=\"layoutArea\">\n<div class=\"column\">\n<p>IMPORTE<\/p>\n<\/div>\n<\/div>\n<\/td>\n<\/tr>\n<tr>\n<td>\n<div class=\"layoutArea\">\n<div class=\"column\">\n<p>EXP- SUBPYMES2- 169282021<\/p>\n<\/div>\n<\/div>\n<\/td>\n<td>\n<div class=\"layoutArea\">\n<div class=\"column\">\n<p>RESOLUCIO\u0301N \u2013 No 1002\/2021<\/p>\n<\/div>\n<\/div>\n<\/td>\n<td>\n<div class=\"layoutArea\">\n<div class=\"column\">\n<p>12-12-2021<\/p>\n<\/div>\n<\/div>\n<\/td>\n<td>\n<div class=\"layoutArea\">\n<div class=\"column\">\n<p>60.000\u20ac<\/p>\n<\/div>\n<\/div>\n<\/td>\n<\/tr>\n<\/tbody>\n<\/table>\n<p>[\/vc_column_text][vc_btn title=\u00bbRESOLUCI\u00d3N 347_2021 DE CONCESI\u00d3N L\u00cdNEA 2 LZT LG 05 2021&#8243; css=\u00bb\u00bb link=\u00bburl:https%3A%2F%2Fwww.gobiernodecanarias.org%2Ftransparencia%2Ftemas%2Fcontratos-convenios-subvenciones%2Fayudas-y-subvenciones%2Fayudas-concedidas%2F.doc%2Fx-legislatura%2Fcece%2Fayudas-y-subvenciones-ece-1-semestre-2021.xlsx|target:_blank\u00bb][\/vc_column][\/vc_row][vc_row][vc_column][vc_empty_space][vc_separator][\/vc_column][\/vc_row][vc_row][vc_column width=\u00bb3\/4&#8243; css=\u00bb.vc_custom_1756986349293{background-color: #FFFFFF !important;border-radius: 3px !important;}\u00bb][vc_row_inner][vc_column_inner width=\u00bb1\/6&#8243;][vc_btn title=\u00bbInstitucional\u00bb css=\u00bb\u00bb link=\u00bburl:https%3A%2F%2Fautoselizabeth.com%2Fes%2Finformacion-institucional\u00bb][\/vc_column_inner][vc_column_inner width=\u00bb1\/6&#8243;][vc_btn title=\u00bbOrganizativa\u00bb css=\u00bb\u00bb link=\u00bburl:https%3A%2F%2Fautoselizabeth.com%2Fes%2Finformacion-organizativa%2F\u00bb][\/vc_column_inner][vc_column_inner width=\u00bb1\/6&#8243;][vc_btn title=\u00bbecon\u00f3mica y financiera\u00bb css=\u00bb\u00bb link=\u00bburl:https%3A%2F%2Fautoselizabeth.com%2Fes%2Finformacion-economica-y-financiera%2F\u00bb][\/vc_column_inner][vc_column_inner width=\u00bb1\/6&#8243;][vc_btn title=\u00bbAyudas y Subvenciones\u00bb css=\u00bb\u00bb link=\u00bburl:https%3A%2F%2Fautoselizabeth.com%2Fes%2Fayudas-y-subvenciones%2F\u00bb][\/vc_column_inner][vc_column_inner width=\u00bb1\/6&#8243;][vc_btn title=\u00bbconvenios y encomiendas de gesti\u00f3n\u00bb css=\u00bb\u00bb link=\u00bburl:https%3A%2F%2Fautoselizabeth.com%2Fes%2Fconvenios-y-encomiendas-de-gestion%2F\u00bb][\/vc_column_inner][vc_column_inner width=\u00bb1\/6&#8243;][vc_btn title=\u00bbcontratos y convenios\u00bb css=\u00bb\u00bb link=\u00bburl:https%3A%2F%2Fautoselizabeth.com%2Fes%2Fcontratos-y-convenios%2F|target:_blank\u00bb][\/vc_column_inner][\/vc_row_inner][\/vc_column][vc_column width=\u00bb1\/4&#8243;][vc_custom_heading text=\u00bbP\u00e1g. Legales\u00bb font_container=\u00bbtag:h5|text_align:left\u00bb use_theme_fonts=\u00bbyes\u00bb css=\u00bb\u00bb][vc_column_text css=\u00bb\u00bb]<\/p>\n<p>C\u00d3DIGO DE CONDUCTA <a href=\"https:\/\/autoselizabeth.com\/es\/codigo-de-conducta\/\">VER &gt; nuestro c\u00f3digo de conducta de empresa\u00a0<\/a><\/p>\n<p>T\u00c9RMINOS Y CONDICIONES <a href=\"https:\/\/autoselizabeth.com\/es\/terminos-y-condiciones\/\">VER &gt; Condiciones Generales de Alquiler<\/a><\/p>\n<p>POL\u00cdTICA DE PRIVACIDAD <a href=\"https:\/\/autoselizabeth.com\/es\/politica-de-privacidad\/\">VER &gt; Qu\u00e9 datos recopilamos y para qu\u00e9<\/a><\/p>\n<p>AVISO LEGAL <a href=\"https:\/\/autoselizabeth.com\/es\/aviso-legal\/\">VER &gt; tratamiento de los datos de car\u00e1cter personal<\/a><\/p>\n<p>[\/vc_column_text][\/vc_column][\/vc_row][vc_row][vc_column][vc_column_text css=\u00bb\u00bb]<\/p>\n<p style=\"text-align: center;\">Autos Elizabeth Rent a Car S.L | B35144260 |Camino Las Cuestas 13, 35572, T\u00edas, Lanzarote.<\/p>\n<p>[\/vc_column_text][vc_separator css=\u00bb\u00bb][\/vc_column][\/vc_row]<\/p>\n<\/div>","protected":false},"excerpt":{"rendered":"<p>[vc_row][vc_column][vc_empty_space][vc_custom_heading text=\u00bbAyudas y Subvenciones\u00bb font_container=\u00bbtag:h1|text_align:center\u00bb use_theme_fonts=\u00bbyes\u00bb css=\u00bb\u00bb][vc_separator][\/vc_column][\/vc_row][vc_row][vc_column css=\u00bb.vc_custom_1756986349293{background-color: #FFFFFF !important;border-radius: 3px !important;}\u00bb][vc_single_image image=\u00bb1201&#8243; img_size=\u00bbfull\u00bb alignment=\u00bbcenter\u00bb css=\u00bb\u00bb][vc_column_text css=\u00bb.vc_custom_1757926100227{background-color: #FFFFFF !important;border-radius: 3px !important;}\u00bb]SUBVENCIONES GOBIERNO DE CANARIAS &gt; AYUDAS Y SUBVENCIONES (2021) SUBVENCIONES DIRIGIDAS AL MANTENIMIENTO DE LA ACTIVIDAD DE PERSONAS TRABAJADORAS AUTO\u0301NOMAS Y PEQUEN\u0303AS Y MEDIANAS EMPRESAS, DE LOS SECTORES MA\u0301S AFECTADOS POR LA CRISIS DERIVADA DE [&hellip;]<\/p>\n","protected":false},"author":2,"featured_media":0,"parent":0,"menu_order":0,"comment_status":"closed","ping_status":"closed","template":"","meta":{"footnotes":""},"class_list":["post-1495","page","type-page","status-publish","hentry"],"blocksy_meta":[],"_links":{"self":[{"href":"https:\/\/autoselizabeth.com\/es\/wp-json\/wp\/v2\/pages\/1495","targetHints":{"allow":["GET"]}}],"collection":[{"href":"https:\/\/autoselizabeth.com\/es\/wp-json\/wp\/v2\/pages"}],"about":[{"href":"https:\/\/autoselizabeth.com\/es\/wp-json\/wp\/v2\/types\/page"}],"author":[{"embeddable":true,"href":"https:\/\/autoselizabeth.com\/es\/wp-json\/wp\/v2\/users\/2"}],"replies":[{"embeddable":true,"href":"https:\/\/autoselizabeth.com\/es\/wp-json\/wp\/v2\/comments?post=1495"}],"version-history":[{"count":6,"href":"https:\/\/autoselizabeth.com\/es\/wp-json\/wp\/v2\/pages\/1495\/revisions"}],"predecessor-version":[{"id":1503,"href":"https:\/\/autoselizabeth.com\/es\/wp-json\/wp\/v2\/pages\/1495\/revisions\/1503"}],"wp:attachment":[{"href":"https:\/\/autoselizabeth.com\/es\/wp-json\/wp\/v2\/media?parent=1495"}],"curies":[{"name":"wp","href":"https:\/\/api.w.org\/{rel}","templated":true}]}}