{"id":1812,"date":"2025-04-08T10:27:01","date_gmt":"2025-04-08T10:27:01","guid":{"rendered":"https:\/\/autoselizabeth.com\/book-online\/"},"modified":"2026-03-23T17:00:27","modified_gmt":"2026-03-23T16:00:27","slug":"reserver-une-voitures","status":"publish","type":"page","link":"https:\/\/autoselizabeth.com\/fr\/","title":{"rendered":"R\u00e9server une voitures"},"content":{"rendered":"<div class=\"wpb-content-wrapper\"><p>[vc_row][vc_column][vc_raw_html css=\u00a0\u00bb\u00a0\u00bb]JTNDJTIxLS0lMjBFdmVudCUyMHNuaXBwZXQlMjBmb3IlMjBGb3JtdWxhcmlvJTIwZGUlMjByZXNlcnZhJTIwY29udmVyc2lvbiUyMHBhZ2UlMEFJbiUyMHlvdXIlMjBodG1sJTIwcGFnZSUyQyUyMGFkZCUyMHRoZSUyMHNuaXBwZXQlMjBhbmQlMjBjYWxsJTIwZ3RhZ19yZXBvcnRfY29udmVyc2lvbiUyMHdoZW4lMjBzb21lb25lJTIwY2xpY2tzJTIwb24lMjB0aGUlMjBjaG9zZW4lMjBsaW5rJTIwb3IlMjBidXR0b24uJTIwLS0lM0UlMEElM0NzY3JpcHQlM0UlMEFmdW5jdGlvbiUyMGd0YWdfcmVwb3J0X2NvbnZlcnNpb24lMjh1cmwlMjklMjAlN0IlMEElMjAlMjB2YXIlMjBjYWxsYmFjayUyMCUzRCUyMGZ1bmN0aW9uJTIwJTI4JTI5JTIwJTdCJTBBJTIwJTIwJTIwJTIwaWYlMjAlMjh0eXBlb2YlMjh1cmwlMjklMjAlMjElM0QlMjAlMjd1bmRlZmluZWQlMjclMjklMjAlN0IlMEElMjAlMjAlMjAlMjAlMjAlMjB3aW5kb3cubG9jYXRpb24lMjAlM0QlMjB1cmwlM0IlMEElMjAlMjAlMjAlMjAlN0QlMEElMjAlMjAlN0QlM0IlMEElMjAlMjBndGFnJTI4JTI3ZXZlbnQlMjclMkMlMjAlMjdjb252ZXJzaW9uJTI3JTJDJTIwJTdCJTBBJTIwJTIwJTIwJTIwJTIwJTIwJTI3c2VuZF90byUyNyUzQSUyMCUyN0FXLTkzMDM4MjcwOSUyRkZ1X2pDT0RvaWNnWkVQV0cwcnNEJTI3JTJDJTBBJTIwJTIwJTIwJTIwJTIwJTIwJTI3ZXZlbnRfY2FsbGJhY2slMjclM0ElMjBjYWxsYmFjayUwQSUyMCUyMCU3RCUyOSUzQiUwQSUyMCUyMHJldHVybiUyMGZhbHNlJTNCJTBBJTdEJTBBJTNDJTJGc2NyaXB0JTNF[\/vc_raw_html][vc_custom_heading text=\u00a0\u00bbLocation de Voitures\u00a0\u00bb font_container=\u00a0\u00bbtag:h1|font_size:40|text_align:center\u00a0\u00bb google_fonts=\u00a0\u00bbfont_family:Montserrat%3Aregular%2Citalic|font_style:700%20bold%20normal%3A700%3Anormal\u00a0\u00bb css=\u00a0\u00bb\u00a0\u00bb][vc_empty_space height=\u00a0\u00bb10px\u00a0\u00bb][vc_custom_heading text=\u00a0\u00bbR\u00e9servez Votre Voiture \u00e0 Lanzarote, Fuerteventura et Grande Canarie\u00a0\u00bb font_container=\u00a0\u00bbtag:h3|font_size:20|text_align:center\u00a0\u00bb google_fonts=\u00a0\u00bbfont_family:Montserrat%3Aregular%2Citalic|font_style:400%20regular%20normal%3A400%3Anormal\u00a0\u00bb css=\u00a0\u00bb\u00a0\u00bb][vc_single_image image=\u00a0\u00bb1161&Prime; img_size=\u00a0\u00bblarge\u00a0\u00bb alignment=\u00a0\u00bbcenter\u00a0\u00bb css=\u00a0\u00bb\u00a0\u00bb][vc_column_text css=\u00a0\u00bb\u00a0\u00bb]<\/p>\n<h2 id=\"reservation-en-ligne\" style=\"text-align: center;\">R\u00e9servation rapide et sans complications!<\/h2>\n<p>[\/vc_column_text][vc_column_text css=\u00a0\u00bb\u00a0\u00bb]<\/p>\n<p style=\"text-align: center;\">Si vous souhaitez saisir une adresse sp\u00e9cifique, vous pouvez le faire dans la section \u00abCommentaires\u00bb \u00e0 la derni\u00e8re \u00e9tape du processus de r\u00e9servation.<\/p>\n<p>[\/vc_column_text][vc_icon icon_fontawesome=\u00a0\u00bbfa fa-solid fa-arrow-down-long\u00a0\u00bb color=\u00a0\u00bbblack\u00a0\u00bb align=\u00a0\u00bbcenter\u00a0\u00bb css=\u00a0\u00bb\u00a0\u00bb][vc_column_text css=\u00a0\u00bb\u00a0\u00bb]<\/p>\n<p style=\"text-align: center;\">\n<section class=\"mybooking mybooking-selector widget widget_mybooking_renting_engine_selector reservation-step  \">\n  <form\n    id=\"form-selector\"\n    class=\"mybooking-selector_form\"\n    name=\"widget_search_form\"\n    method=\"get\"\n    enctype=\"application\/x-www-form-urlencoded\">\n\n    \n    \n    \n    \n      <\/form>\n<\/section>\n<p>[\/vc_column_text][vc_custom_heading text=\u00a0\u00bbR\u00e9servation en ligne\u00a0\u00bb font_container=\u00a0\u00bbtag:h3|text_align:center\u00a0\u00bb google_fonts=\u00a0\u00bbfont_family:Montserrat%3Aregular%2Citalic|font_style:400%20regular%20normal%3A400%3Anormal\u00a0\u00bb css=\u00a0\u00bb\u00a0\u00bb][vc_column_text css=\u00a0\u00bb\u00a0\u00bb]<\/p>\n<p style=\"text-align: center;\"><em><span style=\"color: #ff6600;\"><strong>*<\/strong><\/span><\/em>Une confirmation est n\u00e9cessaire pour les r\u00e9servations en ligne (ce processus n&rsquo;est pas instantan\u00e9)<\/p>\n<p>[\/vc_column_text][vc_empty_space height=\u00a0\u00bb20px\u00a0\u00bb][\/vc_column][\/vc_row][vc_row][vc_column][vc_empty_space][vc_single_image image=\u00a0\u00bb1172&Prime; img_size=\u00a0\u00bbmedium\u00a0\u00bb alignment=\u00a0\u00bbcenter\u00a0\u00bb onclick=\u00a0\u00bbcustom_link\u00a0\u00bb img_link_target=\u00a0\u00bb_blank\u00a0\u00bb css=\u00a0\u00bb\u00a0\u00bb link=\u00a0\u00bbhttps:\/\/autoselizabeth.com\/rent-a-car\u00a0\u00bb][vc_icon icon_fontawesome=\u00a0\u00bbfa fa-solid fa-chevron-down\u00a0\u00bb color=\u00a0\u00bbgreen\u00a0\u00bb align=\u00a0\u00bbcenter\u00a0\u00bb css=\u00a0\u00bb\u00a0\u00bb link=\u00a0\u00bburl:https%3A%2F%2Fautoselizabeth.com%2Frent-a-car%2F|title:Rent%20a%20Car\u00a0\u00bb][vc_row_inner css=\u00a0\u00bb.vc_custom_1744789149377{background-color: #FFFFFF !important;border-radius: 3px !important;}\u00a0\u00bb][vc_column_inner width=\u00a0\u00bb1\/3&Prime;][vc_btn title=\u00a0\u00bbInclus sans frais suppl\u00e9mentaires\u00a0\u00bb style=\u00a0\u00bbcustom\u00a0\u00bb custom_background=\u00a0\u00bb#333333&Prime; custom_text=\u00a0\u00bb#FFFFFF\u00a0\u00bb size=\u00a0\u00bblg\u00a0\u00bb align=\u00a0\u00bbcenter\u00a0\u00bb css=\u00a0\u00bb\u00a0\u00bb button_block=\u00a0\u00bbtrue\u00a0\u00bb link=\u00a0\u00bburl:https%3A%2F%2Fautoselizabeth.com%2Ffr%2Fflotte%2F|title:Flotte\u00a0\u00bb][vc_column_text css=\u00a0\u00bb\u00a0\u00bb]Une assurance tous risques est incluse, ainsi qu&rsquo;une couverture pour les conducteurs suppl\u00e9mentaires, une assistance m\u00e9canique disponible 24\/7, et la livraison et la restitution sans frais suppl\u00e9mentaires.<\/p>\n<p>R\u00e9servez votre voiture \u00e0 Lanzarote, Fuerteventura ou Gran Canaria. Nous livrerons votre voiture de location \u00e0 l&rsquo;endroit que vous aurez indiqu\u00e9 et viendrons la r\u00e9cup\u00e9rer sans frais suppl\u00e9mentaires.[\/vc_column_text][\/vc_column_inner][vc_column_inner width=\u00a0\u00bb1\/3&Prime;][vc_btn title=\u00a0\u00bbConditions G\u00e9n\u00e9rales de Location\u00a0\u00bb style=\u00a0\u00bbcustom\u00a0\u00bb custom_background=\u00a0\u00bb#333333&Prime; custom_text=\u00a0\u00bb#FFFFFF\u00a0\u00bb size=\u00a0\u00bblg\u00a0\u00bb align=\u00a0\u00bbcenter\u00a0\u00bb css=\u00a0\u00bb\u00a0\u00bb button_block=\u00a0\u00bbtrue\u00a0\u00bb link=\u00a0\u00bburl:https%3A%2F%2Fautoselizabeth.com%2Ffr%2Fconditions-generales-de-location%2F|title:Terms%20and%20Conditions\u00a0\u00bb][vc_column_text css=\u00a0\u00bb\u00a0\u00bb]<\/p>\n<ol>\n<li>Une confirmation est n\u00e9cessaire pour les r\u00e9servations en ligne (ce processus n&rsquo;est pas instantan\u00e9)<\/li>\n<li>La collecte de vos donn\u00e9es a pour but de permettre la r\u00e9servation de votre voiture de location.<\/li>\n<li>Vous pouvez \u00e0 tout moment limiter, r\u00e9cup\u00e9rer et supprimer vos donn\u00e9es. Nous ne divulguerons pas vos donn\u00e9es \u00e0 des tiers, sauf si nous y sommes l\u00e9galement tenus.<\/li>\n<\/ol>\n<p>[\/vc_column_text][\/vc_column_inner][vc_column_inner width=\u00a0\u00bb1\/3&Prime;][vc_btn title=\u00a0\u00bbElizabeth Rent a Car\u00ae\u00a0\u00bb style=\u00a0\u00bbcustom\u00a0\u00bb custom_background=\u00a0\u00bb#333333&Prime; custom_text=\u00a0\u00bb#FFFFFF\u00a0\u00bb size=\u00a0\u00bblg\u00a0\u00bb align=\u00a0\u00bbcenter\u00a0\u00bb css=\u00a0\u00bb\u00a0\u00bb button_block=\u00a0\u00bbtrue\u00a0\u00bb link=\u00a0\u00bburl:https%3A%2F%2Fautoselizabeth.com%2Ffr%2F30e-anniversaire%2F|title:Qui%20Sommes-Nous\u00a0\u00bb][vc_column_text css=\u00a0\u00bb\u00a0\u00bb]<strong>Demandes de renseignements et r\u00e9servations de voitures de location sur les \u00eeles de Lanzarote, Fuerteventura et Grande Canarie.<\/strong> Via <em> <a href=\"https:\/\/wa.me\/665631079\" target=\"_blank\" rel=\"noopener\">WhatsApp<\/a><\/em>, par t\u00e9l\u00e9phone au <em><a href=\"tel:+34 928 510 812\">+34 928 510 812<\/a><\/em>, ou au si\u00e8ge social <em><a href=\"https:\/\/maps.app.goo.gl\/t2iHggAheRfSPWvw5\" target=\"_blank\" rel=\"noopener\">C\/ Timanfaya s\/n,\u00a0 35510, Puerto Del Carmen, Lanzarote<\/a><\/em><\/p>\n<p><strong>HORAIRES<\/strong> Notre \u00e9quipe est disponible du lundi au dimanche, de 7 h \u00e0 20 h. Les pannes techniques sont prises en charge 24h\/24.[\/vc_column_text][\/vc_column_inner][\/vc_row_inner][vc_row_inner css=\u00a0\u00bb.vc_custom_1744789149377{background-color: #FFFFFF !important;border-radius: 3px !important;}\u00a0\u00bb][vc_column_inner][vc_btn title=\u00a0\u00bbPartner\u00a0\u00bb style=\u00a0\u00bbcustom\u00a0\u00bb custom_background=\u00a0\u00bb#333333&Prime; custom_text=\u00a0\u00bb#FFFFFF\u00a0\u00bb size=\u00a0\u00bblg\u00a0\u00bb align=\u00a0\u00bbcenter\u00a0\u00bb css=\u00a0\u00bb\u00a0\u00bb button_block=\u00a0\u00bbtrue\u00a0\u00bb link=\u00a0\u00bburl:https%3A%2F%2Fautoselizabeth.com%2Ffr%2Faqualava-water-park-lanzarote%2F|title:AquaLava%20WaterPark%20Lanzarote\u00a0\u00bb][vc_column_text css=\u00a0\u00bb\u00a0\u00bb]<img loading=\"lazy\" decoding=\"async\" class=\"alignleft wp-image-1628\" src=\"https:\/\/autoselizabeth.com\/wp-content\/uploads\/2025\/09\/aqualava-parque-acuatico-en-Lanzarote.svg\" alt=\"\" width=\"82\" height=\"64\" \/><\/p>\n<p style=\"text-align: left;\"><strong>Nous collaborons<\/strong> avec des entreprises qui, comme nous, s&rsquo;engagent en faveur d&rsquo;un tourisme respectueux de l&rsquo;environnement local et de l&rsquo;environnement en g\u00e9n\u00e9ral, comme <a href=\"https:\/\/autoselizabeth.com\/fr\/aqualava-water-park-lanzarote\/\" target=\"_blank\" rel=\"noopener\">Relaxia Resorts<\/a><\/p>\n<p>[\/vc_column_text][\/vc_column_inner][\/vc_row_inner][\/vc_column][\/vc_row]<\/p>\n<\/div>","protected":false},"excerpt":{"rendered":"<p>[vc_row][vc_column][vc_raw_html css=\u00a0\u00bb\u00a0\u00bb]JTNDJTIxLS0lMjBFdmVudCUyMHNuaXBwZXQlMjBmb3IlMjBGb3JtdWxhcmlvJTIwZGUlMjByZXNlcnZhJTIwY29udmVyc2lvbiUyMHBhZ2UlMEFJbiUyMHlvdXIlMjBodG1sJTIwcGFnZSUyQyUyMGFkZCUyMHRoZSUyMHNuaXBwZXQlMjBhbmQlMjBjYWxsJTIwZ3RhZ19yZXBvcnRfY29udmVyc2lvbiUyMHdoZW4lMjBzb21lb25lJTIwY2xpY2tzJTIwb24lMjB0aGUlMjBjaG9zZW4lMjBsaW5rJTIwb3IlMjBidXR0b24uJTIwLS0lM0UlMEElM0NzY3JpcHQlM0UlMEFmdW5jdGlvbiUyMGd0YWdfcmVwb3J0X2NvbnZlcnNpb24lMjh1cmwlMjklMjAlN0IlMEElMjAlMjB2YXIlMjBjYWxsYmFjayUyMCUzRCUyMGZ1bmN0aW9uJTIwJTI4JTI5JTIwJTdCJTBBJTIwJTIwJTIwJTIwaWYlMjAlMjh0eXBlb2YlMjh1cmwlMjklMjAlMjElM0QlMjAlMjd1bmRlZmluZWQlMjclMjklMjAlN0IlMEElMjAlMjAlMjAlMjAlMjAlMjB3aW5kb3cubG9jYXRpb24lMjAlM0QlMjB1cmwlM0IlMEElMjAlMjAlMjAlMjAlN0QlMEElMjAlMjAlN0QlM0IlMEElMjAlMjBndGFnJTI4JTI3ZXZlbnQlMjclMkMlMjAlMjdjb252ZXJzaW9uJTI3JTJDJTIwJTdCJTBBJTIwJTIwJTIwJTIwJTIwJTIwJTI3c2VuZF90byUyNyUzQSUyMCUyN0FXLTkzMDM4MjcwOSUyRkZ1X2pDT0RvaWNnWkVQV0cwcnNEJTI3JTJDJTBBJTIwJTIwJTIwJTIwJTIwJTIwJTI3ZXZlbnRfY2FsbGJhY2slMjclM0ElMjBjYWxsYmFjayUwQSUyMCUyMCU3RCUyOSUzQiUwQSUyMCUyMHJldHVybiUyMGZhbHNlJTNCJTBBJTdEJTBBJTNDJTJGc2NyaXB0JTNF[\/vc_raw_html][vc_custom_heading text=\u00a0\u00bbLocation de Voitures\u00a0\u00bb font_container=\u00a0\u00bbtag:h1|font_size:40|text_align:center\u00a0\u00bb google_fonts=\u00a0\u00bbfont_family:Montserrat%3Aregular%2Citalic|font_style:700%20bold%20normal%3A700%3Anormal\u00a0\u00bb css=\u00a0\u00bb\u00a0\u00bb][vc_empty_space height=\u00a0\u00bb10px\u00a0\u00bb][vc_custom_heading text=\u00a0\u00bbR\u00e9servez Votre Voiture \u00e0 Lanzarote, Fuerteventura et Grande Canarie\u00a0\u00bb font_container=\u00a0\u00bbtag:h3|font_size:20|text_align:center\u00a0\u00bb google_fonts=\u00a0\u00bbfont_family:Montserrat%3Aregular%2Citalic|font_style:400%20regular%20normal%3A400%3Anormal\u00a0\u00bb css=\u00a0\u00bb\u00a0\u00bb][vc_single_image image=\u00a0\u00bb1161&Prime; img_size=\u00a0\u00bblarge\u00a0\u00bb alignment=\u00a0\u00bbcenter\u00a0\u00bb css=\u00a0\u00bb\u00a0\u00bb][vc_column_text css=\u00a0\u00bb\u00a0\u00bb] R\u00e9servation rapide et sans complications! [\/vc_column_text][vc_column_text css=\u00a0\u00bb\u00a0\u00bb] Si vous souhaitez saisir une adresse sp\u00e9cifique, vous pouvez le faire dans la section \u00abCommentaires\u00bb \u00e0 la derni\u00e8re \u00e9tape du processus de [&hellip;]<\/p>\n","protected":false},"author":2,"featured_media":0,"parent":0,"menu_order":0,"comment_status":"closed","ping_status":"closed","template":"","meta":{"footnotes":""},"class_list":["post-1812","page","type-page","status-publish","hentry"],"blocksy_meta":[],"_links":{"self":[{"href":"https:\/\/autoselizabeth.com\/fr\/wp-json\/wp\/v2\/pages\/1812","targetHints":{"allow":["GET"]}}],"collection":[{"href":"https:\/\/autoselizabeth.com\/fr\/wp-json\/wp\/v2\/pages"}],"about":[{"href":"https:\/\/autoselizabeth.com\/fr\/wp-json\/wp\/v2\/types\/page"}],"author":[{"embeddable":true,"href":"https:\/\/autoselizabeth.com\/fr\/wp-json\/wp\/v2\/users\/2"}],"replies":[{"embeddable":true,"href":"https:\/\/autoselizabeth.com\/fr\/wp-json\/wp\/v2\/comments?post=1812"}],"version-history":[{"count":23,"href":"https:\/\/autoselizabeth.com\/fr\/wp-json\/wp\/v2\/pages\/1812\/revisions"}],"predecessor-version":[{"id":2513,"href":"https:\/\/autoselizabeth.com\/fr\/wp-json\/wp\/v2\/pages\/1812\/revisions\/2513"}],"wp:attachment":[{"href":"https:\/\/autoselizabeth.com\/fr\/wp-json\/wp\/v2\/media?parent=1812"}],"curies":[{"name":"wp","href":"https:\/\/api.w.org\/{rel}","templated":true}]}}