{"id":1895,"date":"2025-05-19T13:16:59","date_gmt":"2025-05-19T11:16:59","guid":{"rendered":"https:\/\/autoselizabeth.com\/contact\/"},"modified":"2025-10-22T13:46:22","modified_gmt":"2025-10-22T11:46:22","slug":"contact","status":"publish","type":"page","link":"https:\/\/autoselizabeth.com\/fr\/contact\/","title":{"rendered":"Contact"},"content":{"rendered":"<div class=\"wpb-content-wrapper\"><p>[vc_row][vc_column][vc_raw_html css=\u00a0\u00bb\u00a0\u00bb]JTNDJTIxLS0lMjBFdmVudCUyMHNuaXBwZXQlMjBmb3IlMjBGb3JtdWxhcmlvJTIwZGUlMjByZXNlcnZhJTIwY29udmVyc2lvbiUyMHBhZ2UlMEFJbiUyMHlvdXIlMjBodG1sJTIwcGFnZSUyQyUyMGFkZCUyMHRoZSUyMHNuaXBwZXQlMjBhbmQlMjBjYWxsJTIwZ3RhZ19yZXBvcnRfY29udmVyc2lvbiUyMHdoZW4lMjBzb21lb25lJTIwY2xpY2tzJTIwb24lMjB0aGUlMjBjaG9zZW4lMjBsaW5rJTIwb3IlMjBidXR0b24uJTIwLS0lM0UlMEElM0NzY3JpcHQlM0UlMEFmdW5jdGlvbiUyMGd0YWdfcmVwb3J0X2NvbnZlcnNpb24lMjh1cmwlMjklMjAlN0IlMEElMjAlMjB2YXIlMjBjYWxsYmFjayUyMCUzRCUyMGZ1bmN0aW9uJTIwJTI4JTI5JTIwJTdCJTBBJTIwJTIwJTIwJTIwaWYlMjAlMjh0eXBlb2YlMjh1cmwlMjklMjAlMjElM0QlMjAlMjd1bmRlZmluZWQlMjclMjklMjAlN0IlMEElMjAlMjAlMjAlMjAlMjAlMjB3aW5kb3cubG9jYXRpb24lMjAlM0QlMjB1cmwlM0IlMEElMjAlMjAlMjAlMjAlN0QlMEElMjAlMjAlN0QlM0IlMEElMjAlMjBndGFnJTI4JTI3ZXZlbnQlMjclMkMlMjAlMjdjb252ZXJzaW9uJTI3JTJDJTIwJTdCJTBBJTIwJTIwJTIwJTIwJTIwJTIwJTI3c2VuZF90byUyNyUzQSUyMCUyN0FXLTkzMDM4MjcwOSUyRkZ1X2pDT0RvaWNnWkVQV0cwcnNEJTI3JTJDJTBBJTIwJTIwJTIwJTIwJTIwJTIwJTI3ZXZlbnRfY2FsbGJhY2slMjclM0ElMjBjYWxsYmFjayUwQSUyMCUyMCU3RCUyOSUzQiUwQSUyMCUyMHJldHVybiUyMGZhbHNlJTNCJTBBJTdEJTBBJTNDJTJGc2NyaXB0JTNF[\/vc_raw_html][\/vc_column][\/vc_row][vc_row css=\u00a0\u00bb.vc_custom_1750799095964{background-position: center !important;background-repeat: no-repeat !important;background-size: contain !important;}\u00a0\u00bb][vc_column width=\u00a0\u00bb1\/2&Prime;][vc_column_text css=\u00a0\u00bb\u00a0\u00bb]<\/p>\n<h4 style=\"text-align: left;\"><em>Service Client et R\u00e9servations <\/em>\u00a0<a href=\"tel:+34928510812\">+34 928 510 812 <\/a>\u00a0et <a href=\"https:\/\/wa.me\/665631079\" aria-label=\"Chat on WhatsApp\" target=\"_blank\" rel=\"noopener\">WhatsApp<\/a><\/h4>\n<p>[\/vc_column_text][vc_progress_bar values=\u00a0\u00bb%5B%7B%22label%22%3A%22Lundi%20de%207%20h%20%C3%A0%2020%20h.%22%2C%22value%22%3A%22100%22%7D%2C%7B%22label%22%3A%22Mardi%20de%207%20h%20%C3%A0%2020%20h.%22%2C%22value%22%3A%22100%22%7D%2C%7B%22label%22%3A%22Mercredi%20de%207%20h%20%C3%A0%2020%20h.%22%2C%22value%22%3A%22100%22%7D%2C%7B%22label%22%3A%22Jeudi%20de%207%20h%20%C3%A0%2020%20h.%22%2C%22value%22%3A%22100%22%7D%2C%7B%22label%22%3A%22Vendredi%20de%207%20h%20%C3%A0%2020%20h.%22%2C%22value%22%3A%22100%22%7D%2C%7B%22label%22%3A%22Samedi%20de%207%20h%20%C3%A0%2020%20h.%22%2C%22value%22%3A%22100%22%7D%2C%7B%22label%22%3A%22Dimanche%20de%207%20h%20%C3%A0%2020%20h.%22%2C%22value%22%3A%22100%22%7D%5D\u00a0\u00bb bgcolor=\u00a0\u00bbwhite\u00a0\u00bb options=\u00a0\u00bbstriped\u00a0\u00bb css=\u00a0\u00bb\u00a0\u00bb][vc_column_text css=\u00a0\u00bb\u00a0\u00bb]<em>ou <a href=\"https:\/\/autoselizabeth.com\/fr\/#reservation\">R\u00e9servation en ligne<\/a>\u00a0 d&rsquo;une voiture 24h\/24 (confirmation n\u00e9cessaire, la r\u00e9servation n&rsquo;est pas instantan\u00e9e).<\/em>[\/vc_column_text][vc_goo_maps location=\u00a0\u00bbAutos Elizabeth Rent A Car S.L\u00a0\u00bb css=\u00a0\u00bb\u00a0\u00bb][vc_message message_box_color=\u00a0\u00bbgrey\u00a0\u00bb icon_type=\u00a0\u00bblinecons\u00a0\u00bb icon_linecons=\u00a0\u00bbvc_li vc_li-location\u00a0\u00bb css=\u00a0\u00bb\u00a0\u00bb]<strong>Service de location de voitures \u00e0 Lanzarote, Fuerteventura et Grande Canarie. <\/strong>Si\u00e8ge social <em><a href=\"https:\/\/maps.app.goo.gl\/t2iHggAheRfSPWvw5\" target=\"_blank\" rel=\"noopener\">C\/ Timanfaya s\/n,\u00a0 35510, Puerto Del Carmen, Lanzarote<\/a><\/em>[\/vc_message][\/vc_column][vc_column width=\u00a0\u00bb1\/2&Prime; css=\u00a0\u00bb.vc_custom_1752133643665{background-color: #FFFFFF !important;border-radius: 3px !important;}\u00a0\u00bb][vc_custom_heading text=\u00a0\u00bbContact\u00a0\u00bb font_container=\u00a0\u00bbtag:h1|font_size:55|text_align:left\u00a0\u00bb google_fonts=\u00a0\u00bbfont_family:Montserrat%3Aregular%2Citalic|font_style:900%20black%20normal%3A900%3Anormal\u00a0\u00bb css=\u00a0\u00bb\u00a0\u00bb][vc_separator css=\u00a0\u00bb\u00a0\u00bb][vc_column_text css=\u00a0\u00bb\u00a0\u00bb]<\/p>\n<blockquote><p>Vous pouvez indiquer une adresse sp\u00e9cifique dans la section \u00ab Commentaires \u00bb lors de la derni\u00e8re \u00e9tape de votre r\u00e9servation en ligne. Si vous ne l&rsquo;avez pas fait lors du processus de r\u00e9servation et que vous souhaitez nous laisser un commentaire \u00e0 ce sujet, vous pouvez le faire ci-dessous.<\/p><\/blockquote>\n<p>[\/vc_column_text]\n<div class=\"wpcf7 no-js\" id=\"wpcf7-f2185-o1\" lang=\"fr-FR\" dir=\"ltr\" data-wpcf7-id=\"2185\">\n<div class=\"screen-reader-response\"><p role=\"status\" aria-live=\"polite\" aria-atomic=\"true\"><\/p> <ul><\/ul><\/div>\n<form action=\"\/fr\/wp-json\/wp\/v2\/pages\/1895#wpcf7-f2185-o1\" method=\"post\" class=\"wpcf7-form init\" aria-label=\"Formulaire de contact\" novalidate=\"novalidate\" data-status=\"init\">\n<fieldset class=\"hidden-fields-container\"><input type=\"hidden\" name=\"_wpcf7\" value=\"2185\" \/><input type=\"hidden\" name=\"_wpcf7_version\" value=\"6.1.5\" \/><input type=\"hidden\" name=\"_wpcf7_locale\" value=\"fr_FR\" \/><input type=\"hidden\" name=\"_wpcf7_unit_tag\" value=\"wpcf7-f2185-o1\" \/><input type=\"hidden\" name=\"_wpcf7_container_post\" value=\"0\" \/><input type=\"hidden\" name=\"_wpcf7_posted_data_hash\" value=\"\" \/><input type=\"hidden\" name=\"_wpcf7_recaptcha_response\" value=\"\" \/>\n<\/fieldset>\n<p><label>Nom<br \/>\n<span class=\"wpcf7-form-control-wrap\" data-name=\"your-name\"><input size=\"40\" maxlength=\"400\" class=\"wpcf7-form-control wpcf7-text wpcf7-validates-as-required\" autocomplete=\"name\" aria-required=\"true\" aria-invalid=\"false\" value=\"\" type=\"text\" name=\"your-name\" \/><\/span><br \/>\n<\/label>\n<\/p>\n<p><label>T\u00e9l\u00e9phone<br \/>\n<span class=\"wpcf7-form-control-wrap\" data-name=\"your-tel\"><input size=\"40\" maxlength=\"400\" class=\"wpcf7-form-control wpcf7-tel wpcf7-validates-as-required wpcf7-text wpcf7-validates-as-tel\" autocomplete=\"tel\" aria-required=\"true\" aria-invalid=\"false\" value=\"\" type=\"tel\" name=\"your-tel\" \/><\/span><br \/>\n<\/label>\n<\/p>\n<p><label>E-mail<br \/>\n<span class=\"wpcf7-form-control-wrap\" data-name=\"your-email\"><input size=\"40\" maxlength=\"400\" class=\"wpcf7-form-control wpcf7-email wpcf7-validates-as-required wpcf7-text wpcf7-validates-as-email\" autocomplete=\"email\" aria-required=\"true\" aria-invalid=\"false\" value=\"\" type=\"email\" name=\"your-email\" \/><\/span><br \/>\n<\/label>\n<\/p>\n<p><label>Sujet<br \/>\n<span class=\"wpcf7-form-control-wrap\" data-name=\"your-subject\"><input size=\"40\" maxlength=\"400\" class=\"wpcf7-form-control wpcf7-text wpcf7-validates-as-required\" aria-required=\"true\" aria-invalid=\"false\" value=\"\" type=\"text\" name=\"your-subject\" \/><\/span><br \/>\n<\/label>\n<\/p>\n<p><label>Votre message<br \/>\n<span class=\"wpcf7-form-control-wrap\" data-name=\"your-message\"><textarea cols=\"40\" rows=\"10\" maxlength=\"2000\" class=\"wpcf7-form-control wpcf7-textarea\" aria-invalid=\"false\" name=\"your-message\"><\/textarea><\/span><br \/>\n<\/label>\n<\/p>\n<p><a href=\"https:\/\/autoselizabeth.com\/aviso-legal\/?lang=fr\" rel=\"nofollow\" target=\"_blank\">Mentions l\u00e9gales<\/a> |<br \/>\n<a href=\"https:\/\/autoselizabeth.com\/politica-de-privacidad\/?lang=fr\" rel=\"nofollow\" target=\"_blank\">Politique de confidentialit\u00e9<\/a> |<br \/>\n<a href=\"https:\/\/autoselizabeth.com\/politica-de-cookies\/?lang=fr\" rel=\"nofollow\" target=\"_blank\">Politique de cookies<\/a>\n<\/p>\n<p><span class=\"wpcf7-form-control-wrap\" data-name=\"accepter-rgpd-fr\"><span class=\"wpcf7-form-control wpcf7-acceptance\"><span class=\"wpcf7-list-item\"><label><input type=\"checkbox\" name=\"accepter-rgpd-fr\" value=\"1\" aria-invalid=\"false\" \/><span class=\"wpcf7-list-item-label\">J\u2019ai lu et j\u2019accepte les politiques mentionn\u00e9es ci-dessus<\/span><\/label><\/span><\/span><\/span>\n<\/p>\n<p><span id=\"wpcf7-69e7da80c1190-wrapper\" class=\"wpcf7-form-control-wrap your-field-wrap\" style=\"display:none !important; visibility:hidden !important;\"><input type=\"hidden\" name=\"your-field-time-start\" value=\"1776802432\"><input type=\"hidden\" name=\"your-field-time-check\" value=\"5\"><label for=\"wpcf7-69e7da80c1190-field\" class=\"hp-message\">Veuillez laisser ce champ vide.<\/label><input id=\"wpcf7-69e7da80c1190-field\"  class=\"wpcf7-form-control wpcf7-text\" type=\"text\" name=\"your-field\" value=\"\" size=\"40\" tabindex=\"-1\" autocomplete=\"new-password\" \/><\/span>\n<\/p>\n<p><input class=\"wpcf7-form-control wpcf7-submit has-spinner\" type=\"submit\" value=\"Envoyer\" \/>\n<\/p><div class=\"wpcf7-response-output\" aria-hidden=\"true\"><\/div>\n<\/form>\n<\/div>\n[vc_empty_space][\/vc_column][\/vc_row][vc_row][vc_column][vc_single_image image=\u00a0\u00bb1172&Prime; img_size=\u00a0\u00bbmedium\u00a0\u00bb alignment=\u00a0\u00bbcenter\u00a0\u00bb css=\u00a0\u00bb\u00a0\u00bb][vc_icon icon_fontawesome=\u00a0\u00bbfa fa-solid fa-chevron-down\u00a0\u00bb color=\u00a0\u00bbgreen\u00a0\u00bb align=\u00a0\u00bbcenter\u00a0\u00bb css=\u00a0\u00bb\u00a0\u00bb][\/vc_column][\/vc_row][vc_row][vc_column width=\u00a0\u00bb1\/3&Prime;][vc_btn title=\u00a0\u00bbElizabeth Rent a Car \u00a9\u00a0\u00bb style=\u00a0\u00bbcustom\u00a0\u00bb custom_background=\u00a0\u00bb#333333&Prime; custom_text=\u00a0\u00bb#FFFFFF\u00a0\u00bb size=\u00a0\u00bblg\u00a0\u00bb align=\u00a0\u00bbcenter\u00a0\u00bb css=\u00a0\u00bb\u00a0\u00bb button_block=\u00a0\u00bbtrue\u00a0\u00bb link=\u00a0\u00bburl:https%3A%2F%2Fautoselizabeth.com%2Ffr%2F30e-anniversaire%2F|title:Qui%20Sommes-Nous|target:_blank\u00a0\u00bb][vc_column_text css=\u00a0\u00bb\u00a0\u00bb]<a href=\"https:\/\/www.boe.es\/buscar\/doc.php?id=BOE-A-2021-17461\" target=\"_blank\" rel=\"noopener\">D\u00e9cret royal 933\/2021<\/a>, du 26 octobre, qui \u00e9tablit les obligations de registre documentaire et d&rsquo;information des personnes physiques ou morales qui exercent des activit\u00e9s d&rsquo;h\u00e9bergement et de location de v\u00e9hicules motoris\u00e9s.[\/vc_column_text][\/vc_column][vc_column width=\u00a0\u00bb1\/3&Prime;][vc_btn title=\u00a0\u00bbProtection des donn\u00e9es\u00a0\u00bb style=\u00a0\u00bbcustom\u00a0\u00bb custom_background=\u00a0\u00bb#333333&Prime; custom_text=\u00a0\u00bb#FFFFFF\u00a0\u00bb size=\u00a0\u00bblg\u00a0\u00bb align=\u00a0\u00bbcenter\u00a0\u00bb css=\u00a0\u00bb\u00a0\u00bb button_block=\u00a0\u00bbtrue\u00a0\u00bb link=\u00a0\u00bburl:https%3A%2F%2Fautoselizabeth.com%2Ffr%2Fmentions-legales%2F|title:Visit%20our%20Legal%20Pages\u00a0\u00bb][vc_column_text css=\u00a0\u00bb\u00a0\u00bb]Informations concernant la protection des donn\u00e9es pour le contrat. Ce texte doit \u00eatre inclus dans le contrat de location.<\/p>\n<p><a href=\"https:\/\/autoselizabeth.com\/fr\/conditions-generales-de-location\/\"><strong><em>Condition g\u00e9n\u00e9rales de location<\/em><\/strong><\/a>[\/vc_column_text][\/vc_column][vc_column width=\u00a0\u00bb1\/3&Prime;][vc_btn title=\u00a0\u00bbPolitique de confidentialit\u00e9\u00a0\u00bb style=\u00a0\u00bbcustom\u00a0\u00bb custom_background=\u00a0\u00bb#333333&Prime; custom_text=\u00a0\u00bb#FFFFFF\u00a0\u00bb size=\u00a0\u00bblg\u00a0\u00bb align=\u00a0\u00bbcenter\u00a0\u00bb css=\u00a0\u00bb\u00a0\u00bb button_block=\u00a0\u00bbtrue\u00a0\u00bb link=\u00a0\u00bburl:https%3A%2F%2Fautoselizabeth.com%2Ffr%2Fpolitique-de-confidentialite%2F|title:Politique%20de%20confidentialit%C3%A9&Prime;][vc_column_text css=\u00a0\u00bb\u00a0\u00bb]<\/p>\n<ol>\n<li>La collecte de vos donn\u00e9es a pour but de permettre la r\u00e9servation de votre voiture de location.<\/li>\n<li>Vous pouvez \u00e0 tout moment limiter, r\u00e9cup\u00e9rer et supprimer vos donn\u00e9es. Nous ne divulguerons pas vos donn\u00e9es \u00e0 des tiers, sauf si nous y sommes l\u00e9galement tenus.<\/li>\n<\/ol>\n<p>[\/vc_column_text][\/vc_column][\/vc_row][vc_row css=\u00a0\u00bb.vc_custom_1747469373211{background-color: #FFFFFF !important;border-radius: 3px !important;}\u00a0\u00bb][vc_column css=\u00a0\u00bb.vc_custom_1752133983663{background-color: #FFFFFF !important;border-radius: 3px !important;}\u00a0\u00bb][vc_column_text css=\u00a0\u00bb\u00a0\u00bb]<em>Concernant le traitement de vos donn\u00e9es personnelles, Contact et r\u00e9servations, nous vous informons de ce qui suit :<\/em><\/p>\n<ul>\n<li><strong>Informations sur la protection des donn\u00e9es :<\/strong> conform\u00e9ment au r\u00e8glement g\u00e9n\u00e9ral sur la protection des donn\u00e9es (UE) 2016\/679<\/li>\n<li><strong>Responsable des donn\u00e9es :<\/strong> Autos Elizabeth Rent a Car SL, Camino las Cuestas 13, 35572, T\u00edas (LAS PALMAS).<\/li>\n<li><strong>Finalit\u00e9 du traitement des donn\u00e9es pendant la dur\u00e9e de notre relation et tant que nous avons votre consentement :<\/strong> Envoi d&rsquo;informations, r\u00e9ponse \u00e0 vos questions et demandes. Finalit\u00e9s de marketing direct. Gestion de vos questions et demandes, maintien de la relation commerciale. Tout ce qui concerne ce site web et l&rsquo;ex\u00e9cution du contrat de location de voiture conclu avec nous.<\/li>\n<li><strong>Aucune donn\u00e9e ne sera transmise \u00e0 des tiers, sauf si la loi l&rsquo;exige.<\/strong> Vos donn\u00e9es personnelles ne seront pas divulgu\u00e9es, sauf si cela est n\u00e9cessaire pour respecter une obligation l\u00e9gale \u00e0 laquelle le responsable du traitement des donn\u00e9es est soumis.<\/li>\n<li><strong>Base juridique du traitement :<\/strong> ex\u00e9cution d&rsquo;un contrat, obligation l\u00e9gale (d\u00e9cret royal 933\/2021) et int\u00e9r\u00eat l\u00e9gitime poursuivi par le responsable du traitement des donn\u00e9es.<\/li>\n<li><strong>Droits relatifs \u00e0 vos donn\u00e9es :<\/strong> vous disposez d&rsquo;un droit d&rsquo;acc\u00e8s, de rectification, de suppression et de transfert de vos donn\u00e9es, ainsi que d&rsquo;un droit de limitation du traitement et d&rsquo;opposition \u00e0 celui-ci, en adressant votre demande au responsable du traitement de donn\u00e9es, accompagn\u00e9e d&rsquo;une preuve d&rsquo;identit\u00e9. Vous pouvez nous solliciter de supprimer toutes les informations personnelles que nous d\u00e9tenons \u00e0 votre sujet. Cela n&rsquo;inclut pas les donn\u00e9es que nous sommes tenus de conserver \u00e0 des fins administratives, juridiques ou de s\u00e9curit\u00e9. Vous pouvez \u00e9galement exercer vos droits d&rsquo;acc\u00e8s, de rectification, d&rsquo;effacement et de portabilit\u00e9 de vos donn\u00e9es, ainsi que de limitation ou d&rsquo;opposition au traitement, en utilisant notre PORTAIL D&rsquo;EXERCICE DES DROITS via le lien suivant <a href=\"https:\/\/www.adelopd.com\/portalderechos\/elizabeth-rent-a-car-sl\" target=\"_blank\" rel=\"noopener\">https:\/\/www.adelopd.com\/portalderechos\/elizabeth-rent-a-car-sl<\/a> . Si vous n&rsquo;\u00eates pas d&rsquo;accord avec le traitement, vous avez \u00e9galement le droit de d\u00e9poser une plainte aupr\u00e8s de l&rsquo;Agence Espagnole de Protection des Donn\u00e9es.<\/li>\n<\/ul>\n<p><em>Pour plus d&rsquo;informations, veuillez consulter nos pages juridiques et notre <a href=\"https:\/\/autoselizabeth.com\/fr\/politique-de-confidentialite\/\">politique de confidentialit\u00e9<\/a>.<\/em>[\/vc_column_text][vc_row_inner][vc_column_inner width=\u00a0\u00bb1\/3&Prime;][vc_btn title=\u00a0\u00bbConditions g\u00e9n\u00e9rales\u00a0\u00bb style=\u00a0\u00bbcustom\u00a0\u00bb custom_background=\u00a0\u00bb#333333&Prime; custom_text=\u00a0\u00bb#FFFFFF\u00a0\u00bb size=\u00a0\u00bblg\u00a0\u00bb align=\u00a0\u00bbcenter\u00a0\u00bb css=\u00a0\u00bb\u00a0\u00bb button_block=\u00a0\u00bbtrue\u00a0\u00bb link=\u00a0\u00bburl:https%3A%2F%2Fautoselizabeth.com%2Ffr%2Fconditions-generales%2F|title:General%20Rental%20Conditions\u00a0\u00bb][\/vc_column_inner][vc_column_inner width=\u00a0\u00bb1\/3&Prime;][vc_btn title=\u00a0\u00bbConditions Generales\u00a0\u00bb style=\u00a0\u00bbcustom\u00a0\u00bb custom_background=\u00a0\u00bb#333333&Prime; custom_text=\u00a0\u00bb#FFFFFF\u00a0\u00bb size=\u00a0\u00bblg\u00a0\u00bb align=\u00a0\u00bbcenter\u00a0\u00bb css=\u00a0\u00bb\u00a0\u00bb button_block=\u00a0\u00bbtrue\u00a0\u00bb link=\u00a0\u00bburl:https%3A%2F%2Fautoselizabeth.com%2Ffr%2Fconditions-generales%2F|title:Terms%20and%20Conditions\u00a0\u00bb][\/vc_column_inner][vc_column_inner width=\u00a0\u00bb1\/3&Prime;][vc_btn title=\u00a0\u00bbPolitique en mati\u00e8re de cookies\u00a0\u00bb style=\u00a0\u00bbcustom\u00a0\u00bb custom_background=\u00a0\u00bb#333333&Prime; custom_text=\u00a0\u00bb#FFFFFF\u00a0\u00bb size=\u00a0\u00bblg\u00a0\u00bb align=\u00a0\u00bbcenter\u00a0\u00bb css=\u00a0\u00bb\u00a0\u00bb button_block=\u00a0\u00bbtrue\u00a0\u00bb link=\u00a0\u00bburl:https%3A%2F%2Fautoselizabeth.com%2Ffr%2Fpolitique-en-matiere-de-cookies%2F|title:politique%20en%20matiere%20de%20cookies\u00a0\u00bb][\/vc_column_inner][\/vc_row_inner][\/vc_column][\/vc_row]<\/p>\n<\/div>","protected":false},"excerpt":{"rendered":"<p>[vc_row][vc_column][vc_raw_html css=\u00a0\u00bb\u00a0\u00bb]JTNDJTIxLS0lMjBFdmVudCUyMHNuaXBwZXQlMjBmb3IlMjBGb3JtdWxhcmlvJTIwZGUlMjByZXNlcnZhJTIwY29udmVyc2lvbiUyMHBhZ2UlMEFJbiUyMHlvdXIlMjBodG1sJTIwcGFnZSUyQyUyMGFkZCUyMHRoZSUyMHNuaXBwZXQlMjBhbmQlMjBjYWxsJTIwZ3RhZ19yZXBvcnRfY29udmVyc2lvbiUyMHdoZW4lMjBzb21lb25lJTIwY2xpY2tzJTIwb24lMjB0aGUlMjBjaG9zZW4lMjBsaW5rJTIwb3IlMjBidXR0b24uJTIwLS0lM0UlMEElM0NzY3JpcHQlM0UlMEFmdW5jdGlvbiUyMGd0YWdfcmVwb3J0X2NvbnZlcnNpb24lMjh1cmwlMjklMjAlN0IlMEElMjAlMjB2YXIlMjBjYWxsYmFjayUyMCUzRCUyMGZ1bmN0aW9uJTIwJTI4JTI5JTIwJTdCJTBBJTIwJTIwJTIwJTIwaWYlMjAlMjh0eXBlb2YlMjh1cmwlMjklMjAlMjElM0QlMjAlMjd1bmRlZmluZWQlMjclMjklMjAlN0IlMEElMjAlMjAlMjAlMjAlMjAlMjB3aW5kb3cubG9jYXRpb24lMjAlM0QlMjB1cmwlM0IlMEElMjAlMjAlMjAlMjAlN0QlMEElMjAlMjAlN0QlM0IlMEElMjAlMjBndGFnJTI4JTI3ZXZlbnQlMjclMkMlMjAlMjdjb252ZXJzaW9uJTI3JTJDJTIwJTdCJTBBJTIwJTIwJTIwJTIwJTIwJTIwJTI3c2VuZF90byUyNyUzQSUyMCUyN0FXLTkzMDM4MjcwOSUyRkZ1X2pDT0RvaWNnWkVQV0cwcnNEJTI3JTJDJTBBJTIwJTIwJTIwJTIwJTIwJTIwJTI3ZXZlbnRfY2FsbGJhY2slMjclM0ElMjBjYWxsYmFjayUwQSUyMCUyMCU3RCUyOSUzQiUwQSUyMCUyMHJldHVybiUyMGZhbHNlJTNCJTBBJTdEJTBBJTNDJTJGc2NyaXB0JTNF[\/vc_raw_html][\/vc_column][\/vc_row][vc_row css=\u00a0\u00bb.vc_custom_1750799095964{background-position: center !important;background-repeat: no-repeat !important;background-size: contain !important;}\u00a0\u00bb][vc_column width=\u00a0\u00bb1\/2&Prime;][vc_column_text css=\u00a0\u00bb\u00a0\u00bb] Service Client et R\u00e9servations \u00a0+34 928 510 812 \u00a0et WhatsApp [\/vc_column_text][vc_progress_bar values=\u00a0\u00bb%5B%7B%22label%22%3A%22Lundi%20de%207%20h%20%C3%A0%2020%20h.%22%2C%22value%22%3A%22100%22%7D%2C%7B%22label%22%3A%22Mardi%20de%207%20h%20%C3%A0%2020%20h.%22%2C%22value%22%3A%22100%22%7D%2C%7B%22label%22%3A%22Mercredi%20de%207%20h%20%C3%A0%2020%20h.%22%2C%22value%22%3A%22100%22%7D%2C%7B%22label%22%3A%22Jeudi%20de%207%20h%20%C3%A0%2020%20h.%22%2C%22value%22%3A%22100%22%7D%2C%7B%22label%22%3A%22Vendredi%20de%207%20h%20%C3%A0%2020%20h.%22%2C%22value%22%3A%22100%22%7D%2C%7B%22label%22%3A%22Samedi%20de%207%20h%20%C3%A0%2020%20h.%22%2C%22value%22%3A%22100%22%7D%2C%7B%22label%22%3A%22Dimanche%20de%207%20h%20%C3%A0%2020%20h.%22%2C%22value%22%3A%22100%22%7D%5D\u00a0\u00bb bgcolor=\u00a0\u00bbwhite\u00a0\u00bb options=\u00a0\u00bbstriped\u00a0\u00bb css=\u00a0\u00bb\u00a0\u00bb][vc_column_text css=\u00a0\u00bb\u00a0\u00bb]ou R\u00e9servation en ligne\u00a0 d&rsquo;une voiture 24h\/24 (confirmation n\u00e9cessaire, la r\u00e9servation n&rsquo;est pas instantan\u00e9e).[\/vc_column_text][vc_goo_maps location=\u00a0\u00bbAutos Elizabeth Rent A Car S.L\u00a0\u00bb css=\u00a0\u00bb\u00a0\u00bb][vc_message message_box_color=\u00a0\u00bbgrey\u00a0\u00bb icon_type=\u00a0\u00bblinecons\u00a0\u00bb icon_linecons=\u00a0\u00bbvc_li vc_li-location\u00a0\u00bb css=\u00a0\u00bb\u00a0\u00bb]Service de location de [&hellip;]<\/p>\n","protected":false},"author":2,"featured_media":0,"parent":0,"menu_order":0,"comment_status":"closed","ping_status":"closed","template":"","meta":{"footnotes":""},"class_list":["post-1895","page","type-page","status-publish","hentry"],"blocksy_meta":[],"_links":{"self":[{"href":"https:\/\/autoselizabeth.com\/fr\/wp-json\/wp\/v2\/pages\/1895","targetHints":{"allow":["GET"]}}],"collection":[{"href":"https:\/\/autoselizabeth.com\/fr\/wp-json\/wp\/v2\/pages"}],"about":[{"href":"https:\/\/autoselizabeth.com\/fr\/wp-json\/wp\/v2\/types\/page"}],"author":[{"embeddable":true,"href":"https:\/\/autoselizabeth.com\/fr\/wp-json\/wp\/v2\/users\/2"}],"replies":[{"embeddable":true,"href":"https:\/\/autoselizabeth.com\/fr\/wp-json\/wp\/v2\/comments?post=1895"}],"version-history":[{"count":8,"href":"https:\/\/autoselizabeth.com\/fr\/wp-json\/wp\/v2\/pages\/1895\/revisions"}],"predecessor-version":[{"id":1896,"href":"https:\/\/autoselizabeth.com\/fr\/wp-json\/wp\/v2\/pages\/1895\/revisions\/1896"}],"wp:attachment":[{"href":"https:\/\/autoselizabeth.com\/fr\/wp-json\/wp\/v2\/media?parent=1895"}],"curies":[{"name":"wp","href":"https:\/\/api.w.org\/{rel}","templated":true}]}}