{"id":1915,"date":"2025-07-21T10:17:57","date_gmt":"2025-07-21T08:17:57","guid":{"rendered":"https:\/\/autoselizabeth.com\/tour-operators\/"},"modified":"2025-10-23T09:34:24","modified_gmt":"2025-10-23T07:34:24","slug":"tour-operateurs","status":"publish","type":"page","link":"https:\/\/autoselizabeth.com\/fr\/tour-operateurs\/","title":{"rendered":"Tour-op\u00e9rateurs"},"content":{"rendered":"<div class=\"wpb-content-wrapper\"><p>[vc_row][vc_column][vc_raw_html css=\u00a0\u00bb\u00a0\u00bb]JTNDJTIxLS0lMjBFdmVudCUyMHNuaXBwZXQlMjBmb3IlMjBGb3JtdWxhcmlvJTIwZGUlMjByZXNlcnZhJTIwY29udmVyc2lvbiUyMHBhZ2UlMEFJbiUyMHlvdXIlMjBodG1sJTIwcGFnZSUyQyUyMGFkZCUyMHRoZSUyMHNuaXBwZXQlMjBhbmQlMjBjYWxsJTIwZ3RhZ19yZXBvcnRfY29udmVyc2lvbiUyMHdoZW4lMjBzb21lb25lJTIwY2xpY2tzJTIwb24lMjB0aGUlMjBjaG9zZW4lMjBsaW5rJTIwb3IlMjBidXR0b24uJTIwLS0lM0UlMEElM0NzY3JpcHQlM0UlMEFmdW5jdGlvbiUyMGd0YWdfcmVwb3J0X2NvbnZlcnNpb24lMjh1cmwlMjklMjAlN0IlMEElMjAlMjB2YXIlMjBjYWxsYmFjayUyMCUzRCUyMGZ1bmN0aW9uJTIwJTI4JTI5JTIwJTdCJTBBJTIwJTIwJTIwJTIwaWYlMjAlMjh0eXBlb2YlMjh1cmwlMjklMjAlMjElM0QlMjAlMjd1bmRlZmluZWQlMjclMjklMjAlN0IlMEElMjAlMjAlMjAlMjAlMjAlMjB3aW5kb3cubG9jYXRpb24lMjAlM0QlMjB1cmwlM0IlMEElMjAlMjAlMjAlMjAlN0QlMEElMjAlMjAlN0QlM0IlMEElMjAlMjBndGFnJTI4JTI3ZXZlbnQlMjclMkMlMjAlMjdjb252ZXJzaW9uJTI3JTJDJTIwJTdCJTBBJTIwJTIwJTIwJTIwJTIwJTIwJTI3c2VuZF90byUyNyUzQSUyMCUyN0FXLTkzMDM4MjcwOSUyRkZ1X2pDT0RvaWNnWkVQV0cwcnNEJTI3JTJDJTBBJTIwJTIwJTIwJTIwJTIwJTIwJTI3ZXZlbnRfY2FsbGJhY2slMjclM0ElMjBjYWxsYmFjayUwQSUyMCUyMCU3RCUyOSUzQiUwQSUyMCUyMHJldHVybiUyMGZhbHNlJTNCJTBBJTdEJTBBJTNDJTJGc2NyaXB0JTNF[\/vc_raw_html][\/vc_column][\/vc_row][vc_row][vc_column][vc_empty_space][vc_custom_heading text=\u00a0\u00bbTour-op\u00e9rateurs\u00a0\u00bb font_container=\u00a0\u00bbtag:h1|font_size:45|text_align:left\u00a0\u00bb google_fonts=\u00a0\u00bbfont_family:Montserrat%3Aregular%2Citalic|font_style:900%20black%20normal%3A900%3Anormal\u00a0\u00bb css=\u00a0\u00bb\u00a0\u00bb][vc_column_text css=\u00a0\u00bb\u00a0\u00bb]<\/p>\n<h5 class=\"vc_custom_heading vc_do_custom_heading\">\u00a0\u00abEnrichissez vos circuits gr\u00e2ce \u00e0 notre service de location de voitures \u00e0 Lanzarote, Fuerteventura et Grande Canarie\u00bb<\/h5>\n<p>Nous sommes sp\u00e9cialis\u00e9s dans les services aux tour-op\u00e9rateurs, proposant des v\u00e9hicules de qualit\u00e9, des tarifs comp\u00e9titifs et un service personnalis\u00e9 afin que vous puissiez offrir le meilleur \u00e0 vos clients.[\/vc_column_text][vc_empty_space height=\u00a0\u00bb22px\u00a0\u00bb][\/vc_column][\/vc_row][vc_row css=\u00a0\u00bb.vc_custom_1750668758430{background-color: #FFFFFF !important;border-radius: 3px !important;}\u00a0\u00bb][vc_column width=\u00a0\u00bb1\/2&Prime;][vc_cta h2=\u00a0\u00bbR\u00e9nov\u00e9s, modernes et avec entretiens r\u00e9guliers\u00a0\u00bb h2_font_container=\u00a0\u00bbtag:h4|text_align:left\u00a0\u00bb h2_google_fonts=\u00a0\u00bbfont_family:Montserrat%3Aregular%2Citalic|font_style:100%20thin%20normal%3A100%3Anormal\u00a0\u00bb color=\u00a0\u00bbblack\u00a0\u00bb css=\u00a0\u00bb.vc_custom_1761204618714{background-color: #FFFFFF !important;}\u00a0\u00bb use_custom_fonts_h2=\u00a0\u00bbtrue\u00a0\u00bb]Nous offrons \u00e0 tous nos clients et aux tour-op\u00e9rateurs des processus simples, une livraison rapide et un service personnalis\u00e9. Nous veillons \u00e0 ce que le processus de r\u00e9servation en ligne soit rapide et facile dans votre langue et \u00e0 ce que l&rsquo;exp\u00e9rience client globale soit plus que satisfaisante.[\/vc_cta][vc_gallery interval=\u00a0\u00bb3&Prime; images=\u00a0\u00bb1244,1240,1243,1231,1222,1225,1221,1226,1227,1229&Prime; img_size=\u00a0\u00bbfull\u00a0\u00bb onclick=\u00a0\u00bb\u00a0\u00bb css=\u00a0\u00bb\u00a0\u00bb][\/vc_column][vc_column width=\u00a0\u00bb1\/2&Prime;][vc_custom_heading text=\u00a0\u00bbElizabeth Rent a Car\u00a0\u00bb font_container=\u00a0\u00bbtag:h2|font_size:22|text_align:left\u00a0\u00bb google_fonts=\u00a0\u00bbfont_family:Montserrat%3Aregular%2Citalic|font_style:300%20light%20normal%3A300%3Anormal\u00a0\u00bb css=\u00a0\u00bb\u00a0\u00bb][vc_custom_heading text=\u00a0\u00bbQualit\u00e9, s\u00e9curit\u00e9 et prix avantageux, dans un seul endroit\u00a0\u00bb font_container=\u00a0\u00bbtag:h2|font_size:22|text_align:left\u00a0\u00bb google_fonts=\u00a0\u00bbfont_family:Montserrat%3Aregular%2Citalic|font_style:900%20black%20normal%3A900%3Anormal\u00a0\u00bb css=\u00a0\u00bb\u00a0\u00bb][vc_column_text css=\u00a0\u00bb\u00a0\u00bb]<\/p>\n<blockquote><p>Notre flotte se compose d\u2019une grande vari\u00e9t\u00e9 de v\u00e9hicules. Elle est constamment renouvel\u00e9e et b\u00e9n\u00e9ficie d\u2019une assistance m\u00e9canique 24h\/24 et 7j\/7 afin que vos clients profitent d\u2019une exp\u00e9rience inoubliable.<\/p><\/blockquote>\n<p>[\/vc_column_text][vc_images_carousel images=\u00a0\u00bb1205,1204,1203,1202,1201&Prime; img_size=\u00a0\u00bbmedium\u00a0\u00bb speed=\u00a0\u00bb2000&Prime; autoplay=\u00a0\u00bbyes\u00a0\u00bb hide_pagination_control=\u00a0\u00bbyes\u00a0\u00bb hide_prev_next_buttons=\u00a0\u00bbyes\u00a0\u00bb wrap=\u00a0\u00bbyes\u00a0\u00bb css=\u00a0\u00bb\u00a0\u00bb][\/vc_column][\/vc_row][vc_row][vc_column width=\u00a0\u00bb1\/2&Prime;][vc_custom_heading text=\u00a0\u00bbNotre exp\u00e9rience parle d&rsquo;elle-m\u00eame\u00a0\u00bb font_container=\u00a0\u00bbtag:h2|text_align:right\u00a0\u00bb google_fonts=\u00a0\u00bbfont_family:Montserrat%3Aregular%2Citalic|font_style:100%20thin%20normal%3A100%3Anormal\u00a0\u00bb css=\u00a0\u00bb\u00a0\u00bb][vc_custom_heading text=\u00a0\u00bbEn tant qu&rsquo;entreprise locale, 100 % des Canaries, sp\u00e9cialis\u00e9e dans la partie orientale de la communaut\u00e9 autonome des \u00celes Canaries, nous sommes en mesure d&rsquo;offrir des services enti\u00e8rement personnalis\u00e9s et de grande qualit\u00e9.\u00a0\u00bb font_container=\u00a0\u00bbtag:h3|font_size:20|text_align:right\u00a0\u00bb google_fonts=\u00a0\u00bbfont_family:Montserrat%3Aregular%2Citalic|font_style:400%20regular%20normal%3A400%3Anormal\u00a0\u00bb css=\u00a0\u00bb\u00a0\u00bb][\/vc_column][vc_column width=\u00a0\u00bb1\/2&Prime;][vc_column_text css=\u00a0\u00bb\u00a0\u00bb]<img loading=\"lazy\" decoding=\"async\" class=\" wp-image-1209 alignleft\" src=\"https:\/\/autoselizabeth.com\/wp-content\/uploads\/2025\/09\/CEO-Angel-Alvarez-Elizabeth-rentacar-300x300.png\" alt=\"\" width=\"131\" height=\"131\" srcset=\"https:\/\/autoselizabeth.com\/wp-content\/uploads\/2025\/09\/CEO-Angel-Alvarez-Elizabeth-rentacar-300x300.png 300w, https:\/\/autoselizabeth.com\/wp-content\/uploads\/2025\/09\/CEO-Angel-Alvarez-Elizabeth-rentacar-150x150.png 150w, https:\/\/autoselizabeth.com\/wp-content\/uploads\/2025\/09\/CEO-Angel-Alvarez-Elizabeth-rentacar.png 350w\" sizes=\"auto, (max-width: 131px) 100vw, 131px\" \/><\/p>\n<p><strong>\u00cates-vous pr\u00eat \u00e0 collaborer avec un partenaire fiable dans le domaine de la location de voitures? <\/strong>Contactez-nous afin que nous puissions r\u00e9pondre aux besoins de vos clients en mati\u00e8re de location de voitures sur les \u00eeles de Lanzarote, Fuerteventura et Grande Canarie.<\/p>\n<h6><strong>\u00c1ngel \u00c1lvarez. <\/strong><strong>PDG<\/strong><\/h6>\n<p>[\/vc_column_text][\/vc_column][\/vc_row][vc_row][vc_column][vc_empty_space height=\u00a0\u00bb22px\u00a0\u00bb][vc_row_inner][vc_column_inner width=\u00a0\u00bb1\/2&Prime;][vc_cta h2=\u00a0\u00bbNotre \u00e9quipe est charg\u00e9e de\u00a0\u00bb h2_font_container=\u00a0\u00bbtag:h3|text_align:left\u00a0\u00bb h2_google_fonts=\u00a0\u00bbfont_family:Montserrat%3Aregular%2Citalic|font_style:100%20thin%20normal%3A100%3Anormal\u00a0\u00bb color=\u00a0\u00bbblack\u00a0\u00bb css=\u00a0\u00bb.vc_custom_1760036466184{background-color: #FFFFFF !important;}\u00a0\u00bb use_custom_fonts_h2=\u00a0\u00bbtrue\u00a0\u00bb]vous proposer les meilleurs tarifs et un service personnalis\u00e9 afin que vous puissiez vous concentrer sur ce qui compte vraiment : offrir des exp\u00e9riences uniques \u00e0 vos clients.[\/vc_cta][vc_cta h2=\u00a0\u00bbOutil de r\u00e9servation multilingue\u00a0\u00bb h2_font_container=\u00a0\u00bbtag:h3|text_align:left\u00a0\u00bb h2_google_fonts=\u00a0\u00bbfont_family:Montserrat%3Aregular%2Citalic|font_style:100%20thin%20normal%3A100%3Anormal\u00a0\u00bb color=\u00a0\u00bbblack\u00a0\u00bb css=\u00a0\u00bb.vc_custom_1760036485792{background-color: #FFFFFF !important;}\u00a0\u00bb use_custom_fonts_h2=\u00a0\u00bbtrue\u00a0\u00bb]<\/p>\n<header class=\"vc_cta3-content-header\"><\/header>\n<p>R\u00e9servation en ligne en anglais, allemand, fran\u00e7ais, italien et espagnol.[\/vc_cta][vc_cta h2=\u00a0\u00bbLivraison et restitution\u00a0\u00bb h2_font_container=\u00a0\u00bbtag:h3|text_align:left\u00a0\u00bb h2_google_fonts=\u00a0\u00bbfont_family:Montserrat%3Aregular%2Citalic|font_style:100%20thin%20normal%3A100%3Anormal\u00a0\u00bb color=\u00a0\u00bbblack\u00a0\u00bb css=\u00a0\u00bb.vc_custom_1760036513881{background-color: #FFFFFF !important;}\u00a0\u00bb use_custom_fonts_h2=\u00a0\u00bbtrue\u00a0\u00bb]<\/p>\n<header class=\"vc_cta3-content-header\"><\/header>\n<p>Aucun co\u00fbt suppl\u00e9mentaire pour la r\u00e9servation. Vous pouvez indiquer une adresse sp\u00e9cifique dans la section \u00ab Commentaires \u00bb \u00e0 la fin du processus de r\u00e9servation.[\/vc_cta][vc_cta h2=\u00a0\u00bbCommunication efficace\u00a0\u00bb h2_font_container=\u00a0\u00bbtag:h3|text_align:left\u00a0\u00bb h2_google_fonts=\u00a0\u00bbfont_family:Montserrat%3Aregular%2Citalic|font_style:100%20thin%20normal%3A100%3Anormal\u00a0\u00bb color=\u00a0\u00bbblack\u00a0\u00bb css=\u00a0\u00bb.vc_custom_1760036543450{background-color: #FFFFFF !important;}\u00a0\u00bb use_custom_fonts_h2=\u00a0\u00bbtrue\u00a0\u00bb]<\/p>\n<header class=\"vc_cta3-content-header\"><\/header>\n<p>Nous proposons diff\u00e9rentes mani\u00e8res de finaliser la r\u00e9servation et de communiquer avec le client, afin de nous adapter \u00e0 ses besoins.[\/vc_cta][\/vc_column_inner][vc_column_inner width=\u00a0\u00bb1\/2&Prime;][vc_cta h2=\u00a0\u00bbInclus dans nos tarifs :\u00a0\u00bb h2_font_container=\u00a0\u00bbtag:h3|text_align:left\u00a0\u00bb h2_google_fonts=\u00a0\u00bbfont_family:Montserrat%3Aregular%2Citalic|font_style:100%20thin%20normal%3A100%3Anormal\u00a0\u00bb color=\u00a0\u00bbblack\u00a0\u00bb css=\u00a0\u00bb.vc_custom_1760036569439{background-color: #FFFFFF !important;}\u00a0\u00bb use_custom_fonts_h2=\u00a0\u00bbtrue\u00a0\u00bb]<\/p>\n<header class=\"vc_cta3-content-header\"><\/header>\n<p>conducteur suppl\u00e9mentaire, assurance et assistance technique 24 h\/24, 7 j\/7. Tout ce dont vous avez besoin pour pouvoir vous concentrer sur l&rsquo;offre d&rsquo;un voyage sans souci \u00e0 vos clients.[\/vc_cta][vc_cta h2=\u00a0\u00bbLocalit\u00e9s\u00a0\u00bb h2_font_container=\u00a0\u00bbtag:h3|text_align:left\u00a0\u00bb h2_google_fonts=\u00a0\u00bbfont_family:Montserrat%3Aregular%2Citalic|font_style:100%20thin%20normal%3A100%3Anormal\u00a0\u00bb color=\u00a0\u00bbblack\u00a0\u00bb css=\u00a0\u00bb.vc_custom_1760036594971{background-color: #FFFFFF !important;}\u00a0\u00bb use_custom_fonts_h2=\u00a0\u00bbtrue\u00a0\u00bb]<\/p>\n<header class=\"vc_cta3-content-header\"><\/header>\n<p>Nous sommes sp\u00e9cialis\u00e9s dans Lanzarote, Fuerteventura et Grande Canarie.[\/vc_cta][vc_cta h2=\u00a0\u00bbTransparence\u00a0\u00bb h2_font_container=\u00a0\u00bbtag:h3|text_align:left\u00a0\u00bb h2_google_fonts=\u00a0\u00bbfont_family:Montserrat%3Aregular%2Citalic|font_style:100%20thin%20normal%3A100%3Anormal\u00a0\u00bb color=\u00a0\u00bbblack\u00a0\u00bb css=\u00a0\u00bb.vc_custom_1760036624823{background-color: #FFFFFF !important;}\u00a0\u00bb use_custom_fonts_h2=\u00a0\u00bbtrue\u00a0\u00bb]<\/p>\n<header class=\"vc_cta3-content-header\"><\/header>\n<p>De nos pages juridiques \u00e0 notre contrat et notre code de conduite, nous fournissons toutes les informations de mani\u00e8re rapide et transparente.[\/vc_cta][vc_cta h2=\u00a0\u00bbCompromis\u00a0\u00bb h2_font_container=\u00a0\u00bbtag:h3|text_align:left\u00a0\u00bb h2_google_fonts=\u00a0\u00bbfont_family:Montserrat%3Aregular%2Citalic|font_style:100%20thin%20normal%3A100%3Anormal\u00a0\u00bb color=\u00a0\u00bbblack\u00a0\u00bb css=\u00a0\u00bb.vc_custom_1760036658978{background-color: #FFFFFF !important;}\u00a0\u00bb use_custom_fonts_h2=\u00a0\u00bbtrue\u00a0\u00bb]<\/p>\n<header class=\"vc_cta3-content-header\"><\/header>\n<p>Nous sommes une entreprise familiale avec des ann\u00e9es d&rsquo;exp\u00e9rience dans le secteur. Contrairement aux grandes entreprises du secteur, et gr\u00e2ce \u00e0 notre statut d&rsquo;entreprise locale, nous pouvons offrir un service enti\u00e8rement personnalis\u00e9, convivial et attentif \u00e0 nos clients.[\/vc_cta][\/vc_column_inner][\/vc_row_inner][vc_icon icon_fontawesome=\u00a0\u00bbfa fa-solid fa-arrow-down-long\u00a0\u00bb color=\u00a0\u00bbblack\u00a0\u00bb align=\u00a0\u00bbcenter\u00a0\u00bb css=\u00a0\u00bb\u00a0\u00bb][vc_custom_heading text=\u00a0\u00bbContactez-nous !\u00a0\u00bb font_container=\u00a0\u00bbtag:h1|text_align:center\u00a0\u00bb google_fonts=\u00a0\u00bbfont_family:Montserrat%3Aregular%2Citalic|font_style:100%20thin%20normal%3A100%3Anormal\u00a0\u00bb css=\u00a0\u00bb\u00a0\u00bb]\n<div class=\"wpcf7 no-js\" id=\"wpcf7-f2185-o1\" lang=\"fr-FR\" dir=\"ltr\" data-wpcf7-id=\"2185\">\n<div class=\"screen-reader-response\"><p role=\"status\" aria-live=\"polite\" aria-atomic=\"true\"><\/p> <ul><\/ul><\/div>\n<form action=\"\/fr\/wp-json\/wp\/v2\/pages\/1915#wpcf7-f2185-o1\" method=\"post\" class=\"wpcf7-form init\" aria-label=\"Formulaire de contact\" novalidate=\"novalidate\" data-status=\"init\">\n<fieldset class=\"hidden-fields-container\"><input type=\"hidden\" name=\"_wpcf7\" value=\"2185\" \/><input type=\"hidden\" name=\"_wpcf7_version\" value=\"6.1.5\" \/><input type=\"hidden\" name=\"_wpcf7_locale\" value=\"fr_FR\" \/><input type=\"hidden\" name=\"_wpcf7_unit_tag\" value=\"wpcf7-f2185-o1\" \/><input type=\"hidden\" name=\"_wpcf7_container_post\" value=\"0\" \/><input type=\"hidden\" name=\"_wpcf7_posted_data_hash\" value=\"\" \/><input type=\"hidden\" name=\"_wpcf7_recaptcha_response\" value=\"\" \/>\n<\/fieldset>\n<p><label>Nom<br \/>\n<span class=\"wpcf7-form-control-wrap\" data-name=\"your-name\"><input size=\"40\" maxlength=\"400\" class=\"wpcf7-form-control wpcf7-text wpcf7-validates-as-required\" autocomplete=\"name\" aria-required=\"true\" aria-invalid=\"false\" value=\"\" type=\"text\" name=\"your-name\" \/><\/span><br \/>\n<\/label>\n<\/p>\n<p><label>T\u00e9l\u00e9phone<br \/>\n<span class=\"wpcf7-form-control-wrap\" data-name=\"your-tel\"><input size=\"40\" maxlength=\"400\" class=\"wpcf7-form-control wpcf7-tel wpcf7-validates-as-required wpcf7-text wpcf7-validates-as-tel\" autocomplete=\"tel\" aria-required=\"true\" aria-invalid=\"false\" value=\"\" type=\"tel\" name=\"your-tel\" \/><\/span><br \/>\n<\/label>\n<\/p>\n<p><label>E-mail<br \/>\n<span class=\"wpcf7-form-control-wrap\" data-name=\"your-email\"><input size=\"40\" maxlength=\"400\" class=\"wpcf7-form-control wpcf7-email wpcf7-validates-as-required wpcf7-text wpcf7-validates-as-email\" autocomplete=\"email\" aria-required=\"true\" aria-invalid=\"false\" value=\"\" type=\"email\" name=\"your-email\" \/><\/span><br \/>\n<\/label>\n<\/p>\n<p><label>Sujet<br \/>\n<span class=\"wpcf7-form-control-wrap\" data-name=\"your-subject\"><input size=\"40\" maxlength=\"400\" class=\"wpcf7-form-control wpcf7-text wpcf7-validates-as-required\" aria-required=\"true\" aria-invalid=\"false\" value=\"\" type=\"text\" name=\"your-subject\" \/><\/span><br \/>\n<\/label>\n<\/p>\n<p><label>Votre message<br \/>\n<span class=\"wpcf7-form-control-wrap\" data-name=\"your-message\"><textarea cols=\"40\" rows=\"10\" maxlength=\"2000\" class=\"wpcf7-form-control wpcf7-textarea\" aria-invalid=\"false\" name=\"your-message\"><\/textarea><\/span><br \/>\n<\/label>\n<\/p>\n<p><a href=\"https:\/\/autoselizabeth.com\/aviso-legal\/?lang=fr\" rel=\"nofollow\" target=\"_blank\">Mentions l\u00e9gales<\/a> |<br \/>\n<a href=\"https:\/\/autoselizabeth.com\/politica-de-privacidad\/?lang=fr\" rel=\"nofollow\" target=\"_blank\">Politique de confidentialit\u00e9<\/a> |<br \/>\n<a href=\"https:\/\/autoselizabeth.com\/politica-de-cookies\/?lang=fr\" rel=\"nofollow\" target=\"_blank\">Politique de cookies<\/a>\n<\/p>\n<p><span class=\"wpcf7-form-control-wrap\" data-name=\"accepter-rgpd-fr\"><span class=\"wpcf7-form-control wpcf7-acceptance\"><span class=\"wpcf7-list-item\"><label><input type=\"checkbox\" name=\"accepter-rgpd-fr\" value=\"1\" aria-invalid=\"false\" \/><span class=\"wpcf7-list-item-label\">J\u2019ai lu et j\u2019accepte les politiques mentionn\u00e9es ci-dessus<\/span><\/label><\/span><\/span><\/span>\n<\/p>\n<p><span id=\"wpcf7-69e7ed57122a6-wrapper\" class=\"wpcf7-form-control-wrap your-field-wrap\" style=\"display:none !important; visibility:hidden !important;\"><input type=\"hidden\" name=\"your-field-time-start\" value=\"1776807255\"><input type=\"hidden\" name=\"your-field-time-check\" value=\"5\"><label for=\"wpcf7-69e7ed57122a6-field\" class=\"hp-message\">Veuillez laisser ce champ vide.<\/label><input id=\"wpcf7-69e7ed57122a6-field\"  class=\"wpcf7-form-control wpcf7-text\" type=\"text\" name=\"your-field\" value=\"\" size=\"40\" tabindex=\"-1\" autocomplete=\"new-password\" \/><\/span>\n<\/p>\n<p><input class=\"wpcf7-form-control wpcf7-submit has-spinner\" type=\"submit\" value=\"Envoyer\" \/>\n<\/p><div class=\"wpcf7-response-output\" aria-hidden=\"true\"><\/div>\n<\/form>\n<\/div>\n[vc_empty_space][\/vc_column][\/vc_row][vc_row][vc_column][vc_empty_space][vc_single_image image=\u00a0\u00bb1172&Prime; img_size=\u00a0\u00bbfull\u00a0\u00bb alignment=\u00a0\u00bbcenter\u00a0\u00bb css_animation=\u00a0\u00bbbounceInRight\u00a0\u00bb css=\u00a0\u00bb\u00a0\u00bb][vc_icon icon_fontawesome=\u00a0\u00bbfa fa-solid fa-chevron-down\u00a0\u00bb color=\u00a0\u00bbgreen\u00a0\u00bb align=\u00a0\u00bbcenter\u00a0\u00bb css=\u00a0\u00bb\u00a0\u00bb][vc_row_inner css=\u00a0\u00bb.vc_custom_1744789149377{background-color: #FFFFFF !important;border-radius: 3px !important;}\u00a0\u00bb][vc_column_inner width=\u00a0\u00bb1\/3&Prime;][vc_btn title=\u00a0\u00bbNoleggio auto\u00a0\u00bb style=\u00a0\u00bbcustom\u00a0\u00bb custom_background=\u00a0\u00bb#333333&Prime; custom_text=\u00a0\u00bb#FFFFFF\u00a0\u00bb size=\u00a0\u00bblg\u00a0\u00bb align=\u00a0\u00bbcenter\u00a0\u00bb css=\u00a0\u00bb\u00a0\u00bb button_block=\u00a0\u00bbtrue\u00a0\u00bb link=\u00a0\u00bburl:https%3A%2F%2Fautoselizabeth.com%2Ffr%2Fcontact%2F|title:Legal%20Notice\u00a0\u00bb][vc_column_text css=\u00a0\u00bb\u00a0\u00bb]<strong>Service client et R\u00e9servations :<\/strong> service convivial, attentif et personnalis\u00e9 du lundi au dimanche, de 7 h \u00e0 20 h. Si\u00e8ge social situ\u00e9 \u00e0\u00a0\u00a0 <a href=\"https:\/\/maps.app.goo.gl\/t2iHggAheRfSPWvw5\" target=\"_blank\" rel=\"noopener\">C\/ Timanfaya s\/n,\u00a0 35510, Puerto Del Carmen, Lanzarote, \u00celes Canaries<\/a>[\/vc_column_text][\/vc_column_inner][vc_column_inner width=\u00a0\u00bb1\/3&Prime;][vc_btn title=\u00a0\u00bbR\u00e9servez votre voiture en toute simplicit\u00e9!\u00a0\u00bb style=\u00a0\u00bbcustom\u00a0\u00bb custom_background=\u00a0\u00bb#333333&Prime; custom_text=\u00a0\u00bb#FFFFFF\u00a0\u00bb size=\u00a0\u00bblg\u00a0\u00bb align=\u00a0\u00bbcenter\u00a0\u00bb css=\u00a0\u00bb\u00a0\u00bb button_block=\u00a0\u00bbtrue\u00a0\u00bb link=\u00a0\u00bburl:https%3A%2F%2Fautoselizabeth.com%2F%23booking-online|title:Terms%20and%20Conditions\u00a0\u00bb][vc_column_text css=\u00a0\u00bb\u00a0\u00bb]Indiquez une adresse pr\u00e9cise dans la section \u00abCommentaires\u00bb lors de la derni\u00e8re \u00e9tape de la r\u00e9servation. Vous pouvez indiquer le nom de l&rsquo;h\u00f4tel ou de la rue, avec le num\u00e9ro et le code postal, et nous livrerons la voiture sans frais suppl\u00e9mentaires.<\/p>\n<h4><\/h4>\n<p>[\/vc_column_text][\/vc_column_inner][vc_column_inner width=\u00a0\u00bb1\/3&Prime;][vc_btn title=\u00a0\u00bbConditions de Location\u00a0\u00bb style=\u00a0\u00bbcustom\u00a0\u00bb custom_background=\u00a0\u00bb#333333&Prime; custom_text=\u00a0\u00bb#FFFFFF\u00a0\u00bb size=\u00a0\u00bblg\u00a0\u00bb align=\u00a0\u00bbcenter\u00a0\u00bb css=\u00a0\u00bb\u00a0\u00bb button_block=\u00a0\u00bbtrue\u00a0\u00bb link=\u00a0\u00bburl:https%3A%2F%2Fautoselizabeth.com%2Fterms-and-conditions%2F|title:Terms%20and%20Conditions\u00a0\u00bb][vc_column_text css=\u00a0\u00bb\u00a0\u00bb]Nous proposons la location de voitures avec assurance tous risques, conducteur suppl\u00e9mentaire, service m\u00e9canique 24h\/24 et livraison et restitution sans frais suppl\u00e9mentaires. Nos tarifs sont ajust\u00e9s quotidiennement. Consultez notre FAQ sur les\u00a0<a href=\"https:\/\/autoselizabeth.com\/fr\/conditions-generales-de-location\/\">conditions g\u00e9n\u00e9rales de location<\/a>.[\/vc_column_text][\/vc_column_inner][\/vc_row_inner][\/vc_column][\/vc_row]<\/p>\n<\/div>","protected":false},"excerpt":{"rendered":"<p>[vc_row][vc_column][vc_raw_html css=\u00a0\u00bb\u00a0\u00bb]JTNDJTIxLS0lMjBFdmVudCUyMHNuaXBwZXQlMjBmb3IlMjBGb3JtdWxhcmlvJTIwZGUlMjByZXNlcnZhJTIwY29udmVyc2lvbiUyMHBhZ2UlMEFJbiUyMHlvdXIlMjBodG1sJTIwcGFnZSUyQyUyMGFkZCUyMHRoZSUyMHNuaXBwZXQlMjBhbmQlMjBjYWxsJTIwZ3RhZ19yZXBvcnRfY29udmVyc2lvbiUyMHdoZW4lMjBzb21lb25lJTIwY2xpY2tzJTIwb24lMjB0aGUlMjBjaG9zZW4lMjBsaW5rJTIwb3IlMjBidXR0b24uJTIwLS0lM0UlMEElM0NzY3JpcHQlM0UlMEFmdW5jdGlvbiUyMGd0YWdfcmVwb3J0X2NvbnZlcnNpb24lMjh1cmwlMjklMjAlN0IlMEElMjAlMjB2YXIlMjBjYWxsYmFjayUyMCUzRCUyMGZ1bmN0aW9uJTIwJTI4JTI5JTIwJTdCJTBBJTIwJTIwJTIwJTIwaWYlMjAlMjh0eXBlb2YlMjh1cmwlMjklMjAlMjElM0QlMjAlMjd1bmRlZmluZWQlMjclMjklMjAlN0IlMEElMjAlMjAlMjAlMjAlMjAlMjB3aW5kb3cubG9jYXRpb24lMjAlM0QlMjB1cmwlM0IlMEElMjAlMjAlMjAlMjAlN0QlMEElMjAlMjAlN0QlM0IlMEElMjAlMjBndGFnJTI4JTI3ZXZlbnQlMjclMkMlMjAlMjdjb252ZXJzaW9uJTI3JTJDJTIwJTdCJTBBJTIwJTIwJTIwJTIwJTIwJTIwJTI3c2VuZF90byUyNyUzQSUyMCUyN0FXLTkzMDM4MjcwOSUyRkZ1X2pDT0RvaWNnWkVQV0cwcnNEJTI3JTJDJTBBJTIwJTIwJTIwJTIwJTIwJTIwJTI3ZXZlbnRfY2FsbGJhY2slMjclM0ElMjBjYWxsYmFjayUwQSUyMCUyMCU3RCUyOSUzQiUwQSUyMCUyMHJldHVybiUyMGZhbHNlJTNCJTBBJTdEJTBBJTNDJTJGc2NyaXB0JTNF[\/vc_raw_html][\/vc_column][\/vc_row][vc_row][vc_column][vc_empty_space][vc_custom_heading text=\u00a0\u00bbTour-op\u00e9rateurs\u00a0\u00bb font_container=\u00a0\u00bbtag:h1|font_size:45|text_align:left\u00a0\u00bb google_fonts=\u00a0\u00bbfont_family:Montserrat%3Aregular%2Citalic|font_style:900%20black%20normal%3A900%3Anormal\u00a0\u00bb css=\u00a0\u00bb\u00a0\u00bb][vc_column_text css=\u00a0\u00bb\u00a0\u00bb] \u00a0\u00abEnrichissez vos circuits gr\u00e2ce \u00e0 notre service de location de voitures \u00e0 Lanzarote, Fuerteventura et Grande Canarie\u00bb Nous sommes sp\u00e9cialis\u00e9s dans les services aux tour-op\u00e9rateurs, proposant des v\u00e9hicules de qualit\u00e9, des tarifs comp\u00e9titifs et un service personnalis\u00e9 afin que vous puissiez offrir le meilleur \u00e0 vos clients.[\/vc_column_text][vc_empty_space height=\u00a0\u00bb22px\u00a0\u00bb][\/vc_column][\/vc_row][vc_row [&hellip;]<\/p>\n","protected":false},"author":2,"featured_media":0,"parent":0,"menu_order":0,"comment_status":"closed","ping_status":"closed","template":"","meta":{"footnotes":""},"class_list":["post-1915","page","type-page","status-publish","hentry"],"blocksy_meta":[],"_links":{"self":[{"href":"https:\/\/autoselizabeth.com\/fr\/wp-json\/wp\/v2\/pages\/1915","targetHints":{"allow":["GET"]}}],"collection":[{"href":"https:\/\/autoselizabeth.com\/fr\/wp-json\/wp\/v2\/pages"}],"about":[{"href":"https:\/\/autoselizabeth.com\/fr\/wp-json\/wp\/v2\/types\/page"}],"author":[{"embeddable":true,"href":"https:\/\/autoselizabeth.com\/fr\/wp-json\/wp\/v2\/users\/2"}],"replies":[{"embeddable":true,"href":"https:\/\/autoselizabeth.com\/fr\/wp-json\/wp\/v2\/comments?post=1915"}],"version-history":[{"count":10,"href":"https:\/\/autoselizabeth.com\/fr\/wp-json\/wp\/v2\/pages\/1915\/revisions"}],"predecessor-version":[{"id":2407,"href":"https:\/\/autoselizabeth.com\/fr\/wp-json\/wp\/v2\/pages\/1915\/revisions\/2407"}],"wp:attachment":[{"href":"https:\/\/autoselizabeth.com\/fr\/wp-json\/wp\/v2\/media?parent=1915"}],"curies":[{"name":"wp","href":"https:\/\/api.w.org\/{rel}","templated":true}]}}