{"id":1920,"date":"2025-05-17T10:00:31","date_gmt":"2025-05-17T08:00:31","guid":{"rendered":"https:\/\/autoselizabeth.com\/locations\/"},"modified":"2025-10-21T21:43:51","modified_gmt":"2025-10-21T19:43:51","slug":"localites","status":"publish","type":"page","link":"https:\/\/autoselizabeth.com\/fr\/localites\/","title":{"rendered":"Localit\u00e9s"},"content":{"rendered":"<div class=\"wpb-content-wrapper\"><p>[vc_row][vc_column][vc_raw_html css=\u00a0\u00bb\u00a0\u00bb]JTNDJTIxLS0lMjBFdmVudCUyMHNuaXBwZXQlMjBmb3IlMjBGb3JtdWxhcmlvJTIwZGUlMjByZXNlcnZhJTIwY29udmVyc2lvbiUyMHBhZ2UlMEFJbiUyMHlvdXIlMjBodG1sJTIwcGFnZSUyQyUyMGFkZCUyMHRoZSUyMHNuaXBwZXQlMjBhbmQlMjBjYWxsJTIwZ3RhZ19yZXBvcnRfY29udmVyc2lvbiUyMHdoZW4lMjBzb21lb25lJTIwY2xpY2tzJTIwb24lMjB0aGUlMjBjaG9zZW4lMjBsaW5rJTIwb3IlMjBidXR0b24uJTIwLS0lM0UlMEElM0NzY3JpcHQlM0UlMEFmdW5jdGlvbiUyMGd0YWdfcmVwb3J0X2NvbnZlcnNpb24lMjh1cmwlMjklMjAlN0IlMEElMjAlMjB2YXIlMjBjYWxsYmFjayUyMCUzRCUyMGZ1bmN0aW9uJTIwJTI4JTI5JTIwJTdCJTBBJTIwJTIwJTIwJTIwaWYlMjAlMjh0eXBlb2YlMjh1cmwlMjklMjAlMjElM0QlMjAlMjd1bmRlZmluZWQlMjclMjklMjAlN0IlMEElMjAlMjAlMjAlMjAlMjAlMjB3aW5kb3cubG9jYXRpb24lMjAlM0QlMjB1cmwlM0IlMEElMjAlMjAlMjAlMjAlN0QlMEElMjAlMjAlN0QlM0IlMEElMjAlMjBndGFnJTI4JTI3ZXZlbnQlMjclMkMlMjAlMjdjb252ZXJzaW9uJTI3JTJDJTIwJTdCJTBBJTIwJTIwJTIwJTIwJTIwJTIwJTI3c2VuZF90byUyNyUzQSUyMCUyN0FXLTkzMDM4MjcwOSUyRkZ1X2pDT0RvaWNnWkVQV0cwcnNEJTI3JTJDJTBBJTIwJTIwJTIwJTIwJTIwJTIwJTI3ZXZlbnRfY2FsbGJhY2slMjclM0ElMjBjYWxsYmFjayUwQSUyMCUyMCU3RCUyOSUzQiUwQSUyMCUyMHJldHVybiUyMGZhbHNlJTNCJTBBJTdEJTBBJTNDJTJGc2NyaXB0JTNF[\/vc_raw_html][\/vc_column][\/vc_row][vc_row css=\u00a0\u00bb.vc_custom_1747551305781{background-position: center !important;background-repeat: no-repeat !important;background-size: contain !important;}\u00a0\u00bb][vc_column][vc_custom_heading text=\u00a0\u00bbLocation de voiture\u00a0\u00bb font_container=\u00a0\u00bbtag:h1|font_size:60|text_align:center\u00a0\u00bb google_fonts=\u00a0\u00bbfont_family:Montserrat%3Aregular%2Citalic|font_style:900%20black%20normal%3A900%3Anormal\u00a0\u00bb css=\u00a0\u00bb\u00a0\u00bb][vc_custom_heading text=\u00a0\u00bb\u00e0 Lanzarote, Fuerteventura et Grande Canarie\u00a0\u00bb font_container=\u00a0\u00bbtag:h1|font_size:30|text_align:center\u00a0\u00bb google_fonts=\u00a0\u00bbfont_family:Montserrat%3Aregular%2Citalic|font_style:900%20black%20normal%3A900%3Anormal\u00a0\u00bb css=\u00a0\u00bb\u00a0\u00bb][vc_separator css=\u00a0\u00bb\u00a0\u00bb][vc_custom_heading text=\u00a0\u00bbLivraison et restitution faciles:\u00a0\u00bb font_container=\u00a0\u00bbtag:h2|font_size:22|text_align:center\u00a0\u00bb google_fonts=\u00a0\u00bbfont_family:Montserrat%3Aregular%2Citalic|font_style:100%20thin%20normal%3A100%3Anormal\u00a0\u00bb css=\u00a0\u00bb\u00a0\u00bb][vc_column_text css=\u00a0\u00bb\u00a0\u00bb]<\/p>\n<p style=\"text-align: center;\">Indiquez votre localisation (nom de l&rsquo;h\u00f4tel ou nom de la rue, num\u00e9ro, code postal et ville) dans la section \u00ab Commentaires \u00bb (\u00e0 la derni\u00e8re \u00e9tape du processus de <a href=\"https:\/\/autoselizabeth.com\/fr\/#reservation-en-ligne\">r\u00e9servation en ligne<\/a>) et nous vous livrerons la voiture sans frais suppl\u00e9mentaires.<\/p>\n<p>[\/vc_column_text][\/vc_column][\/vc_row][vc_row][vc_column][vc_row_inner css=\u00a0\u00bb.vc_custom_1757948446408{background-color: #FFFFFF !important;border-radius: 3px !important;}\u00a0\u00bb][vc_column_inner width=\u00a0\u00bb1\/4&Prime;][vc_column_text css=\u00a0\u00bb\u00a0\u00bb]<\/p>\n<h1 class=\"vc_custom_heading vc_do_custom_heading\" style=\"text-align: center;\">Si\u00e8ge social<\/h1>\n<p>[\/vc_column_text][vc_message message_box_color=\u00a0\u00bbgreen\u00a0\u00bb icon_type=\u00a0\u00bblinecons\u00a0\u00bb icon_linecons=\u00a0\u00bbvc_li vc_li-location\u00a0\u00bb css_animation=\u00a0\u00bbfadeInUp\u00a0\u00bb css=\u00a0\u00bb\u00a0\u00bb]<\/p>\n<div class=\"wpb_text_column wpb_content_element\">\n<div class=\"wpb_wrapper\">\n<p><a href=\"https:\/\/autoselizabeth.com\/fr\/#reservation-en-ligne\">Elizabeth Rent a Car\u00ae<\/a>\u00a0 Rue Timanfaya, S\/N, 35510, Puerto del Carmen, Lanzarote, \u00celes Canaries<\/p>\n<\/div>\n<\/div>\n<p>[\/vc_message][vc_column_text css=\u00a0\u00bb\u00a0\u00bb]<\/p>\n<blockquote><p>Venez nous rendre visite pour louer une voiture,\u00a0 nous sommes ouverts tous les jours de la semaine\u00a0 de 7 h \u00e0 20 h. Vous pouvez \u00e9galement r\u00e9server votre voiture en ligne, par <strong><a href=\"https:\/\/wa.me\/665631079\" target=\"_blank\" rel=\"noopener\">WhatsApp<\/a><\/strong>\u00a0 \u00a0ou en nous appelant au <strong><a href=\"tel:+34 928 510 812\">+34 928 510 812<\/a><\/strong><\/p><\/blockquote>\n<p>[\/vc_column_text][\/vc_column_inner][vc_column_inner width=\u00a0\u00bb3\/4&Prime;][vc_goo_maps location=\u00a0\u00bbAutos Elizabeth Rent A Car S.L\u00a0\u00bb css=\u00a0\u00bb\u00a0\u00bb][\/vc_column_inner][\/vc_row_inner][vc_empty_space][vc_custom_heading text=\u00a0\u00bbDepuis 1986, nous livrons et r\u00e9cup\u00e9rons la voiture de location \u00e0 l&rsquo;endroit indiqu\u00e9, sans frais suppl\u00e9mentaires.\u00a0\u00bb font_container=\u00a0\u00bbtag:h2|font_size:22|text_align:center\u00a0\u00bb google_fonts=\u00a0\u00bbfont_family:Montserrat%3Aregular%2Citalic|font_style:100%20thin%20normal%3A100%3Anormal\u00a0\u00bb css=\u00a0\u00bb\u00a0\u00bb][vc_icon icon_fontawesome=\u00a0\u00bbfa fa-solid fa-chevron-down\u00a0\u00bb color=\u00a0\u00bbgreen\u00a0\u00bb align=\u00a0\u00bbcenter\u00a0\u00bb css=\u00a0\u00bb\u00a0\u00bb][\/vc_column][\/vc_row][vc_row][vc_column][vc_empty_space][\/vc_column][\/vc_row][vc_row][vc_column][vc_column_text css=\u00a0\u00bb\u00a0\u00bb]<\/p>\n<h1 class=\"vc_custom_heading vc_do_custom_heading\" style=\"text-align: center;\">Louer une voiture \u00e0 Lanzarote<\/h1>\n<p>[\/vc_column_text][vc_message message_box_color=\u00a0\u00bbwhite\u00a0\u00bb icon_type=\u00a0\u00bblinecons\u00a0\u00bb icon_linecons=\u00a0\u00bbvc_li vc_li-location\u00a0\u00bb css_animation=\u00a0\u00bblightSpeedIn\u00a0\u00bb css=\u00a0\u00bb\u00a0\u00bb]<a href=\"https:\/\/autoselizabeth.com\/fr\/#reservation-en-ligne\">R\u00e9servez votre voiture en ligne<\/a>, nous vous la livrerons \u00e0 l&rsquo;endroit que vous aurez indiqu\u00e9 \u00e0 Lanzarote sans frais suppl\u00e9mentaires ![\/vc_message][vc_goo_maps location=\u00a0\u00bbLanzarote, Islas Canarias\u00a0\u00bb css=\u00a0\u00bb\u00a0\u00bb][vc_column_text css=\u00a0\u00bb\u00a0\u00bb]<\/p>\n<blockquote><p>Vous pouvez \u00e9galement r\u00e9server votre voiture via <strong><a href=\"https:\/\/wa.me\/665631079\" target=\"_blank\" rel=\"noopener\">WhatsApp<\/a><\/strong> ou en nous appelant au <strong><a href=\"tel:+34 928 510 812\">+34 928 510 812 <\/a><\/strong>\u00a0tous les jours de la semaine de 7h \u00e0 20h<\/p><\/blockquote>\n<p>[\/vc_column_text][vc_empty_space][vc_icon icon_fontawesome=\u00a0\u00bbfa fa-solid fa-chevron-down\u00a0\u00bb color=\u00a0\u00bbgreen\u00a0\u00bb align=\u00a0\u00bbcenter\u00a0\u00bb css=\u00a0\u00bb\u00a0\u00bb][\/vc_column][\/vc_row][vc_row][vc_column][vc_empty_space][\/vc_column][\/vc_row][vc_row][vc_column][vc_column_text css=\u00a0\u00bb\u00a0\u00bb]<\/p>\n<h1 class=\"vc_custom_heading vc_do_custom_heading\" style=\"text-align: center;\">Louer une voiture \u00e0 Fuerteventura<\/h1>\n<p>[\/vc_column_text][vc_message message_box_color=\u00a0\u00bbwhite\u00a0\u00bb icon_type=\u00a0\u00bblinecons\u00a0\u00bb icon_linecons=\u00a0\u00bbvc_li vc_li-location\u00a0\u00bb css_animation=\u00a0\u00bblightSpeedIn\u00a0\u00bb css=\u00a0\u00bb\u00a0\u00bb]<a href=\"https:\/\/autoselizabeth.com\/fr\/#reservation-en-ligne\">R\u00e9servez votre voiture en ligne<\/a>, nous vous la livrerons \u00e0 l&rsquo;endroit que vous aurez indiqu\u00e9 \u00e0 Fuerteventura sans frais suppl\u00e9mentaires ![\/vc_message][vc_goo_maps location=\u00a0\u00bbFuerteventura, Islas Canarias\u00a0\u00bb css=\u00a0\u00bb\u00a0\u00bb][vc_column_text css=\u00a0\u00bb\u00a0\u00bb]<\/p>\n<blockquote><p>Vous pouvez \u00e9galement r\u00e9server votre voiture via <strong><a href=\"https:\/\/wa.me\/665631079\" target=\"_blank\" rel=\"noopener\">WhatsApp<\/a><\/strong> ou en nous appelant au <strong><a href=\"tel:+34 928 510 812\">+34 928 510 812 <\/a><\/strong>\u00a0tous les jours de la semaine de 7h \u00e0 20h<\/p><\/blockquote>\n<p>[\/vc_column_text][vc_empty_space][vc_icon icon_fontawesome=\u00a0\u00bbfa fa-solid fa-chevron-down\u00a0\u00bb color=\u00a0\u00bbgreen\u00a0\u00bb align=\u00a0\u00bbcenter\u00a0\u00bb css=\u00a0\u00bb\u00a0\u00bb][\/vc_column][\/vc_row][vc_row][vc_column][vc_empty_space][\/vc_column][\/vc_row][vc_row][vc_column][vc_column_text css=\u00a0\u00bb\u00a0\u00bb]<\/p>\n<h1 class=\"vc_custom_heading vc_do_custom_heading\" style=\"text-align: center;\">Louer une voiture \u00e0 Gran Canaria<\/h1>\n<p>[\/vc_column_text][vc_message message_box_color=\u00a0\u00bbwhite\u00a0\u00bb icon_type=\u00a0\u00bblinecons\u00a0\u00bb icon_linecons=\u00a0\u00bbvc_li vc_li-location\u00a0\u00bb css_animation=\u00a0\u00bblightSpeedIn\u00a0\u00bb css=\u00a0\u00bb\u00a0\u00bb]<a href=\"https:\/\/autoselizabeth.com\/fr\/#reservation-en-ligne\">R\u00e9servez votre voiture en ligne<\/a>, nous vous la livrerons \u00e0 l&rsquo;endroit que vous aurez indiqu\u00e9 \u00e0 Grande Canarie sans frais suppl\u00e9mentaires ![\/vc_message][vc_goo_maps location=\u00a0\u00bbGran Canaria, Islas Canarias\u00a0\u00bb css=\u00a0\u00bb\u00a0\u00bb][vc_column_text css=\u00a0\u00bb\u00a0\u00bb]<\/p>\n<blockquote><p>Vous pouvez \u00e9galement r\u00e9server votre voiture via <strong><a href=\"https:\/\/wa.me\/665631079\" target=\"_blank\" rel=\"noopener\">WhatsApp<\/a><\/strong> ou en nous appelant au <strong><a href=\"tel:+34 928 510 812\">+34 928 510 812 <\/a><\/strong>\u00a0tous les jours de la semaine de 7h \u00e0 20h<\/p><\/blockquote>\n<p>[\/vc_column_text][vc_empty_space][\/vc_column][\/vc_row][vc_row][vc_column][vc_single_image image=\u00a0\u00bb1172&Prime; img_size=\u00a0\u00bbmedium\u00a0\u00bb alignment=\u00a0\u00bbcenter\u00a0\u00bb css=\u00a0\u00bb\u00a0\u00bb][vc_icon icon_fontawesome=\u00a0\u00bbfa fa-solid fa-chevron-down\u00a0\u00bb color=\u00a0\u00bbgreen\u00a0\u00bb align=\u00a0\u00bbcenter\u00a0\u00bb css=\u00a0\u00bb\u00a0\u00bb][vc_row_inner css=\u00a0\u00bb.vc_custom_1744789149377{background-color: #FFFFFF !important;border-radius: 3px !important;}\u00a0\u00bb][vc_column_inner width=\u00a0\u00bb1\/3&Prime;][vc_btn title=\u00a0\u00bbNous vous livrerons la voiture :\u00a0\u00bb style=\u00a0\u00bbcustom\u00a0\u00bb custom_background=\u00a0\u00bb#333333&Prime; custom_text=\u00a0\u00bb#FFFFFF\u00a0\u00bb size=\u00a0\u00bblg\u00a0\u00bb align=\u00a0\u00bbcenter\u00a0\u00bb css=\u00a0\u00bb\u00a0\u00bb button_block=\u00a0\u00bbtrue\u00a0\u00bb link=\u00a0\u00bburl:https%3A%2F%2Fautoselizabeth.com%2Ffr%2F%23reservation-en-ligne|title:Booking%20Online\u00a0\u00bb][vc_column_text css=\u00a0\u00bb\u00a0\u00bb]<\/p>\n<ul>\n<li>Entrez une adresse sp\u00e9cifique \u00e0 Lanzarote, Fuerteventura ou Grande Canarie. Vous pouvez le faire dans la section \u00ab Commentaires \u00bb de la derni\u00e8re \u00e9tape du processus de r\u00e9servation.<\/li>\n<li>Indiquez-nous l&rsquo;h\u00f4tel ou la rue, le num\u00e9ro, le code postal et la ville, et nous vous apporterons la voiture sans frais suppl\u00e9mentaires.<\/li>\n<\/ul>\n<p>[\/vc_column_text][\/vc_column_inner][vc_column_inner width=\u00a0\u00bb1\/3&Prime;][vc_btn title=\u00a0\u00bbLivraisons et restitutions faciles\u00a0\u00bb style=\u00a0\u00bbcustom\u00a0\u00bb custom_background=\u00a0\u00bb#333333&Prime; custom_text=\u00a0\u00bb#FFFFFF\u00a0\u00bb size=\u00a0\u00bblg\u00a0\u00bb align=\u00a0\u00bbcenter\u00a0\u00bb css=\u00a0\u00bb\u00a0\u00bb button_block=\u00a0\u00bbtrue\u00a0\u00bb link=\u00a0\u00bburl:https%3A%2F%2Fautoselizabeth.com%2Ffr%2F%23reservation-en-ligne|title:Terms%20and%20Conditions\u00a0\u00bb][vc_column_text css=\u00a0\u00bb\u00a0\u00bb]Nous signerons le contrat \u00e0 l&rsquo;endroit que vous indiquerez. Vous pouvez indiquer une adresse diff\u00e9rente pour la livraison et la restitution de la voiture de location. Nous simplifions les d\u00e9marches pour optimiser le temps que vous passerez \u00e0 d\u00e9couvrir nos \u00eeles.[\/vc_column_text][\/vc_column_inner][vc_column_inner width=\u00a0\u00bb1\/3&Prime;][vc_btn title=\u00a0\u00bbService client et R\u00e9servations\u00a0\u00bb style=\u00a0\u00bbcustom\u00a0\u00bb custom_background=\u00a0\u00bb#333333&Prime; custom_text=\u00a0\u00bb#FFFFFF\u00a0\u00bb size=\u00a0\u00bblg\u00a0\u00bb align=\u00a0\u00bbcenter\u00a0\u00bb css=\u00a0\u00bb\u00a0\u00bb button_block=\u00a0\u00bbtrue\u00a0\u00bb link=\u00a0\u00bburl:https%3A%2F%2Fautoselizabeth.com%2Ffr%2Fcontact%2F|title:Contact\u00a0\u00bb][vc_column_text css=\u00a0\u00bb\u00a0\u00bb]<strong><a href=\"https:\/\/autoselizabeth.com\/fr\/#reservation-en-ligne\">R\u00e9servez en ligne<\/a> 24h\/24<\/strong> (ce processus n&rsquo;est pas instantan\u00e9, une confirmation est n\u00e9cessaire) ou par <a href=\"https:\/\/wa.me\/665631079\" target=\"_blank\" rel=\"noopener\">WhatsApp<\/a> ou par appel au <a href=\"tel:+34 928 510 812\">+34 928 510 812 <\/a>\u00a0 ou au si\u00e8ge social, \u00a0<a href=\"https:\/\/maps.app.goo.gl\/t2iHggAheRfSPWvw5\" target=\"_blank\" rel=\"noopener\">C\/ Timanfaya s\/n,\u00a0 35510, Puerto Del Carmen, Lanzarote, \u00celes Canaries<\/a> , du lundi au dimanche, de 7h \u00e0 20h.[\/vc_column_text][\/vc_column_inner][\/vc_row_inner][\/vc_column][\/vc_row]<\/p>\n<\/div>","protected":false},"excerpt":{"rendered":"<p>[vc_row][vc_column][vc_raw_html css=\u00a0\u00bb\u00a0\u00bb]JTNDJTIxLS0lMjBFdmVudCUyMHNuaXBwZXQlMjBmb3IlMjBGb3JtdWxhcmlvJTIwZGUlMjByZXNlcnZhJTIwY29udmVyc2lvbiUyMHBhZ2UlMEFJbiUyMHlvdXIlMjBodG1sJTIwcGFnZSUyQyUyMGFkZCUyMHRoZSUyMHNuaXBwZXQlMjBhbmQlMjBjYWxsJTIwZ3RhZ19yZXBvcnRfY29udmVyc2lvbiUyMHdoZW4lMjBzb21lb25lJTIwY2xpY2tzJTIwb24lMjB0aGUlMjBjaG9zZW4lMjBsaW5rJTIwb3IlMjBidXR0b24uJTIwLS0lM0UlMEElM0NzY3JpcHQlM0UlMEFmdW5jdGlvbiUyMGd0YWdfcmVwb3J0X2NvbnZlcnNpb24lMjh1cmwlMjklMjAlN0IlMEElMjAlMjB2YXIlMjBjYWxsYmFjayUyMCUzRCUyMGZ1bmN0aW9uJTIwJTI4JTI5JTIwJTdCJTBBJTIwJTIwJTIwJTIwaWYlMjAlMjh0eXBlb2YlMjh1cmwlMjklMjAlMjElM0QlMjAlMjd1bmRlZmluZWQlMjclMjklMjAlN0IlMEElMjAlMjAlMjAlMjAlMjAlMjB3aW5kb3cubG9jYXRpb24lMjAlM0QlMjB1cmwlM0IlMEElMjAlMjAlMjAlMjAlN0QlMEElMjAlMjAlN0QlM0IlMEElMjAlMjBndGFnJTI4JTI3ZXZlbnQlMjclMkMlMjAlMjdjb252ZXJzaW9uJTI3JTJDJTIwJTdCJTBBJTIwJTIwJTIwJTIwJTIwJTIwJTI3c2VuZF90byUyNyUzQSUyMCUyN0FXLTkzMDM4MjcwOSUyRkZ1X2pDT0RvaWNnWkVQV0cwcnNEJTI3JTJDJTBBJTIwJTIwJTIwJTIwJTIwJTIwJTI3ZXZlbnRfY2FsbGJhY2slMjclM0ElMjBjYWxsYmFjayUwQSUyMCUyMCU3RCUyOSUzQiUwQSUyMCUyMHJldHVybiUyMGZhbHNlJTNCJTBBJTdEJTBBJTNDJTJGc2NyaXB0JTNF[\/vc_raw_html][\/vc_column][\/vc_row][vc_row css=\u00a0\u00bb.vc_custom_1747551305781{background-position: center !important;background-repeat: no-repeat !important;background-size: contain !important;}\u00a0\u00bb][vc_column][vc_custom_heading text=\u00a0\u00bbLocation de voiture\u00a0\u00bb font_container=\u00a0\u00bbtag:h1|font_size:60|text_align:center\u00a0\u00bb google_fonts=\u00a0\u00bbfont_family:Montserrat%3Aregular%2Citalic|font_style:900%20black%20normal%3A900%3Anormal\u00a0\u00bb css=\u00a0\u00bb\u00a0\u00bb][vc_custom_heading text=\u00a0\u00bb\u00e0 Lanzarote, Fuerteventura et Grande Canarie\u00a0\u00bb font_container=\u00a0\u00bbtag:h1|font_size:30|text_align:center\u00a0\u00bb google_fonts=\u00a0\u00bbfont_family:Montserrat%3Aregular%2Citalic|font_style:900%20black%20normal%3A900%3Anormal\u00a0\u00bb css=\u00a0\u00bb\u00a0\u00bb][vc_separator css=\u00a0\u00bb\u00a0\u00bb][vc_custom_heading text=\u00a0\u00bbLivraison et restitution faciles:\u00a0\u00bb font_container=\u00a0\u00bbtag:h2|font_size:22|text_align:center\u00a0\u00bb google_fonts=\u00a0\u00bbfont_family:Montserrat%3Aregular%2Citalic|font_style:100%20thin%20normal%3A100%3Anormal\u00a0\u00bb css=\u00a0\u00bb\u00a0\u00bb][vc_column_text css=\u00a0\u00bb\u00a0\u00bb] Indiquez votre localisation (nom de l&rsquo;h\u00f4tel ou nom de la rue, num\u00e9ro, code postal et ville) dans la section \u00ab Commentaires \u00bb [&hellip;]<\/p>\n","protected":false},"author":2,"featured_media":0,"parent":0,"menu_order":0,"comment_status":"closed","ping_status":"closed","template":"","meta":{"footnotes":""},"class_list":["post-1920","page","type-page","status-publish","hentry"],"blocksy_meta":[],"_links":{"self":[{"href":"https:\/\/autoselizabeth.com\/fr\/wp-json\/wp\/v2\/pages\/1920","targetHints":{"allow":["GET"]}}],"collection":[{"href":"https:\/\/autoselizabeth.com\/fr\/wp-json\/wp\/v2\/pages"}],"about":[{"href":"https:\/\/autoselizabeth.com\/fr\/wp-json\/wp\/v2\/types\/page"}],"author":[{"embeddable":true,"href":"https:\/\/autoselizabeth.com\/fr\/wp-json\/wp\/v2\/users\/2"}],"replies":[{"embeddable":true,"href":"https:\/\/autoselizabeth.com\/fr\/wp-json\/wp\/v2\/comments?post=1920"}],"version-history":[{"count":9,"href":"https:\/\/autoselizabeth.com\/fr\/wp-json\/wp\/v2\/pages\/1920\/revisions"}],"predecessor-version":[{"id":2196,"href":"https:\/\/autoselizabeth.com\/fr\/wp-json\/wp\/v2\/pages\/1920\/revisions\/2196"}],"wp:attachment":[{"href":"https:\/\/autoselizabeth.com\/fr\/wp-json\/wp\/v2\/media?parent=1920"}],"curies":[{"name":"wp","href":"https:\/\/api.w.org\/{rel}","templated":true}]}}