{"id":1941,"date":"2025-09-04T13:52:00","date_gmt":"2025-09-04T11:52:00","guid":{"rendered":"https:\/\/autoselizabeth.com\/cookie-policy\/"},"modified":"2025-10-21T18:10:55","modified_gmt":"2025-10-21T16:10:55","slug":"politique-en-matiere-de-cookies","status":"publish","type":"page","link":"https:\/\/autoselizabeth.com\/fr\/politique-en-matiere-de-cookies\/","title":{"rendered":"Politique en mati\u00e8re de cookies"},"content":{"rendered":"<div class=\"wpb-content-wrapper\"><p>[vc_row][vc_column width=\u00a0\u00bb5\/6&Prime;][vc_empty_space][vc_custom_heading text=\u00a0\u00bbPolitique en mati\u00e8re de cookies\u00a0\u00bb font_container=\u00a0\u00bbtag:h1|text_align:left\u00a0\u00bb use_theme_fonts=\u00a0\u00bbyes\u00a0\u00bb css=\u00a0\u00bb\u00a0\u00bb][vc_separator][\/vc_column][vc_column width=\u00a0\u00bb1\/6&Prime;][\/vc_column][\/vc_row][vc_row][vc_column width=\u00a0\u00bb3\/4&Prime; css=\u00a0\u00bb.vc_custom_1756986349293{background-color: #FFFFFF !important;border-radius: 3px !important;}\u00a0\u00bb][vc_column_text css=\u00a0\u00bb.vc_custom_1756986384312{background-color: #FFFFFF !important;border-radius: 3px !important;}\u00a0\u00bb]<\/p>\r\n<div class=\"wp-block-stackable-columns stk-block-columns stk-block stk-e3e2736\" data-block-id=\"e3e2736\">\r\n<div class=\"stk-row stk-inner-blocks stk-block-content stk-content-align stk-e3e2736-column\">\r\n<div class=\"wp-block-stackable-column stk-block-column stk-column stk-block stk-88b3f67\" data-v=\"4\" data-block-id=\"88b3f67\">\r\n<div class=\"stk-column-wrapper stk-block-column__content stk-container stk-88b3f67-container stk--no-background stk--no-padding\">\r\n<div class=\"stk-block-content stk-inner-blocks stk-88b3f67-inner-blocks\">\r\n<p>We use cookies to facilitate the use of our webpage. Cookies are small information files that allow us to compare and understand how our users browse through our webpage and, therefore, we are able to improve this browsing process. The cookies we use do not store any personal data whatsoever, or any type of information that may identify you. If you do not wish to receive cookies, please configure your Internet browser to erase them from your computer\u2019s hard drive, block them or to receive a warning before a cookie is stored. In order to continue without changing the cookies\u2019 configuration, simply continue in the webpage.<\/p>\r\n<p>You can get more information about cookies and their use at www.aboutcookies.org.<\/p>\r\n<p>The types of cookies we use.<\/p>\r\n<h4>Strictly necessary cookies:<\/h4>\r\n<p>These cookies are necessary for the correct use of the webpage, allowing access to sections that have safety filters. Without these cookies, many of the services available would not be operative.<\/p>\r\n<h4>Browser Cookies:<\/h4>\r\n<p>These cookies collect information about the use visitors make of our webpage, for example, the pages visited, loading errors\u2026 This is generic and anonymous information that does not include personal data, nor does it collect information that identifies the visitors and the sole purpose of the latter is to improve the web\u2019s working.<\/p>\r\n<p>By visiting our webpage, you accept the installation of these cookies in your device.<\/p>\r\n<h4>Functional Cookies:<\/h4>\r\n<p>These cookies allow us to store information (like your user name or your location) and more personal features. For example, the possibility of offering personalised content based on the information and criteria that you have voluntarily provided. These cookies can also be used to remember changes made to text size, fonts and other customisable parts of the webpage. They are also used to offer some requested services, like watching a video or commenting in a blog. The information that these cookies gather can be anonymous and your activity will not be able to be followed in any other webpage.<\/p>\r\n<blockquote>\r\n<p>By visiting our webpage, you accept the installation of these cookies in your device.<\/p>\r\n<\/blockquote>\r\n<\/div>\r\n<\/div>\r\n<\/div>\r\n<\/div>\r\n<\/div>\r\n<p>[\/vc_column_text][\/vc_column][vc_column width=\u00a0\u00bb1\/4&Prime;][vc_empty_space height=\u00a0\u00bb20px\u00a0\u00bb][vc_custom_heading text=\u00a0\u00bbPages juridiques\u00a0\u00bb font_container=\u00a0\u00bbtag:h6|text_align:left\u00a0\u00bb use_theme_fonts=\u00a0\u00bbyes\u00a0\u00bb css=\u00a0\u00bb\u00a0\u00bb][vc_column_text css=\u00a0\u00bb\u00a0\u00bb]<\/p>\r\n<p>POLITIQUE DE CONFIDENTIALIT\u00c9, <a href=\"https:\/\/autoselizabeth.com\/fr\/politique-de-confidentialite\/\">Voir &gt; Quelles donn\u00e9es personnelles collectons-nous et pourquoi ?<\/a><\/p>\r\n<p>MENTIONS L\u00c9GALES,\u00a0 <a href=\"https:\/\/autoselizabeth.com\/fr\/mentions-legales\/\">Voir &gt; Comment traitons-nous les donn\u00e9es et \u00e0 quelles fins?<\/a><\/p>\r\n<p>CONDITIONS G\u00c9N\u00c9RALES WEB,\u00a0<a href=\"https:\/\/autoselizabeth.com\/fr\/conditions-generales\/\">Voir &gt; Les pr\u00e9sentes conditions g\u00e9n\u00e9rales s\u2019appliquent \u00e0 ce site web<\/a><\/p>\r\n<p>CONDITIONS G\u00c9N\u00c9RALES DE LOCATION,\u00a0<a href=\"https:\/\/autoselizabeth.com\/fr\/conditions-generales-de-location\/\">Voir &gt; Contrat de location de voiture d\u2019Elizabeth Rent a Car S.L<\/a><\/p>\r\n<p>[\/vc_column_text][vc_column_text css=\u00a0\u00bb\u00a0\u00bb]<\/p>\r\n<p><strong>Avis juridique :<\/strong>\u00a0Ces documents sont une traduction fournie \u00e0 titre informatif uniquement et n\u2019est pas juridiquement contraignant dans tous ses d\u00e9tails. Seule la version espagnole est valable. En cas de divergence ou de conflit d\u2019interpr\u00e9tation, la version originale espagnole pr\u00e9vaudra.<\/p>\r\n<p>[\/vc_column_text][\/vc_column][\/vc_row]<\/p><\/div>","protected":false},"excerpt":{"rendered":"<p>[vc_row][vc_column width=\u00a0\u00bb5\/6&Prime;][vc_empty_space][vc_custom_heading text=\u00a0\u00bbPolitique en mati\u00e8re de cookies\u00a0\u00bb font_container=\u00a0\u00bbtag:h1|text_align:left\u00a0\u00bb use_theme_fonts=\u00a0\u00bbyes\u00a0\u00bb css=\u00a0\u00bb\u00a0\u00bb][vc_separator][\/vc_column][vc_column width=\u00a0\u00bb1\/6&Prime;][\/vc_column][\/vc_row][vc_row][vc_column width=\u00a0\u00bb3\/4&Prime; css=\u00a0\u00bb.vc_custom_1756986349293{background-color: #FFFFFF !important;border-radius: 3px !important;}\u00a0\u00bb][vc_column_text css=\u00a0\u00bb.vc_custom_1756986384312{background-color: #FFFFFF !important;border-radius: 3px !important;}\u00a0\u00bb]<\/p>\n","protected":false},"author":2,"featured_media":0,"parent":0,"menu_order":0,"comment_status":"closed","ping_status":"closed","template":"","meta":{"footnotes":""},"class_list":["post-1941","page","type-page","status-publish","hentry"],"blocksy_meta":[],"_links":{"self":[{"href":"https:\/\/autoselizabeth.com\/fr\/wp-json\/wp\/v2\/pages\/1941","targetHints":{"allow":["GET"]}}],"collection":[{"href":"https:\/\/autoselizabeth.com\/fr\/wp-json\/wp\/v2\/pages"}],"about":[{"href":"https:\/\/autoselizabeth.com\/fr\/wp-json\/wp\/v2\/types\/page"}],"author":[{"embeddable":true,"href":"https:\/\/autoselizabeth.com\/fr\/wp-json\/wp\/v2\/users\/2"}],"replies":[{"embeddable":true,"href":"https:\/\/autoselizabeth.com\/fr\/wp-json\/wp\/v2\/comments?post=1941"}],"version-history":[{"count":6,"href":"https:\/\/autoselizabeth.com\/fr\/wp-json\/wp\/v2\/pages\/1941\/revisions"}],"predecessor-version":[{"id":2323,"href":"https:\/\/autoselizabeth.com\/fr\/wp-json\/wp\/v2\/pages\/1941\/revisions\/2323"}],"wp:attachment":[{"href":"https:\/\/autoselizabeth.com\/fr\/wp-json\/wp\/v2\/media?parent=1941"}],"curies":[{"name":"wp","href":"https:\/\/api.w.org\/{rel}","templated":true}]}}