{"id":2097,"date":"2025-09-04T13:52:00","date_gmt":"2025-09-04T11:52:00","guid":{"rendered":"https:\/\/autoselizabeth.com\/cookie-policy\/"},"modified":"2025-10-21T13:12:50","modified_gmt":"2025-10-21T11:12:50","slug":"informativa-cookie","status":"publish","type":"page","link":"https:\/\/autoselizabeth.com\/it\/informativa-cookie\/","title":{"rendered":"Informativa cookie"},"content":{"rendered":"<div class=\"wpb-content-wrapper\"><p>[vc_row][vc_column width=&#8221;5\/6&#8243;][vc_empty_space][vc_custom_heading text=&#8221;Informativa sui cookie&#8221; font_container=&#8221;tag:h1|text_align:left&#8221; use_theme_fonts=&#8221;yes&#8221; css=&#8221;&#8221;][vc_separator][\/vc_column][vc_column width=&#8221;1\/6&#8243;][\/vc_column][\/vc_row][vc_row][vc_column width=&#8221;3\/4&#8243; css=&#8221;.vc_custom_1756986349293{background-color: #FFFFFF !important;border-radius: 3px !important;}&#8221;][vc_column_text css=&#8221;.vc_custom_1760980354059{background-color: #FFFFFF !important;border-radius: 3px !important;}&#8221;]<\/p>\r\n<div class=\"wp-block-stackable-columns stk-block-columns stk-block stk-e3e2736\" data-block-id=\"e3e2736\">\r\n<div class=\"stk-row stk-inner-blocks stk-block-content stk-content-align stk-e3e2736-column\">\r\n<div class=\"wp-block-stackable-column stk-block-column stk-column stk-block stk-88b3f67\" data-v=\"4\" data-block-id=\"88b3f67\">\r\n<div class=\"stk-column-wrapper stk-block-column__content stk-container stk-88b3f67-container stk--no-background stk--no-padding\">\r\n<div class=\"stk-block-content stk-inner-blocks stk-88b3f67-inner-blocks\">\r\n<p>Utilizziamo i cookie per facilitare l&#8217;uso della nostra pagina web. I cookie sono piccoli file di informazioni che ci consentono di confrontare e comprendere come i nostri utenti navigano nella nostra pagina web e, quindi, siamo in grado di migliorare questo processo di navigazione. I cookie che utilizziamo non memorizzano alcun dato personale, n\u00e9 alcun tipo di informazione che possa identificarti. Se non desideri ricevere cookie, configura il tuo browser Internet in modo da cancellarli dal disco rigido del tuo computer, bloccarli o ricevere un avviso prima che un cookie venga memorizzato. Per continuare senza modificare la configurazione dei cookie, \u00e8 sufficiente continuare a navigare nella pagina web.<\/p>\r\n<p>Puoi ottenere maggiori informazioni sui cookie e sul loro utilizzo all&#8217;indirizzo www.aboutcookies.org.<\/p>\r\n<p>I tipi di cookie che utilizziamo.<\/p>\r\n<h4>Cookie strettamente necessari:<\/h4>\r\n<p>Questi cookie sono necessari per il corretto utilizzo della pagina web, consentendo l&#8217;accesso alle sezioni che dispongono di filtri di sicurezza. Senza questi cookie, molti dei servizi disponibili non sarebbero operativi.<\/p>\r\n<h4>Browser Cookies:<\/h4>\r\n<p>These cookies collect information about the use visitors make of our webpage, for example, the pages visited, loading errors\u2026 This is generic and anonymous information that does not include personal data, nor does it collect information that identifies the visitors and the sole purpose of the latter is to improve the web\u2019s working.<\/p>\r\n<p>Visitando il nostro sito web, accetti l&#8217;installazione di questi cookie sul tuo dispositivo.<\/p>\r\n<h4>Cookie funzionali:<\/h4>\r\n<p>Questi cookie ci consentono di memorizzare informazioni (come il nome utente o la posizione dell&#8217;utente) e altre caratteristiche personali. Ad esempio, la possibilit\u00e0 di offrire contenuti personalizzati in base alle informazioni e ai criteri forniti volontariamente dall&#8217;utente. Questi cookie possono anche essere utilizzati per ricordare le modifiche apportate alla dimensione del testo, ai caratteri e ad altre parti personalizzabili della pagina web. Sono utilizzati anche per offrire alcuni servizi richiesti, come la visione di un video o la possibilit\u00e0 di commentare in un blog. Le informazioni raccolte da questi cookie possono essere anonime e la tua attivit\u00e0 non potr\u00e0 essere tracciata in nessun&#8217;altra pagina web.<\/p>\r\n<p>Visitando la nostra pagina web, accetti l&#8217;installazione di questi cookie sul tuo dispositivo.<\/p>\r\n<\/div>\r\n<\/div>\r\n<\/div>\r\n<\/div>\r\n<\/div>\r\n<p>[\/vc_column_text][\/vc_column][vc_column width=&#8221;1\/4&#8243;][vc_empty_space height=&#8221;20px&#8221;][vc_custom_heading text=&#8221;Pagine legali&#8221; font_container=&#8221;tag:h5|text_align:left&#8221; use_theme_fonts=&#8221;yes&#8221; css=&#8221;&#8221;][vc_column_text css=&#8221;&#8221;]<\/p>\r\n<p>CONDIZIONI GENERALI DI NOLEGGIO \u00a0&gt;\u00a0<a href=\"https:\/\/autoselizabeth.com\/it\/condizioni-generali-di-noleggio\/\">Condizioni generali di noleggio<\/a><\/p>\r\n<p>INFORMATICA PRIVACY \u00a0&gt; <a href=\"https:\/\/autoselizabeth.com\/it\/privacy-policy\/\">Quali dati personali raccogliamo e perch\u00e9<\/a><\/p>\r\n<p>MENTIONS L\u00c9GALES &gt;<a href=\"https:\/\/autoselizabeth.com\/it\/note-legali\/\">\u00a0traitement des donn\u00e9es \u00e0 caract\u00e8re personnel<\/a><\/p>\r\n<p>TERMINI E CONDIZIONI\u00a0 &gt;\u00a0<a href=\"https:\/\/autoselizabeth.com\/it\/termini-e-condizioni\/\">\u00a0web<\/a><\/p>\r\n<p>&nbsp;<\/p>\r\n<p>[\/vc_column_text][\/vc_column][\/vc_row]<\/p><\/div>","protected":false},"excerpt":{"rendered":"<p>[vc_row][vc_column width=&#8221;5\/6&#8243;][vc_empty_space][vc_custom_heading text=&#8221;Informativa sui cookie&#8221; font_container=&#8221;tag:h1|text_align:left&#8221; use_theme_fonts=&#8221;yes&#8221; css=&#8221;&#8221;][vc_separator][\/vc_column][vc_column width=&#8221;1\/6&#8243;][\/vc_column][\/vc_row][vc_row][vc_column width=&#8221;3\/4&#8243; css=&#8221;.vc_custom_1756986349293{background-color: #FFFFFF !important;border-radius: 3px !important;}&#8221;][vc_column_text css=&#8221;.vc_custom_1760980354059{background-color: #FFFFFF !important;border-radius: 3px !important;}&#8221;]<\/p>\n","protected":false},"author":2,"featured_media":0,"parent":0,"menu_order":0,"comment_status":"closed","ping_status":"closed","template":"","meta":{"footnotes":""},"class_list":["post-2097","page","type-page","status-publish","hentry"],"blocksy_meta":[],"_links":{"self":[{"href":"https:\/\/autoselizabeth.com\/it\/wp-json\/wp\/v2\/pages\/2097","targetHints":{"allow":["GET"]}}],"collection":[{"href":"https:\/\/autoselizabeth.com\/it\/wp-json\/wp\/v2\/pages"}],"about":[{"href":"https:\/\/autoselizabeth.com\/it\/wp-json\/wp\/v2\/types\/page"}],"author":[{"embeddable":true,"href":"https:\/\/autoselizabeth.com\/it\/wp-json\/wp\/v2\/users\/2"}],"replies":[{"embeddable":true,"href":"https:\/\/autoselizabeth.com\/it\/wp-json\/wp\/v2\/comments?post=2097"}],"version-history":[{"count":8,"href":"https:\/\/autoselizabeth.com\/it\/wp-json\/wp\/v2\/pages\/2097\/revisions"}],"predecessor-version":[{"id":2099,"href":"https:\/\/autoselizabeth.com\/it\/wp-json\/wp\/v2\/pages\/2097\/revisions\/2099"}],"wp:attachment":[{"href":"https:\/\/autoselizabeth.com\/it\/wp-json\/wp\/v2\/media?parent=2097"}],"curies":[{"name":"wp","href":"https:\/\/api.w.org\/{rel}","templated":true}]}}